    {"id":2186,"date":"2025-02-14T03:04:38","date_gmt":"2025-02-14T03:04:38","guid":{"rendered":"https:\/\/www.wafaifo.com\/?page_id=2186"},"modified":"2025-02-14T03:06:31","modified_gmt":"2025-02-14T03:06:31","slug":"diem-nhan","status":"publish","type":"page","link":"https:\/\/www.wafaifo.com\/vi\/diem-nhan\/","title":{"rendered":"\u0110i\u1ec3m Nh\u1ea5n"},"content":{"rendered":"<p style=\"text-align: center\">T\u1ea1i khu ngh\u1ec9 d\u01b0\u1ee1ng Wafaifo, qu\u00fd kh\u00e1ch s\u1ebd \u0111\u01b0\u1ee3c \u0111\u1eafm ch\u00ecm trong di s\u1ea3n phong ph\u00fa c\u1ee7a H\u1ed9i An qua nh\u1eefng bi\u1ec3u t\u01b0\u1ee3ng \u0111\u1eb7c s\u1eafc nh\u01b0 Con \u0110\u01b0\u1eddng Di S\u1ea3n v\u00e0 b\u1ea3n sao \u1ea5n t\u01b0\u1ee3ng c\u1ee7a Ch\u00f9a C\u1ea7u. Kh\u00e1m ph\u00e1 l\u1ecbch s\u1eed v\u00e0 v\u0103n h\u00f3a c\u1ee7a th\u00e0nh ph\u1ed1 ngay trong kh\u00f4ng gian ngh\u1ec9 d\u01b0\u1ee1ng. T\u1ea1o n\u00ean nh\u1eefng k\u1ef7 ni\u1ec7m \u0111\u00e1ng nh\u1edb khi h\u00f2a m\u00ecnh v\u00e0o v\u1ebb \u0111\u1eb9p v\u01b0\u1ee3t th\u1eddi gian c\u1ee7a H\u1ed9i An.<\/p>\n","protected":false},"excerpt":{"rendered":"<p>T\u1ea1i khu ngh\u1ec9 d\u01b0\u1ee1ng Wafaifo, qu\u00fd kh\u00e1ch s\u1ebd \u0111\u01b0\u1ee3c \u0111\u1eafm ch\u00ecm trong di s\u1ea3n phong ph\u00fa c\u1ee7a H\u1ed9i An qua nh\u1eefng bi\u1ec3u t\u01b0\u1ee3ng \u0111\u1eb7c s\u1eafc nh\u01b0 Con \u0110\u01b0\u1eddng Di S\u1ea3n v\u00e0 b\u1ea3n sao \u1ea5n t\u01b0\u1ee3ng c\u1ee7a Ch\u00f9a C\u1ea7u. Kh\u00e1m ph\u00e1 l\u1ecbch s\u1eed v\u00e0 v\u0103n h\u00f3a c\u1ee7a th\u00e0nh ph\u1ed1 ngay trong kh\u00f4ng gian ngh\u1ec9 d\u01b0\u1ee1ng. T\u1ea1o [&hellip;]<\/p>\n","protected":false},"author":71,"featured_media":0,"parent":0,"menu_order":0,"comment_status":"closed","ping_status":"closed","template":"template-restaurants.php","meta":{"footnotes":""},"yoast_head":"<!-- This site is optimized with the Yoast SEO plugin v22.3 - https:\/\/yoast.com\/wordpress\/plugins\/seo\/ -->\n<title>\u0110i\u1ec3m Nh\u1ea5n - Wafaifo Resort Hoi An<\/title>\n<meta name=\"robots\" content=\"index, follow, max-snippet:-1, max-image-preview:large, max-video-preview:-1\" \/>\n<link rel=\"canonical\" href=\"https:\/\/www.wafaifo.com\/vi\/diem-nhan\/\" \/>\n<meta property=\"og:locale\" content=\"vi_VN\" \/>\n<meta property=\"og:type\" content=\"article\" \/>\n<meta property=\"og:title\" content=\"\u0110i\u1ec3m Nh\u1ea5n - Wafaifo Resort Hoi An\" \/>\n<meta property=\"og:description\" content=\"T\u1ea1i khu ngh\u1ec9 d\u01b0\u1ee1ng Wafaifo, qu\u00fd kh\u00e1ch s\u1ebd \u0111\u01b0\u1ee3c \u0111\u1eafm ch\u00ecm trong di s\u1ea3n phong ph\u00fa c\u1ee7a H\u1ed9i An qua nh\u1eefng bi\u1ec3u t\u01b0\u1ee3ng \u0111\u1eb7c s\u1eafc nh\u01b0 Con \u0110\u01b0\u1eddng Di S\u1ea3n v\u00e0 b\u1ea3n sao \u1ea5n t\u01b0\u1ee3ng c\u1ee7a Ch\u00f9a C\u1ea7u. Kh\u00e1m ph\u00e1 l\u1ecbch s\u1eed v\u00e0 v\u0103n h\u00f3a c\u1ee7a th\u00e0nh ph\u1ed1 ngay trong kh\u00f4ng gian ngh\u1ec9 d\u01b0\u1ee1ng. T\u1ea1o [&hellip;]\" \/>\n<meta property=\"og:url\" content=\"https:\/\/www.wafaifo.com\/vi\/diem-nhan\/\" \/>\n<meta property=\"og:site_name\" content=\"Wafaifo Resort Hoi An\" \/>\n<meta property=\"article:modified_time\" content=\"2025-02-14T03:06:31+00:00\" \/>\n<meta name=\"twitter:card\" content=\"summary_large_image\" \/>\n<meta name=\"twitter:label1\" content=\"Est. reading time\" \/>\n\t<meta name=\"twitter:data1\" content=\"1 minute\" \/>\n<script type=\"application\/ld+json\" class=\"yoast-schema-graph\">{\"@context\":\"https:\/\/schema.org\",\"@graph\":[{\"@type\":\"WebPage\",\"@id\":\"https:\/\/www.wafaifo.com\/vi\/diem-nhan\/\",\"url\":\"https:\/\/www.wafaifo.com\/vi\/diem-nhan\/\",\"name\":\"\u0110i\u1ec3m Nh\u1ea5n - Wafaifo Resort Hoi An\",\"isPartOf\":{\"@id\":\"https:\/\/www.wafaifo.com\/vi\/#website\"},\"datePublished\":\"2025-02-14T03:04:38+00:00\",\"dateModified\":\"2025-02-14T03:06:31+00:00\",\"breadcrumb\":{\"@id\":\"https:\/\/www.wafaifo.com\/vi\/diem-nhan\/#breadcrumb\"},\"inLanguage\":\"vi-VN\",\"potentialAction\":[{\"@type\":\"ReadAction\",\"target\":[\"https:\/\/www.wafaifo.com\/vi\/diem-nhan\/\"]}]},{\"@type\":\"BreadcrumbList\",\"@id\":\"https:\/\/www.wafaifo.com\/vi\/diem-nhan\/#breadcrumb\",\"itemListElement\":[{\"@type\":\"ListItem\",\"position\":1,\"name\":\"Home\",\"item\":\"https:\/\/www.wafaifo.com\/vi\/\"},{\"@type\":\"ListItem\",\"position\":2,\"name\":\"\u0110i\u1ec3m Nh\u1ea5n\"}]},{\"@type\":\"WebSite\",\"@id\":\"https:\/\/www.wafaifo.com\/vi\/#website\",\"url\":\"https:\/\/www.wafaifo.com\/vi\/\",\"name\":\"Wafaifo Resort Hoi An\",\"description\":\"\",\"potentialAction\":[{\"@type\":\"SearchAction\",\"target\":{\"@type\":\"EntryPoint\",\"urlTemplate\":\"https:\/\/www.wafaifo.com\/vi\/?s={search_term_string}\"},\"query-input\":\"required name=search_term_string\"}],\"inLanguage\":\"vi-VN\"}]}<\/script>\n<!-- \/ Yoast SEO plugin. -->","yoast_head_json":{"title":"\u0110i\u1ec3m Nh\u1ea5n - Wafaifo Resort Hoi An","robots":{"index":"index","follow":"follow","max-snippet":"max-snippet:-1","max-image-preview":"max-image-preview:large","max-video-preview":"max-video-preview:-1"},"canonical":"https:\/\/www.wafaifo.com\/vi\/diem-nhan\/","og_locale":"vi_VN","og_type":"article","og_title":"\u0110i\u1ec3m Nh\u1ea5n - Wafaifo Resort Hoi An","og_description":"T\u1ea1i khu ngh\u1ec9 d\u01b0\u1ee1ng Wafaifo, qu\u00fd kh\u00e1ch s\u1ebd \u0111\u01b0\u1ee3c \u0111\u1eafm ch\u00ecm trong di s\u1ea3n phong ph\u00fa c\u1ee7a H\u1ed9i An qua nh\u1eefng bi\u1ec3u t\u01b0\u1ee3ng \u0111\u1eb7c s\u1eafc nh\u01b0 Con \u0110\u01b0\u1eddng Di S\u1ea3n v\u00e0 b\u1ea3n sao \u1ea5n t\u01b0\u1ee3ng c\u1ee7a Ch\u00f9a C\u1ea7u. Kh\u00e1m ph\u00e1 l\u1ecbch s\u1eed v\u00e0 v\u0103n h\u00f3a c\u1ee7a th\u00e0nh ph\u1ed1 ngay trong kh\u00f4ng gian ngh\u1ec9 d\u01b0\u1ee1ng. T\u1ea1o [&hellip;]","og_url":"https:\/\/www.wafaifo.com\/vi\/diem-nhan\/","og_site_name":"Wafaifo Resort Hoi An","article_modified_time":"2025-02-14T03:06:31+00:00","twitter_card":"summary_large_image","twitter_misc":{"Est. reading time":"1 minute"},"schema":{"@context":"https:\/\/schema.org","@graph":[{"@type":"WebPage","@id":"https:\/\/www.wafaifo.com\/vi\/diem-nhan\/","url":"https:\/\/www.wafaifo.com\/vi\/diem-nhan\/","name":"\u0110i\u1ec3m Nh\u1ea5n - Wafaifo Resort Hoi An","isPartOf":{"@id":"https:\/\/www.wafaifo.com\/vi\/#website"},"datePublished":"2025-02-14T03:04:38+00:00","dateModified":"2025-02-14T03:06:31+00:00","breadcrumb":{"@id":"https:\/\/www.wafaifo.com\/vi\/diem-nhan\/#breadcrumb"},"inLanguage":"vi-VN","potentialAction":[{"@type":"ReadAction","target":["https:\/\/www.wafaifo.com\/vi\/diem-nhan\/"]}]},{"@type":"BreadcrumbList","@id":"https:\/\/www.wafaifo.com\/vi\/diem-nhan\/#breadcrumb","itemListElement":[{"@type":"ListItem","position":1,"name":"Home","item":"https:\/\/www.wafaifo.com\/vi\/"},{"@type":"ListItem","position":2,"name":"\u0110i\u1ec3m Nh\u1ea5n"}]},{"@type":"WebSite","@id":"https:\/\/www.wafaifo.com\/vi\/#website","url":"https:\/\/www.wafaifo.com\/vi\/","name":"Wafaifo Resort Hoi An","description":"","potentialAction":[{"@type":"SearchAction","target":{"@type":"EntryPoint","urlTemplate":"https:\/\/www.wafaifo.com\/vi\/?s={search_term_string}"},"query-input":"required name=search_term_string"}],"inLanguage":"vi-VN"}]}},"acf":[],"_links":{"self":[{"href":"https:\/\/www.wafaifo.com\/vi\/wp-json\/wp\/v2\/pages\/2186"}],"collection":[{"href":"https:\/\/www.wafaifo.com\/vi\/wp-json\/wp\/v2\/pages"}],"about":[{"href":"https:\/\/www.wafaifo.com\/vi\/wp-json\/wp\/v2\/types\/page"}],"author":[{"embeddable":true,"href":"https:\/\/www.wafaifo.com\/vi\/wp-json\/wp\/v2\/users\/71"}],"replies":[{"embeddable":true,"href":"https:\/\/www.wafaifo.com\/vi\/wp-json\/wp\/v2\/comments?post=2186"}],"version-history":[{"count":0,"href":"https:\/\/www.wafaifo.com\/vi\/wp-json\/wp\/v2\/pages\/2186\/revisions"}],"wp:attachment":[{"href":"https:\/\/www.wafaifo.com\/vi\/wp-json\/wp\/v2\/media?parent=2186"}],"curies":[{"name":"wp","href":"https:\/\/api.w.org\/{rel}","templated":true}]}}