    {"id":2192,"date":"2025-02-14T03:11:07","date_gmt":"2025-02-14T03:11:07","guid":{"rendered":"https:\/\/www.wafaifo.com\/diem-nhan\/heritage-and-culture-pathway\/"},"modified":"2025-07-11T06:13:45","modified_gmt":"2025-07-11T06:13:45","slug":"heritage-and-culture-pathway","status":"publish","type":"page","link":"https:\/\/www.wafaifo.com\/vi\/diem-nhan\/heritage-and-culture-pathway\/","title":{"rendered":"Con \u0110\u01b0\u1eddng Di S\u1ea3n v\u00e0 V\u0103n H\u00f3a"},"content":{"rendered":"<div class=\"ewa-rteLine\">\n<div class=\"ewa-rteLine\" style=\"text-align: center\">Con \u0111\u01b0\u1eddng nh\u01b0 m\u1ed9t \u201cb\u1ea3o t\u00e0ng m\u1edf\u201d ngo\u00e0i tr\u1eddi, v\u1edbi 13 b\u1ee9c ph\u00f9 \u0111i\u00eau \u0111\u1ea5t nung tuy\u1ec7t m\u1ef9 t\u00e1i hi\u1ec7n s\u1ed1ng \u0111\u1ed9ng l\u1ecbch s\u1eed v\u00e0 truy\u1ec1n th\u1ed1ng phong ph\u00fa c\u1ee7a th\u00e0nh ph\u1ed1 c\u1ea3ng c\u1ed5 k\u00ednh.<\/div>\n<div style=\"text-align: center\"><\/div>\n<div class=\"ewa-rteLine\" style=\"text-align: center\">T\u1eeb l\u00e0ng d\u1eeba xanh m\u01b0\u1edbt, c\u00e1c l\u00e0ng ngh\u1ec1 truy\u1ec1n th\u1ed1ng c\u1ee7a c\u00e1c ngh\u1ec7 nh\u00e2n \u0111\u1ecba ph\u01b0\u01a1ng, \u0111\u1ebfn th\u1ebf gi\u1edbi san h\u00f4 r\u1ef1c r\u1ee1 t\u1ea1i C\u00f9 Lao Ch\u00e0m, m\u1ed7i b\u1ee9c t\u01b0\u1eddng l\u00e0 m\u1ed9t h\u00e0nh tr\u00ecnh m\u1edf ra v\u1ebb \u0111\u1eb9p v\u0103n h\u00f3a v\u00e0 nh\u1ecbp s\u1ed1ng ph\u1ed1 H\u1ed9i. D\u1ea1o b\u01b0\u1edbc tr\u00ean con \u0111\u01b0\u1eddng \u0111\u1ed9c \u0111\u00e1o n\u00e0y, qu\u00fd kh\u00e1ch s\u1ebd c\u1ea3m nh\u1eadn s\u00e2u s\u1eafc h\u01a1n nh\u1eefng gi\u00e1 tr\u1ecb di s\u1ea3n b\u1ec1n v\u1eefng v\u00e0 v\u1ebb \u0111\u1eb9p v\u01b0\u1ee3t th\u1eddi gian c\u1ee7a m\u1ea3nh \u0111\u1ea5t n\u01a1i \u0111\u00e2y.<\/div>\n<div style=\"text-align: center\"><\/div>\n<div class=\"ewa-rteLine\" style=\"text-align: center\">Qu\u00e9t m\u00e3 QR \u0111\u1ec3 l\u1eafng nghe hay ch\u1eadm r\u00e3i \u0111\u1ecdc t\u1eebng c\u00e2u chuy\u1ec7n\u2013 n\u01a1i m\u1ed7i b\u01b0\u1edbc ch\u00e2n l\u00e0 m\u1ed9t h\u00e0nh tr\u00ecnh nh\u1ecf v\u00e0 m\u1ed7i b\u1ee9c ph\u00f9 \u0111i\u00eau l\u00e0 c\u00e1nh c\u1eeda m\u1edf ra mi\u1ec1n di s\u1ea3n ng\u1eadp tr\u00e0n thanh \u00e2m, s\u1eafc m\u00e0u v\u00e0 linh h\u1ed3n ph\u1ed1 H\u1ed9i.<\/div>\n<\/div>\n","protected":false},"excerpt":{"rendered":"<p>Con \u0111\u01b0\u1eddng nh\u01b0 m\u1ed9t \u201cb\u1ea3o t\u00e0ng m\u1edf\u201d ngo\u00e0i tr\u1eddi, v\u1edbi 13 b\u1ee9c ph\u00f9 \u0111i\u00eau \u0111\u1ea5t nung tuy\u1ec7t m\u1ef9 t\u00e1i hi\u1ec7n s\u1ed1ng \u0111\u1ed9ng l\u1ecbch s\u1eed v\u00e0 truy\u1ec1n th\u1ed1ng phong ph\u00fa c\u1ee7a th\u00e0nh ph\u1ed1 c\u1ea3ng c\u1ed5 k\u00ednh. T\u1eeb l\u00e0ng d\u1eeba xanh m\u01b0\u1edbt, c\u00e1c l\u00e0ng ngh\u1ec1 truy\u1ec1n th\u1ed1ng c\u1ee7a c\u00e1c ngh\u1ec7 nh\u00e2n \u0111\u1ecba ph\u01b0\u01a1ng, \u0111\u1ebfn th\u1ebf gi\u1edbi san [&hellip;]<\/p>\n","protected":false},"author":71,"featured_media":3343,"parent":2186,"menu_order":0,"comment_status":"closed","ping_status":"closed","template":"template-single-restaurant.php","meta":{"footnotes":""},"yoast_head":"<!-- This site is optimized with the Yoast SEO plugin v22.3 - https:\/\/yoast.com\/wordpress\/plugins\/seo\/ -->\n<title>Con \u0110\u01b0\u1eddng Di S\u1ea3n v\u00e0 V\u0103n H\u00f3a - Wafaifo Resort Hoi An 2026<\/title>\n<meta name=\"description\" content=\"Con \u0111\u01b0\u1eddng di s\u1ea3n v\u00e0 v\u0103n h\u00f3a l\u00e0 m\u1ed9t \u201cb\u1ea3o t\u00e0ng m\u1edf\u201d ngo\u00e0i tr\u1eddi, v\u1edbi 13 b\u1ee9c ph\u00f9 \u0111i\u00eau \u0111\u1ea5t nung tuy\u1ec7t m\u1ef9 t\u00e1i hi\u1ec7n s\u1ed1ng \u0111\u1ed9ng l\u1ecbch s\u1eed v\u00e0 truy\u1ec1n th\u1ed1ng phong ph\u00fa c\u1ee7a th\u00e0nh ph\u1ed1 c\u1ea3ng c\u1ed5 k\u00ednh.\" \/>\n<meta name=\"robots\" content=\"index, follow, max-snippet:-1, max-image-preview:large, max-video-preview:-1\" \/>\n<link rel=\"canonical\" href=\"https:\/\/www.wafaifo.com\/vi\/diem-nhan\/heritage-and-culture-pathway\/\" \/>\n<meta property=\"og:locale\" content=\"vi_VN\" \/>\n<meta property=\"og:type\" content=\"article\" \/>\n<meta property=\"og:title\" content=\"Con \u0110\u01b0\u1eddng Di S\u1ea3n v\u00e0 V\u0103n H\u00f3a - Wafaifo Resort Hoi An 2026\" \/>\n<meta property=\"og:description\" content=\"Con \u0111\u01b0\u1eddng di s\u1ea3n v\u00e0 v\u0103n h\u00f3a l\u00e0 m\u1ed9t \u201cb\u1ea3o t\u00e0ng m\u1edf\u201d ngo\u00e0i tr\u1eddi, v\u1edbi 13 b\u1ee9c ph\u00f9 \u0111i\u00eau \u0111\u1ea5t nung tuy\u1ec7t m\u1ef9 t\u00e1i hi\u1ec7n s\u1ed1ng \u0111\u1ed9ng l\u1ecbch s\u1eed v\u00e0 truy\u1ec1n th\u1ed1ng phong ph\u00fa c\u1ee7a th\u00e0nh ph\u1ed1 c\u1ea3ng c\u1ed5 k\u00ednh.\" \/>\n<meta property=\"og:url\" content=\"https:\/\/www.wafaifo.com\/vi\/diem-nhan\/heritage-and-culture-pathway\/\" \/>\n<meta property=\"og:site_name\" content=\"Wafaifo Resort Hoi An\" \/>\n<meta property=\"article:modified_time\" content=\"2025-07-11T06:13:45+00:00\" \/>\n<meta property=\"og:image\" content=\"https:\/\/www.wafaifo.com\/wp-content\/uploads\/sites\/13\/2025\/07\/Culture-Wall-11.jpg\" \/>\n\t<meta property=\"og:image:width\" content=\"1707\" \/>\n\t<meta property=\"og:image:height\" content=\"2560\" \/>\n\t<meta property=\"og:image:type\" content=\"image\/jpeg\" \/>\n<meta name=\"twitter:card\" content=\"summary_large_image\" \/>\n<meta name=\"twitter:label1\" content=\"Est. reading time\" \/>\n\t<meta name=\"twitter:data1\" content=\"1 minute\" \/>\n<script type=\"application\/ld+json\" class=\"yoast-schema-graph\">{\"@context\":\"https:\/\/schema.org\",\"@graph\":[{\"@type\":\"WebPage\",\"@id\":\"https:\/\/www.wafaifo.com\/vi\/diem-nhan\/heritage-and-culture-pathway\/\",\"url\":\"https:\/\/www.wafaifo.com\/vi\/diem-nhan\/heritage-and-culture-pathway\/\",\"name\":\"Con \u0110\u01b0\u1eddng Di S\u1ea3n v\u00e0 V\u0103n H\u00f3a - Wafaifo Resort Hoi An 2026\",\"isPartOf\":{\"@id\":\"https:\/\/www.wafaifo.com\/vi\/#website\"},\"primaryImageOfPage\":{\"@id\":\"https:\/\/www.wafaifo.com\/vi\/diem-nhan\/heritage-and-culture-pathway\/#primaryimage\"},\"image\":{\"@id\":\"https:\/\/www.wafaifo.com\/vi\/diem-nhan\/heritage-and-culture-pathway\/#primaryimage\"},\"thumbnailUrl\":\"https:\/\/www.wafaifo.com\/wp-content\/uploads\/sites\/13\/2025\/07\/Culture-Wall-11.jpg\",\"datePublished\":\"2025-02-14T03:11:07+00:00\",\"dateModified\":\"2025-07-11T06:13:45+00:00\",\"description\":\"Con \u0111\u01b0\u1eddng di s\u1ea3n v\u00e0 v\u0103n h\u00f3a l\u00e0 m\u1ed9t \u201cb\u1ea3o t\u00e0ng m\u1edf\u201d ngo\u00e0i tr\u1eddi, v\u1edbi 13 b\u1ee9c ph\u00f9 \u0111i\u00eau \u0111\u1ea5t nung tuy\u1ec7t m\u1ef9 t\u00e1i hi\u1ec7n s\u1ed1ng \u0111\u1ed9ng l\u1ecbch s\u1eed v\u00e0 truy\u1ec1n th\u1ed1ng phong ph\u00fa c\u1ee7a th\u00e0nh ph\u1ed1 c\u1ea3ng c\u1ed5 k\u00ednh.\",\"breadcrumb\":{\"@id\":\"https:\/\/www.wafaifo.com\/vi\/diem-nhan\/heritage-and-culture-pathway\/#breadcrumb\"},\"inLanguage\":\"vi-VN\",\"potentialAction\":[{\"@type\":\"ReadAction\",\"target\":[\"https:\/\/www.wafaifo.com\/vi\/diem-nhan\/heritage-and-culture-pathway\/\"]}]},{\"@type\":\"ImageObject\",\"inLanguage\":\"vi-VN\",\"@id\":\"https:\/\/www.wafaifo.com\/vi\/diem-nhan\/heritage-and-culture-pathway\/#primaryimage\",\"url\":\"https:\/\/www.wafaifo.com\/wp-content\/uploads\/sites\/13\/2025\/07\/Culture-Wall-11.jpg\",\"contentUrl\":\"https:\/\/www.wafaifo.com\/wp-content\/uploads\/sites\/13\/2025\/07\/Culture-Wall-11.jpg\",\"width\":1707,\"height\":2560},{\"@type\":\"BreadcrumbList\",\"@id\":\"https:\/\/www.wafaifo.com\/vi\/diem-nhan\/heritage-and-culture-pathway\/#breadcrumb\",\"itemListElement\":[{\"@type\":\"ListItem\",\"position\":1,\"name\":\"Home\",\"item\":\"https:\/\/www.wafaifo.com\/vi\/\"},{\"@type\":\"ListItem\",\"position\":2,\"name\":\"\u0110i\u1ec3m Nh\u1ea5n\",\"item\":\"https:\/\/www.wafaifo.com\/vi\/diem-nhan\/\"},{\"@type\":\"ListItem\",\"position\":3,\"name\":\"Con \u0110\u01b0\u1eddng Di S\u1ea3n v\u00e0 V\u0103n H\u00f3a\"}]},{\"@type\":\"WebSite\",\"@id\":\"https:\/\/www.wafaifo.com\/vi\/#website\",\"url\":\"https:\/\/www.wafaifo.com\/vi\/\",\"name\":\"Wafaifo Resort Hoi An\",\"description\":\"\",\"potentialAction\":[{\"@type\":\"SearchAction\",\"target\":{\"@type\":\"EntryPoint\",\"urlTemplate\":\"https:\/\/www.wafaifo.com\/vi\/?s={search_term_string}\"},\"query-input\":\"required name=search_term_string\"}],\"inLanguage\":\"vi-VN\"}]}<\/script>\n<!-- \/ Yoast SEO plugin. -->","yoast_head_json":{"title":"Con \u0110\u01b0\u1eddng Di S\u1ea3n v\u00e0 V\u0103n H\u00f3a - Wafaifo Resort Hoi An 2026","description":"Con \u0111\u01b0\u1eddng di s\u1ea3n v\u00e0 v\u0103n h\u00f3a l\u00e0 m\u1ed9t \u201cb\u1ea3o t\u00e0ng m\u1edf\u201d ngo\u00e0i tr\u1eddi, v\u1edbi 13 b\u1ee9c ph\u00f9 \u0111i\u00eau \u0111\u1ea5t nung tuy\u1ec7t m\u1ef9 t\u00e1i hi\u1ec7n s\u1ed1ng \u0111\u1ed9ng l\u1ecbch s\u1eed v\u00e0 truy\u1ec1n th\u1ed1ng phong ph\u00fa c\u1ee7a th\u00e0nh ph\u1ed1 c\u1ea3ng c\u1ed5 k\u00ednh.","robots":{"index":"index","follow":"follow","max-snippet":"max-snippet:-1","max-image-preview":"max-image-preview:large","max-video-preview":"max-video-preview:-1"},"canonical":"https:\/\/www.wafaifo.com\/vi\/diem-nhan\/heritage-and-culture-pathway\/","og_locale":"vi_VN","og_type":"article","og_title":"Con \u0110\u01b0\u1eddng Di S\u1ea3n v\u00e0 V\u0103n H\u00f3a - Wafaifo Resort Hoi An 2026","og_description":"Con \u0111\u01b0\u1eddng di s\u1ea3n v\u00e0 v\u0103n h\u00f3a l\u00e0 m\u1ed9t \u201cb\u1ea3o t\u00e0ng m\u1edf\u201d ngo\u00e0i tr\u1eddi, v\u1edbi 13 b\u1ee9c ph\u00f9 \u0111i\u00eau \u0111\u1ea5t nung tuy\u1ec7t m\u1ef9 t\u00e1i hi\u1ec7n s\u1ed1ng \u0111\u1ed9ng l\u1ecbch s\u1eed v\u00e0 truy\u1ec1n th\u1ed1ng phong ph\u00fa c\u1ee7a th\u00e0nh ph\u1ed1 c\u1ea3ng c\u1ed5 k\u00ednh.","og_url":"https:\/\/www.wafaifo.com\/vi\/diem-nhan\/heritage-and-culture-pathway\/","og_site_name":"Wafaifo Resort Hoi An","article_modified_time":"2025-07-11T06:13:45+00:00","og_image":[{"width":1707,"height":2560,"url":"https:\/\/www.wafaifo.com\/wp-content\/uploads\/sites\/13\/2025\/07\/Culture-Wall-11.jpg","type":"image\/jpeg"}],"twitter_card":"summary_large_image","twitter_misc":{"Est. reading time":"1 minute"},"schema":{"@context":"https:\/\/schema.org","@graph":[{"@type":"WebPage","@id":"https:\/\/www.wafaifo.com\/vi\/diem-nhan\/heritage-and-culture-pathway\/","url":"https:\/\/www.wafaifo.com\/vi\/diem-nhan\/heritage-and-culture-pathway\/","name":"Con \u0110\u01b0\u1eddng Di S\u1ea3n v\u00e0 V\u0103n H\u00f3a - Wafaifo Resort Hoi An 2026","isPartOf":{"@id":"https:\/\/www.wafaifo.com\/vi\/#website"},"primaryImageOfPage":{"@id":"https:\/\/www.wafaifo.com\/vi\/diem-nhan\/heritage-and-culture-pathway\/#primaryimage"},"image":{"@id":"https:\/\/www.wafaifo.com\/vi\/diem-nhan\/heritage-and-culture-pathway\/#primaryimage"},"thumbnailUrl":"https:\/\/www.wafaifo.com\/wp-content\/uploads\/sites\/13\/2025\/07\/Culture-Wall-11.jpg","datePublished":"2025-02-14T03:11:07+00:00","dateModified":"2025-07-11T06:13:45+00:00","description":"Con \u0111\u01b0\u1eddng di s\u1ea3n v\u00e0 v\u0103n h\u00f3a l\u00e0 m\u1ed9t \u201cb\u1ea3o t\u00e0ng m\u1edf\u201d ngo\u00e0i tr\u1eddi, v\u1edbi 13 b\u1ee9c ph\u00f9 \u0111i\u00eau \u0111\u1ea5t nung tuy\u1ec7t m\u1ef9 t\u00e1i hi\u1ec7n s\u1ed1ng \u0111\u1ed9ng l\u1ecbch s\u1eed v\u00e0 truy\u1ec1n th\u1ed1ng phong ph\u00fa c\u1ee7a th\u00e0nh ph\u1ed1 c\u1ea3ng c\u1ed5 k\u00ednh.","breadcrumb":{"@id":"https:\/\/www.wafaifo.com\/vi\/diem-nhan\/heritage-and-culture-pathway\/#breadcrumb"},"inLanguage":"vi-VN","potentialAction":[{"@type":"ReadAction","target":["https:\/\/www.wafaifo.com\/vi\/diem-nhan\/heritage-and-culture-pathway\/"]}]},{"@type":"ImageObject","inLanguage":"vi-VN","@id":"https:\/\/www.wafaifo.com\/vi\/diem-nhan\/heritage-and-culture-pathway\/#primaryimage","url":"https:\/\/www.wafaifo.com\/wp-content\/uploads\/sites\/13\/2025\/07\/Culture-Wall-11.jpg","contentUrl":"https:\/\/www.wafaifo.com\/wp-content\/uploads\/sites\/13\/2025\/07\/Culture-Wall-11.jpg","width":1707,"height":2560},{"@type":"BreadcrumbList","@id":"https:\/\/www.wafaifo.com\/vi\/diem-nhan\/heritage-and-culture-pathway\/#breadcrumb","itemListElement":[{"@type":"ListItem","position":1,"name":"Home","item":"https:\/\/www.wafaifo.com\/vi\/"},{"@type":"ListItem","position":2,"name":"\u0110i\u1ec3m Nh\u1ea5n","item":"https:\/\/www.wafaifo.com\/vi\/diem-nhan\/"},{"@type":"ListItem","position":3,"name":"Con \u0110\u01b0\u1eddng Di S\u1ea3n v\u00e0 V\u0103n H\u00f3a"}]},{"@type":"WebSite","@id":"https:\/\/www.wafaifo.com\/vi\/#website","url":"https:\/\/www.wafaifo.com\/vi\/","name":"Wafaifo Resort Hoi An","description":"","potentialAction":[{"@type":"SearchAction","target":{"@type":"EntryPoint","urlTemplate":"https:\/\/www.wafaifo.com\/vi\/?s={search_term_string}"},"query-input":"required name=search_term_string"}],"inLanguage":"vi-VN"}]}},"acf":[],"_links":{"self":[{"href":"https:\/\/www.wafaifo.com\/vi\/wp-json\/wp\/v2\/pages\/2192"}],"collection":[{"href":"https:\/\/www.wafaifo.com\/vi\/wp-json\/wp\/v2\/pages"}],"about":[{"href":"https:\/\/www.wafaifo.com\/vi\/wp-json\/wp\/v2\/types\/page"}],"author":[{"embeddable":true,"href":"https:\/\/www.wafaifo.com\/vi\/wp-json\/wp\/v2\/users\/71"}],"replies":[{"embeddable":true,"href":"https:\/\/www.wafaifo.com\/vi\/wp-json\/wp\/v2\/comments?post=2192"}],"version-history":[{"count":0,"href":"https:\/\/www.wafaifo.com\/vi\/wp-json\/wp\/v2\/pages\/2192\/revisions"}],"up":[{"embeddable":true,"href":"https:\/\/www.wafaifo.com\/vi\/wp-json\/wp\/v2\/pages\/2186"}],"wp:featuredmedia":[{"embeddable":true,"href":"https:\/\/www.wafaifo.com\/vi\/wp-json\/wp\/v2\/media\/3343"}],"wp:attachment":[{"href":"https:\/\/www.wafaifo.com\/vi\/wp-json\/wp\/v2\/media?parent=2192"}],"curies":[{"name":"wp","href":"https:\/\/api.w.org\/{rel}","templated":true}]}}