    {"id":2202,"date":"2025-02-14T03:20:22","date_gmt":"2025-02-14T03:20:22","guid":{"rendered":"https:\/\/www.wafaifo.com\/diem-nhan\/japanese-bridge\/"},"modified":"2025-02-17T03:22:26","modified_gmt":"2025-02-17T03:22:26","slug":"japanese-bridge","status":"publish","type":"page","link":"https:\/\/www.wafaifo.com\/vi\/diem-nhan\/japanese-bridge\/","title":{"rendered":"Ch\u00f9a C\u1ea7u"},"content":{"rendered":"<div class=\"ewa-rteLine\">\n<div class=\"ewa-rteLine\">Kh\u00f4ng c\u1ea7n \u0111i xa \u0111\u1ec3 chi\u00eam ng\u01b0\u1ee1ng v\u1ebb \u0111\u1eb9p c\u1ee7a ch\u00f9a C\u1ea7u n\u1ed5i ti\u1ebfng H\u1ed9i An. T\u1ea1i Wafaifo Resort Hoi An, m\u1ed9t phi\u00ean b\u1ea3n tuy\u1ec7t \u0111\u1eb9p c\u1ee7a c\u00e2y c\u1ea7u bi\u1ec3u t\u01b0\u1ee3ng n\u00e0y \u0111\u01b0\u1ee3c \u0111\u1eb7t ngay \u1edf s\u1ea3nh, mang \u0111\u1ebfn kh\u00f4ng gian l\u00fd t\u01b0\u1edfng \u0111\u1ec3 l\u01b0u l\u1ea1i nh\u1eefng k\u1ef7 ni\u1ec7m \u0111\u00e1ng nh\u1edb.<\/div>\n<div class=\"ewa-rteLine\">Kho\u00e1c l\u00ean m\u00ecnh b\u1ed9 \u00e1o d\u00e0i truy\u1ec1n th\u1ed1ng, v\u00e0 t\u1ea1o d\u00e1ng b\u00ean c\u00e2y c\u1ea7u \u0111\u1ec3 c\u00f3 nh\u1eefng b\u1ee9c \u1ea3nh \u0111\u1eb9p mang \u0111\u1eadm n\u00e9t v\u0103n h\u00f3a H\u1ed9i An. \u0110\u00e2y s\u1ebd kh\u00f4ng ch\u1ec9 l\u00e0 n\u01a1i ch\u1ee5p \u1ea3nh tuy\u1ec7t \u0111\u1eb9p m\u00e0 c\u00f2n l\u00e0 m\u1ed9t c\u00e1ch \u0111\u1ec3 qu\u00fd kh\u00e1ch k\u1ebft n\u1ed1i v\u1edbi di s\u1ea3n v\u0103n h\u00f3a H\u1ed9i An m\u00e0 kh\u00f4ng c\u1ea7n r\u1eddi kh\u1ecfi khu ngh\u1ec9 d\u01b0\u1ee1ng.<\/div>\n<div class=\"ewa-rteLine\">T\u1ea1o n\u00ean nh\u1eefng k\u1ef7 ni\u1ec7m kh\u00f3 qu\u00ean v\u1edbi n\u00e9t \u0111\u1eb9p v\u0103n h\u00f3a H\u1ed9i An ngay t\u1ea1i Wafaifo.<\/div>\n<\/div>\n","protected":false},"excerpt":{"rendered":"<p>Kh\u00f4ng c\u1ea7n \u0111i xa \u0111\u1ec3 chi\u00eam ng\u01b0\u1ee1ng v\u1ebb \u0111\u1eb9p c\u1ee7a ch\u00f9a C\u1ea7u n\u1ed5i ti\u1ebfng H\u1ed9i An. T\u1ea1i Wafaifo Resort Hoi An, m\u1ed9t phi\u00ean b\u1ea3n tuy\u1ec7t \u0111\u1eb9p c\u1ee7a c\u00e2y c\u1ea7u bi\u1ec3u t\u01b0\u1ee3ng n\u00e0y \u0111\u01b0\u1ee3c \u0111\u1eb7t ngay \u1edf s\u1ea3nh, mang \u0111\u1ebfn kh\u00f4ng gian l\u00fd t\u01b0\u1edfng \u0111\u1ec3 l\u01b0u l\u1ea1i nh\u1eefng k\u1ef7 ni\u1ec7m \u0111\u00e1ng nh\u1edb. Kho\u00e1c l\u00ean m\u00ecnh b\u1ed9 [&hellip;]<\/p>\n","protected":false},"author":71,"featured_media":2220,"parent":2186,"menu_order":0,"comment_status":"closed","ping_status":"closed","template":"template-single-restaurant.php","meta":{"footnotes":""},"yoast_head":"<!-- This site is optimized with the Yoast SEO plugin v22.3 - https:\/\/yoast.com\/wordpress\/plugins\/seo\/ -->\n<title>Ch\u00f9a C\u1ea7u - Wafaifo Resort Hoi An<\/title>\n<meta name=\"robots\" content=\"index, follow, max-snippet:-1, max-image-preview:large, max-video-preview:-1\" \/>\n<link rel=\"canonical\" href=\"https:\/\/www.wafaifo.com\/vi\/diem-nhan\/japanese-bridge\/\" \/>\n<meta property=\"og:locale\" content=\"vi_VN\" \/>\n<meta property=\"og:type\" content=\"article\" \/>\n<meta property=\"og:title\" content=\"Ch\u00f9a C\u1ea7u - Wafaifo Resort Hoi An\" \/>\n<meta property=\"og:description\" content=\"Kh\u00f4ng c\u1ea7n \u0111i xa \u0111\u1ec3 chi\u00eam ng\u01b0\u1ee1ng v\u1ebb \u0111\u1eb9p c\u1ee7a ch\u00f9a C\u1ea7u n\u1ed5i ti\u1ebfng H\u1ed9i An. T\u1ea1i Wafaifo Resort Hoi An, m\u1ed9t phi\u00ean b\u1ea3n tuy\u1ec7t \u0111\u1eb9p c\u1ee7a c\u00e2y c\u1ea7u bi\u1ec3u t\u01b0\u1ee3ng n\u00e0y \u0111\u01b0\u1ee3c \u0111\u1eb7t ngay \u1edf s\u1ea3nh, mang \u0111\u1ebfn kh\u00f4ng gian l\u00fd t\u01b0\u1edfng \u0111\u1ec3 l\u01b0u l\u1ea1i nh\u1eefng k\u1ef7 ni\u1ec7m \u0111\u00e1ng nh\u1edb. Kho\u00e1c l\u00ean m\u00ecnh b\u1ed9 [&hellip;]\" \/>\n<meta property=\"og:url\" content=\"https:\/\/www.wafaifo.com\/vi\/diem-nhan\/japanese-bridge\/\" \/>\n<meta property=\"og:site_name\" content=\"Wafaifo Resort Hoi An\" \/>\n<meta property=\"article:modified_time\" content=\"2025-02-17T03:22:26+00:00\" \/>\n<meta property=\"og:image\" content=\"https:\/\/www.wafaifo.com\/wp-content\/uploads\/sites\/13\/2025\/02\/Japanese_Bridge_1.jpg\" \/>\n\t<meta property=\"og:image:width\" content=\"1799\" \/>\n\t<meta property=\"og:image:height\" content=\"1200\" \/>\n\t<meta property=\"og:image:type\" content=\"image\/jpeg\" \/>\n<meta name=\"twitter:card\" content=\"summary_large_image\" \/>\n<meta name=\"twitter:label1\" content=\"Est. reading time\" \/>\n\t<meta name=\"twitter:data1\" content=\"1 minute\" \/>\n<script type=\"application\/ld+json\" class=\"yoast-schema-graph\">{\"@context\":\"https:\/\/schema.org\",\"@graph\":[{\"@type\":\"WebPage\",\"@id\":\"https:\/\/www.wafaifo.com\/vi\/diem-nhan\/japanese-bridge\/\",\"url\":\"https:\/\/www.wafaifo.com\/vi\/diem-nhan\/japanese-bridge\/\",\"name\":\"Ch\u00f9a C\u1ea7u - Wafaifo Resort Hoi An\",\"isPartOf\":{\"@id\":\"https:\/\/www.wafaifo.com\/vi\/#website\"},\"primaryImageOfPage\":{\"@id\":\"https:\/\/www.wafaifo.com\/vi\/diem-nhan\/japanese-bridge\/#primaryimage\"},\"image\":{\"@id\":\"https:\/\/www.wafaifo.com\/vi\/diem-nhan\/japanese-bridge\/#primaryimage\"},\"thumbnailUrl\":\"https:\/\/www.wafaifo.com\/wp-content\/uploads\/sites\/13\/2025\/02\/Japanese_Bridge_1.jpg\",\"datePublished\":\"2025-02-14T03:20:22+00:00\",\"dateModified\":\"2025-02-17T03:22:26+00:00\",\"breadcrumb\":{\"@id\":\"https:\/\/www.wafaifo.com\/vi\/diem-nhan\/japanese-bridge\/#breadcrumb\"},\"inLanguage\":\"vi-VN\",\"potentialAction\":[{\"@type\":\"ReadAction\",\"target\":[\"https:\/\/www.wafaifo.com\/vi\/diem-nhan\/japanese-bridge\/\"]}]},{\"@type\":\"ImageObject\",\"inLanguage\":\"vi-VN\",\"@id\":\"https:\/\/www.wafaifo.com\/vi\/diem-nhan\/japanese-bridge\/#primaryimage\",\"url\":\"https:\/\/www.wafaifo.com\/wp-content\/uploads\/sites\/13\/2025\/02\/Japanese_Bridge_1.jpg\",\"contentUrl\":\"https:\/\/www.wafaifo.com\/wp-content\/uploads\/sites\/13\/2025\/02\/Japanese_Bridge_1.jpg\",\"width\":1799,\"height\":1200},{\"@type\":\"BreadcrumbList\",\"@id\":\"https:\/\/www.wafaifo.com\/vi\/diem-nhan\/japanese-bridge\/#breadcrumb\",\"itemListElement\":[{\"@type\":\"ListItem\",\"position\":1,\"name\":\"Home\",\"item\":\"https:\/\/www.wafaifo.com\/vi\/\"},{\"@type\":\"ListItem\",\"position\":2,\"name\":\"\u0110i\u1ec3m Nh\u1ea5n\",\"item\":\"https:\/\/www.wafaifo.com\/vi\/diem-nhan\/\"},{\"@type\":\"ListItem\",\"position\":3,\"name\":\"Ch\u00f9a C\u1ea7u\"}]},{\"@type\":\"WebSite\",\"@id\":\"https:\/\/www.wafaifo.com\/vi\/#website\",\"url\":\"https:\/\/www.wafaifo.com\/vi\/\",\"name\":\"Wafaifo Resort Hoi An\",\"description\":\"\",\"potentialAction\":[{\"@type\":\"SearchAction\",\"target\":{\"@type\":\"EntryPoint\",\"urlTemplate\":\"https:\/\/www.wafaifo.com\/vi\/?s={search_term_string}\"},\"query-input\":\"required name=search_term_string\"}],\"inLanguage\":\"vi-VN\"}]}<\/script>\n<!-- \/ Yoast SEO plugin. -->","yoast_head_json":{"title":"Ch\u00f9a C\u1ea7u - Wafaifo Resort Hoi An","robots":{"index":"index","follow":"follow","max-snippet":"max-snippet:-1","max-image-preview":"max-image-preview:large","max-video-preview":"max-video-preview:-1"},"canonical":"https:\/\/www.wafaifo.com\/vi\/diem-nhan\/japanese-bridge\/","og_locale":"vi_VN","og_type":"article","og_title":"Ch\u00f9a C\u1ea7u - Wafaifo Resort Hoi An","og_description":"Kh\u00f4ng c\u1ea7n \u0111i xa \u0111\u1ec3 chi\u00eam ng\u01b0\u1ee1ng v\u1ebb \u0111\u1eb9p c\u1ee7a ch\u00f9a C\u1ea7u n\u1ed5i ti\u1ebfng H\u1ed9i An. T\u1ea1i Wafaifo Resort Hoi An, m\u1ed9t phi\u00ean b\u1ea3n tuy\u1ec7t \u0111\u1eb9p c\u1ee7a c\u00e2y c\u1ea7u bi\u1ec3u t\u01b0\u1ee3ng n\u00e0y \u0111\u01b0\u1ee3c \u0111\u1eb7t ngay \u1edf s\u1ea3nh, mang \u0111\u1ebfn kh\u00f4ng gian l\u00fd t\u01b0\u1edfng \u0111\u1ec3 l\u01b0u l\u1ea1i nh\u1eefng k\u1ef7 ni\u1ec7m \u0111\u00e1ng nh\u1edb. Kho\u00e1c l\u00ean m\u00ecnh b\u1ed9 [&hellip;]","og_url":"https:\/\/www.wafaifo.com\/vi\/diem-nhan\/japanese-bridge\/","og_site_name":"Wafaifo Resort Hoi An","article_modified_time":"2025-02-17T03:22:26+00:00","og_image":[{"width":1799,"height":1200,"url":"https:\/\/www.wafaifo.com\/wp-content\/uploads\/sites\/13\/2025\/02\/Japanese_Bridge_1.jpg","type":"image\/jpeg"}],"twitter_card":"summary_large_image","twitter_misc":{"Est. reading time":"1 minute"},"schema":{"@context":"https:\/\/schema.org","@graph":[{"@type":"WebPage","@id":"https:\/\/www.wafaifo.com\/vi\/diem-nhan\/japanese-bridge\/","url":"https:\/\/www.wafaifo.com\/vi\/diem-nhan\/japanese-bridge\/","name":"Ch\u00f9a C\u1ea7u - Wafaifo Resort Hoi An","isPartOf":{"@id":"https:\/\/www.wafaifo.com\/vi\/#website"},"primaryImageOfPage":{"@id":"https:\/\/www.wafaifo.com\/vi\/diem-nhan\/japanese-bridge\/#primaryimage"},"image":{"@id":"https:\/\/www.wafaifo.com\/vi\/diem-nhan\/japanese-bridge\/#primaryimage"},"thumbnailUrl":"https:\/\/www.wafaifo.com\/wp-content\/uploads\/sites\/13\/2025\/02\/Japanese_Bridge_1.jpg","datePublished":"2025-02-14T03:20:22+00:00","dateModified":"2025-02-17T03:22:26+00:00","breadcrumb":{"@id":"https:\/\/www.wafaifo.com\/vi\/diem-nhan\/japanese-bridge\/#breadcrumb"},"inLanguage":"vi-VN","potentialAction":[{"@type":"ReadAction","target":["https:\/\/www.wafaifo.com\/vi\/diem-nhan\/japanese-bridge\/"]}]},{"@type":"ImageObject","inLanguage":"vi-VN","@id":"https:\/\/www.wafaifo.com\/vi\/diem-nhan\/japanese-bridge\/#primaryimage","url":"https:\/\/www.wafaifo.com\/wp-content\/uploads\/sites\/13\/2025\/02\/Japanese_Bridge_1.jpg","contentUrl":"https:\/\/www.wafaifo.com\/wp-content\/uploads\/sites\/13\/2025\/02\/Japanese_Bridge_1.jpg","width":1799,"height":1200},{"@type":"BreadcrumbList","@id":"https:\/\/www.wafaifo.com\/vi\/diem-nhan\/japanese-bridge\/#breadcrumb","itemListElement":[{"@type":"ListItem","position":1,"name":"Home","item":"https:\/\/www.wafaifo.com\/vi\/"},{"@type":"ListItem","position":2,"name":"\u0110i\u1ec3m Nh\u1ea5n","item":"https:\/\/www.wafaifo.com\/vi\/diem-nhan\/"},{"@type":"ListItem","position":3,"name":"Ch\u00f9a C\u1ea7u"}]},{"@type":"WebSite","@id":"https:\/\/www.wafaifo.com\/vi\/#website","url":"https:\/\/www.wafaifo.com\/vi\/","name":"Wafaifo Resort Hoi An","description":"","potentialAction":[{"@type":"SearchAction","target":{"@type":"EntryPoint","urlTemplate":"https:\/\/www.wafaifo.com\/vi\/?s={search_term_string}"},"query-input":"required name=search_term_string"}],"inLanguage":"vi-VN"}]}},"acf":[],"_links":{"self":[{"href":"https:\/\/www.wafaifo.com\/vi\/wp-json\/wp\/v2\/pages\/2202"}],"collection":[{"href":"https:\/\/www.wafaifo.com\/vi\/wp-json\/wp\/v2\/pages"}],"about":[{"href":"https:\/\/www.wafaifo.com\/vi\/wp-json\/wp\/v2\/types\/page"}],"author":[{"embeddable":true,"href":"https:\/\/www.wafaifo.com\/vi\/wp-json\/wp\/v2\/users\/71"}],"replies":[{"embeddable":true,"href":"https:\/\/www.wafaifo.com\/vi\/wp-json\/wp\/v2\/comments?post=2202"}],"version-history":[{"count":0,"href":"https:\/\/www.wafaifo.com\/vi\/wp-json\/wp\/v2\/pages\/2202\/revisions"}],"up":[{"embeddable":true,"href":"https:\/\/www.wafaifo.com\/vi\/wp-json\/wp\/v2\/pages\/2186"}],"wp:featuredmedia":[{"embeddable":true,"href":"https:\/\/www.wafaifo.com\/vi\/wp-json\/wp\/v2\/media\/2220"}],"wp:attachment":[{"href":"https:\/\/www.wafaifo.com\/vi\/wp-json\/wp\/v2\/media?parent=2202"}],"curies":[{"name":"wp","href":"https:\/\/api.w.org\/{rel}","templated":true}]}}