    {"id":2981,"date":"2025-04-22T15:12:14","date_gmt":"2025-04-22T15:12:14","guid":{"rendered":"https:\/\/www.wafaifo.com\/?page_id=2981"},"modified":"2026-03-25T03:25:29","modified_gmt":"2026-03-25T03:25:29","slug":"dat-cho","status":"publish","type":"page","link":"https:\/\/www.wafaifo.com\/vi\/phong-chieu-phim\/dat-cho\/","title":{"rendered":"\u0110\u1eb7t Ch\u1ed7"},"content":{"rendered":"\n                <div class='gf_browser_gecko gform_wrapper' id='gform_wrapper_8' ><form method='post' enctype='multipart\/form-data'  id='gform_8'  action='\/vi\/wp-json\/wp\/v2\/pages\/2981'> \r\n <input type='hidden' class='gforms-pum' value='{\"closepopup\":false,\"closedelay\":0,\"openpopup\":false,\"openpopup_id\":0}' \/>\n                        <div class='gform_heading'>\n                            <h3 class='gform_title'>Ph\u00f2ng Chi\u1ebfu Phim \u0110\u1ed9c Quy\u1ec1n Wafaifo<\/h3>\n                            <span class='gform_description'><\/span>\n                        <\/div>\n                        <div class='gform_body'><ul id='gform_fields_8' class='gform_fields top_label form_sublabel_below description_below'><li id='field_8_32'  class='gfield small gfield_contains_required field_sublabel_below field_description_below gfield_visibility_visible' ><label class='gfield_label' for='input_8_32' >H\u1ecd v\u00e0 T\u00ean:<span class='gfield_required'>*<\/span><\/label><div class='ginput_container ginput_container_text'><input name='input_32' id='input_8_32' type='text' value='' class='medium'     aria-required=\"true\" aria-invalid=\"false\" \/><\/div><\/li><li id='field_8_34'  class='gfield gfield_contains_required field_sublabel_below field_description_below gfield_visibility_visible' ><label class='gfield_label' for='input_8_34' >S\u1ed1 \u0111i\u1ec7n tho\u1ea1i:<span class='gfield_required'>*<\/span><\/label><div class='ginput_container ginput_container_phone'><input name='input_34' id='input_8_34' type='text' value='' class='medium'   aria-required=\"true\" aria-invalid=\"false\"  \/><\/div><\/li><li id='field_8_2'  class='gfield medium gfield_contains_required field_sublabel_below field_description_below gfield_visibility_visible' ><label class='gfield_label' for='input_8_2' >Email<span class='gfield_required'>*<\/span><\/label><div class='ginput_container ginput_container_email'>\n                            <input name='input_2' id='input_8_2' type='text' value='' class='small'    aria-required=\"true\" aria-invalid=\"false\" \/>\n                        <\/div><\/li><li id='field_8_38'  class='gfield gfield_contains_required field_sublabel_below field_description_below gfield_visibility_visible' ><label class='gfield_label' for='input_8_38' >Ng\u00e0y:<span class='gfield_required'>*<\/span><\/label><div class='ginput_container ginput_container_date'>\n                            <input name='input_38' id='input_8_38' type='text' value='' class='datepicker medium mdy datepicker_no_icon'    aria-describedby='input_8_38_date_format' \/>\n                            <span id='input_8_38_date_format' class='screen-reader-text'>Date Format: MM slash DD slash YYYY<\/span>\n                        <\/div>\n                        <input type='hidden' id='gforms_calendar_icon_input_8_38' class='gform_hidden' value='https:\/\/www.wafaifo.com\/wp-content\/plugins\/gravityforms\/images\/calendar.png'\/><\/li><li id='field_8_39'  class='gfield gfield_contains_required field_sublabel_below field_description_below gfield_visibility_visible' ><label class='gfield_label gfield_label_before_complex'  >Gi\u1edd:<span class='gfield_required'>*<\/span><\/label><div class='clear-multi'>\n                        <div class='gfield_time_hour ginput_container ginput_container_time' id='input_8_39'>\n                            <input type='text' maxlength='2' name='input_39[]' id='input_8_39_1' value=''    \/> <i>:<\/i>\n                            <label for='input_8_39_1' >HH<\/label>\n                        <\/div>\n                        <div class='gfield_time_minute ginput_container ginput_container_time'>\n                            <input type='text' maxlength='2' name='input_39[]' id='input_8_39_2' value=''    \/>\n                            <label for='input_8_39_2' >MM<\/label>\n                        <\/div>\n                        <div class='gfield_time_ampm ginput_container ginput_container_time' >\n                                \n                                <select name='input_39[]' id='input_8_39_3'   aria-label='AM\/PM'>\n                                    <option value='am' >AM<\/option>\n                                    <option value='pm' >PM<\/option>\n                                <\/select>\n                           <\/div>\n                    <\/div><\/li><li id='field_8_35'  class='gfield gfield_contains_required field_sublabel_below field_description_below gfield_visibility_visible' ><label class='gfield_label' for='input_8_35' >Ph\u01b0\u01a1ng th\u1ee9c li\u00ean l\u1ea1c \u01b0a th\u00edch c\u1ee7a b\u1ea1n l\u00e0 g\u00ec?<span class='gfield_required'>*<\/span><\/label><div class='ginput_container ginput_container_select'><select name='input_35' id='input_8_35' class='medium gfield_select'   aria-required=\"true\" aria-invalid=\"false\"><option value='\u0110i\u1ec7n tho\u1ea1i' >\u0110i\u1ec7n tho\u1ea1i<\/option><option value='Email' >Email<\/option><option value='WhatsApp' >WhatsApp<\/option><option value='Viber' >Viber<\/option><option value='Zalo' >Zalo<\/option><option value='Kh\u00e1c' >Kh\u00e1c<\/option><\/select><\/div><\/li><li id='field_8_9'  class='gfield medium gfield_contains_required field_sublabel_below field_description_below gfield_visibility_visible' ><label class='gfield_label' for='input_8_9' >S\u1ed1 l\u01b0\u1ee3ng ng\u01b0\u1eddi:<span class='gfield_required'>*<\/span><\/label><div class='ginput_container ginput_container_select'><select name='input_9' id='input_8_9' class='medium gfield_select'   aria-required=\"true\" aria-invalid=\"false\"><option value='1' >1<\/option><option value='2' >2<\/option><option value='3' >3<\/option><option value='4' >4<\/option><option value='5' >5<\/option><option value='6' >6<\/option><option value='7' >7<\/option><option value='8' >8<\/option><\/select><\/div><\/li><li id='field_8_31'  class='gfield field_sublabel_below field_description_below gfield_visibility_visible' ><label class='gfield_label' for='input_8_31' >Tin nh\u1eafn<\/label><div class='ginput_container ginput_container_textarea'><textarea name='input_31' id='input_8_31' class='textarea medium'      aria-invalid=\"false\"   rows='10' cols='50'>h\u00e3y vi\u1ebft y\u00eau c\u1ea7u c\u1ee7a b\u1ea1n \u1edf \u0111\u00e2y ...<\/textarea><\/div><\/li><li id='field_8_11'  class='gfield gfield_contains_required field_sublabel_below field_description_below gfield_visibility_visible' ><label class='gfield_label'  >Quy\u1ec1n ri\u00eang t\u01b0<span class='gfield_required'>*<\/span><\/label><div class='ginput_container ginput_container_checkbox'><ul class='gfield_checkbox' id='input_8_11'><li class='gchoice_8_11_1'>\n\t\t\t\t\t\t\t\t<input name='input_11.1' type='checkbox'  value='* B\u1eb1ng c\u00e1ch nh\u1ea5p v\u00e0o \u0110\u0103ng k\u00fd, b\u1ea1n s\u1ebd t\u1ef1 \u0111\u1ed9ng ch\u1ea5p nh\u1eadn &lt;a href=&quot;\/privacy-policy&quot; target=&quot;_blank&quot;&gt;\u0110i\u1ec1u kho\u1ea3n &amp; \u0110i\u1ec1u ki\u1ec7n&lt;\/a&gt; c\u1ee7a ch\u00fang t\u00f4i *'  id='choice_8_11_1'   \/>\n\t\t\t\t\t\t\t\t<label for='choice_8_11_1' id='label_8_11_1'>* B\u1eb1ng c\u00e1ch nh\u1ea5p v\u00e0o \u0110\u0103ng k\u00fd, b\u1ea1n s\u1ebd t\u1ef1 \u0111\u1ed9ng ch\u1ea5p nh\u1eadn <a href=\"\/privacy-policy\" target=\"_blank\">\u0110i\u1ec1u kho\u1ea3n &amp; \u0110i\u1ec1u ki\u1ec7n<\/a> c\u1ee7a ch\u00fang t\u00f4i *<\/label>\n\t\t\t\t\t\t\t<\/li><\/ul><\/div><\/li><li id='field_8_30'  class='gfield field_sublabel_below field_description_below gfield_visibility_visible' ><label class='gfield_label' for='input_8_30' >CAPTCHA<\/label><div id='input_8_30' class='ginput_container ginput_recaptcha' data-sitekey='6LeX_HgpAAAAAGnFhnpCp4ulfKwFDtq78zoqRJ7R'  data-theme='light' data-tabindex='-1' data-size='invisible' data-badge='bottomright'><\/div><\/li><li id='field_8_40'  class='gfield gform_validation_container field_sublabel_below field_description_below gfield_visibility_visible' ><label class='gfield_label' for='input_8_40' >Email<\/label><div class='ginput_container'><input name='input_40' id='input_8_40' type='text' value='' \/><\/div><div class='gfield_description' id='gfield_description_8_40'>This field is for validation purposes and should be left unchanged.<\/div><\/li>\n                            <\/ul><\/div>\n        <div class='gform_footer top_label'> <input type='submit' id='gform_submit_button_8' class='gform_button button' value='Submit'  onclick='if(window[\"gf_submitting_8\"]){return false;}  window[\"gf_submitting_8\"]=true;  ' onkeypress='if( event.keyCode == 13 ){ if(window[\"gf_submitting_8\"]){return false;} window[\"gf_submitting_8\"]=true;  jQuery(\"#gform_8\").trigger(\"submit\",[true]); }' \/> \n            <input type='hidden' class='gform_hidden' name='is_submit_8' value='1' \/>\n            <input type='hidden' class='gform_hidden' name='gform_submit' value='8' \/>\n            \n            <input type='hidden' class='gform_hidden' name='gform_unique_id' value='' \/>\n            <input type='hidden' class='gform_hidden' name='state_8' value='WyJbXSIsIjZjYjA2NzIzM2IxOWViNzNmZmVmMTBjMGNkMWQzMzdhIl0=' \/>\n            <input type='hidden' class='gform_hidden' name='gform_target_page_number_8' id='gform_target_page_number_8' value='0' \/>\n            <input type='hidden' class='gform_hidden' name='gform_source_page_number_8' id='gform_source_page_number_8' value='1' \/>\n            <input type='hidden' name='gform_field_values' value='' \/>\n            \n        <\/div>\n                        <\/form>\n                        <\/div><script type='text\/javascript'> jQuery(document).bind('gform_post_render', function(event, formId, currentPage){if(formId == 8) {jQuery('#input_8_34').mask('(999) 999-9999').bind('keypress', function(e){if(e.which == 13){jQuery(this).blur();} } );} } );jQuery(document).bind('gform_post_conditional_logic', function(event, formId, fields, isInit){} );<\/script><script type='text\/javascript'> jQuery(document).ready(function(){jQuery(document).trigger('gform_post_render', [8, 1]) } ); <\/script>\n","protected":false},"excerpt":{"rendered":"","protected":false},"author":71,"featured_media":0,"parent":640,"menu_order":0,"comment_status":"closed","ping_status":"closed","template":"template-trustyou.php","meta":{"footnotes":""},"yoast_head":"<!-- This site is optimized with the Yoast SEO plugin v22.3 - https:\/\/yoast.com\/wordpress\/plugins\/seo\/ -->\n<title>\u0110\u1eb7t Ch\u1ed7 Ph\u00f2ng Chi\u1ebfu Phim Ri\u00eang t\u1ea1i Wafaifo Resort Hoi An<\/title>\n<meta name=\"description\" content=\"\u0110\u1eb7t ch\u1ed7 Ph\u00f2ng Chi\u1ebfu Phim t\u1ea1i Wafaifo Resort Hoi An - kh\u00f4ng gian ri\u00eang t\u01b0 cho t\u1ed1i \u0111a 8 kh\u00e1ch. M\u1edf c\u1eeda 9:00 \u2013 22:00 h\u00e0ng ng\u00e0y.\" \/>\n<meta name=\"robots\" content=\"index, follow, max-snippet:-1, max-image-preview:large, max-video-preview:-1\" \/>\n<link rel=\"canonical\" href=\"https:\/\/www.wafaifo.com\/vi\/phong-chieu-phim\/dat-cho\/\" \/>\n<meta property=\"og:locale\" content=\"vi_VN\" \/>\n<meta property=\"og:type\" content=\"article\" \/>\n<meta property=\"og:title\" content=\"\u0110\u1eb7t Ch\u1ed7 Ph\u00f2ng Chi\u1ebfu Phim Ri\u00eang t\u1ea1i Wafaifo Resort Hoi An\" \/>\n<meta property=\"og:description\" content=\"\u0110\u1eb7t ch\u1ed7 Ph\u00f2ng Chi\u1ebfu Phim t\u1ea1i Wafaifo Resort Hoi An - kh\u00f4ng gian ri\u00eang t\u01b0 cho t\u1ed1i \u0111a 8 kh\u00e1ch. M\u1edf c\u1eeda 9:00 \u2013 22:00 h\u00e0ng ng\u00e0y.\" \/>\n<meta property=\"og:url\" content=\"https:\/\/www.wafaifo.com\/vi\/phong-chieu-phim\/dat-cho\/\" \/>\n<meta property=\"og:site_name\" content=\"Wafaifo Resort Hoi An\" \/>\n<meta property=\"article:modified_time\" content=\"2026-03-25T03:25:29+00:00\" \/>\n<meta name=\"twitter:card\" content=\"summary_large_image\" \/>\n<meta name=\"twitter:label1\" content=\"Est. reading time\" \/>\n\t<meta name=\"twitter:data1\" content=\"1 minute\" \/>\n<script type=\"application\/ld+json\" class=\"yoast-schema-graph\">{\"@context\":\"https:\/\/schema.org\",\"@graph\":[{\"@type\":\"WebPage\",\"@id\":\"https:\/\/www.wafaifo.com\/vi\/phong-chieu-phim\/dat-cho\/\",\"url\":\"https:\/\/www.wafaifo.com\/vi\/phong-chieu-phim\/dat-cho\/\",\"name\":\"\u0110\u1eb7t Ch\u1ed7 Ph\u00f2ng Chi\u1ebfu Phim Ri\u00eang t\u1ea1i Wafaifo Resort Hoi An\",\"isPartOf\":{\"@id\":\"https:\/\/www.wafaifo.com\/vi\/#website\"},\"datePublished\":\"2025-04-22T15:12:14+00:00\",\"dateModified\":\"2026-03-25T03:25:29+00:00\",\"description\":\"\u0110\u1eb7t ch\u1ed7 Ph\u00f2ng Chi\u1ebfu Phim t\u1ea1i Wafaifo Resort Hoi An - kh\u00f4ng gian ri\u00eang t\u01b0 cho t\u1ed1i \u0111a 8 kh\u00e1ch. M\u1edf c\u1eeda 9:00 \u2013 22:00 h\u00e0ng ng\u00e0y.\",\"breadcrumb\":{\"@id\":\"https:\/\/www.wafaifo.com\/vi\/phong-chieu-phim\/dat-cho\/#breadcrumb\"},\"inLanguage\":\"vi-VN\",\"potentialAction\":[{\"@type\":\"ReadAction\",\"target\":[\"https:\/\/www.wafaifo.com\/vi\/phong-chieu-phim\/dat-cho\/\"]}]},{\"@type\":\"BreadcrumbList\",\"@id\":\"https:\/\/www.wafaifo.com\/vi\/phong-chieu-phim\/dat-cho\/#breadcrumb\",\"itemListElement\":[{\"@type\":\"ListItem\",\"position\":1,\"name\":\"Home\",\"item\":\"https:\/\/www.wafaifo.com\/vi\/\"},{\"@type\":\"ListItem\",\"position\":2,\"name\":\"Ph\u00f2ng Chi\u1ebfu Phim\",\"item\":\"https:\/\/www.wafaifo.com\/vi\/phong-chieu-phim\/\"},{\"@type\":\"ListItem\",\"position\":3,\"name\":\"\u0110\u1eb7t Ch\u1ed7\"}]},{\"@type\":\"WebSite\",\"@id\":\"https:\/\/www.wafaifo.com\/vi\/#website\",\"url\":\"https:\/\/www.wafaifo.com\/vi\/\",\"name\":\"Wafaifo Resort Hoi An\",\"description\":\"\",\"potentialAction\":[{\"@type\":\"SearchAction\",\"target\":{\"@type\":\"EntryPoint\",\"urlTemplate\":\"https:\/\/www.wafaifo.com\/vi\/?s={search_term_string}\"},\"query-input\":\"required name=search_term_string\"}],\"inLanguage\":\"vi-VN\"}]}<\/script>\n<!-- \/ Yoast SEO plugin. -->","yoast_head_json":{"title":"\u0110\u1eb7t Ch\u1ed7 Ph\u00f2ng Chi\u1ebfu Phim Ri\u00eang t\u1ea1i Wafaifo Resort Hoi An","description":"\u0110\u1eb7t ch\u1ed7 Ph\u00f2ng Chi\u1ebfu Phim t\u1ea1i Wafaifo Resort Hoi An - kh\u00f4ng gian ri\u00eang t\u01b0 cho t\u1ed1i \u0111a 8 kh\u00e1ch. M\u1edf c\u1eeda 9:00 \u2013 22:00 h\u00e0ng ng\u00e0y.","robots":{"index":"index","follow":"follow","max-snippet":"max-snippet:-1","max-image-preview":"max-image-preview:large","max-video-preview":"max-video-preview:-1"},"canonical":"https:\/\/www.wafaifo.com\/vi\/phong-chieu-phim\/dat-cho\/","og_locale":"vi_VN","og_type":"article","og_title":"\u0110\u1eb7t Ch\u1ed7 Ph\u00f2ng Chi\u1ebfu Phim Ri\u00eang t\u1ea1i Wafaifo Resort Hoi An","og_description":"\u0110\u1eb7t ch\u1ed7 Ph\u00f2ng Chi\u1ebfu Phim t\u1ea1i Wafaifo Resort Hoi An - kh\u00f4ng gian ri\u00eang t\u01b0 cho t\u1ed1i \u0111a 8 kh\u00e1ch. M\u1edf c\u1eeda 9:00 \u2013 22:00 h\u00e0ng ng\u00e0y.","og_url":"https:\/\/www.wafaifo.com\/vi\/phong-chieu-phim\/dat-cho\/","og_site_name":"Wafaifo Resort Hoi An","article_modified_time":"2026-03-25T03:25:29+00:00","twitter_card":"summary_large_image","twitter_misc":{"Est. reading time":"1 minute"},"schema":{"@context":"https:\/\/schema.org","@graph":[{"@type":"WebPage","@id":"https:\/\/www.wafaifo.com\/vi\/phong-chieu-phim\/dat-cho\/","url":"https:\/\/www.wafaifo.com\/vi\/phong-chieu-phim\/dat-cho\/","name":"\u0110\u1eb7t Ch\u1ed7 Ph\u00f2ng Chi\u1ebfu Phim Ri\u00eang t\u1ea1i Wafaifo Resort Hoi An","isPartOf":{"@id":"https:\/\/www.wafaifo.com\/vi\/#website"},"datePublished":"2025-04-22T15:12:14+00:00","dateModified":"2026-03-25T03:25:29+00:00","description":"\u0110\u1eb7t ch\u1ed7 Ph\u00f2ng Chi\u1ebfu Phim t\u1ea1i Wafaifo Resort Hoi An - kh\u00f4ng gian ri\u00eang t\u01b0 cho t\u1ed1i \u0111a 8 kh\u00e1ch. M\u1edf c\u1eeda 9:00 \u2013 22:00 h\u00e0ng ng\u00e0y.","breadcrumb":{"@id":"https:\/\/www.wafaifo.com\/vi\/phong-chieu-phim\/dat-cho\/#breadcrumb"},"inLanguage":"vi-VN","potentialAction":[{"@type":"ReadAction","target":["https:\/\/www.wafaifo.com\/vi\/phong-chieu-phim\/dat-cho\/"]}]},{"@type":"BreadcrumbList","@id":"https:\/\/www.wafaifo.com\/vi\/phong-chieu-phim\/dat-cho\/#breadcrumb","itemListElement":[{"@type":"ListItem","position":1,"name":"Home","item":"https:\/\/www.wafaifo.com\/vi\/"},{"@type":"ListItem","position":2,"name":"Ph\u00f2ng Chi\u1ebfu Phim","item":"https:\/\/www.wafaifo.com\/vi\/phong-chieu-phim\/"},{"@type":"ListItem","position":3,"name":"\u0110\u1eb7t Ch\u1ed7"}]},{"@type":"WebSite","@id":"https:\/\/www.wafaifo.com\/vi\/#website","url":"https:\/\/www.wafaifo.com\/vi\/","name":"Wafaifo Resort Hoi An","description":"","potentialAction":[{"@type":"SearchAction","target":{"@type":"EntryPoint","urlTemplate":"https:\/\/www.wafaifo.com\/vi\/?s={search_term_string}"},"query-input":"required name=search_term_string"}],"inLanguage":"vi-VN"}]}},"acf":[],"_links":{"self":[{"href":"https:\/\/www.wafaifo.com\/vi\/wp-json\/wp\/v2\/pages\/2981"}],"collection":[{"href":"https:\/\/www.wafaifo.com\/vi\/wp-json\/wp\/v2\/pages"}],"about":[{"href":"https:\/\/www.wafaifo.com\/vi\/wp-json\/wp\/v2\/types\/page"}],"author":[{"embeddable":true,"href":"https:\/\/www.wafaifo.com\/vi\/wp-json\/wp\/v2\/users\/71"}],"replies":[{"embeddable":true,"href":"https:\/\/www.wafaifo.com\/vi\/wp-json\/wp\/v2\/comments?post=2981"}],"version-history":[{"count":0,"href":"https:\/\/www.wafaifo.com\/vi\/wp-json\/wp\/v2\/pages\/2981\/revisions"}],"up":[{"embeddable":true,"href":"https:\/\/www.wafaifo.com\/vi\/wp-json\/wp\/v2\/pages\/640"}],"wp:attachment":[{"href":"https:\/\/www.wafaifo.com\/vi\/wp-json\/wp\/v2\/media?parent=2981"}],"curies":[{"name":"wp","href":"https:\/\/api.w.org\/{rel}","templated":true}]}}