    {"id":3515,"date":"2025-07-16T16:26:00","date_gmt":"2025-07-16T16:26:00","guid":{"rendered":"https:\/\/www.wafaifo.com\/?page_id=3515"},"modified":"2025-07-18T06:19:28","modified_gmt":"2025-07-18T06:19:28","slug":"planet","status":"publish","type":"page","link":"https:\/\/www.wafaifo.com\/vi\/tinh-ben-vung\/planet\/","title":{"rendered":"Thi\u00ean Nhi\u00ean"},"content":{"rendered":"<div class=\"ewa-rteLine\" style=\"text-align: center\">T\u1ea1i Wafaifo Resort Hoi An, ch\u00fang t\u00f4i xem vi\u1ec7c b\u1ea3o v\u1ec7 m\u00f4i tr\u01b0\u1eddng kh\u00f4ng ch\u1ec9 l\u00e0 tr\u00e1ch nhi\u1ec7m m\u00e0 c\u00f2n l\u00e0 m\u1ed9t ph\u1ea7n trong c\u00e1ch s\u1ed1ng m\u1ed7i ng\u00e0y. Wafaifo n\u1ed7 l\u1ef1c gi\u1ea3m thi\u1ec3u t\u00e1c \u0111\u1ed9ng \u0111\u1ebfn m\u00f4i tr\u01b0\u1eddng qua vi\u1ec7c l\u1ef1a ch\u1ecdn nh\u1eefng gi\u1ea3i ph\u00e1p b\u1ec1n v\u1eefng, th\u00e2n thi\u1ec7n v\u1edbi thi\u00ean nhi\u00ean.<\/div>\n<div class=\"ewa-rteLine\" style=\"text-align: center\">B\u1eb1ng c\u00e1ch s\u1ed1ng h\u00e0i h\u00f2a v\u1edbi m\u00f4i tr\u01b0\u1eddng xung quanh, ch\u00fang t\u00f4i mong mu\u1ed1n g\u00ecn gi\u1eef v\u1ebb \u0111\u1eb9p truy\u1ec1n th\u1ed1ng c\u1ee7a v\u00f9ng \u0111\u1ea5t H\u1ed9i An, \u0111\u1ec3 mai sau n\u01a1i n\u00e0y v\u1eabn c\u00f2n nguy\u00ean v\u1eb9n nh\u01b0 h\u00f4m nay.<\/div>\n","protected":false},"excerpt":{"rendered":"<p>T\u1ea1i Wafaifo Resort Hoi An, ch\u00fang t\u00f4i xem vi\u1ec7c b\u1ea3o v\u1ec7 m\u00f4i tr\u01b0\u1eddng kh\u00f4ng ch\u1ec9 l\u00e0 tr\u00e1ch nhi\u1ec7m m\u00e0 c\u00f2n l\u00e0 m\u1ed9t ph\u1ea7n trong c\u00e1ch s\u1ed1ng m\u1ed7i ng\u00e0y. Wafaifo n\u1ed7 l\u1ef1c gi\u1ea3m thi\u1ec3u t\u00e1c \u0111\u1ed9ng \u0111\u1ebfn m\u00f4i tr\u01b0\u1eddng qua vi\u1ec7c l\u1ef1a ch\u1ecdn nh\u1eefng gi\u1ea3i ph\u00e1p b\u1ec1n v\u1eefng, th\u00e2n thi\u1ec7n v\u1edbi thi\u00ean nhi\u00ean. B\u1eb1ng c\u00e1ch s\u1ed1ng [&hellip;]<\/p>\n","protected":false},"author":71,"featured_media":3474,"parent":587,"menu_order":0,"comment_status":"closed","ping_status":"closed","template":"template-single-restaurant.php","meta":{"footnotes":""},"yoast_head":"<!-- This site is optimized with the Yoast SEO plugin v22.3 - https:\/\/yoast.com\/wordpress\/plugins\/seo\/ -->\n<title>Thi\u00ean Nhi\u00ean - Wafaifo Resort Hoi An<\/title>\n<meta name=\"robots\" content=\"index, follow, max-snippet:-1, max-image-preview:large, max-video-preview:-1\" \/>\n<link rel=\"canonical\" href=\"https:\/\/www.wafaifo.com\/vi\/tinh-ben-vung\/planet\/\" \/>\n<meta property=\"og:locale\" content=\"vi_VN\" \/>\n<meta property=\"og:type\" content=\"article\" \/>\n<meta property=\"og:title\" content=\"Thi\u00ean Nhi\u00ean - Wafaifo Resort Hoi An\" \/>\n<meta property=\"og:description\" content=\"T\u1ea1i Wafaifo Resort Hoi An, ch\u00fang t\u00f4i xem vi\u1ec7c b\u1ea3o v\u1ec7 m\u00f4i tr\u01b0\u1eddng kh\u00f4ng ch\u1ec9 l\u00e0 tr\u00e1ch nhi\u1ec7m m\u00e0 c\u00f2n l\u00e0 m\u1ed9t ph\u1ea7n trong c\u00e1ch s\u1ed1ng m\u1ed7i ng\u00e0y. Wafaifo n\u1ed7 l\u1ef1c gi\u1ea3m thi\u1ec3u t\u00e1c \u0111\u1ed9ng \u0111\u1ebfn m\u00f4i tr\u01b0\u1eddng qua vi\u1ec7c l\u1ef1a ch\u1ecdn nh\u1eefng gi\u1ea3i ph\u00e1p b\u1ec1n v\u1eefng, th\u00e2n thi\u1ec7n v\u1edbi thi\u00ean nhi\u00ean. B\u1eb1ng c\u00e1ch s\u1ed1ng [&hellip;]\" \/>\n<meta property=\"og:url\" content=\"https:\/\/www.wafaifo.com\/vi\/tinh-ben-vung\/planet\/\" \/>\n<meta property=\"og:site_name\" content=\"Wafaifo Resort Hoi An\" \/>\n<meta property=\"article:modified_time\" content=\"2025-07-18T06:19:28+00:00\" \/>\n<meta property=\"og:image\" content=\"https:\/\/www.wafaifo.com\/wp-content\/uploads\/sites\/13\/2025\/07\/Planet-4.jpg\" \/>\n\t<meta property=\"og:image:width\" content=\"640\" \/>\n\t<meta property=\"og:image:height\" content=\"427\" \/>\n\t<meta property=\"og:image:type\" content=\"image\/jpeg\" \/>\n<meta name=\"twitter:card\" content=\"summary_large_image\" \/>\n<meta name=\"twitter:label1\" content=\"Est. reading time\" \/>\n\t<meta name=\"twitter:data1\" content=\"1 minute\" \/>\n<script type=\"application\/ld+json\" class=\"yoast-schema-graph\">{\"@context\":\"https:\/\/schema.org\",\"@graph\":[{\"@type\":\"WebPage\",\"@id\":\"https:\/\/www.wafaifo.com\/vi\/tinh-ben-vung\/planet\/\",\"url\":\"https:\/\/www.wafaifo.com\/vi\/tinh-ben-vung\/planet\/\",\"name\":\"Thi\u00ean Nhi\u00ean - Wafaifo Resort Hoi An\",\"isPartOf\":{\"@id\":\"https:\/\/www.wafaifo.com\/vi\/#website\"},\"primaryImageOfPage\":{\"@id\":\"https:\/\/www.wafaifo.com\/vi\/tinh-ben-vung\/planet\/#primaryimage\"},\"image\":{\"@id\":\"https:\/\/www.wafaifo.com\/vi\/tinh-ben-vung\/planet\/#primaryimage\"},\"thumbnailUrl\":\"https:\/\/www.wafaifo.com\/wp-content\/uploads\/sites\/13\/2025\/07\/Planet-4.jpg\",\"datePublished\":\"2025-07-16T16:26:00+00:00\",\"dateModified\":\"2025-07-18T06:19:28+00:00\",\"breadcrumb\":{\"@id\":\"https:\/\/www.wafaifo.com\/vi\/tinh-ben-vung\/planet\/#breadcrumb\"},\"inLanguage\":\"vi-VN\",\"potentialAction\":[{\"@type\":\"ReadAction\",\"target\":[\"https:\/\/www.wafaifo.com\/vi\/tinh-ben-vung\/planet\/\"]}]},{\"@type\":\"ImageObject\",\"inLanguage\":\"vi-VN\",\"@id\":\"https:\/\/www.wafaifo.com\/vi\/tinh-ben-vung\/planet\/#primaryimage\",\"url\":\"https:\/\/www.wafaifo.com\/wp-content\/uploads\/sites\/13\/2025\/07\/Planet-4.jpg\",\"contentUrl\":\"https:\/\/www.wafaifo.com\/wp-content\/uploads\/sites\/13\/2025\/07\/Planet-4.jpg\",\"width\":640,\"height\":427},{\"@type\":\"BreadcrumbList\",\"@id\":\"https:\/\/www.wafaifo.com\/vi\/tinh-ben-vung\/planet\/#breadcrumb\",\"itemListElement\":[{\"@type\":\"ListItem\",\"position\":1,\"name\":\"Home\",\"item\":\"https:\/\/www.wafaifo.com\/vi\/\"},{\"@type\":\"ListItem\",\"position\":2,\"name\":\"T\u00ednh B\u1ec1n V\u1eefng\",\"item\":\"https:\/\/www.wafaifo.com\/vi\/tinh-ben-vung\/\"},{\"@type\":\"ListItem\",\"position\":3,\"name\":\"Thi\u00ean Nhi\u00ean\"}]},{\"@type\":\"WebSite\",\"@id\":\"https:\/\/www.wafaifo.com\/vi\/#website\",\"url\":\"https:\/\/www.wafaifo.com\/vi\/\",\"name\":\"Wafaifo Resort Hoi An\",\"description\":\"\",\"potentialAction\":[{\"@type\":\"SearchAction\",\"target\":{\"@type\":\"EntryPoint\",\"urlTemplate\":\"https:\/\/www.wafaifo.com\/vi\/?s={search_term_string}\"},\"query-input\":\"required name=search_term_string\"}],\"inLanguage\":\"vi-VN\"}]}<\/script>\n<!-- \/ Yoast SEO plugin. -->","yoast_head_json":{"title":"Thi\u00ean Nhi\u00ean - Wafaifo Resort Hoi An","robots":{"index":"index","follow":"follow","max-snippet":"max-snippet:-1","max-image-preview":"max-image-preview:large","max-video-preview":"max-video-preview:-1"},"canonical":"https:\/\/www.wafaifo.com\/vi\/tinh-ben-vung\/planet\/","og_locale":"vi_VN","og_type":"article","og_title":"Thi\u00ean Nhi\u00ean - Wafaifo Resort Hoi An","og_description":"T\u1ea1i Wafaifo Resort Hoi An, ch\u00fang t\u00f4i xem vi\u1ec7c b\u1ea3o v\u1ec7 m\u00f4i tr\u01b0\u1eddng kh\u00f4ng ch\u1ec9 l\u00e0 tr\u00e1ch nhi\u1ec7m m\u00e0 c\u00f2n l\u00e0 m\u1ed9t ph\u1ea7n trong c\u00e1ch s\u1ed1ng m\u1ed7i ng\u00e0y. Wafaifo n\u1ed7 l\u1ef1c gi\u1ea3m thi\u1ec3u t\u00e1c \u0111\u1ed9ng \u0111\u1ebfn m\u00f4i tr\u01b0\u1eddng qua vi\u1ec7c l\u1ef1a ch\u1ecdn nh\u1eefng gi\u1ea3i ph\u00e1p b\u1ec1n v\u1eefng, th\u00e2n thi\u1ec7n v\u1edbi thi\u00ean nhi\u00ean. B\u1eb1ng c\u00e1ch s\u1ed1ng [&hellip;]","og_url":"https:\/\/www.wafaifo.com\/vi\/tinh-ben-vung\/planet\/","og_site_name":"Wafaifo Resort Hoi An","article_modified_time":"2025-07-18T06:19:28+00:00","og_image":[{"width":640,"height":427,"url":"https:\/\/www.wafaifo.com\/wp-content\/uploads\/sites\/13\/2025\/07\/Planet-4.jpg","type":"image\/jpeg"}],"twitter_card":"summary_large_image","twitter_misc":{"Est. reading time":"1 minute"},"schema":{"@context":"https:\/\/schema.org","@graph":[{"@type":"WebPage","@id":"https:\/\/www.wafaifo.com\/vi\/tinh-ben-vung\/planet\/","url":"https:\/\/www.wafaifo.com\/vi\/tinh-ben-vung\/planet\/","name":"Thi\u00ean Nhi\u00ean - Wafaifo Resort Hoi An","isPartOf":{"@id":"https:\/\/www.wafaifo.com\/vi\/#website"},"primaryImageOfPage":{"@id":"https:\/\/www.wafaifo.com\/vi\/tinh-ben-vung\/planet\/#primaryimage"},"image":{"@id":"https:\/\/www.wafaifo.com\/vi\/tinh-ben-vung\/planet\/#primaryimage"},"thumbnailUrl":"https:\/\/www.wafaifo.com\/wp-content\/uploads\/sites\/13\/2025\/07\/Planet-4.jpg","datePublished":"2025-07-16T16:26:00+00:00","dateModified":"2025-07-18T06:19:28+00:00","breadcrumb":{"@id":"https:\/\/www.wafaifo.com\/vi\/tinh-ben-vung\/planet\/#breadcrumb"},"inLanguage":"vi-VN","potentialAction":[{"@type":"ReadAction","target":["https:\/\/www.wafaifo.com\/vi\/tinh-ben-vung\/planet\/"]}]},{"@type":"ImageObject","inLanguage":"vi-VN","@id":"https:\/\/www.wafaifo.com\/vi\/tinh-ben-vung\/planet\/#primaryimage","url":"https:\/\/www.wafaifo.com\/wp-content\/uploads\/sites\/13\/2025\/07\/Planet-4.jpg","contentUrl":"https:\/\/www.wafaifo.com\/wp-content\/uploads\/sites\/13\/2025\/07\/Planet-4.jpg","width":640,"height":427},{"@type":"BreadcrumbList","@id":"https:\/\/www.wafaifo.com\/vi\/tinh-ben-vung\/planet\/#breadcrumb","itemListElement":[{"@type":"ListItem","position":1,"name":"Home","item":"https:\/\/www.wafaifo.com\/vi\/"},{"@type":"ListItem","position":2,"name":"T\u00ednh B\u1ec1n V\u1eefng","item":"https:\/\/www.wafaifo.com\/vi\/tinh-ben-vung\/"},{"@type":"ListItem","position":3,"name":"Thi\u00ean Nhi\u00ean"}]},{"@type":"WebSite","@id":"https:\/\/www.wafaifo.com\/vi\/#website","url":"https:\/\/www.wafaifo.com\/vi\/","name":"Wafaifo Resort Hoi An","description":"","potentialAction":[{"@type":"SearchAction","target":{"@type":"EntryPoint","urlTemplate":"https:\/\/www.wafaifo.com\/vi\/?s={search_term_string}"},"query-input":"required name=search_term_string"}],"inLanguage":"vi-VN"}]}},"acf":[],"_links":{"self":[{"href":"https:\/\/www.wafaifo.com\/vi\/wp-json\/wp\/v2\/pages\/3515"}],"collection":[{"href":"https:\/\/www.wafaifo.com\/vi\/wp-json\/wp\/v2\/pages"}],"about":[{"href":"https:\/\/www.wafaifo.com\/vi\/wp-json\/wp\/v2\/types\/page"}],"author":[{"embeddable":true,"href":"https:\/\/www.wafaifo.com\/vi\/wp-json\/wp\/v2\/users\/71"}],"replies":[{"embeddable":true,"href":"https:\/\/www.wafaifo.com\/vi\/wp-json\/wp\/v2\/comments?post=3515"}],"version-history":[{"count":0,"href":"https:\/\/www.wafaifo.com\/vi\/wp-json\/wp\/v2\/pages\/3515\/revisions"}],"up":[{"embeddable":true,"href":"https:\/\/www.wafaifo.com\/vi\/wp-json\/wp\/v2\/pages\/587"}],"wp:featuredmedia":[{"embeddable":true,"href":"https:\/\/www.wafaifo.com\/vi\/wp-json\/wp\/v2\/media\/3474"}],"wp:attachment":[{"href":"https:\/\/www.wafaifo.com\/vi\/wp-json\/wp\/v2\/media?parent=3515"}],"curies":[{"name":"wp","href":"https:\/\/api.w.org\/{rel}","templated":true}]}}