    {"id":3522,"date":"2025-07-16T16:34:48","date_gmt":"2025-07-16T16:34:48","guid":{"rendered":"https:\/\/www.wafaifo.com\/?page_id=3522"},"modified":"2025-07-18T06:30:35","modified_gmt":"2025-07-18T06:30:35","slug":"con-nguoi","status":"publish","type":"page","link":"https:\/\/www.wafaifo.com\/vi\/tinh-ben-vung\/con-nguoi\/","title":{"rendered":"Con Ng\u01b0\u1eddi"},"content":{"rendered":"<div class=\"ewa-rteLine\" style=\"text-align: center\">T\u1ea1i Wafaifo Resort Hoi An, ch\u00fang t\u00f4i tin r\u1eb1ng du l\u1ecbch kh\u00f4ng ch\u1ec9 l\u00e0 kh\u00e1m ph\u00e1, m\u00e0 c\u00f2n l\u00e0 c\u01a1 h\u1ed9i \u0111\u1ec3 k\u1ebft n\u1ed1i v\u00e0 s\u1ebb chia. Ch\u00fang t\u00f4i lu\u00f4n n\u1ed7 l\u1ef1c t\u1ea1o ra nh\u1eefng t\u00e1c \u0111\u1ed9ng t\u00edch c\u1ef1c cho c\u1ed9ng \u0111\u1ed3ng \u0111\u1ecba ph\u01b0\u01a1ng th\u00f4ng qua vi\u1ec7c h\u1ed7 tr\u1ee3 vi\u1ec7c l\u00e0m, \u0111\u1ed3ng h\u00e0nh c\u00f9ng c\u00e1c ngh\u1ec7 nh\u00e2n b\u1ea3n \u0111\u1ecba v\u00e0 g\u00ecn gi\u1eef n\u00e9t \u0111\u1eb9p v\u0103n ho\u00e1 truy\u1ec1n th\u1ed1ng.<\/div>\n<div class=\"ewa-rteLine\" style=\"text-align: center\"><\/div>\n<div class=\"ewa-rteLine\" style=\"text-align: center\">Ch\u00fang t\u00f4i c\u0169ng \u01b0u ti\u00ean h\u1ee3p t\u00e1c v\u1edbi c\u00e1c nh\u00e0 cung \u1ee9ng \u0111\u1ecba ph\u01b0\u01a1ng \u0111\u1ec3 mang \u0111\u1ebfn nh\u1eefng tr\u1ea3i nghi\u1ec7m ch\u00e2n th\u1ef1c, mang \u0111\u1eadm b\u1ea3n s\u1eafc H\u1ed9i An cho du kh\u00e1ch, \u0111\u1ed3ng th\u1eddi g\u00f3p ph\u1ea7n n\u00e2ng cao sinh k\u1ebf v\u00e0 lan to\u1ea3 ni\u1ec1m t\u1ef1 h\u00e0o n\u01a1i nh\u1eefng con ng\u01b0\u1eddi g\u1ecdi m\u1ea3nh \u0111\u1ea5t n\u00e0y l\u00e0 qu\u00ea h\u01b0\u01a1ng.<\/div>\n","protected":false},"excerpt":{"rendered":"<p>T\u1ea1i Wafaifo Resort Hoi An, ch\u00fang t\u00f4i tin r\u1eb1ng du l\u1ecbch kh\u00f4ng ch\u1ec9 l\u00e0 kh\u00e1m ph\u00e1, m\u00e0 c\u00f2n l\u00e0 c\u01a1 h\u1ed9i \u0111\u1ec3 k\u1ebft n\u1ed1i v\u00e0 s\u1ebb chia. Ch\u00fang t\u00f4i lu\u00f4n n\u1ed7 l\u1ef1c t\u1ea1o ra nh\u1eefng t\u00e1c \u0111\u1ed9ng t\u00edch c\u1ef1c cho c\u1ed9ng \u0111\u1ed3ng \u0111\u1ecba ph\u01b0\u01a1ng th\u00f4ng qua vi\u1ec7c h\u1ed7 tr\u1ee3 vi\u1ec7c l\u00e0m, \u0111\u1ed3ng h\u00e0nh c\u00f9ng c\u00e1c [&hellip;]<\/p>\n","protected":false},"author":71,"featured_media":3487,"parent":587,"menu_order":0,"comment_status":"closed","ping_status":"closed","template":"template-single-restaurant.php","meta":{"footnotes":""},"yoast_head":"<!-- This site is optimized with the Yoast SEO plugin v22.3 - https:\/\/yoast.com\/wordpress\/plugins\/seo\/ -->\n<title>Con Ng\u01b0\u1eddi - Wafaifo Resort Hoi An<\/title>\n<meta name=\"robots\" content=\"index, follow, max-snippet:-1, max-image-preview:large, max-video-preview:-1\" \/>\n<link rel=\"canonical\" href=\"https:\/\/www.wafaifo.com\/vi\/tinh-ben-vung\/con-nguoi\/\" \/>\n<meta property=\"og:locale\" content=\"vi_VN\" \/>\n<meta property=\"og:type\" content=\"article\" \/>\n<meta property=\"og:title\" content=\"Con Ng\u01b0\u1eddi - Wafaifo Resort Hoi An\" \/>\n<meta property=\"og:description\" content=\"T\u1ea1i Wafaifo Resort Hoi An, ch\u00fang t\u00f4i tin r\u1eb1ng du l\u1ecbch kh\u00f4ng ch\u1ec9 l\u00e0 kh\u00e1m ph\u00e1, m\u00e0 c\u00f2n l\u00e0 c\u01a1 h\u1ed9i \u0111\u1ec3 k\u1ebft n\u1ed1i v\u00e0 s\u1ebb chia. Ch\u00fang t\u00f4i lu\u00f4n n\u1ed7 l\u1ef1c t\u1ea1o ra nh\u1eefng t\u00e1c \u0111\u1ed9ng t\u00edch c\u1ef1c cho c\u1ed9ng \u0111\u1ed3ng \u0111\u1ecba ph\u01b0\u01a1ng th\u00f4ng qua vi\u1ec7c h\u1ed7 tr\u1ee3 vi\u1ec7c l\u00e0m, \u0111\u1ed3ng h\u00e0nh c\u00f9ng c\u00e1c [&hellip;]\" \/>\n<meta property=\"og:url\" content=\"https:\/\/www.wafaifo.com\/vi\/tinh-ben-vung\/con-nguoi\/\" \/>\n<meta property=\"og:site_name\" content=\"Wafaifo Resort Hoi An\" \/>\n<meta property=\"article:modified_time\" content=\"2025-07-18T06:30:35+00:00\" \/>\n<meta property=\"og:image\" content=\"https:\/\/www.wafaifo.com\/wp-content\/uploads\/sites\/13\/2025\/07\/People-2.jpg\" \/>\n\t<meta property=\"og:image:width\" content=\"2560\" \/>\n\t<meta property=\"og:image:height\" content=\"1466\" \/>\n\t<meta property=\"og:image:type\" content=\"image\/jpeg\" \/>\n<meta name=\"twitter:card\" content=\"summary_large_image\" \/>\n<meta name=\"twitter:label1\" content=\"Est. reading time\" \/>\n\t<meta name=\"twitter:data1\" content=\"1 minute\" \/>\n<script type=\"application\/ld+json\" class=\"yoast-schema-graph\">{\"@context\":\"https:\/\/schema.org\",\"@graph\":[{\"@type\":\"WebPage\",\"@id\":\"https:\/\/www.wafaifo.com\/vi\/tinh-ben-vung\/con-nguoi\/\",\"url\":\"https:\/\/www.wafaifo.com\/vi\/tinh-ben-vung\/con-nguoi\/\",\"name\":\"Con Ng\u01b0\u1eddi - Wafaifo Resort Hoi An\",\"isPartOf\":{\"@id\":\"https:\/\/www.wafaifo.com\/vi\/#website\"},\"primaryImageOfPage\":{\"@id\":\"https:\/\/www.wafaifo.com\/vi\/tinh-ben-vung\/con-nguoi\/#primaryimage\"},\"image\":{\"@id\":\"https:\/\/www.wafaifo.com\/vi\/tinh-ben-vung\/con-nguoi\/#primaryimage\"},\"thumbnailUrl\":\"https:\/\/www.wafaifo.com\/wp-content\/uploads\/sites\/13\/2025\/07\/People-2.jpg\",\"datePublished\":\"2025-07-16T16:34:48+00:00\",\"dateModified\":\"2025-07-18T06:30:35+00:00\",\"breadcrumb\":{\"@id\":\"https:\/\/www.wafaifo.com\/vi\/tinh-ben-vung\/con-nguoi\/#breadcrumb\"},\"inLanguage\":\"vi-VN\",\"potentialAction\":[{\"@type\":\"ReadAction\",\"target\":[\"https:\/\/www.wafaifo.com\/vi\/tinh-ben-vung\/con-nguoi\/\"]}]},{\"@type\":\"ImageObject\",\"inLanguage\":\"vi-VN\",\"@id\":\"https:\/\/www.wafaifo.com\/vi\/tinh-ben-vung\/con-nguoi\/#primaryimage\",\"url\":\"https:\/\/www.wafaifo.com\/wp-content\/uploads\/sites\/13\/2025\/07\/People-2.jpg\",\"contentUrl\":\"https:\/\/www.wafaifo.com\/wp-content\/uploads\/sites\/13\/2025\/07\/People-2.jpg\",\"width\":2560,\"height\":1466},{\"@type\":\"BreadcrumbList\",\"@id\":\"https:\/\/www.wafaifo.com\/vi\/tinh-ben-vung\/con-nguoi\/#breadcrumb\",\"itemListElement\":[{\"@type\":\"ListItem\",\"position\":1,\"name\":\"Home\",\"item\":\"https:\/\/www.wafaifo.com\/vi\/\"},{\"@type\":\"ListItem\",\"position\":2,\"name\":\"T\u00ednh B\u1ec1n V\u1eefng\",\"item\":\"https:\/\/www.wafaifo.com\/vi\/tinh-ben-vung\/\"},{\"@type\":\"ListItem\",\"position\":3,\"name\":\"Con Ng\u01b0\u1eddi\"}]},{\"@type\":\"WebSite\",\"@id\":\"https:\/\/www.wafaifo.com\/vi\/#website\",\"url\":\"https:\/\/www.wafaifo.com\/vi\/\",\"name\":\"Wafaifo Resort Hoi An\",\"description\":\"\",\"potentialAction\":[{\"@type\":\"SearchAction\",\"target\":{\"@type\":\"EntryPoint\",\"urlTemplate\":\"https:\/\/www.wafaifo.com\/vi\/?s={search_term_string}\"},\"query-input\":\"required name=search_term_string\"}],\"inLanguage\":\"vi-VN\"}]}<\/script>\n<!-- \/ Yoast SEO plugin. -->","yoast_head_json":{"title":"Con Ng\u01b0\u1eddi - Wafaifo Resort Hoi An","robots":{"index":"index","follow":"follow","max-snippet":"max-snippet:-1","max-image-preview":"max-image-preview:large","max-video-preview":"max-video-preview:-1"},"canonical":"https:\/\/www.wafaifo.com\/vi\/tinh-ben-vung\/con-nguoi\/","og_locale":"vi_VN","og_type":"article","og_title":"Con Ng\u01b0\u1eddi - Wafaifo Resort Hoi An","og_description":"T\u1ea1i Wafaifo Resort Hoi An, ch\u00fang t\u00f4i tin r\u1eb1ng du l\u1ecbch kh\u00f4ng ch\u1ec9 l\u00e0 kh\u00e1m ph\u00e1, m\u00e0 c\u00f2n l\u00e0 c\u01a1 h\u1ed9i \u0111\u1ec3 k\u1ebft n\u1ed1i v\u00e0 s\u1ebb chia. Ch\u00fang t\u00f4i lu\u00f4n n\u1ed7 l\u1ef1c t\u1ea1o ra nh\u1eefng t\u00e1c \u0111\u1ed9ng t\u00edch c\u1ef1c cho c\u1ed9ng \u0111\u1ed3ng \u0111\u1ecba ph\u01b0\u01a1ng th\u00f4ng qua vi\u1ec7c h\u1ed7 tr\u1ee3 vi\u1ec7c l\u00e0m, \u0111\u1ed3ng h\u00e0nh c\u00f9ng c\u00e1c [&hellip;]","og_url":"https:\/\/www.wafaifo.com\/vi\/tinh-ben-vung\/con-nguoi\/","og_site_name":"Wafaifo Resort Hoi An","article_modified_time":"2025-07-18T06:30:35+00:00","og_image":[{"width":2560,"height":1466,"url":"https:\/\/www.wafaifo.com\/wp-content\/uploads\/sites\/13\/2025\/07\/People-2.jpg","type":"image\/jpeg"}],"twitter_card":"summary_large_image","twitter_misc":{"Est. reading time":"1 minute"},"schema":{"@context":"https:\/\/schema.org","@graph":[{"@type":"WebPage","@id":"https:\/\/www.wafaifo.com\/vi\/tinh-ben-vung\/con-nguoi\/","url":"https:\/\/www.wafaifo.com\/vi\/tinh-ben-vung\/con-nguoi\/","name":"Con Ng\u01b0\u1eddi - Wafaifo Resort Hoi An","isPartOf":{"@id":"https:\/\/www.wafaifo.com\/vi\/#website"},"primaryImageOfPage":{"@id":"https:\/\/www.wafaifo.com\/vi\/tinh-ben-vung\/con-nguoi\/#primaryimage"},"image":{"@id":"https:\/\/www.wafaifo.com\/vi\/tinh-ben-vung\/con-nguoi\/#primaryimage"},"thumbnailUrl":"https:\/\/www.wafaifo.com\/wp-content\/uploads\/sites\/13\/2025\/07\/People-2.jpg","datePublished":"2025-07-16T16:34:48+00:00","dateModified":"2025-07-18T06:30:35+00:00","breadcrumb":{"@id":"https:\/\/www.wafaifo.com\/vi\/tinh-ben-vung\/con-nguoi\/#breadcrumb"},"inLanguage":"vi-VN","potentialAction":[{"@type":"ReadAction","target":["https:\/\/www.wafaifo.com\/vi\/tinh-ben-vung\/con-nguoi\/"]}]},{"@type":"ImageObject","inLanguage":"vi-VN","@id":"https:\/\/www.wafaifo.com\/vi\/tinh-ben-vung\/con-nguoi\/#primaryimage","url":"https:\/\/www.wafaifo.com\/wp-content\/uploads\/sites\/13\/2025\/07\/People-2.jpg","contentUrl":"https:\/\/www.wafaifo.com\/wp-content\/uploads\/sites\/13\/2025\/07\/People-2.jpg","width":2560,"height":1466},{"@type":"BreadcrumbList","@id":"https:\/\/www.wafaifo.com\/vi\/tinh-ben-vung\/con-nguoi\/#breadcrumb","itemListElement":[{"@type":"ListItem","position":1,"name":"Home","item":"https:\/\/www.wafaifo.com\/vi\/"},{"@type":"ListItem","position":2,"name":"T\u00ednh B\u1ec1n V\u1eefng","item":"https:\/\/www.wafaifo.com\/vi\/tinh-ben-vung\/"},{"@type":"ListItem","position":3,"name":"Con Ng\u01b0\u1eddi"}]},{"@type":"WebSite","@id":"https:\/\/www.wafaifo.com\/vi\/#website","url":"https:\/\/www.wafaifo.com\/vi\/","name":"Wafaifo Resort Hoi An","description":"","potentialAction":[{"@type":"SearchAction","target":{"@type":"EntryPoint","urlTemplate":"https:\/\/www.wafaifo.com\/vi\/?s={search_term_string}"},"query-input":"required name=search_term_string"}],"inLanguage":"vi-VN"}]}},"acf":[],"_links":{"self":[{"href":"https:\/\/www.wafaifo.com\/vi\/wp-json\/wp\/v2\/pages\/3522"}],"collection":[{"href":"https:\/\/www.wafaifo.com\/vi\/wp-json\/wp\/v2\/pages"}],"about":[{"href":"https:\/\/www.wafaifo.com\/vi\/wp-json\/wp\/v2\/types\/page"}],"author":[{"embeddable":true,"href":"https:\/\/www.wafaifo.com\/vi\/wp-json\/wp\/v2\/users\/71"}],"replies":[{"embeddable":true,"href":"https:\/\/www.wafaifo.com\/vi\/wp-json\/wp\/v2\/comments?post=3522"}],"version-history":[{"count":0,"href":"https:\/\/www.wafaifo.com\/vi\/wp-json\/wp\/v2\/pages\/3522\/revisions"}],"up":[{"embeddable":true,"href":"https:\/\/www.wafaifo.com\/vi\/wp-json\/wp\/v2\/pages\/587"}],"wp:featuredmedia":[{"embeddable":true,"href":"https:\/\/www.wafaifo.com\/vi\/wp-json\/wp\/v2\/media\/3487"}],"wp:attachment":[{"href":"https:\/\/www.wafaifo.com\/vi\/wp-json\/wp\/v2\/media?parent=3522"}],"curies":[{"name":"wp","href":"https:\/\/api.w.org\/{rel}","templated":true}]}}