    {"id":3528,"date":"2025-07-16T16:39:19","date_gmt":"2025-07-16T16:39:19","guid":{"rendered":"https:\/\/www.wafaifo.com\/?page_id=3528"},"modified":"2025-07-18T07:04:56","modified_gmt":"2025-07-18T07:04:56","slug":"place","status":"publish","type":"page","link":"https:\/\/www.wafaifo.com\/vi\/tinh-ben-vung\/place\/","title":{"rendered":"\u0110i\u1ec3m \u0110\u1ebfn"},"content":{"rendered":"<div class=\"ewa-rteLine\" style=\"text-align: center\">Ch\u00fang t\u00f4i lu\u00f4n tr\u00e2n tr\u1ecdng v\u00e0 cam k\u1ebft g\u00ecn gi\u1eef nh\u1eefng gi\u00e1 tr\u1ecb v\u0103n h\u00f3a \u0111\u1eb7c s\u1eafc c\u1ee7a H\u1ed9i An, m\u1ed9t v\u00f9ng \u0111\u1ea5t gi\u00e0u truy\u1ec1n th\u1ed1ng v\u00e0 chi\u1ec1u s\u00e2u l\u1ecbch s\u1eed. M\u1ed7i ho\u1ea1t \u0111\u1ed9ng t\u1ea1i Wafaifo \u0111\u1ec1u h\u01b0\u1edbng \u0111\u1ebfn vi\u1ec7c t\u00f4n vinh n\u00e9t \u0111\u1eb9p di s\u1ea3n, t\u1eeb phong t\u1ee5c t\u1eadp qu\u00e1n, ngh\u1ec7 thu\u1eadt th\u1ee7 c\u00f4ng \u0111\u1ebfn \u0111\u1eddi s\u1ed1ng v\u0103n ho\u00e1 \u0111\u1ecba ph\u01b0\u01a1ng, v\u1edbi mong mu\u1ed1n nh\u1eefng gi\u00e1 tr\u1ecb \u1ea5y s\u1ebd \u0111\u01b0\u1ee3c ti\u1ebfp n\u1ed1i qua nhi\u1ec1u th\u1ebf h\u1ec7.<\/div>\n<div class=\"ewa-rteLine\" style=\"text-align: center\"><\/div>\n<div class=\"ewa-rteLine\" style=\"text-align: center\">Th\u00f4ng qua vi\u1ec7c th\u00fac \u0111\u1ea9y nh\u1eadn th\u1ee9c v\u0103n h\u00f3a, b\u1ea3o t\u1ed3n di s\u1ea3n v\u00e0 lan to\u1ea3 n\u00e9t \u0111\u1eb9p b\u1ea3n \u0111\u1ecba, ch\u00fang t\u00f4i kh\u00f4ng ch\u1ec9 mang \u0111\u1ebfn cho du kh\u00e1ch nh\u1eefng tr\u1ea3i nghi\u1ec7m ch\u00e2n th\u1ef1c m\u00e0 c\u00f2n g\u00f3p ph\u1ea7n gi\u1eef g\u00ecn b\u1ea3n s\u1eafc \u0111\u1ed9c \u0111\u00e1o c\u1ee7a v\u00f9ng \u0111\u1ea5t n\u00e0y.<\/div>\n","protected":false},"excerpt":{"rendered":"<p>Ch\u00fang t\u00f4i lu\u00f4n tr\u00e2n tr\u1ecdng v\u00e0 cam k\u1ebft g\u00ecn gi\u1eef nh\u1eefng gi\u00e1 tr\u1ecb v\u0103n h\u00f3a \u0111\u1eb7c s\u1eafc c\u1ee7a H\u1ed9i An, m\u1ed9t v\u00f9ng \u0111\u1ea5t gi\u00e0u truy\u1ec1n th\u1ed1ng v\u00e0 chi\u1ec1u s\u00e2u l\u1ecbch s\u1eed. M\u1ed7i ho\u1ea1t \u0111\u1ed9ng t\u1ea1i Wafaifo \u0111\u1ec1u h\u01b0\u1edbng \u0111\u1ebfn vi\u1ec7c t\u00f4n vinh n\u00e9t \u0111\u1eb9p di s\u1ea3n, t\u1eeb phong t\u1ee5c t\u1eadp qu\u00e1n, ngh\u1ec7 thu\u1eadt th\u1ee7 c\u00f4ng [&hellip;]<\/p>\n","protected":false},"author":71,"featured_media":3343,"parent":587,"menu_order":0,"comment_status":"closed","ping_status":"closed","template":"template-single-restaurant.php","meta":{"footnotes":""},"yoast_head":"<!-- This site is optimized with the Yoast SEO plugin v22.3 - https:\/\/yoast.com\/wordpress\/plugins\/seo\/ -->\n<title>\u0110i\u1ec3m \u0110\u1ebfn - Wafaifo Resort Hoi An<\/title>\n<meta name=\"robots\" content=\"index, follow, max-snippet:-1, max-image-preview:large, max-video-preview:-1\" \/>\n<link rel=\"canonical\" href=\"https:\/\/www.wafaifo.com\/vi\/tinh-ben-vung\/place\/\" \/>\n<meta property=\"og:locale\" content=\"vi_VN\" \/>\n<meta property=\"og:type\" content=\"article\" \/>\n<meta property=\"og:title\" content=\"\u0110i\u1ec3m \u0110\u1ebfn - Wafaifo Resort Hoi An\" \/>\n<meta property=\"og:description\" content=\"Ch\u00fang t\u00f4i lu\u00f4n tr\u00e2n tr\u1ecdng v\u00e0 cam k\u1ebft g\u00ecn gi\u1eef nh\u1eefng gi\u00e1 tr\u1ecb v\u0103n h\u00f3a \u0111\u1eb7c s\u1eafc c\u1ee7a H\u1ed9i An, m\u1ed9t v\u00f9ng \u0111\u1ea5t gi\u00e0u truy\u1ec1n th\u1ed1ng v\u00e0 chi\u1ec1u s\u00e2u l\u1ecbch s\u1eed. M\u1ed7i ho\u1ea1t \u0111\u1ed9ng t\u1ea1i Wafaifo \u0111\u1ec1u h\u01b0\u1edbng \u0111\u1ebfn vi\u1ec7c t\u00f4n vinh n\u00e9t \u0111\u1eb9p di s\u1ea3n, t\u1eeb phong t\u1ee5c t\u1eadp qu\u00e1n, ngh\u1ec7 thu\u1eadt th\u1ee7 c\u00f4ng [&hellip;]\" \/>\n<meta property=\"og:url\" content=\"https:\/\/www.wafaifo.com\/vi\/tinh-ben-vung\/place\/\" \/>\n<meta property=\"og:site_name\" content=\"Wafaifo Resort Hoi An\" \/>\n<meta property=\"article:modified_time\" content=\"2025-07-18T07:04:56+00:00\" \/>\n<meta property=\"og:image\" content=\"https:\/\/www.wafaifo.com\/wp-content\/uploads\/sites\/13\/2025\/07\/Culture-Wall-11.jpg\" \/>\n\t<meta property=\"og:image:width\" content=\"1707\" \/>\n\t<meta property=\"og:image:height\" content=\"2560\" \/>\n\t<meta property=\"og:image:type\" content=\"image\/jpeg\" \/>\n<meta name=\"twitter:card\" content=\"summary_large_image\" \/>\n<meta name=\"twitter:label1\" content=\"Est. reading time\" \/>\n\t<meta name=\"twitter:data1\" content=\"1 minute\" \/>\n<script type=\"application\/ld+json\" class=\"yoast-schema-graph\">{\"@context\":\"https:\/\/schema.org\",\"@graph\":[{\"@type\":\"WebPage\",\"@id\":\"https:\/\/www.wafaifo.com\/vi\/tinh-ben-vung\/place\/\",\"url\":\"https:\/\/www.wafaifo.com\/vi\/tinh-ben-vung\/place\/\",\"name\":\"\u0110i\u1ec3m \u0110\u1ebfn - Wafaifo Resort Hoi An\",\"isPartOf\":{\"@id\":\"https:\/\/www.wafaifo.com\/vi\/#website\"},\"primaryImageOfPage\":{\"@id\":\"https:\/\/www.wafaifo.com\/vi\/tinh-ben-vung\/place\/#primaryimage\"},\"image\":{\"@id\":\"https:\/\/www.wafaifo.com\/vi\/tinh-ben-vung\/place\/#primaryimage\"},\"thumbnailUrl\":\"https:\/\/www.wafaifo.com\/wp-content\/uploads\/sites\/13\/2025\/07\/Culture-Wall-11.jpg\",\"datePublished\":\"2025-07-16T16:39:19+00:00\",\"dateModified\":\"2025-07-18T07:04:56+00:00\",\"breadcrumb\":{\"@id\":\"https:\/\/www.wafaifo.com\/vi\/tinh-ben-vung\/place\/#breadcrumb\"},\"inLanguage\":\"vi-VN\",\"potentialAction\":[{\"@type\":\"ReadAction\",\"target\":[\"https:\/\/www.wafaifo.com\/vi\/tinh-ben-vung\/place\/\"]}]},{\"@type\":\"ImageObject\",\"inLanguage\":\"vi-VN\",\"@id\":\"https:\/\/www.wafaifo.com\/vi\/tinh-ben-vung\/place\/#primaryimage\",\"url\":\"https:\/\/www.wafaifo.com\/wp-content\/uploads\/sites\/13\/2025\/07\/Culture-Wall-11.jpg\",\"contentUrl\":\"https:\/\/www.wafaifo.com\/wp-content\/uploads\/sites\/13\/2025\/07\/Culture-Wall-11.jpg\",\"width\":1707,\"height\":2560},{\"@type\":\"BreadcrumbList\",\"@id\":\"https:\/\/www.wafaifo.com\/vi\/tinh-ben-vung\/place\/#breadcrumb\",\"itemListElement\":[{\"@type\":\"ListItem\",\"position\":1,\"name\":\"Home\",\"item\":\"https:\/\/www.wafaifo.com\/vi\/\"},{\"@type\":\"ListItem\",\"position\":2,\"name\":\"T\u00ednh B\u1ec1n V\u1eefng\",\"item\":\"https:\/\/www.wafaifo.com\/vi\/tinh-ben-vung\/\"},{\"@type\":\"ListItem\",\"position\":3,\"name\":\"\u0110i\u1ec3m \u0110\u1ebfn\"}]},{\"@type\":\"WebSite\",\"@id\":\"https:\/\/www.wafaifo.com\/vi\/#website\",\"url\":\"https:\/\/www.wafaifo.com\/vi\/\",\"name\":\"Wafaifo Resort Hoi An\",\"description\":\"\",\"potentialAction\":[{\"@type\":\"SearchAction\",\"target\":{\"@type\":\"EntryPoint\",\"urlTemplate\":\"https:\/\/www.wafaifo.com\/vi\/?s={search_term_string}\"},\"query-input\":\"required name=search_term_string\"}],\"inLanguage\":\"vi-VN\"}]}<\/script>\n<!-- \/ Yoast SEO plugin. -->","yoast_head_json":{"title":"\u0110i\u1ec3m \u0110\u1ebfn - Wafaifo Resort Hoi An","robots":{"index":"index","follow":"follow","max-snippet":"max-snippet:-1","max-image-preview":"max-image-preview:large","max-video-preview":"max-video-preview:-1"},"canonical":"https:\/\/www.wafaifo.com\/vi\/tinh-ben-vung\/place\/","og_locale":"vi_VN","og_type":"article","og_title":"\u0110i\u1ec3m \u0110\u1ebfn - Wafaifo Resort Hoi An","og_description":"Ch\u00fang t\u00f4i lu\u00f4n tr\u00e2n tr\u1ecdng v\u00e0 cam k\u1ebft g\u00ecn gi\u1eef nh\u1eefng gi\u00e1 tr\u1ecb v\u0103n h\u00f3a \u0111\u1eb7c s\u1eafc c\u1ee7a H\u1ed9i An, m\u1ed9t v\u00f9ng \u0111\u1ea5t gi\u00e0u truy\u1ec1n th\u1ed1ng v\u00e0 chi\u1ec1u s\u00e2u l\u1ecbch s\u1eed. M\u1ed7i ho\u1ea1t \u0111\u1ed9ng t\u1ea1i Wafaifo \u0111\u1ec1u h\u01b0\u1edbng \u0111\u1ebfn vi\u1ec7c t\u00f4n vinh n\u00e9t \u0111\u1eb9p di s\u1ea3n, t\u1eeb phong t\u1ee5c t\u1eadp qu\u00e1n, ngh\u1ec7 thu\u1eadt th\u1ee7 c\u00f4ng [&hellip;]","og_url":"https:\/\/www.wafaifo.com\/vi\/tinh-ben-vung\/place\/","og_site_name":"Wafaifo Resort Hoi An","article_modified_time":"2025-07-18T07:04:56+00:00","og_image":[{"width":1707,"height":2560,"url":"https:\/\/www.wafaifo.com\/wp-content\/uploads\/sites\/13\/2025\/07\/Culture-Wall-11.jpg","type":"image\/jpeg"}],"twitter_card":"summary_large_image","twitter_misc":{"Est. reading time":"1 minute"},"schema":{"@context":"https:\/\/schema.org","@graph":[{"@type":"WebPage","@id":"https:\/\/www.wafaifo.com\/vi\/tinh-ben-vung\/place\/","url":"https:\/\/www.wafaifo.com\/vi\/tinh-ben-vung\/place\/","name":"\u0110i\u1ec3m \u0110\u1ebfn - Wafaifo Resort Hoi An","isPartOf":{"@id":"https:\/\/www.wafaifo.com\/vi\/#website"},"primaryImageOfPage":{"@id":"https:\/\/www.wafaifo.com\/vi\/tinh-ben-vung\/place\/#primaryimage"},"image":{"@id":"https:\/\/www.wafaifo.com\/vi\/tinh-ben-vung\/place\/#primaryimage"},"thumbnailUrl":"https:\/\/www.wafaifo.com\/wp-content\/uploads\/sites\/13\/2025\/07\/Culture-Wall-11.jpg","datePublished":"2025-07-16T16:39:19+00:00","dateModified":"2025-07-18T07:04:56+00:00","breadcrumb":{"@id":"https:\/\/www.wafaifo.com\/vi\/tinh-ben-vung\/place\/#breadcrumb"},"inLanguage":"vi-VN","potentialAction":[{"@type":"ReadAction","target":["https:\/\/www.wafaifo.com\/vi\/tinh-ben-vung\/place\/"]}]},{"@type":"ImageObject","inLanguage":"vi-VN","@id":"https:\/\/www.wafaifo.com\/vi\/tinh-ben-vung\/place\/#primaryimage","url":"https:\/\/www.wafaifo.com\/wp-content\/uploads\/sites\/13\/2025\/07\/Culture-Wall-11.jpg","contentUrl":"https:\/\/www.wafaifo.com\/wp-content\/uploads\/sites\/13\/2025\/07\/Culture-Wall-11.jpg","width":1707,"height":2560},{"@type":"BreadcrumbList","@id":"https:\/\/www.wafaifo.com\/vi\/tinh-ben-vung\/place\/#breadcrumb","itemListElement":[{"@type":"ListItem","position":1,"name":"Home","item":"https:\/\/www.wafaifo.com\/vi\/"},{"@type":"ListItem","position":2,"name":"T\u00ednh B\u1ec1n V\u1eefng","item":"https:\/\/www.wafaifo.com\/vi\/tinh-ben-vung\/"},{"@type":"ListItem","position":3,"name":"\u0110i\u1ec3m \u0110\u1ebfn"}]},{"@type":"WebSite","@id":"https:\/\/www.wafaifo.com\/vi\/#website","url":"https:\/\/www.wafaifo.com\/vi\/","name":"Wafaifo Resort Hoi An","description":"","potentialAction":[{"@type":"SearchAction","target":{"@type":"EntryPoint","urlTemplate":"https:\/\/www.wafaifo.com\/vi\/?s={search_term_string}"},"query-input":"required name=search_term_string"}],"inLanguage":"vi-VN"}]}},"acf":[],"_links":{"self":[{"href":"https:\/\/www.wafaifo.com\/vi\/wp-json\/wp\/v2\/pages\/3528"}],"collection":[{"href":"https:\/\/www.wafaifo.com\/vi\/wp-json\/wp\/v2\/pages"}],"about":[{"href":"https:\/\/www.wafaifo.com\/vi\/wp-json\/wp\/v2\/types\/page"}],"author":[{"embeddable":true,"href":"https:\/\/www.wafaifo.com\/vi\/wp-json\/wp\/v2\/users\/71"}],"replies":[{"embeddable":true,"href":"https:\/\/www.wafaifo.com\/vi\/wp-json\/wp\/v2\/comments?post=3528"}],"version-history":[{"count":0,"href":"https:\/\/www.wafaifo.com\/vi\/wp-json\/wp\/v2\/pages\/3528\/revisions"}],"up":[{"embeddable":true,"href":"https:\/\/www.wafaifo.com\/vi\/wp-json\/wp\/v2\/pages\/587"}],"wp:featuredmedia":[{"embeddable":true,"href":"https:\/\/www.wafaifo.com\/vi\/wp-json\/wp\/v2\/media\/3343"}],"wp:attachment":[{"href":"https:\/\/www.wafaifo.com\/vi\/wp-json\/wp\/v2\/media?parent=3528"}],"curies":[{"name":"wp","href":"https:\/\/api.w.org\/{rel}","templated":true}]}}