    {"id":513,"date":"2023-08-16T02:02:33","date_gmt":"2023-08-16T02:02:33","guid":{"rendered":"https:\/\/www.wafaifo.com\/restaurants-bars\/"},"modified":"2024-08-26T06:14:47","modified_gmt":"2024-08-26T06:14:47","slug":"am-thuc","status":"publish","type":"page","link":"https:\/\/www.wafaifo.com\/vi\/am-thuc\/","title":{"rendered":"\u1ea8m Th\u1ef1c"},"content":{"rendered":"<p>\u0110\u1eb7t ch\u00e2n \u0111\u1ebfn WAFAIFO RESORT, b\u1ea1n s\u1ebd \u0111\u01b0\u1ee3c h\u00f2a m\u00ecnh v\u00e0o kh\u00f4ng gian \u1ea9m th\u1ef1c v\u00e0 th\u1ee9c u\u1ed1ng \u0111\u1ed9c \u0111\u00e1o c\u1ee7a mi\u1ec1n Trung Vi\u1ec7t Nam.<\/p>\n<p>H\u00e3y kh\u00e1m ph\u00e1 nh\u1eefng h\u01b0\u01a1ng v\u1ecb tinh t\u1ebf v\u00e0 kh\u00f4ng gian s\u00f4i \u0111\u1ed9ng \u0111\u01b0\u1ee3c thi\u1ebft k\u1ebf d\u00e0nh ri\u00eang cho nh\u1eefng ng\u01b0\u1eddi y\u00eau th\u00edch \u1ea9m th\u1ef1c H\u1ed9i An, nh\u1eefng du kh\u00e1ch mu\u1ed1n kh\u00e1m ph\u00e1, nh\u1eefng t\u00edn \u0111\u1ed3 \u1ea9m th\u1ef1c s\u00e1ng t\u1ea1o, ng\u01b0\u1eddi s\u00e0nh \u1ea9m th\u1ef1c Vi\u1ec7t Nam ho\u1eb7c nh\u1eefng ng\u01b0\u1eddi y\u00eau th\u00edch Instagram \u0111ang t\u00ecm ki\u1ebfm nh\u1eefng kho\u1ea3nh kh\u1eafc ng\u1ecdt ng\u00e0o v\u00e0 th\u00fa v\u1ecb.<\/p>\n<p>Th\u01b0\u1edfng th\u1ee9c nh\u1eefng tr\u1ea3i nghi\u1ec7m \u1ea9m th\u1ef1c \u0111\u1ed9c \u0111\u00e1o ch\u01b0a t\u1eebng c\u00f3 t\u1ea1i H\u1ed9i An, n\u01a1i giao thoa \u1ea9m th\u1ef1c v\u01b0\u1ee3t th\u1eddi gian, n\u01a1i g\u1eb7p g\u1ee1 t\u00ecnh b\u1ea1n c\u00f9ng nh\u1eefng h\u01b0\u01a1ng v\u1ecb kh\u00f3 phai.<\/p>\n","protected":false},"excerpt":{"rendered":"<p>\u0110\u1eb7t ch\u00e2n \u0111\u1ebfn WAFAIFO RESORT, b\u1ea1n s\u1ebd \u0111\u01b0\u1ee3c h\u00f2a m\u00ecnh v\u00e0o kh\u00f4ng gian \u1ea9m th\u1ef1c v\u00e0 th\u1ee9c u\u1ed1ng \u0111\u1ed9c \u0111\u00e1o c\u1ee7a mi\u1ec1n Trung Vi\u1ec7t Nam. H\u00e3y kh\u00e1m ph\u00e1 nh\u1eefng h\u01b0\u01a1ng v\u1ecb tinh t\u1ebf v\u00e0 kh\u00f4ng gian s\u00f4i \u0111\u1ed9ng \u0111\u01b0\u1ee3c thi\u1ebft k\u1ebf d\u00e0nh ri\u00eang cho nh\u1eefng ng\u01b0\u1eddi y\u00eau th\u00edch \u1ea9m th\u1ef1c H\u1ed9i An, nh\u1eefng du kh\u00e1ch [&hellip;]<\/p>\n","protected":false},"author":5,"featured_media":787,"parent":0,"menu_order":0,"comment_status":"closed","ping_status":"closed","template":"template-restaurants.php","meta":{"footnotes":""},"yoast_head":"<!-- This site is optimized with the Yoast SEO plugin v22.3 - https:\/\/yoast.com\/wordpress\/plugins\/seo\/ -->\n<title>\u1ea8m Th\u1ef1c - Wafaifo Resort Hoi An<\/title>\n<meta name=\"robots\" content=\"index, follow, max-snippet:-1, max-image-preview:large, max-video-preview:-1\" \/>\n<link rel=\"canonical\" href=\"https:\/\/www.wafaifo.com\/vi\/am-thuc\/\" \/>\n<meta property=\"og:locale\" content=\"vi_VN\" \/>\n<meta property=\"og:type\" content=\"article\" \/>\n<meta property=\"og:title\" content=\"\u1ea8m Th\u1ef1c - Wafaifo Resort Hoi An\" \/>\n<meta property=\"og:description\" content=\"\u0110\u1eb7t ch\u00e2n \u0111\u1ebfn WAFAIFO RESORT, b\u1ea1n s\u1ebd \u0111\u01b0\u1ee3c h\u00f2a m\u00ecnh v\u00e0o kh\u00f4ng gian \u1ea9m th\u1ef1c v\u00e0 th\u1ee9c u\u1ed1ng \u0111\u1ed9c \u0111\u00e1o c\u1ee7a mi\u1ec1n Trung Vi\u1ec7t Nam. H\u00e3y kh\u00e1m ph\u00e1 nh\u1eefng h\u01b0\u01a1ng v\u1ecb tinh t\u1ebf v\u00e0 kh\u00f4ng gian s\u00f4i \u0111\u1ed9ng \u0111\u01b0\u1ee3c thi\u1ebft k\u1ebf d\u00e0nh ri\u00eang cho nh\u1eefng ng\u01b0\u1eddi y\u00eau th\u00edch \u1ea9m th\u1ef1c H\u1ed9i An, nh\u1eefng du kh\u00e1ch [&hellip;]\" \/>\n<meta property=\"og:url\" content=\"https:\/\/www.wafaifo.com\/vi\/am-thuc\/\" \/>\n<meta property=\"og:site_name\" content=\"Wafaifo Resort Hoi An\" \/>\n<meta property=\"article:modified_time\" content=\"2024-08-26T06:14:47+00:00\" \/>\n<meta property=\"og:image\" content=\"https:\/\/www.wafaifo.com\/wp-content\/uploads\/sites\/13\/2024\/02\/Restaurant-4.jpg\" \/>\n\t<meta property=\"og:image:width\" content=\"2560\" \/>\n\t<meta property=\"og:image:height\" content=\"1506\" \/>\n\t<meta property=\"og:image:type\" content=\"image\/jpeg\" \/>\n<meta name=\"twitter:card\" content=\"summary_large_image\" \/>\n<meta name=\"twitter:label1\" content=\"Est. reading time\" \/>\n\t<meta name=\"twitter:data1\" content=\"1 minute\" \/>\n<script type=\"application\/ld+json\" class=\"yoast-schema-graph\">{\"@context\":\"https:\/\/schema.org\",\"@graph\":[{\"@type\":\"WebPage\",\"@id\":\"https:\/\/www.wafaifo.com\/vi\/am-thuc\/\",\"url\":\"https:\/\/www.wafaifo.com\/vi\/am-thuc\/\",\"name\":\"\u1ea8m Th\u1ef1c - Wafaifo Resort Hoi An\",\"isPartOf\":{\"@id\":\"https:\/\/www.wafaifo.com\/vi\/#website\"},\"primaryImageOfPage\":{\"@id\":\"https:\/\/www.wafaifo.com\/vi\/am-thuc\/#primaryimage\"},\"image\":{\"@id\":\"https:\/\/www.wafaifo.com\/vi\/am-thuc\/#primaryimage\"},\"thumbnailUrl\":\"https:\/\/www.wafaifo.com\/wp-content\/uploads\/sites\/13\/2024\/10\/Xua_Nay_4.jpg\",\"datePublished\":\"2023-08-16T02:02:33+00:00\",\"dateModified\":\"2024-08-26T06:14:47+00:00\",\"breadcrumb\":{\"@id\":\"https:\/\/www.wafaifo.com\/vi\/am-thuc\/#breadcrumb\"},\"inLanguage\":\"vi-VN\",\"potentialAction\":[{\"@type\":\"ReadAction\",\"target\":[\"https:\/\/www.wafaifo.com\/vi\/am-thuc\/\"]}]},{\"@type\":\"ImageObject\",\"inLanguage\":\"vi-VN\",\"@id\":\"https:\/\/www.wafaifo.com\/vi\/am-thuc\/#primaryimage\",\"url\":\"https:\/\/www.wafaifo.com\/wp-content\/uploads\/sites\/13\/2024\/10\/Xua_Nay_4.jpg\",\"contentUrl\":\"https:\/\/www.wafaifo.com\/wp-content\/uploads\/sites\/13\/2024\/10\/Xua_Nay_4.jpg\",\"width\":8186,\"height\":5464},{\"@type\":\"BreadcrumbList\",\"@id\":\"https:\/\/www.wafaifo.com\/vi\/am-thuc\/#breadcrumb\",\"itemListElement\":[{\"@type\":\"ListItem\",\"position\":1,\"name\":\"Home\",\"item\":\"https:\/\/www.wafaifo.com\/vi\/\"},{\"@type\":\"ListItem\",\"position\":2,\"name\":\"\u1ea8m Th\u1ef1c\"}]},{\"@type\":\"WebSite\",\"@id\":\"https:\/\/www.wafaifo.com\/vi\/#website\",\"url\":\"https:\/\/www.wafaifo.com\/vi\/\",\"name\":\"Wafaifo Resort Hoi An\",\"description\":\"\",\"potentialAction\":[{\"@type\":\"SearchAction\",\"target\":{\"@type\":\"EntryPoint\",\"urlTemplate\":\"https:\/\/www.wafaifo.com\/vi\/?s={search_term_string}\"},\"query-input\":\"required name=search_term_string\"}],\"inLanguage\":\"vi-VN\"}]}<\/script>\n<!-- \/ Yoast SEO plugin. -->","yoast_head_json":{"title":"\u1ea8m Th\u1ef1c - Wafaifo Resort Hoi An","robots":{"index":"index","follow":"follow","max-snippet":"max-snippet:-1","max-image-preview":"max-image-preview:large","max-video-preview":"max-video-preview:-1"},"canonical":"https:\/\/www.wafaifo.com\/vi\/am-thuc\/","og_locale":"vi_VN","og_type":"article","og_title":"\u1ea8m Th\u1ef1c - Wafaifo Resort Hoi An","og_description":"\u0110\u1eb7t ch\u00e2n \u0111\u1ebfn WAFAIFO RESORT, b\u1ea1n s\u1ebd \u0111\u01b0\u1ee3c h\u00f2a m\u00ecnh v\u00e0o kh\u00f4ng gian \u1ea9m th\u1ef1c v\u00e0 th\u1ee9c u\u1ed1ng \u0111\u1ed9c \u0111\u00e1o c\u1ee7a mi\u1ec1n Trung Vi\u1ec7t Nam. H\u00e3y kh\u00e1m ph\u00e1 nh\u1eefng h\u01b0\u01a1ng v\u1ecb tinh t\u1ebf v\u00e0 kh\u00f4ng gian s\u00f4i \u0111\u1ed9ng \u0111\u01b0\u1ee3c thi\u1ebft k\u1ebf d\u00e0nh ri\u00eang cho nh\u1eefng ng\u01b0\u1eddi y\u00eau th\u00edch \u1ea9m th\u1ef1c H\u1ed9i An, nh\u1eefng du kh\u00e1ch [&hellip;]","og_url":"https:\/\/www.wafaifo.com\/vi\/am-thuc\/","og_site_name":"Wafaifo Resort Hoi An","article_modified_time":"2024-08-26T06:14:47+00:00","og_image":[{"width":2560,"height":1506,"url":"https:\/\/www.wafaifo.com\/wp-content\/uploads\/sites\/13\/2024\/02\/Restaurant-4.jpg","type":"image\/jpeg"}],"twitter_card":"summary_large_image","twitter_misc":{"Est. reading time":"1 minute"},"schema":{"@context":"https:\/\/schema.org","@graph":[{"@type":"WebPage","@id":"https:\/\/www.wafaifo.com\/vi\/am-thuc\/","url":"https:\/\/www.wafaifo.com\/vi\/am-thuc\/","name":"\u1ea8m Th\u1ef1c - Wafaifo Resort Hoi An","isPartOf":{"@id":"https:\/\/www.wafaifo.com\/vi\/#website"},"primaryImageOfPage":{"@id":"https:\/\/www.wafaifo.com\/vi\/am-thuc\/#primaryimage"},"image":{"@id":"https:\/\/www.wafaifo.com\/vi\/am-thuc\/#primaryimage"},"thumbnailUrl":"https:\/\/www.wafaifo.com\/wp-content\/uploads\/sites\/13\/2024\/10\/Xua_Nay_4.jpg","datePublished":"2023-08-16T02:02:33+00:00","dateModified":"2024-08-26T06:14:47+00:00","breadcrumb":{"@id":"https:\/\/www.wafaifo.com\/vi\/am-thuc\/#breadcrumb"},"inLanguage":"vi-VN","potentialAction":[{"@type":"ReadAction","target":["https:\/\/www.wafaifo.com\/vi\/am-thuc\/"]}]},{"@type":"ImageObject","inLanguage":"vi-VN","@id":"https:\/\/www.wafaifo.com\/vi\/am-thuc\/#primaryimage","url":"https:\/\/www.wafaifo.com\/wp-content\/uploads\/sites\/13\/2024\/10\/Xua_Nay_4.jpg","contentUrl":"https:\/\/www.wafaifo.com\/wp-content\/uploads\/sites\/13\/2024\/10\/Xua_Nay_4.jpg","width":8186,"height":5464},{"@type":"BreadcrumbList","@id":"https:\/\/www.wafaifo.com\/vi\/am-thuc\/#breadcrumb","itemListElement":[{"@type":"ListItem","position":1,"name":"Home","item":"https:\/\/www.wafaifo.com\/vi\/"},{"@type":"ListItem","position":2,"name":"\u1ea8m Th\u1ef1c"}]},{"@type":"WebSite","@id":"https:\/\/www.wafaifo.com\/vi\/#website","url":"https:\/\/www.wafaifo.com\/vi\/","name":"Wafaifo Resort Hoi An","description":"","potentialAction":[{"@type":"SearchAction","target":{"@type":"EntryPoint","urlTemplate":"https:\/\/www.wafaifo.com\/vi\/?s={search_term_string}"},"query-input":"required name=search_term_string"}],"inLanguage":"vi-VN"}]}},"acf":[],"_links":{"self":[{"href":"https:\/\/www.wafaifo.com\/vi\/wp-json\/wp\/v2\/pages\/513"}],"collection":[{"href":"https:\/\/www.wafaifo.com\/vi\/wp-json\/wp\/v2\/pages"}],"about":[{"href":"https:\/\/www.wafaifo.com\/vi\/wp-json\/wp\/v2\/types\/page"}],"author":[{"embeddable":true,"href":"https:\/\/www.wafaifo.com\/vi\/wp-json\/wp\/v2\/users\/5"}],"replies":[{"embeddable":true,"href":"https:\/\/www.wafaifo.com\/vi\/wp-json\/wp\/v2\/comments?post=513"}],"version-history":[{"count":0,"href":"https:\/\/www.wafaifo.com\/vi\/wp-json\/wp\/v2\/pages\/513\/revisions"}],"wp:featuredmedia":[{"embeddable":true,"href":"https:\/\/www.wafaifo.com\/vi\/wp-json\/wp\/v2\/media\/787"}],"wp:attachment":[{"href":"https:\/\/www.wafaifo.com\/vi\/wp-json\/wp\/v2\/media?parent=513"}],"curies":[{"name":"wp","href":"https:\/\/api.w.org\/{rel}","templated":true}]}}