    {"id":519,"date":"2024-01-29T08:06:53","date_gmt":"2024-01-29T08:06:53","guid":{"rendered":"https:\/\/www.wafaifo.com\/nha-hang-va-quay-bar\/nem\/"},"modified":"2026-03-25T04:16:41","modified_gmt":"2026-03-25T04:16:41","slug":"nem","status":"publish","type":"page","link":"https:\/\/www.wafaifo.com\/vi\/am-thuc\/nem\/","title":{"rendered":"NEM"},"content":{"rendered":"<p>C\u00f9ng n\u1ebfm th\u1eed nh\u1eefng phong v\u1ecb \u1ea9m th\u1ef1c h\u1ea3o h\u1ea1ng \u0111\u01b0\u1ee3c n\u00e2ng t\u1ea7m b\u1edfi s\u1ef1 k\u1ebft h\u1ee3p c\u1ee7a r\u01b0\u1ee3u, b\u00e1nh tapas v\u00e0 ph\u00f4 mai ch\u1ec9 c\u00f3 t\u1ea1i NEM.<\/p>\n<p>Ph\u00f2ng tr\u1ea3i nghi\u1ec7m NEM ri\u00eang t\u01b0, n\u1eb1m li\u1ec1n b\u00ean nh\u00e0 h\u00e0ng XUA &amp; NAY, mang \u0111\u1ebfn s\u1ef1 k\u1ebft h\u1ee3p ho\u00e0n h\u1ea3o gi\u1eefa c\u00e1c lo\u1ea1i r\u01b0\u1ee3u vang danh ti\u1ebfng c\u1ee7a th\u1ebf gi\u1edbi t\u1eeb x\u01b0a \u0111\u1ebfn nay c\u00f9ng nh\u1eefng m\u00f3n tapas v\u00e0 ph\u00f4 mai tuy\u1ec7t h\u1ea3o kh\u00f4ng th\u1ec3 t\u00ecm th\u1ea5y \u1edf mi\u1ec1n Trung Vi\u1ec7t Nam.<\/p>\n<p>T\u1ef1 do ch\u1ecdn t\u1eeb b\u1ed9 s\u01b0u t\u1eadp r\u01b0\u1ee3u vang, tapas v\u00e0 ph\u00f4 mai tuy\u1ec7t h\u1ea3o, ho\u1eb7c tr\u1ea3i nghi\u1ec7m s\u1ef1 k\u1ebft h\u1ee3p tinh t\u1ebf \u0111\u01b0\u1ee3c chuy\u00ean gia \u1ea9m th\u1ef1c c\u1ee7a Wafaifo Resort Hoi An g\u1ee3i \u00fd.<\/p>\n<p>NEM kh\u00f4ng ch\u1ec9 l\u00e0 m\u1ed9t kh\u00f4ng gian l\u00fd t\u01b0\u1edfng \u0111\u1ec3 chi\u00eau \u0111\u00e3i gia \u0111\u00ecnh, b\u1ea1n b\u00e8 ho\u1eb7c c\u00e1c \u0111\u1ed1i t\u00e1c kinh doanh m\u00e0 c\u00f2n l\u00e0 tr\u1ea3i nghi\u1ec7m \u1ea9m th\u1ef1c tuy\u1ec7t v\u1eddi cho m\u1ecdi kh\u1ea9u v\u1ecb.<\/p>\n","protected":false},"excerpt":{"rendered":"<p>C\u00f9ng n\u1ebfm th\u1eed nh\u1eefng phong v\u1ecb \u1ea9m th\u1ef1c h\u1ea3o h\u1ea1ng \u0111\u01b0\u1ee3c n\u00e2ng t\u1ea7m b\u1edfi s\u1ef1 k\u1ebft h\u1ee3p c\u1ee7a r\u01b0\u1ee3u, b\u00e1nh tapas v\u00e0 ph\u00f4 mai ch\u1ec9 c\u00f3 t\u1ea1i NEM. Ph\u00f2ng tr\u1ea3i nghi\u1ec7m NEM ri\u00eang t\u01b0, n\u1eb1m li\u1ec1n b\u00ean nh\u00e0 h\u00e0ng XUA &amp; NAY, mang \u0111\u1ebfn s\u1ef1 k\u1ebft h\u1ee3p ho\u00e0n h\u1ea3o gi\u1eefa c\u00e1c lo\u1ea1i r\u01b0\u1ee3u vang danh [&hellip;]<\/p>\n","protected":false},"author":5,"featured_media":1157,"parent":513,"menu_order":0,"comment_status":"closed","ping_status":"closed","template":"template-single-restaurant.php","meta":{"footnotes":""},"yoast_head":"<!-- This site is optimized with the Yoast SEO plugin v22.3 - https:\/\/yoast.com\/wordpress\/plugins\/seo\/ -->\n<title>NEM | Tr\u1ea3i Nghi\u1ec7m \u1ea8m Th\u1ef1c \u0110\u1ed9c \u0110\u00e1o t\u1ea1i H\u1ed9i An<\/title>\n<meta name=\"description\" content=\"Th\u01b0\u1edfng th\u1ee9c r\u01b0\u1ee3u vang, b\u00e1nh tapas v\u00e0 ph\u00f4 mai trong kh\u00f4ng gian ri\u00eang t\u01b0 t\u1ea1i NEM. C\u00f9ng b\u1ed9 s\u01b0u t\u1eadp r\u01b0\u1ee3u \u0111\u01b0\u1ee3c ch\u1ecdn l\u1ecdc k\u0129 l\u01b0\u1ee1ng t\u1ea1i Wafaifo Resort Hoi An.\" \/>\n<meta name=\"robots\" content=\"index, follow, max-snippet:-1, max-image-preview:large, max-video-preview:-1\" \/>\n<link rel=\"canonical\" href=\"https:\/\/www.wafaifo.com\/vi\/am-thuc\/nem\/\" \/>\n<meta property=\"og:locale\" content=\"vi_VN\" \/>\n<meta property=\"og:type\" content=\"article\" \/>\n<meta property=\"og:title\" content=\"NEM | Tr\u1ea3i Nghi\u1ec7m \u1ea8m Th\u1ef1c \u0110\u1ed9c \u0110\u00e1o t\u1ea1i H\u1ed9i An\" \/>\n<meta property=\"og:description\" content=\"Th\u01b0\u1edfng th\u1ee9c r\u01b0\u1ee3u vang, b\u00e1nh tapas v\u00e0 ph\u00f4 mai trong kh\u00f4ng gian ri\u00eang t\u01b0 t\u1ea1i NEM. C\u00f9ng b\u1ed9 s\u01b0u t\u1eadp r\u01b0\u1ee3u \u0111\u01b0\u1ee3c ch\u1ecdn l\u1ecdc k\u0129 l\u01b0\u1ee1ng t\u1ea1i Wafaifo Resort Hoi An.\" \/>\n<meta property=\"og:url\" content=\"https:\/\/www.wafaifo.com\/vi\/am-thuc\/nem\/\" \/>\n<meta property=\"og:site_name\" content=\"Wafaifo Resort Hoi An\" \/>\n<meta property=\"article:modified_time\" content=\"2026-03-25T04:16:41+00:00\" \/>\n<meta property=\"og:image\" content=\"https:\/\/www.wafaifo.com\/wp-content\/uploads\/sites\/13\/2025\/01\/Nem_Banner.jpg\" \/>\n\t<meta property=\"og:image:width\" content=\"1920\" \/>\n\t<meta property=\"og:image:height\" content=\"1047\" \/>\n\t<meta property=\"og:image:type\" content=\"image\/jpeg\" \/>\n<meta name=\"twitter:card\" content=\"summary_large_image\" \/>\n<meta name=\"twitter:label1\" content=\"Est. reading time\" \/>\n\t<meta name=\"twitter:data1\" content=\"1 minute\" \/>\n<script type=\"application\/ld+json\" class=\"yoast-schema-graph\">{\"@context\":\"https:\/\/schema.org\",\"@graph\":[{\"@type\":\"WebPage\",\"@id\":\"https:\/\/www.wafaifo.com\/vi\/am-thuc\/nem\/\",\"url\":\"https:\/\/www.wafaifo.com\/vi\/am-thuc\/nem\/\",\"name\":\"NEM | Tr\u1ea3i Nghi\u1ec7m \u1ea8m Th\u1ef1c \u0110\u1ed9c \u0110\u00e1o t\u1ea1i H\u1ed9i An\",\"isPartOf\":{\"@id\":\"https:\/\/www.wafaifo.com\/vi\/#website\"},\"primaryImageOfPage\":{\"@id\":\"https:\/\/www.wafaifo.com\/vi\/am-thuc\/nem\/#primaryimage\"},\"image\":{\"@id\":\"https:\/\/www.wafaifo.com\/vi\/am-thuc\/nem\/#primaryimage\"},\"thumbnailUrl\":\"https:\/\/www.wafaifo.com\/wp-content\/uploads\/sites\/13\/2025\/01\/Nem_Banner.jpg\",\"datePublished\":\"2024-01-29T08:06:53+00:00\",\"dateModified\":\"2026-03-25T04:16:41+00:00\",\"description\":\"Th\u01b0\u1edfng th\u1ee9c r\u01b0\u1ee3u vang, b\u00e1nh tapas v\u00e0 ph\u00f4 mai trong kh\u00f4ng gian ri\u00eang t\u01b0 t\u1ea1i NEM. C\u00f9ng b\u1ed9 s\u01b0u t\u1eadp r\u01b0\u1ee3u \u0111\u01b0\u1ee3c ch\u1ecdn l\u1ecdc k\u0129 l\u01b0\u1ee1ng t\u1ea1i Wafaifo Resort Hoi An.\",\"breadcrumb\":{\"@id\":\"https:\/\/www.wafaifo.com\/vi\/am-thuc\/nem\/#breadcrumb\"},\"inLanguage\":\"vi-VN\",\"potentialAction\":[{\"@type\":\"ReadAction\",\"target\":[\"https:\/\/www.wafaifo.com\/vi\/am-thuc\/nem\/\"]}]},{\"@type\":\"ImageObject\",\"inLanguage\":\"vi-VN\",\"@id\":\"https:\/\/www.wafaifo.com\/vi\/am-thuc\/nem\/#primaryimage\",\"url\":\"https:\/\/www.wafaifo.com\/wp-content\/uploads\/sites\/13\/2025\/01\/Nem_Banner.jpg\",\"contentUrl\":\"https:\/\/www.wafaifo.com\/wp-content\/uploads\/sites\/13\/2025\/01\/Nem_Banner.jpg\",\"width\":1920,\"height\":1047},{\"@type\":\"BreadcrumbList\",\"@id\":\"https:\/\/www.wafaifo.com\/vi\/am-thuc\/nem\/#breadcrumb\",\"itemListElement\":[{\"@type\":\"ListItem\",\"position\":1,\"name\":\"Home\",\"item\":\"https:\/\/www.wafaifo.com\/vi\/\"},{\"@type\":\"ListItem\",\"position\":2,\"name\":\"\u1ea8m Th\u1ef1c\",\"item\":\"https:\/\/www.wafaifo.com\/vi\/am-thuc\/\"},{\"@type\":\"ListItem\",\"position\":3,\"name\":\"NEM\"}]},{\"@type\":\"WebSite\",\"@id\":\"https:\/\/www.wafaifo.com\/vi\/#website\",\"url\":\"https:\/\/www.wafaifo.com\/vi\/\",\"name\":\"Wafaifo Resort Hoi An\",\"description\":\"\",\"potentialAction\":[{\"@type\":\"SearchAction\",\"target\":{\"@type\":\"EntryPoint\",\"urlTemplate\":\"https:\/\/www.wafaifo.com\/vi\/?s={search_term_string}\"},\"query-input\":\"required name=search_term_string\"}],\"inLanguage\":\"vi-VN\"}]}<\/script>\n<!-- \/ Yoast SEO plugin. -->","yoast_head_json":{"title":"NEM | Tr\u1ea3i Nghi\u1ec7m \u1ea8m Th\u1ef1c \u0110\u1ed9c \u0110\u00e1o t\u1ea1i H\u1ed9i An","description":"Th\u01b0\u1edfng th\u1ee9c r\u01b0\u1ee3u vang, b\u00e1nh tapas v\u00e0 ph\u00f4 mai trong kh\u00f4ng gian ri\u00eang t\u01b0 t\u1ea1i NEM. C\u00f9ng b\u1ed9 s\u01b0u t\u1eadp r\u01b0\u1ee3u \u0111\u01b0\u1ee3c ch\u1ecdn l\u1ecdc k\u0129 l\u01b0\u1ee1ng t\u1ea1i Wafaifo Resort Hoi An.","robots":{"index":"index","follow":"follow","max-snippet":"max-snippet:-1","max-image-preview":"max-image-preview:large","max-video-preview":"max-video-preview:-1"},"canonical":"https:\/\/www.wafaifo.com\/vi\/am-thuc\/nem\/","og_locale":"vi_VN","og_type":"article","og_title":"NEM | Tr\u1ea3i Nghi\u1ec7m \u1ea8m Th\u1ef1c \u0110\u1ed9c \u0110\u00e1o t\u1ea1i H\u1ed9i An","og_description":"Th\u01b0\u1edfng th\u1ee9c r\u01b0\u1ee3u vang, b\u00e1nh tapas v\u00e0 ph\u00f4 mai trong kh\u00f4ng gian ri\u00eang t\u01b0 t\u1ea1i NEM. C\u00f9ng b\u1ed9 s\u01b0u t\u1eadp r\u01b0\u1ee3u \u0111\u01b0\u1ee3c ch\u1ecdn l\u1ecdc k\u0129 l\u01b0\u1ee1ng t\u1ea1i Wafaifo Resort Hoi An.","og_url":"https:\/\/www.wafaifo.com\/vi\/am-thuc\/nem\/","og_site_name":"Wafaifo Resort Hoi An","article_modified_time":"2026-03-25T04:16:41+00:00","og_image":[{"width":1920,"height":1047,"url":"https:\/\/www.wafaifo.com\/wp-content\/uploads\/sites\/13\/2025\/01\/Nem_Banner.jpg","type":"image\/jpeg"}],"twitter_card":"summary_large_image","twitter_misc":{"Est. reading time":"1 minute"},"schema":{"@context":"https:\/\/schema.org","@graph":[{"@type":"WebPage","@id":"https:\/\/www.wafaifo.com\/vi\/am-thuc\/nem\/","url":"https:\/\/www.wafaifo.com\/vi\/am-thuc\/nem\/","name":"NEM | Tr\u1ea3i Nghi\u1ec7m \u1ea8m Th\u1ef1c \u0110\u1ed9c \u0110\u00e1o t\u1ea1i H\u1ed9i An","isPartOf":{"@id":"https:\/\/www.wafaifo.com\/vi\/#website"},"primaryImageOfPage":{"@id":"https:\/\/www.wafaifo.com\/vi\/am-thuc\/nem\/#primaryimage"},"image":{"@id":"https:\/\/www.wafaifo.com\/vi\/am-thuc\/nem\/#primaryimage"},"thumbnailUrl":"https:\/\/www.wafaifo.com\/wp-content\/uploads\/sites\/13\/2025\/01\/Nem_Banner.jpg","datePublished":"2024-01-29T08:06:53+00:00","dateModified":"2026-03-25T04:16:41+00:00","description":"Th\u01b0\u1edfng th\u1ee9c r\u01b0\u1ee3u vang, b\u00e1nh tapas v\u00e0 ph\u00f4 mai trong kh\u00f4ng gian ri\u00eang t\u01b0 t\u1ea1i NEM. C\u00f9ng b\u1ed9 s\u01b0u t\u1eadp r\u01b0\u1ee3u \u0111\u01b0\u1ee3c ch\u1ecdn l\u1ecdc k\u0129 l\u01b0\u1ee1ng t\u1ea1i Wafaifo Resort Hoi An.","breadcrumb":{"@id":"https:\/\/www.wafaifo.com\/vi\/am-thuc\/nem\/#breadcrumb"},"inLanguage":"vi-VN","potentialAction":[{"@type":"ReadAction","target":["https:\/\/www.wafaifo.com\/vi\/am-thuc\/nem\/"]}]},{"@type":"ImageObject","inLanguage":"vi-VN","@id":"https:\/\/www.wafaifo.com\/vi\/am-thuc\/nem\/#primaryimage","url":"https:\/\/www.wafaifo.com\/wp-content\/uploads\/sites\/13\/2025\/01\/Nem_Banner.jpg","contentUrl":"https:\/\/www.wafaifo.com\/wp-content\/uploads\/sites\/13\/2025\/01\/Nem_Banner.jpg","width":1920,"height":1047},{"@type":"BreadcrumbList","@id":"https:\/\/www.wafaifo.com\/vi\/am-thuc\/nem\/#breadcrumb","itemListElement":[{"@type":"ListItem","position":1,"name":"Home","item":"https:\/\/www.wafaifo.com\/vi\/"},{"@type":"ListItem","position":2,"name":"\u1ea8m Th\u1ef1c","item":"https:\/\/www.wafaifo.com\/vi\/am-thuc\/"},{"@type":"ListItem","position":3,"name":"NEM"}]},{"@type":"WebSite","@id":"https:\/\/www.wafaifo.com\/vi\/#website","url":"https:\/\/www.wafaifo.com\/vi\/","name":"Wafaifo Resort Hoi An","description":"","potentialAction":[{"@type":"SearchAction","target":{"@type":"EntryPoint","urlTemplate":"https:\/\/www.wafaifo.com\/vi\/?s={search_term_string}"},"query-input":"required name=search_term_string"}],"inLanguage":"vi-VN"}]}},"acf":[],"_links":{"self":[{"href":"https:\/\/www.wafaifo.com\/vi\/wp-json\/wp\/v2\/pages\/519"}],"collection":[{"href":"https:\/\/www.wafaifo.com\/vi\/wp-json\/wp\/v2\/pages"}],"about":[{"href":"https:\/\/www.wafaifo.com\/vi\/wp-json\/wp\/v2\/types\/page"}],"author":[{"embeddable":true,"href":"https:\/\/www.wafaifo.com\/vi\/wp-json\/wp\/v2\/users\/5"}],"replies":[{"embeddable":true,"href":"https:\/\/www.wafaifo.com\/vi\/wp-json\/wp\/v2\/comments?post=519"}],"version-history":[{"count":0,"href":"https:\/\/www.wafaifo.com\/vi\/wp-json\/wp\/v2\/pages\/519\/revisions"}],"up":[{"embeddable":true,"href":"https:\/\/www.wafaifo.com\/vi\/wp-json\/wp\/v2\/pages\/513"}],"wp:featuredmedia":[{"embeddable":true,"href":"https:\/\/www.wafaifo.com\/vi\/wp-json\/wp\/v2\/media\/1157"}],"wp:attachment":[{"href":"https:\/\/www.wafaifo.com\/vi\/wp-json\/wp\/v2\/media?parent=519"}],"curies":[{"name":"wp","href":"https:\/\/api.w.org\/{rel}","templated":true}]}}