    {"id":523,"date":"2023-08-16T02:41:18","date_gmt":"2023-08-16T02:41:18","guid":{"rendered":"https:\/\/www.wafaifo.com\/rooms-suites\/"},"modified":"2024-09-04T04:45:39","modified_gmt":"2024-09-04T04:45:39","slug":"hang-phong","status":"publish","type":"page","link":"https:\/\/www.wafaifo.com\/vi\/hang-phong\/","title":{"rendered":"H\u1ea1ng Ph\u00f2ng"},"content":{"rendered":"<p style=\"text-align: center\">Kh\u00e1m ph\u00e1 s\u1ef1 k\u1ebft h\u1ee3p ho\u00e0n h\u1ea3o gi\u1eefa ti\u1ec7n nghi hi\u1ec7n \u0111\u1ea1i v\u00e0 s\u1ef1 tho\u1ea3i m\u00e1i t\u1ea1i WAFAIFO RESORT HOI AN, n\u01a1i mang \u0111\u1ebfn cho b\u1ea1n nh\u1eefng tr\u1ea3i nghi\u1ec7m ngh\u1ec9 d\u01b0\u1ee1ng sang tr\u1ecdng trong kh\u00f4ng gian ph\u00f2ng r\u1ed9ng r\u00e3i v\u00e0 trang b\u1ecb \u0111\u1ea7y \u0111\u1ee7 ti\u1ec7n nghi. M\u1ed7i ph\u00f2ng \u0111\u1ec1u h\u01b0\u1edbng v\u1ec1 khu v\u1ef1c Swim City s\u00f4i \u0111\u1ed9ng ho\u1eb7c khu v\u01b0\u1eddn xanh m\u00e1t c\u1ee7a khu ngh\u1ec9 d\u01b0\u1ee1ng. H\u00e3y ch\u1ecdn m\u1ed9t kh\u00f4ng gian ri\u00eang t\u01b0 t\u1ea1i WAFAIFO, n\u01a1i m\u1ecdi mong \u0111\u1ee3i c\u1ee7a b\u1ea1n s\u1ebd \u0111\u01b0\u1ee3c \u0111\u00e1p \u1ee9ng!<\/p>\n","protected":false},"excerpt":{"rendered":"<p>Kh\u00e1m ph\u00e1 s\u1ef1 k\u1ebft h\u1ee3p ho\u00e0n h\u1ea3o gi\u1eefa ti\u1ec7n nghi hi\u1ec7n \u0111\u1ea1i v\u00e0 s\u1ef1 tho\u1ea3i m\u00e1i t\u1ea1i WAFAIFO RESORT HOI AN, n\u01a1i mang \u0111\u1ebfn cho b\u1ea1n nh\u1eefng tr\u1ea3i nghi\u1ec7m ngh\u1ec9 d\u01b0\u1ee1ng sang tr\u1ecdng trong kh\u00f4ng gian ph\u00f2ng r\u1ed9ng r\u00e3i v\u00e0 trang b\u1ecb \u0111\u1ea7y \u0111\u1ee7 ti\u1ec7n nghi. M\u1ed7i ph\u00f2ng \u0111\u1ec1u h\u01b0\u1edbng v\u1ec1 khu v\u1ef1c Swim City [&hellip;]<\/p>\n","protected":false},"author":5,"featured_media":711,"parent":0,"menu_order":0,"comment_status":"closed","ping_status":"closed","template":"template-rooms.php","meta":{"footnotes":""},"yoast_head":"<!-- This site is optimized with the Yoast SEO plugin v22.3 - https:\/\/yoast.com\/wordpress\/plugins\/seo\/ -->\n<title>H\u1ea1ng Ph\u00f2ng - Wafaifo Resort Hoi An<\/title>\n<meta name=\"robots\" content=\"index, follow, max-snippet:-1, max-image-preview:large, max-video-preview:-1\" \/>\n<link rel=\"canonical\" href=\"https:\/\/www.wafaifo.com\/vi\/hang-phong\/\" \/>\n<meta property=\"og:locale\" content=\"vi_VN\" \/>\n<meta property=\"og:type\" content=\"article\" \/>\n<meta property=\"og:title\" content=\"H\u1ea1ng Ph\u00f2ng - Wafaifo Resort Hoi An\" \/>\n<meta property=\"og:description\" content=\"Kh\u00e1m ph\u00e1 s\u1ef1 k\u1ebft h\u1ee3p ho\u00e0n h\u1ea3o gi\u1eefa ti\u1ec7n nghi hi\u1ec7n \u0111\u1ea1i v\u00e0 s\u1ef1 tho\u1ea3i m\u00e1i t\u1ea1i WAFAIFO RESORT HOI AN, n\u01a1i mang \u0111\u1ebfn cho b\u1ea1n nh\u1eefng tr\u1ea3i nghi\u1ec7m ngh\u1ec9 d\u01b0\u1ee1ng sang tr\u1ecdng trong kh\u00f4ng gian ph\u00f2ng r\u1ed9ng r\u00e3i v\u00e0 trang b\u1ecb \u0111\u1ea7y \u0111\u1ee7 ti\u1ec7n nghi. M\u1ed7i ph\u00f2ng \u0111\u1ec1u h\u01b0\u1edbng v\u1ec1 khu v\u1ef1c Swim City [&hellip;]\" \/>\n<meta property=\"og:url\" content=\"https:\/\/www.wafaifo.com\/vi\/hang-phong\/\" \/>\n<meta property=\"og:site_name\" content=\"Wafaifo Resort Hoi An\" \/>\n<meta property=\"article:modified_time\" content=\"2024-09-04T04:45:39+00:00\" \/>\n<meta property=\"og:image\" content=\"https:\/\/www.wafaifo.com\/wp-content\/uploads\/sites\/13\/2023\/08\/20221111_WFH_DOUBLE-ROOM_VIEW-3.jpg\" \/>\n\t<meta property=\"og:image:width\" content=\"1800\" \/>\n\t<meta property=\"og:image:height\" content=\"1012\" \/>\n\t<meta property=\"og:image:type\" content=\"image\/jpeg\" \/>\n<meta name=\"twitter:card\" content=\"summary_large_image\" \/>\n<meta name=\"twitter:label1\" content=\"Est. reading time\" \/>\n\t<meta name=\"twitter:data1\" content=\"1 minute\" \/>\n<script type=\"application\/ld+json\" class=\"yoast-schema-graph\">{\"@context\":\"https:\/\/schema.org\",\"@graph\":[{\"@type\":\"WebPage\",\"@id\":\"https:\/\/www.wafaifo.com\/vi\/hang-phong\/\",\"url\":\"https:\/\/www.wafaifo.com\/vi\/hang-phong\/\",\"name\":\"H\u1ea1ng Ph\u00f2ng - Wafaifo Resort Hoi An\",\"isPartOf\":{\"@id\":\"https:\/\/www.wafaifo.com\/vi\/#website\"},\"primaryImageOfPage\":{\"@id\":\"https:\/\/www.wafaifo.com\/vi\/hang-phong\/#primaryimage\"},\"image\":{\"@id\":\"https:\/\/www.wafaifo.com\/vi\/hang-phong\/#primaryimage\"},\"thumbnailUrl\":\"https:\/\/www.wafaifo.com\/wp-content\/uploads\/sites\/13\/2024\/10\/Swim_City_King_3.jpg\",\"datePublished\":\"2023-08-16T02:41:18+00:00\",\"dateModified\":\"2024-09-04T04:45:39+00:00\",\"breadcrumb\":{\"@id\":\"https:\/\/www.wafaifo.com\/vi\/hang-phong\/#breadcrumb\"},\"inLanguage\":\"vi-VN\",\"potentialAction\":[{\"@type\":\"ReadAction\",\"target\":[\"https:\/\/www.wafaifo.com\/vi\/hang-phong\/\"]}]},{\"@type\":\"ImageObject\",\"inLanguage\":\"vi-VN\",\"@id\":\"https:\/\/www.wafaifo.com\/vi\/hang-phong\/#primaryimage\",\"url\":\"https:\/\/www.wafaifo.com\/wp-content\/uploads\/sites\/13\/2024\/10\/Swim_City_King_3.jpg\",\"contentUrl\":\"https:\/\/www.wafaifo.com\/wp-content\/uploads\/sites\/13\/2024\/10\/Swim_City_King_3.jpg\",\"width\":8192,\"height\":5464},{\"@type\":\"BreadcrumbList\",\"@id\":\"https:\/\/www.wafaifo.com\/vi\/hang-phong\/#breadcrumb\",\"itemListElement\":[{\"@type\":\"ListItem\",\"position\":1,\"name\":\"Home\",\"item\":\"https:\/\/www.wafaifo.com\/vi\/\"},{\"@type\":\"ListItem\",\"position\":2,\"name\":\"H\u1ea1ng Ph\u00f2ng\"}]},{\"@type\":\"WebSite\",\"@id\":\"https:\/\/www.wafaifo.com\/vi\/#website\",\"url\":\"https:\/\/www.wafaifo.com\/vi\/\",\"name\":\"Wafaifo Resort Hoi An\",\"description\":\"\",\"potentialAction\":[{\"@type\":\"SearchAction\",\"target\":{\"@type\":\"EntryPoint\",\"urlTemplate\":\"https:\/\/www.wafaifo.com\/vi\/?s={search_term_string}\"},\"query-input\":\"required name=search_term_string\"}],\"inLanguage\":\"vi-VN\"}]}<\/script>\n<!-- \/ Yoast SEO plugin. -->","yoast_head_json":{"title":"H\u1ea1ng Ph\u00f2ng - Wafaifo Resort Hoi An","robots":{"index":"index","follow":"follow","max-snippet":"max-snippet:-1","max-image-preview":"max-image-preview:large","max-video-preview":"max-video-preview:-1"},"canonical":"https:\/\/www.wafaifo.com\/vi\/hang-phong\/","og_locale":"vi_VN","og_type":"article","og_title":"H\u1ea1ng Ph\u00f2ng - Wafaifo Resort Hoi An","og_description":"Kh\u00e1m ph\u00e1 s\u1ef1 k\u1ebft h\u1ee3p ho\u00e0n h\u1ea3o gi\u1eefa ti\u1ec7n nghi hi\u1ec7n \u0111\u1ea1i v\u00e0 s\u1ef1 tho\u1ea3i m\u00e1i t\u1ea1i WAFAIFO RESORT HOI AN, n\u01a1i mang \u0111\u1ebfn cho b\u1ea1n nh\u1eefng tr\u1ea3i nghi\u1ec7m ngh\u1ec9 d\u01b0\u1ee1ng sang tr\u1ecdng trong kh\u00f4ng gian ph\u00f2ng r\u1ed9ng r\u00e3i v\u00e0 trang b\u1ecb \u0111\u1ea7y \u0111\u1ee7 ti\u1ec7n nghi. M\u1ed7i ph\u00f2ng \u0111\u1ec1u h\u01b0\u1edbng v\u1ec1 khu v\u1ef1c Swim City [&hellip;]","og_url":"https:\/\/www.wafaifo.com\/vi\/hang-phong\/","og_site_name":"Wafaifo Resort Hoi An","article_modified_time":"2024-09-04T04:45:39+00:00","og_image":[{"width":1800,"height":1012,"url":"https:\/\/www.wafaifo.com\/wp-content\/uploads\/sites\/13\/2023\/08\/20221111_WFH_DOUBLE-ROOM_VIEW-3.jpg","type":"image\/jpeg"}],"twitter_card":"summary_large_image","twitter_misc":{"Est. reading time":"1 minute"},"schema":{"@context":"https:\/\/schema.org","@graph":[{"@type":"WebPage","@id":"https:\/\/www.wafaifo.com\/vi\/hang-phong\/","url":"https:\/\/www.wafaifo.com\/vi\/hang-phong\/","name":"H\u1ea1ng Ph\u00f2ng - Wafaifo Resort Hoi An","isPartOf":{"@id":"https:\/\/www.wafaifo.com\/vi\/#website"},"primaryImageOfPage":{"@id":"https:\/\/www.wafaifo.com\/vi\/hang-phong\/#primaryimage"},"image":{"@id":"https:\/\/www.wafaifo.com\/vi\/hang-phong\/#primaryimage"},"thumbnailUrl":"https:\/\/www.wafaifo.com\/wp-content\/uploads\/sites\/13\/2024\/10\/Swim_City_King_3.jpg","datePublished":"2023-08-16T02:41:18+00:00","dateModified":"2024-09-04T04:45:39+00:00","breadcrumb":{"@id":"https:\/\/www.wafaifo.com\/vi\/hang-phong\/#breadcrumb"},"inLanguage":"vi-VN","potentialAction":[{"@type":"ReadAction","target":["https:\/\/www.wafaifo.com\/vi\/hang-phong\/"]}]},{"@type":"ImageObject","inLanguage":"vi-VN","@id":"https:\/\/www.wafaifo.com\/vi\/hang-phong\/#primaryimage","url":"https:\/\/www.wafaifo.com\/wp-content\/uploads\/sites\/13\/2024\/10\/Swim_City_King_3.jpg","contentUrl":"https:\/\/www.wafaifo.com\/wp-content\/uploads\/sites\/13\/2024\/10\/Swim_City_King_3.jpg","width":8192,"height":5464},{"@type":"BreadcrumbList","@id":"https:\/\/www.wafaifo.com\/vi\/hang-phong\/#breadcrumb","itemListElement":[{"@type":"ListItem","position":1,"name":"Home","item":"https:\/\/www.wafaifo.com\/vi\/"},{"@type":"ListItem","position":2,"name":"H\u1ea1ng Ph\u00f2ng"}]},{"@type":"WebSite","@id":"https:\/\/www.wafaifo.com\/vi\/#website","url":"https:\/\/www.wafaifo.com\/vi\/","name":"Wafaifo Resort Hoi An","description":"","potentialAction":[{"@type":"SearchAction","target":{"@type":"EntryPoint","urlTemplate":"https:\/\/www.wafaifo.com\/vi\/?s={search_term_string}"},"query-input":"required name=search_term_string"}],"inLanguage":"vi-VN"}]}},"acf":[],"_links":{"self":[{"href":"https:\/\/www.wafaifo.com\/vi\/wp-json\/wp\/v2\/pages\/523"}],"collection":[{"href":"https:\/\/www.wafaifo.com\/vi\/wp-json\/wp\/v2\/pages"}],"about":[{"href":"https:\/\/www.wafaifo.com\/vi\/wp-json\/wp\/v2\/types\/page"}],"author":[{"embeddable":true,"href":"https:\/\/www.wafaifo.com\/vi\/wp-json\/wp\/v2\/users\/5"}],"replies":[{"embeddable":true,"href":"https:\/\/www.wafaifo.com\/vi\/wp-json\/wp\/v2\/comments?post=523"}],"version-history":[{"count":0,"href":"https:\/\/www.wafaifo.com\/vi\/wp-json\/wp\/v2\/pages\/523\/revisions"}],"wp:featuredmedia":[{"embeddable":true,"href":"https:\/\/www.wafaifo.com\/vi\/wp-json\/wp\/v2\/media\/711"}],"wp:attachment":[{"href":"https:\/\/www.wafaifo.com\/vi\/wp-json\/wp\/v2\/media?parent=523"}],"curies":[{"name":"wp","href":"https:\/\/api.w.org\/{rel}","templated":true}]}}