    {"id":525,"date":"2023-08-16T02:29:58","date_gmt":"2023-08-16T02:29:58","guid":{"rendered":"https:\/\/www.wafaifo.com\/nha-hang-va-quay-bar\/xua-nay\/"},"modified":"2026-03-13T04:53:10","modified_gmt":"2026-03-13T04:53:10","slug":"xua-nay","status":"publish","type":"page","link":"https:\/\/www.wafaifo.com\/vi\/am-thuc\/xua-nay\/","title":{"rendered":"XUA &amp; NAY"},"content":{"rendered":"<p>\u0110\u1ebfn v\u1edbi Wafaifo Resort Hoi An, b\u1ea1n s\u1ebd \u0111\u01b0\u1ee3c tr\u1ea3i nghi\u1ec7m kh\u00f4ng gian bistro \u0111\u1ea7y phong c\u00e1ch t\u1ea1i nh\u00e0 h\u00e0ng XUA &amp; NAY (\u201cX\u01b0a v\u00e0 Nay\u201d), n\u01a1i b\u1ea1n c\u00f3 th\u1ec3 th\u01b0 gi\u00e3n v\u00e0 th\u01b0\u1edfng th\u1ee9c nh\u1eefng m\u00f3n \u0103n \u0111a d\u1ea1ng t\u1eeb c\u00e1c v\u00f9ng mi\u1ec1n. H\u00f2a m\u00ecnh v\u00e0o b\u1ea7u kh\u00f4ng kh\u00ed vui v\u1ebb v\u00e0 s\u00f4i \u0111\u1ed9ng, th\u01b0\u1edfng th\u1ee9c nh\u1eefng m\u00f3n \u0103n tuy\u1ec7t h\u1ea3o t\u1eeb \u0111\u1ecba ph\u01b0\u01a1ng \u0111\u1ebfn qu\u1ed1c t\u1ebf, c\u00f9ng v\u1edbi nh\u1eefng ly cocktail h\u1ea3o h\u1ea1ng v\u1edbi m\u1ee9c gi\u00e1 c\u1ef1c k\u1ef3 h\u1ee3p l\u00fd.<\/p>\n<p>D\u1eebng ch\u00e2n t\u1ea1i nh\u00e0 h\u00e0ng \u0111\u1ec3 th\u01b0\u1edfng th\u1ee9c b\u1eefa s\u00e1ng, b\u1eefa t\u1ed1i v\u00e0 l\u01b0u l\u1ea1i nh\u1eefng tr\u1ea3i nghi\u1ec7m \u1ea9m th\u1ef1c tuy\u1ec7t v\u1eddi.<\/p>\n<p>\u0110\u1ed9i ng\u0169 \u0111\u1ea7u b\u1ebfp t\u1ea1i nh\u00e0 h\u00e0ng XUA &amp; NAY t\u1ef1 h\u00e0o khi s\u1edf h\u1eefu l\u00f2 n\u01b0\u1edbng than Josper duy nh\u1ea5t t\u1ea1i mi\u1ec1n Trung Vi\u1ec7t Nam, l\u00f2 n\u01b0\u1edbng than c\u1ee7i mang \u0111\u1ebfn nh\u1eefng m\u00f3n th\u1ecbt v\u00e0 rau c\u1ee7 n\u01b0\u1edbng th\u01a1m ngon kh\u00f4ng g\u00ec s\u00e1nh \u0111\u01b0\u1ee3c.<\/p>\n<p>H\u00e3y th\u01b0\u1edfng th\u1ee9c nh\u1eefng \u0111i\u1ec3m n\u1ed5i b\u1eadt kh\u00e1c c\u1ee7a nh\u00e0 h\u00e0ng nh\u01b0 k\u1ef9 thu\u1eadt l\u00ean men \u0111\u1ed9c \u0111\u00e1o, qu\u1ea7y pha ch\u1ebf v\u00e0 m\u1ed9t kh\u00f4ng gian \u0103n u\u1ed1ng ri\u00eang bi\u1ec7t cho nh\u1eefng b\u1eefa \u0103n th\u00e2n m\u1eadt, \u0111\u01b0\u1ee3c chu\u1ea9n b\u1ecb t\u1eadn t\u00ecnh b\u1edfi B\u1ebfp tr\u01b0\u1edfng.<\/p>\n<p>Nh\u00e0 h\u00e0ng XUA &amp; NAY t\u1ef1 h\u00e0o l\u00e0 m\u1ed9t trong nh\u1eefng \u0111i\u1ec3m \u0111\u1ebfn tuy\u1ec7t v\u1eddi trong khu v\u1ef1c, m\u1ed9t kh\u00f4ng gian m\u1edf m\u1eddi m\u1ecdi ng\u01b0\u1eddi \u0111\u1ebfn th\u01b0\u1edfng th\u1ee9c m\u1ed9t t\u00e1ch c\u00e0 ph\u00ea s\u1edbm, b\u1eefa s\u00e1ng nhanh g\u1ecdn ho\u1eb7c b\u1eefa t\u1ed1i \u0111\u00e1ng nh\u1edb c\u00f9ng b\u1ea1n b\u00e8.<\/p>\n<p>D\u00f9 b\u1ea1n b\u1eaft \u0111\u1ea7u ng\u00e0y m\u1edbi hay k\u1ebft th\u00fac m\u1ed9t ng\u00e0y d\u00e0i t\u1ea1i \u0111\u00e2y, h\u00e3y l\u00e0m ng\u1ea1c nhi\u00ean v\u00e0 \u0111\u00e1nh th\u1ee9c v\u1ecb gi\u00e1c c\u1ee7a b\u1ea1n t\u1ea1i &#8220;XUA &amp; NAY&#8221;.<\/p>\n","protected":false},"excerpt":{"rendered":"<p>\u0110\u1ebfn v\u1edbi Wafaifo Resort Hoi An, b\u1ea1n s\u1ebd \u0111\u01b0\u1ee3c tr\u1ea3i nghi\u1ec7m kh\u00f4ng gian bistro \u0111\u1ea7y phong c\u00e1ch t\u1ea1i nh\u00e0 h\u00e0ng XUA &amp; NAY (\u201cX\u01b0a v\u00e0 Nay\u201d), n\u01a1i b\u1ea1n c\u00f3 th\u1ec3 th\u01b0 gi\u00e3n v\u00e0 th\u01b0\u1edfng th\u1ee9c nh\u1eefng m\u00f3n \u0103n \u0111a d\u1ea1ng t\u1eeb c\u00e1c v\u00f9ng mi\u1ec1n. H\u00f2a m\u00ecnh v\u00e0o b\u1ea7u kh\u00f4ng kh\u00ed vui v\u1ebb v\u00e0 s\u00f4i \u0111\u1ed9ng, [&hellip;]<\/p>\n","protected":false},"author":5,"featured_media":781,"parent":513,"menu_order":0,"comment_status":"closed","ping_status":"closed","template":"template-single-restaurant.php","meta":{"footnotes":""},"yoast_head":"<!-- This site is optimized with the Yoast SEO plugin v22.3 - https:\/\/yoast.com\/wordpress\/plugins\/seo\/ -->\n<title>XUA &amp; NAY - Wafaifo Resort Hoi An<\/title>\n<meta name=\"description\" content=\"XUA &amp; NAY - Nh\u00e0 h\u00e0ng &quot;Bistro&quot; hi\u1ec7n \u0111\u1ea1i s\u1edf h\u1eefu l\u00f2 n\u01b0\u1edbng than Josper duy nh\u1ea5t t\u1ea1i mi\u1ec1n Trung Vi\u1ec7t Nam l\u00e0 m\u1ed9t kh\u00f4ng gian m\u1edf m\u1eddi m\u1ecdi ng\u01b0\u1eddi \u0111\u1ebfn th\u01b0\u1edfng th\u1ee9c m\u1ed9t t\u00e1ch c\u00e0 ph\u00ea s\u1edbm, b\u1eefa s\u00e1ng nhanh g\u1ecdn ho\u1eb7c b\u1eefa t\u1ed1i \u0111\u00e1ng nh\u1edb c\u00f9ng b\u1ea1n b\u00e8.\" \/>\n<meta name=\"robots\" content=\"index, follow, max-snippet:-1, max-image-preview:large, max-video-preview:-1\" \/>\n<link rel=\"canonical\" href=\"https:\/\/www.wafaifo.com\/vi\/am-thuc\/xua-nay\/\" \/>\n<meta property=\"og:locale\" content=\"vi_VN\" \/>\n<meta property=\"og:type\" content=\"article\" \/>\n<meta property=\"og:title\" content=\"XUA &amp; NAY - Wafaifo Resort Hoi An\" \/>\n<meta property=\"og:description\" content=\"XUA &amp; NAY - Nh\u00e0 h\u00e0ng &quot;Bistro&quot; hi\u1ec7n \u0111\u1ea1i s\u1edf h\u1eefu l\u00f2 n\u01b0\u1edbng than Josper duy nh\u1ea5t t\u1ea1i mi\u1ec1n Trung Vi\u1ec7t Nam l\u00e0 m\u1ed9t kh\u00f4ng gian m\u1edf m\u1eddi m\u1ecdi ng\u01b0\u1eddi \u0111\u1ebfn th\u01b0\u1edfng th\u1ee9c m\u1ed9t t\u00e1ch c\u00e0 ph\u00ea s\u1edbm, b\u1eefa s\u00e1ng nhanh g\u1ecdn ho\u1eb7c b\u1eefa t\u1ed1i \u0111\u00e1ng nh\u1edb c\u00f9ng b\u1ea1n b\u00e8.\" \/>\n<meta property=\"og:url\" content=\"https:\/\/www.wafaifo.com\/vi\/am-thuc\/xua-nay\/\" \/>\n<meta property=\"og:site_name\" content=\"Wafaifo Resort Hoi An\" \/>\n<meta property=\"article:modified_time\" content=\"2026-03-13T04:53:10+00:00\" \/>\n<meta property=\"og:image\" content=\"https:\/\/www.wafaifo.com\/wp-content\/uploads\/sites\/13\/2024\/10\/Xua_Nay_1-1024x683.jpg\" \/>\n\t<meta property=\"og:image:width\" content=\"1024\" \/>\n\t<meta property=\"og:image:height\" content=\"683\" \/>\n\t<meta property=\"og:image:type\" content=\"image\/jpeg\" \/>\n<meta name=\"twitter:card\" content=\"summary_large_image\" \/>\n<meta name=\"twitter:label1\" content=\"Est. reading time\" \/>\n\t<meta name=\"twitter:data1\" content=\"2 minutes\" \/>\n<script type=\"application\/ld+json\" class=\"yoast-schema-graph\">{\"@context\":\"https:\/\/schema.org\",\"@graph\":[{\"@type\":\"WebPage\",\"@id\":\"https:\/\/www.wafaifo.com\/vi\/am-thuc\/xua-nay\/\",\"url\":\"https:\/\/www.wafaifo.com\/vi\/am-thuc\/xua-nay\/\",\"name\":\"XUA &amp; NAY - Wafaifo Resort Hoi An\",\"isPartOf\":{\"@id\":\"https:\/\/www.wafaifo.com\/vi\/#website\"},\"primaryImageOfPage\":{\"@id\":\"https:\/\/www.wafaifo.com\/vi\/am-thuc\/xua-nay\/#primaryimage\"},\"image\":{\"@id\":\"https:\/\/www.wafaifo.com\/vi\/am-thuc\/xua-nay\/#primaryimage\"},\"thumbnailUrl\":\"https:\/\/www.wafaifo.com\/wp-content\/uploads\/sites\/13\/2024\/10\/Xua_Nay_1.jpg\",\"datePublished\":\"2023-08-16T02:29:58+00:00\",\"dateModified\":\"2026-03-13T04:53:10+00:00\",\"description\":\"XUA &amp; NAY - Nh\u00e0 h\u00e0ng \\\"Bistro\\\" hi\u1ec7n \u0111\u1ea1i s\u1edf h\u1eefu l\u00f2 n\u01b0\u1edbng than Josper duy nh\u1ea5t t\u1ea1i mi\u1ec1n Trung Vi\u1ec7t Nam l\u00e0 m\u1ed9t kh\u00f4ng gian m\u1edf m\u1eddi m\u1ecdi ng\u01b0\u1eddi \u0111\u1ebfn th\u01b0\u1edfng th\u1ee9c m\u1ed9t t\u00e1ch c\u00e0 ph\u00ea s\u1edbm, b\u1eefa s\u00e1ng nhanh g\u1ecdn ho\u1eb7c b\u1eefa t\u1ed1i \u0111\u00e1ng nh\u1edb c\u00f9ng b\u1ea1n b\u00e8.\",\"breadcrumb\":{\"@id\":\"https:\/\/www.wafaifo.com\/vi\/am-thuc\/xua-nay\/#breadcrumb\"},\"inLanguage\":\"vi-VN\",\"potentialAction\":[{\"@type\":\"ReadAction\",\"target\":[\"https:\/\/www.wafaifo.com\/vi\/am-thuc\/xua-nay\/\"]}]},{\"@type\":\"ImageObject\",\"inLanguage\":\"vi-VN\",\"@id\":\"https:\/\/www.wafaifo.com\/vi\/am-thuc\/xua-nay\/#primaryimage\",\"url\":\"https:\/\/www.wafaifo.com\/wp-content\/uploads\/sites\/13\/2024\/10\/Xua_Nay_1.jpg\",\"contentUrl\":\"https:\/\/www.wafaifo.com\/wp-content\/uploads\/sites\/13\/2024\/10\/Xua_Nay_1.jpg\",\"width\":8192,\"height\":5464},{\"@type\":\"BreadcrumbList\",\"@id\":\"https:\/\/www.wafaifo.com\/vi\/am-thuc\/xua-nay\/#breadcrumb\",\"itemListElement\":[{\"@type\":\"ListItem\",\"position\":1,\"name\":\"Home\",\"item\":\"https:\/\/www.wafaifo.com\/vi\/\"},{\"@type\":\"ListItem\",\"position\":2,\"name\":\"\u1ea8m Th\u1ef1c\",\"item\":\"https:\/\/www.wafaifo.com\/vi\/am-thuc\/\"},{\"@type\":\"ListItem\",\"position\":3,\"name\":\"XUA &amp; NAY\"}]},{\"@type\":\"WebSite\",\"@id\":\"https:\/\/www.wafaifo.com\/vi\/#website\",\"url\":\"https:\/\/www.wafaifo.com\/vi\/\",\"name\":\"Wafaifo Resort Hoi An\",\"description\":\"\",\"potentialAction\":[{\"@type\":\"SearchAction\",\"target\":{\"@type\":\"EntryPoint\",\"urlTemplate\":\"https:\/\/www.wafaifo.com\/vi\/?s={search_term_string}\"},\"query-input\":\"required name=search_term_string\"}],\"inLanguage\":\"vi-VN\"}]}<\/script>\n<!-- \/ Yoast SEO plugin. -->","yoast_head_json":{"title":"XUA &amp; NAY - Wafaifo Resort Hoi An","description":"XUA &amp; NAY - Nh\u00e0 h\u00e0ng \"Bistro\" hi\u1ec7n \u0111\u1ea1i s\u1edf h\u1eefu l\u00f2 n\u01b0\u1edbng than Josper duy nh\u1ea5t t\u1ea1i mi\u1ec1n Trung Vi\u1ec7t Nam l\u00e0 m\u1ed9t kh\u00f4ng gian m\u1edf m\u1eddi m\u1ecdi ng\u01b0\u1eddi \u0111\u1ebfn th\u01b0\u1edfng th\u1ee9c m\u1ed9t t\u00e1ch c\u00e0 ph\u00ea s\u1edbm, b\u1eefa s\u00e1ng nhanh g\u1ecdn ho\u1eb7c b\u1eefa t\u1ed1i \u0111\u00e1ng nh\u1edb c\u00f9ng b\u1ea1n b\u00e8.","robots":{"index":"index","follow":"follow","max-snippet":"max-snippet:-1","max-image-preview":"max-image-preview:large","max-video-preview":"max-video-preview:-1"},"canonical":"https:\/\/www.wafaifo.com\/vi\/am-thuc\/xua-nay\/","og_locale":"vi_VN","og_type":"article","og_title":"XUA &amp; NAY - Wafaifo Resort Hoi An","og_description":"XUA &amp; NAY - Nh\u00e0 h\u00e0ng \"Bistro\" hi\u1ec7n \u0111\u1ea1i s\u1edf h\u1eefu l\u00f2 n\u01b0\u1edbng than Josper duy nh\u1ea5t t\u1ea1i mi\u1ec1n Trung Vi\u1ec7t Nam l\u00e0 m\u1ed9t kh\u00f4ng gian m\u1edf m\u1eddi m\u1ecdi ng\u01b0\u1eddi \u0111\u1ebfn th\u01b0\u1edfng th\u1ee9c m\u1ed9t t\u00e1ch c\u00e0 ph\u00ea s\u1edbm, b\u1eefa s\u00e1ng nhanh g\u1ecdn ho\u1eb7c b\u1eefa t\u1ed1i \u0111\u00e1ng nh\u1edb c\u00f9ng b\u1ea1n b\u00e8.","og_url":"https:\/\/www.wafaifo.com\/vi\/am-thuc\/xua-nay\/","og_site_name":"Wafaifo Resort Hoi An","article_modified_time":"2026-03-13T04:53:10+00:00","og_image":[{"width":1024,"height":683,"url":"https:\/\/www.wafaifo.com\/wp-content\/uploads\/sites\/13\/2024\/10\/Xua_Nay_1-1024x683.jpg","type":"image\/jpeg"}],"twitter_card":"summary_large_image","twitter_misc":{"Est. reading time":"2 minutes"},"schema":{"@context":"https:\/\/schema.org","@graph":[{"@type":"WebPage","@id":"https:\/\/www.wafaifo.com\/vi\/am-thuc\/xua-nay\/","url":"https:\/\/www.wafaifo.com\/vi\/am-thuc\/xua-nay\/","name":"XUA &amp; NAY - Wafaifo Resort Hoi An","isPartOf":{"@id":"https:\/\/www.wafaifo.com\/vi\/#website"},"primaryImageOfPage":{"@id":"https:\/\/www.wafaifo.com\/vi\/am-thuc\/xua-nay\/#primaryimage"},"image":{"@id":"https:\/\/www.wafaifo.com\/vi\/am-thuc\/xua-nay\/#primaryimage"},"thumbnailUrl":"https:\/\/www.wafaifo.com\/wp-content\/uploads\/sites\/13\/2024\/10\/Xua_Nay_1.jpg","datePublished":"2023-08-16T02:29:58+00:00","dateModified":"2026-03-13T04:53:10+00:00","description":"XUA &amp; NAY - Nh\u00e0 h\u00e0ng \"Bistro\" hi\u1ec7n \u0111\u1ea1i s\u1edf h\u1eefu l\u00f2 n\u01b0\u1edbng than Josper duy nh\u1ea5t t\u1ea1i mi\u1ec1n Trung Vi\u1ec7t Nam l\u00e0 m\u1ed9t kh\u00f4ng gian m\u1edf m\u1eddi m\u1ecdi ng\u01b0\u1eddi \u0111\u1ebfn th\u01b0\u1edfng th\u1ee9c m\u1ed9t t\u00e1ch c\u00e0 ph\u00ea s\u1edbm, b\u1eefa s\u00e1ng nhanh g\u1ecdn ho\u1eb7c b\u1eefa t\u1ed1i \u0111\u00e1ng nh\u1edb c\u00f9ng b\u1ea1n b\u00e8.","breadcrumb":{"@id":"https:\/\/www.wafaifo.com\/vi\/am-thuc\/xua-nay\/#breadcrumb"},"inLanguage":"vi-VN","potentialAction":[{"@type":"ReadAction","target":["https:\/\/www.wafaifo.com\/vi\/am-thuc\/xua-nay\/"]}]},{"@type":"ImageObject","inLanguage":"vi-VN","@id":"https:\/\/www.wafaifo.com\/vi\/am-thuc\/xua-nay\/#primaryimage","url":"https:\/\/www.wafaifo.com\/wp-content\/uploads\/sites\/13\/2024\/10\/Xua_Nay_1.jpg","contentUrl":"https:\/\/www.wafaifo.com\/wp-content\/uploads\/sites\/13\/2024\/10\/Xua_Nay_1.jpg","width":8192,"height":5464},{"@type":"BreadcrumbList","@id":"https:\/\/www.wafaifo.com\/vi\/am-thuc\/xua-nay\/#breadcrumb","itemListElement":[{"@type":"ListItem","position":1,"name":"Home","item":"https:\/\/www.wafaifo.com\/vi\/"},{"@type":"ListItem","position":2,"name":"\u1ea8m Th\u1ef1c","item":"https:\/\/www.wafaifo.com\/vi\/am-thuc\/"},{"@type":"ListItem","position":3,"name":"XUA &amp; NAY"}]},{"@type":"WebSite","@id":"https:\/\/www.wafaifo.com\/vi\/#website","url":"https:\/\/www.wafaifo.com\/vi\/","name":"Wafaifo Resort Hoi An","description":"","potentialAction":[{"@type":"SearchAction","target":{"@type":"EntryPoint","urlTemplate":"https:\/\/www.wafaifo.com\/vi\/?s={search_term_string}"},"query-input":"required name=search_term_string"}],"inLanguage":"vi-VN"}]}},"acf":[],"_links":{"self":[{"href":"https:\/\/www.wafaifo.com\/vi\/wp-json\/wp\/v2\/pages\/525"}],"collection":[{"href":"https:\/\/www.wafaifo.com\/vi\/wp-json\/wp\/v2\/pages"}],"about":[{"href":"https:\/\/www.wafaifo.com\/vi\/wp-json\/wp\/v2\/types\/page"}],"author":[{"embeddable":true,"href":"https:\/\/www.wafaifo.com\/vi\/wp-json\/wp\/v2\/users\/5"}],"replies":[{"embeddable":true,"href":"https:\/\/www.wafaifo.com\/vi\/wp-json\/wp\/v2\/comments?post=525"}],"version-history":[{"count":0,"href":"https:\/\/www.wafaifo.com\/vi\/wp-json\/wp\/v2\/pages\/525\/revisions"}],"up":[{"embeddable":true,"href":"https:\/\/www.wafaifo.com\/vi\/wp-json\/wp\/v2\/pages\/513"}],"wp:featuredmedia":[{"embeddable":true,"href":"https:\/\/www.wafaifo.com\/vi\/wp-json\/wp\/v2\/media\/781"}],"wp:attachment":[{"href":"https:\/\/www.wafaifo.com\/vi\/wp-json\/wp\/v2\/media?parent=525"}],"curies":[{"name":"wp","href":"https:\/\/api.w.org\/{rel}","templated":true}]}}