    {"id":529,"date":"2024-01-29T08:02:57","date_gmt":"2024-01-29T08:02:57","guid":{"rendered":"https:\/\/www.wafaifo.com\/nha-hang-va-quay-bar\/coi-nguon-origin\/"},"modified":"2026-01-09T09:09:02","modified_gmt":"2026-01-09T09:09:02","slug":"coi-nguon-origin","status":"publish","type":"page","link":"https:\/\/www.wafaifo.com\/vi\/am-thuc\/coi-nguon-origin\/","title":{"rendered":"COI NGUON"},"content":{"rendered":"<p>Ch\u00e0o m\u1eebng qu\u00fd kh\u00e1ch \u0111\u1ebfn v\u1edbi nh\u00e0 h\u00e0ng <strong>COI NGUON<\/strong>, n\u01a1i mang \u0111\u1ebfn tr\u1ea3i nghi\u1ec7m \u1ea9m th\u1ef1c Vi\u1ec7t Nam tinh t\u1ebf, hi\u1ec7n \u0111\u1ea1i v\u00e0 \u0111\u1ea7y kh\u00e1c bi\u1ec7t t\u1ea1i mi\u1ec1n Trung Vi\u1ec7t Nam.<\/p>\n<p>T\u1ea1i COI NGUON &#8211; \u0111i\u1ec3m \u0111\u1ebfn v\u0103n h\u00f3a \u0111\u1ed9c \u0111\u00e1o, ch\u00fang t\u00f4i kh\u00f4ng ng\u1eebng s\u00e1ng t\u1ea1o \u0111\u1ec3 t\u00e1i hi\u1ec7n b\u1ea3n s\u1eafc v\u00e0 di s\u1ea3n v\u0103n h\u00f3a m\u1ed9t c\u00e1ch ch\u00e2n th\u1ef1c nh\u1ea5t. Kh\u00f4ng gian n\u1ed9i th\u1ea5t \u0111\u01b0\u1ee3c thi\u1ebft k\u1ebf d\u1ef1a tr\u00ean l\u1ecbch s\u1eed phong ph\u00fa, ph\u1ea3n \u00e1nh s\u1ef1 ph\u1ed3n vinh v\u00e0 kh\u00e1t v\u1ecdng c\u1ee7a H\u1ed9i An. \u0110i\u1ec1u n\u00e0y t\u1ea1o n\u00ean m\u1ed9t kh\u00f4ng gian \u1ea9m th\u1ef1c Vi\u1ec7t Nam \u0111\u00e1ng nh\u1edb, g\u1ea7n g\u0169i nh\u01b0ng v\u1eabn to\u00e1t l\u00ean n\u00e9t hi\u1ec7n \u0111\u1ea1i, k\u1ebft h\u1ee3p v\u1edbi d\u1ecbch v\u1ee5 pha ch\u1ebf t\u1ea1i qu\u1ea7y bar tuy\u1ec7t v\u1eddi.<\/p>\n<p>T\u1ea5t c\u1ea3 nguy\u00ean li\u1ec7u trong b\u1ebfp \u0111\u1ec1u \u0111\u01b0\u1ee3c ch\u1ecdn l\u1ecdc t\u1eeb ngu\u1ed3n g\u1ed1c \u0111\u1ecba ph\u01b0\u01a1ng. Ch\u00fang t\u00f4i t\u1ef1 h\u00e0o v\u1ec1 s\u1ef1 tinh t\u1ebf, thanh l\u1ecbch v\u00e0 d\u1ecbch v\u1ee5 c\u00e1 nh\u00e2n h\u00f3a.<\/p>\n<p>N\u1ebfu qu\u00fd kh\u00e1ch \u0111ang t\u00ecm ki\u1ebfm tr\u1ea3i nghi\u1ec7m \u1ea9m th\u1ef1c \u0111\u1eb3ng c\u1ea5p v\u1edbi h\u01b0\u01a1ng v\u1ecb Vi\u1ec7t theo phong c\u00e1ch hi\u1ec7n \u0111\u1ea1i, h\u00e3y b\u1eaft \u0111\u1ea7u h\u00e0nh tr\u00ecnh t\u1ea1i nh\u00e0 h\u00e0ng COI NGUON c\u1ee7a ch\u00fang t\u00f4i.<\/p>\n","protected":false},"excerpt":{"rendered":"<p>Ch\u00e0o m\u1eebng qu\u00fd kh\u00e1ch \u0111\u1ebfn v\u1edbi nh\u00e0 h\u00e0ng COI NGUON, n\u01a1i mang \u0111\u1ebfn tr\u1ea3i nghi\u1ec7m \u1ea9m th\u1ef1c Vi\u1ec7t Nam tinh t\u1ebf, hi\u1ec7n \u0111\u1ea1i v\u00e0 \u0111\u1ea7y kh\u00e1c bi\u1ec7t t\u1ea1i mi\u1ec1n Trung Vi\u1ec7t Nam. T\u1ea1i COI NGUON &#8211; \u0111i\u1ec3m \u0111\u1ebfn v\u0103n h\u00f3a \u0111\u1ed9c \u0111\u00e1o, ch\u00fang t\u00f4i kh\u00f4ng ng\u1eebng s\u00e1ng t\u1ea1o \u0111\u1ec3 t\u00e1i hi\u1ec7n b\u1ea3n s\u1eafc v\u00e0 di [&hellip;]<\/p>\n","protected":false},"author":5,"featured_media":4095,"parent":513,"menu_order":0,"comment_status":"closed","ping_status":"closed","template":"template-single-restaurant.php","meta":{"footnotes":""},"yoast_head":"<!-- This site is optimized with the Yoast SEO plugin v22.3 - https:\/\/yoast.com\/wordpress\/plugins\/seo\/ -->\n<title>COI NGUON - Wafaifo Resort Hoi An<\/title>\n<meta name=\"description\" content=\"COI NGUON - Welcome to COI NGUON (Origin), a beautiful and contemporary Vietnamese dining experience unmatched in central Vietnam.\" \/>\n<meta name=\"robots\" content=\"index, follow, max-snippet:-1, max-image-preview:large, max-video-preview:-1\" \/>\n<link rel=\"canonical\" href=\"https:\/\/www.wafaifo.com\/vi\/am-thuc\/coi-nguon-origin\/\" \/>\n<meta property=\"og:locale\" content=\"vi_VN\" \/>\n<meta property=\"og:type\" content=\"article\" \/>\n<meta property=\"og:title\" content=\"COI NGUON - Wafaifo Resort Hoi An\" \/>\n<meta property=\"og:description\" content=\"COI NGUON - Welcome to COI NGUON (Origin), a beautiful and contemporary Vietnamese dining experience unmatched in central Vietnam.\" \/>\n<meta property=\"og:url\" content=\"https:\/\/www.wafaifo.com\/vi\/am-thuc\/coi-nguon-origin\/\" \/>\n<meta property=\"og:site_name\" content=\"Wafaifo Resort Hoi An\" \/>\n<meta property=\"article:modified_time\" content=\"2026-01-09T09:09:02+00:00\" \/>\n<meta property=\"og:image\" content=\"https:\/\/www.wafaifo.com\/wp-content\/uploads\/sites\/13\/2025\/12\/Coi-Nguon-2.jpg\" \/>\n\t<meta property=\"og:image:width\" content=\"2560\" \/>\n\t<meta property=\"og:image:height\" content=\"1707\" \/>\n\t<meta property=\"og:image:type\" content=\"image\/jpeg\" \/>\n<meta name=\"twitter:card\" content=\"summary_large_image\" \/>\n<meta name=\"twitter:label1\" content=\"Est. reading time\" \/>\n\t<meta name=\"twitter:data1\" content=\"2 minutes\" \/>\n<script type=\"application\/ld+json\" class=\"yoast-schema-graph\">{\"@context\":\"https:\/\/schema.org\",\"@graph\":[{\"@type\":\"WebPage\",\"@id\":\"https:\/\/www.wafaifo.com\/vi\/am-thuc\/coi-nguon-origin\/\",\"url\":\"https:\/\/www.wafaifo.com\/vi\/am-thuc\/coi-nguon-origin\/\",\"name\":\"COI NGUON - Wafaifo Resort Hoi An\",\"isPartOf\":{\"@id\":\"https:\/\/www.wafaifo.com\/vi\/#website\"},\"primaryImageOfPage\":{\"@id\":\"https:\/\/www.wafaifo.com\/vi\/am-thuc\/coi-nguon-origin\/#primaryimage\"},\"image\":{\"@id\":\"https:\/\/www.wafaifo.com\/vi\/am-thuc\/coi-nguon-origin\/#primaryimage\"},\"thumbnailUrl\":\"https:\/\/www.wafaifo.com\/wp-content\/uploads\/sites\/13\/2025\/12\/Coi-Nguon-2.jpg\",\"datePublished\":\"2024-01-29T08:02:57+00:00\",\"dateModified\":\"2026-01-09T09:09:02+00:00\",\"description\":\"COI NGUON - Welcome to COI NGUON (Origin), a beautiful and contemporary Vietnamese dining experience unmatched in central Vietnam.\",\"breadcrumb\":{\"@id\":\"https:\/\/www.wafaifo.com\/vi\/am-thuc\/coi-nguon-origin\/#breadcrumb\"},\"inLanguage\":\"vi-VN\",\"potentialAction\":[{\"@type\":\"ReadAction\",\"target\":[\"https:\/\/www.wafaifo.com\/vi\/am-thuc\/coi-nguon-origin\/\"]}]},{\"@type\":\"ImageObject\",\"inLanguage\":\"vi-VN\",\"@id\":\"https:\/\/www.wafaifo.com\/vi\/am-thuc\/coi-nguon-origin\/#primaryimage\",\"url\":\"https:\/\/www.wafaifo.com\/wp-content\/uploads\/sites\/13\/2025\/12\/Coi-Nguon-2.jpg\",\"contentUrl\":\"https:\/\/www.wafaifo.com\/wp-content\/uploads\/sites\/13\/2025\/12\/Coi-Nguon-2.jpg\",\"width\":2560,\"height\":1707},{\"@type\":\"BreadcrumbList\",\"@id\":\"https:\/\/www.wafaifo.com\/vi\/am-thuc\/coi-nguon-origin\/#breadcrumb\",\"itemListElement\":[{\"@type\":\"ListItem\",\"position\":1,\"name\":\"Home\",\"item\":\"https:\/\/www.wafaifo.com\/vi\/\"},{\"@type\":\"ListItem\",\"position\":2,\"name\":\"\u1ea8m Th\u1ef1c\",\"item\":\"https:\/\/www.wafaifo.com\/vi\/am-thuc\/\"},{\"@type\":\"ListItem\",\"position\":3,\"name\":\"COI NGUON\"}]},{\"@type\":\"WebSite\",\"@id\":\"https:\/\/www.wafaifo.com\/vi\/#website\",\"url\":\"https:\/\/www.wafaifo.com\/vi\/\",\"name\":\"Wafaifo Resort Hoi An\",\"description\":\"\",\"potentialAction\":[{\"@type\":\"SearchAction\",\"target\":{\"@type\":\"EntryPoint\",\"urlTemplate\":\"https:\/\/www.wafaifo.com\/vi\/?s={search_term_string}\"},\"query-input\":\"required name=search_term_string\"}],\"inLanguage\":\"vi-VN\"}]}<\/script>\n<!-- \/ Yoast SEO plugin. -->","yoast_head_json":{"title":"COI NGUON - Wafaifo Resort Hoi An","description":"COI NGUON - Welcome to COI NGUON (Origin), a beautiful and contemporary Vietnamese dining experience unmatched in central Vietnam.","robots":{"index":"index","follow":"follow","max-snippet":"max-snippet:-1","max-image-preview":"max-image-preview:large","max-video-preview":"max-video-preview:-1"},"canonical":"https:\/\/www.wafaifo.com\/vi\/am-thuc\/coi-nguon-origin\/","og_locale":"vi_VN","og_type":"article","og_title":"COI NGUON - Wafaifo Resort Hoi An","og_description":"COI NGUON - Welcome to COI NGUON (Origin), a beautiful and contemporary Vietnamese dining experience unmatched in central Vietnam.","og_url":"https:\/\/www.wafaifo.com\/vi\/am-thuc\/coi-nguon-origin\/","og_site_name":"Wafaifo Resort Hoi An","article_modified_time":"2026-01-09T09:09:02+00:00","og_image":[{"width":2560,"height":1707,"url":"https:\/\/www.wafaifo.com\/wp-content\/uploads\/sites\/13\/2025\/12\/Coi-Nguon-2.jpg","type":"image\/jpeg"}],"twitter_card":"summary_large_image","twitter_misc":{"Est. reading time":"2 minutes"},"schema":{"@context":"https:\/\/schema.org","@graph":[{"@type":"WebPage","@id":"https:\/\/www.wafaifo.com\/vi\/am-thuc\/coi-nguon-origin\/","url":"https:\/\/www.wafaifo.com\/vi\/am-thuc\/coi-nguon-origin\/","name":"COI NGUON - Wafaifo Resort Hoi An","isPartOf":{"@id":"https:\/\/www.wafaifo.com\/vi\/#website"},"primaryImageOfPage":{"@id":"https:\/\/www.wafaifo.com\/vi\/am-thuc\/coi-nguon-origin\/#primaryimage"},"image":{"@id":"https:\/\/www.wafaifo.com\/vi\/am-thuc\/coi-nguon-origin\/#primaryimage"},"thumbnailUrl":"https:\/\/www.wafaifo.com\/wp-content\/uploads\/sites\/13\/2025\/12\/Coi-Nguon-2.jpg","datePublished":"2024-01-29T08:02:57+00:00","dateModified":"2026-01-09T09:09:02+00:00","description":"COI NGUON - Welcome to COI NGUON (Origin), a beautiful and contemporary Vietnamese dining experience unmatched in central Vietnam.","breadcrumb":{"@id":"https:\/\/www.wafaifo.com\/vi\/am-thuc\/coi-nguon-origin\/#breadcrumb"},"inLanguage":"vi-VN","potentialAction":[{"@type":"ReadAction","target":["https:\/\/www.wafaifo.com\/vi\/am-thuc\/coi-nguon-origin\/"]}]},{"@type":"ImageObject","inLanguage":"vi-VN","@id":"https:\/\/www.wafaifo.com\/vi\/am-thuc\/coi-nguon-origin\/#primaryimage","url":"https:\/\/www.wafaifo.com\/wp-content\/uploads\/sites\/13\/2025\/12\/Coi-Nguon-2.jpg","contentUrl":"https:\/\/www.wafaifo.com\/wp-content\/uploads\/sites\/13\/2025\/12\/Coi-Nguon-2.jpg","width":2560,"height":1707},{"@type":"BreadcrumbList","@id":"https:\/\/www.wafaifo.com\/vi\/am-thuc\/coi-nguon-origin\/#breadcrumb","itemListElement":[{"@type":"ListItem","position":1,"name":"Home","item":"https:\/\/www.wafaifo.com\/vi\/"},{"@type":"ListItem","position":2,"name":"\u1ea8m Th\u1ef1c","item":"https:\/\/www.wafaifo.com\/vi\/am-thuc\/"},{"@type":"ListItem","position":3,"name":"COI NGUON"}]},{"@type":"WebSite","@id":"https:\/\/www.wafaifo.com\/vi\/#website","url":"https:\/\/www.wafaifo.com\/vi\/","name":"Wafaifo Resort Hoi An","description":"","potentialAction":[{"@type":"SearchAction","target":{"@type":"EntryPoint","urlTemplate":"https:\/\/www.wafaifo.com\/vi\/?s={search_term_string}"},"query-input":"required name=search_term_string"}],"inLanguage":"vi-VN"}]}},"acf":[],"_links":{"self":[{"href":"https:\/\/www.wafaifo.com\/vi\/wp-json\/wp\/v2\/pages\/529"}],"collection":[{"href":"https:\/\/www.wafaifo.com\/vi\/wp-json\/wp\/v2\/pages"}],"about":[{"href":"https:\/\/www.wafaifo.com\/vi\/wp-json\/wp\/v2\/types\/page"}],"author":[{"embeddable":true,"href":"https:\/\/www.wafaifo.com\/vi\/wp-json\/wp\/v2\/users\/5"}],"replies":[{"embeddable":true,"href":"https:\/\/www.wafaifo.com\/vi\/wp-json\/wp\/v2\/comments?post=529"}],"version-history":[{"count":0,"href":"https:\/\/www.wafaifo.com\/vi\/wp-json\/wp\/v2\/pages\/529\/revisions"}],"up":[{"embeddable":true,"href":"https:\/\/www.wafaifo.com\/vi\/wp-json\/wp\/v2\/pages\/513"}],"wp:featuredmedia":[{"embeddable":true,"href":"https:\/\/www.wafaifo.com\/vi\/wp-json\/wp\/v2\/media\/4095"}],"wp:attachment":[{"href":"https:\/\/www.wafaifo.com\/vi\/wp-json\/wp\/v2\/media?parent=529"}],"curies":[{"name":"wp","href":"https:\/\/api.w.org\/{rel}","templated":true}]}}