    {"id":532,"date":"2024-01-29T08:03:57","date_gmt":"2024-01-29T08:03:57","guid":{"rendered":"https:\/\/www.wafaifo.com\/nha-hang-va-quay-bar\/bang-huu\/"},"modified":"2026-03-26T03:28:59","modified_gmt":"2026-03-26T03:28:59","slug":"bang-huu","status":"publish","type":"page","link":"https:\/\/www.wafaifo.com\/vi\/am-thuc\/bang-huu\/","title":{"rendered":"BANG HUU"},"content":{"rendered":"<p>B\u1ea5t k\u1ec3 th\u1eddi gian n\u00e0o trong ng\u00e0y, h\u00e3y gh\u00e9 qua BANG HUU &#8211; qu\u00e1n c\u00e0 ph\u00ea kh\u00f4ng nh\u1eefng d\u00e0nh cho kh\u00e1ch du l\u1ecbch m\u00e0 c\u00f2n cho ng\u01b0\u1eddi d\u00e2n \u0111\u1ecba ph\u01b0\u01a1ng v\u1edbi nh\u1eefng m\u00f3n \u0103n, th\u1ee9c u\u1ed1ng h\u1ea3o h\u1ea1ng c\u00f9ng kh\u00f4ng gian th\u01b0 gi\u00e3n \u0111\u1ed9c \u0111\u00e1o, n\u01a1i mang \u0111\u1ebfn h\u01b0\u01a1ng v\u1ecb robusta v\u00e0 arabica \u0111\u1ed9c \u0111\u00e1o kh\u00f3 c\u00f3 th\u1ec3 t\u00ecm \u0111\u01b0\u1ee3c \u1edf n\u01a1i n\u00e0o kh\u00e1c t\u1ea1i H\u1ed9i An.<\/p>\n<p>Th\u01b0 gi\u00e3n v\u1edbi c\u00e1c lo\u1ea1i c\u00e0 ph\u00ea rang xay \u0111\u01b0\u1ee3c pha ch\u1ebf theo y\u00eau c\u1ea7u nh\u01b0 n\u00f3ng, \u0111\u00e1, ki\u1ec3u tinh t\u1ebf hay \u0111\u1ea7y s\u00e1ng t\u1ea1o, \u0111\u01b0\u1ee3c ph\u1ee5c v\u1ee5 c\u00f9ng v\u1edbi c\u00e1c m\u00f3n b\u00e1nh ng\u1ecdt qua tay ngh\u1ec1 t\u00e0i hoa c\u1ee7a B\u1ebfp tr\u01b0\u1edfng b\u1ebfp b\u00e1nh. Du kh\u00e1ch c\u00f2n c\u00f3 th\u1ec3 th\u01b0\u1edfng th\u1ee9c th\u1ef1c \u0111\u01a1n Bento phong ph\u00fa v\u1edbi h\u01b0\u01a1ng v\u1ecb \u0111\u1eb7c tr\u01b0ng c\u1ee7a nhi\u1ec1u qu\u1ed1c gia mang \u0111\u1ebfn m\u1ed9t tr\u1ea3i nghi\u1ec7m \u1ea9m th\u1ef1c kh\u00f4ng th\u1ec3 b\u1ecf qua.<\/p>\n<p>B\u00ean c\u1ea1nh \u0111\u00f3, BANG HUU c\u0169ng ph\u1ee5c v\u1ee5 \u0111a d\u1ea1ng c\u00e1c lo\u1ea1i tr\u00e0 th\u1ea3o m\u1ed9c h\u1ea3o h\u1ea1ng v\u00e0 nh\u1eefng m\u00f3n \u0103n \u0111\u01b0\u1ee3c y\u00eau th\u00edch.<\/p>\n<p>G\u1eb7p g\u1ee1 v\u00e0 th\u01b0 gi\u00e3n c\u00f9ng nh\u1eefng ng\u01b0\u1eddi b\u1eb1ng h\u1eefu v\u00e0 chi\u00eam ng\u01b0\u1ee1ng v\u1ebb \u0111\u1eb9p l\u1ea5p l\u00e1nh c\u1ee7a \u0111\u00e0i phun n\u01b0\u1edbc. Th\u01b0\u1edfng th\u1ee9c th\u1ee9c u\u1ed1ng th\u01a1m ngon c\u00f9ng b\u00e1nh ng\u1ecdt v\u00e0 s\u00f4-c\u00f4-la &#8220;nh\u00e0 l\u00e0m&#8221; s\u1ebd l\u00e0 m\u1ed9t tr\u1ea3i nghi\u1ec7m \u0111\u1ed9c \u0111\u00e1o kh\u00f3 qu\u00ean.<\/p>\n<p>T\u1ea1i BANG HUU, du kh\u00e1ch c\u00f2n c\u00f3 th\u1ec3 ch\u1ecdn mua nh\u1eefng m\u00f3n ngon l\u00e0m qu\u00e0 t\u1eb7ng \u0111\u1ebfn b\u1ea1n b\u00e8, gia \u0111\u00ecnh v\u00e0 \u0111\u1ed3ng nghi\u1ec7p.<\/p>\n","protected":false},"excerpt":{"rendered":"<p>B\u1ea5t k\u1ec3 th\u1eddi gian n\u00e0o trong ng\u00e0y, h\u00e3y gh\u00e9 qua BANG HUU &#8211; qu\u00e1n c\u00e0 ph\u00ea kh\u00f4ng nh\u1eefng d\u00e0nh cho kh\u00e1ch du l\u1ecbch m\u00e0 c\u00f2n cho ng\u01b0\u1eddi d\u00e2n \u0111\u1ecba ph\u01b0\u01a1ng v\u1edbi nh\u1eefng m\u00f3n \u0103n, th\u1ee9c u\u1ed1ng h\u1ea3o h\u1ea1ng c\u00f9ng kh\u00f4ng gian th\u01b0 gi\u00e3n \u0111\u1ed9c \u0111\u00e1o, n\u01a1i mang \u0111\u1ebfn h\u01b0\u01a1ng v\u1ecb robusta v\u00e0 arabica \u0111\u1ed9c \u0111\u00e1o [&hellip;]<\/p>\n","protected":false},"author":5,"featured_media":814,"parent":513,"menu_order":0,"comment_status":"closed","ping_status":"closed","template":"template-single-restaurant.php","meta":{"footnotes":""},"yoast_head":"<!-- This site is optimized with the Yoast SEO plugin v22.3 - https:\/\/yoast.com\/wordpress\/plugins\/seo\/ -->\n<title>BANG HUU | Tr\u1ea3i Nghi\u1ec7m C\u00e0 Ph\u00ea Rang Xay \u0110\u1ed9c \u0110\u00e1o t\u1ea1i H\u1ed9i An<\/title>\n<meta name=\"description\" content=\"BANG HUU t\u1ea1i Wafaifo Resort Hoi An ph\u1ee5c v\u1ee5 c\u00e0 ph\u00ea rang xay, b\u1eefa s\u00e1ng, b\u00e1nh ng\u1ecdt v\u00e0 socola th\u1ee7 c\u00f4ng, v\u1edbi ch\u1ed7 ng\u1ed3i ngo\u00e0i hi\u00ean nh\u00ecn ra \u0111\u00e0i phun n\u01b0\u1edbc. M\u1edf c\u1eeda 5:30-23:00 h\u00e0ng ng\u00e0y.\" \/>\n<meta name=\"robots\" content=\"index, follow, max-snippet:-1, max-image-preview:large, max-video-preview:-1\" \/>\n<link rel=\"canonical\" href=\"https:\/\/www.wafaifo.com\/vi\/am-thuc\/bang-huu\/\" \/>\n<meta property=\"og:locale\" content=\"vi_VN\" \/>\n<meta property=\"og:type\" content=\"article\" \/>\n<meta property=\"og:title\" content=\"BANG HUU | Tr\u1ea3i Nghi\u1ec7m C\u00e0 Ph\u00ea Rang Xay \u0110\u1ed9c \u0110\u00e1o t\u1ea1i H\u1ed9i An\" \/>\n<meta property=\"og:description\" content=\"BANG HUU t\u1ea1i Wafaifo Resort Hoi An ph\u1ee5c v\u1ee5 c\u00e0 ph\u00ea rang xay, b\u1eefa s\u00e1ng, b\u00e1nh ng\u1ecdt v\u00e0 socola th\u1ee7 c\u00f4ng, v\u1edbi ch\u1ed7 ng\u1ed3i ngo\u00e0i hi\u00ean nh\u00ecn ra \u0111\u00e0i phun n\u01b0\u1edbc. M\u1edf c\u1eeda 5:30-23:00 h\u00e0ng ng\u00e0y.\" \/>\n<meta property=\"og:url\" content=\"https:\/\/www.wafaifo.com\/vi\/am-thuc\/bang-huu\/\" \/>\n<meta property=\"og:site_name\" content=\"Wafaifo Resort Hoi An\" \/>\n<meta property=\"article:modified_time\" content=\"2026-03-26T03:28:59+00:00\" \/>\n<meta property=\"og:image\" content=\"https:\/\/www.wafaifo.com\/wp-content\/uploads\/sites\/13\/2024\/10\/Bang_Huu_Friends_1.jpg\" \/>\n\t<meta property=\"og:image:width\" content=\"2560\" \/>\n\t<meta property=\"og:image:height\" content=\"1440\" \/>\n\t<meta property=\"og:image:type\" content=\"image\/jpeg\" \/>\n<meta name=\"twitter:card\" content=\"summary_large_image\" \/>\n<meta name=\"twitter:label1\" content=\"Est. reading time\" \/>\n\t<meta name=\"twitter:data1\" content=\"2 minutes\" \/>\n<script type=\"application\/ld+json\" class=\"yoast-schema-graph\">{\"@context\":\"https:\/\/schema.org\",\"@graph\":[{\"@type\":\"WebPage\",\"@id\":\"https:\/\/www.wafaifo.com\/vi\/am-thuc\/bang-huu\/\",\"url\":\"https:\/\/www.wafaifo.com\/vi\/am-thuc\/bang-huu\/\",\"name\":\"BANG HUU | Tr\u1ea3i Nghi\u1ec7m C\u00e0 Ph\u00ea Rang Xay \u0110\u1ed9c \u0110\u00e1o t\u1ea1i H\u1ed9i An\",\"isPartOf\":{\"@id\":\"https:\/\/www.wafaifo.com\/vi\/#website\"},\"primaryImageOfPage\":{\"@id\":\"https:\/\/www.wafaifo.com\/vi\/am-thuc\/bang-huu\/#primaryimage\"},\"image\":{\"@id\":\"https:\/\/www.wafaifo.com\/vi\/am-thuc\/bang-huu\/#primaryimage\"},\"thumbnailUrl\":\"https:\/\/www.wafaifo.com\/wp-content\/uploads\/sites\/13\/2024\/10\/Bang_Huu_Friends_1.jpg\",\"datePublished\":\"2024-01-29T08:03:57+00:00\",\"dateModified\":\"2026-03-26T03:28:59+00:00\",\"description\":\"BANG HUU t\u1ea1i Wafaifo Resort Hoi An ph\u1ee5c v\u1ee5 c\u00e0 ph\u00ea rang xay, b\u1eefa s\u00e1ng, b\u00e1nh ng\u1ecdt v\u00e0 socola th\u1ee7 c\u00f4ng, v\u1edbi ch\u1ed7 ng\u1ed3i ngo\u00e0i hi\u00ean nh\u00ecn ra \u0111\u00e0i phun n\u01b0\u1edbc. M\u1edf c\u1eeda 5:30-23:00 h\u00e0ng ng\u00e0y.\",\"breadcrumb\":{\"@id\":\"https:\/\/www.wafaifo.com\/vi\/am-thuc\/bang-huu\/#breadcrumb\"},\"inLanguage\":\"vi-VN\",\"potentialAction\":[{\"@type\":\"ReadAction\",\"target\":[\"https:\/\/www.wafaifo.com\/vi\/am-thuc\/bang-huu\/\"]}]},{\"@type\":\"ImageObject\",\"inLanguage\":\"vi-VN\",\"@id\":\"https:\/\/www.wafaifo.com\/vi\/am-thuc\/bang-huu\/#primaryimage\",\"url\":\"https:\/\/www.wafaifo.com\/wp-content\/uploads\/sites\/13\/2024\/10\/Bang_Huu_Friends_1.jpg\",\"contentUrl\":\"https:\/\/www.wafaifo.com\/wp-content\/uploads\/sites\/13\/2024\/10\/Bang_Huu_Friends_1.jpg\",\"width\":2560,\"height\":1440},{\"@type\":\"BreadcrumbList\",\"@id\":\"https:\/\/www.wafaifo.com\/vi\/am-thuc\/bang-huu\/#breadcrumb\",\"itemListElement\":[{\"@type\":\"ListItem\",\"position\":1,\"name\":\"Home\",\"item\":\"https:\/\/www.wafaifo.com\/vi\/\"},{\"@type\":\"ListItem\",\"position\":2,\"name\":\"\u1ea8m Th\u1ef1c\",\"item\":\"https:\/\/www.wafaifo.com\/vi\/am-thuc\/\"},{\"@type\":\"ListItem\",\"position\":3,\"name\":\"BANG HUU\"}]},{\"@type\":\"WebSite\",\"@id\":\"https:\/\/www.wafaifo.com\/vi\/#website\",\"url\":\"https:\/\/www.wafaifo.com\/vi\/\",\"name\":\"Wafaifo Resort Hoi An\",\"description\":\"\",\"potentialAction\":[{\"@type\":\"SearchAction\",\"target\":{\"@type\":\"EntryPoint\",\"urlTemplate\":\"https:\/\/www.wafaifo.com\/vi\/?s={search_term_string}\"},\"query-input\":\"required name=search_term_string\"}],\"inLanguage\":\"vi-VN\"}]}<\/script>\n<!-- \/ Yoast SEO plugin. -->","yoast_head_json":{"title":"BANG HUU | Tr\u1ea3i Nghi\u1ec7m C\u00e0 Ph\u00ea Rang Xay \u0110\u1ed9c \u0110\u00e1o t\u1ea1i H\u1ed9i An","description":"BANG HUU t\u1ea1i Wafaifo Resort Hoi An ph\u1ee5c v\u1ee5 c\u00e0 ph\u00ea rang xay, b\u1eefa s\u00e1ng, b\u00e1nh ng\u1ecdt v\u00e0 socola th\u1ee7 c\u00f4ng, v\u1edbi ch\u1ed7 ng\u1ed3i ngo\u00e0i hi\u00ean nh\u00ecn ra \u0111\u00e0i phun n\u01b0\u1edbc. M\u1edf c\u1eeda 5:30-23:00 h\u00e0ng ng\u00e0y.","robots":{"index":"index","follow":"follow","max-snippet":"max-snippet:-1","max-image-preview":"max-image-preview:large","max-video-preview":"max-video-preview:-1"},"canonical":"https:\/\/www.wafaifo.com\/vi\/am-thuc\/bang-huu\/","og_locale":"vi_VN","og_type":"article","og_title":"BANG HUU | Tr\u1ea3i Nghi\u1ec7m C\u00e0 Ph\u00ea Rang Xay \u0110\u1ed9c \u0110\u00e1o t\u1ea1i H\u1ed9i An","og_description":"BANG HUU t\u1ea1i Wafaifo Resort Hoi An ph\u1ee5c v\u1ee5 c\u00e0 ph\u00ea rang xay, b\u1eefa s\u00e1ng, b\u00e1nh ng\u1ecdt v\u00e0 socola th\u1ee7 c\u00f4ng, v\u1edbi ch\u1ed7 ng\u1ed3i ngo\u00e0i hi\u00ean nh\u00ecn ra \u0111\u00e0i phun n\u01b0\u1edbc. M\u1edf c\u1eeda 5:30-23:00 h\u00e0ng ng\u00e0y.","og_url":"https:\/\/www.wafaifo.com\/vi\/am-thuc\/bang-huu\/","og_site_name":"Wafaifo Resort Hoi An","article_modified_time":"2026-03-26T03:28:59+00:00","og_image":[{"width":2560,"height":1440,"url":"https:\/\/www.wafaifo.com\/wp-content\/uploads\/sites\/13\/2024\/10\/Bang_Huu_Friends_1.jpg","type":"image\/jpeg"}],"twitter_card":"summary_large_image","twitter_misc":{"Est. reading time":"2 minutes"},"schema":{"@context":"https:\/\/schema.org","@graph":[{"@type":"WebPage","@id":"https:\/\/www.wafaifo.com\/vi\/am-thuc\/bang-huu\/","url":"https:\/\/www.wafaifo.com\/vi\/am-thuc\/bang-huu\/","name":"BANG HUU | Tr\u1ea3i Nghi\u1ec7m C\u00e0 Ph\u00ea Rang Xay \u0110\u1ed9c \u0110\u00e1o t\u1ea1i H\u1ed9i An","isPartOf":{"@id":"https:\/\/www.wafaifo.com\/vi\/#website"},"primaryImageOfPage":{"@id":"https:\/\/www.wafaifo.com\/vi\/am-thuc\/bang-huu\/#primaryimage"},"image":{"@id":"https:\/\/www.wafaifo.com\/vi\/am-thuc\/bang-huu\/#primaryimage"},"thumbnailUrl":"https:\/\/www.wafaifo.com\/wp-content\/uploads\/sites\/13\/2024\/10\/Bang_Huu_Friends_1.jpg","datePublished":"2024-01-29T08:03:57+00:00","dateModified":"2026-03-26T03:28:59+00:00","description":"BANG HUU t\u1ea1i Wafaifo Resort Hoi An ph\u1ee5c v\u1ee5 c\u00e0 ph\u00ea rang xay, b\u1eefa s\u00e1ng, b\u00e1nh ng\u1ecdt v\u00e0 socola th\u1ee7 c\u00f4ng, v\u1edbi ch\u1ed7 ng\u1ed3i ngo\u00e0i hi\u00ean nh\u00ecn ra \u0111\u00e0i phun n\u01b0\u1edbc. M\u1edf c\u1eeda 5:30-23:00 h\u00e0ng ng\u00e0y.","breadcrumb":{"@id":"https:\/\/www.wafaifo.com\/vi\/am-thuc\/bang-huu\/#breadcrumb"},"inLanguage":"vi-VN","potentialAction":[{"@type":"ReadAction","target":["https:\/\/www.wafaifo.com\/vi\/am-thuc\/bang-huu\/"]}]},{"@type":"ImageObject","inLanguage":"vi-VN","@id":"https:\/\/www.wafaifo.com\/vi\/am-thuc\/bang-huu\/#primaryimage","url":"https:\/\/www.wafaifo.com\/wp-content\/uploads\/sites\/13\/2024\/10\/Bang_Huu_Friends_1.jpg","contentUrl":"https:\/\/www.wafaifo.com\/wp-content\/uploads\/sites\/13\/2024\/10\/Bang_Huu_Friends_1.jpg","width":2560,"height":1440},{"@type":"BreadcrumbList","@id":"https:\/\/www.wafaifo.com\/vi\/am-thuc\/bang-huu\/#breadcrumb","itemListElement":[{"@type":"ListItem","position":1,"name":"Home","item":"https:\/\/www.wafaifo.com\/vi\/"},{"@type":"ListItem","position":2,"name":"\u1ea8m Th\u1ef1c","item":"https:\/\/www.wafaifo.com\/vi\/am-thuc\/"},{"@type":"ListItem","position":3,"name":"BANG HUU"}]},{"@type":"WebSite","@id":"https:\/\/www.wafaifo.com\/vi\/#website","url":"https:\/\/www.wafaifo.com\/vi\/","name":"Wafaifo Resort Hoi An","description":"","potentialAction":[{"@type":"SearchAction","target":{"@type":"EntryPoint","urlTemplate":"https:\/\/www.wafaifo.com\/vi\/?s={search_term_string}"},"query-input":"required name=search_term_string"}],"inLanguage":"vi-VN"}]}},"acf":[],"_links":{"self":[{"href":"https:\/\/www.wafaifo.com\/vi\/wp-json\/wp\/v2\/pages\/532"}],"collection":[{"href":"https:\/\/www.wafaifo.com\/vi\/wp-json\/wp\/v2\/pages"}],"about":[{"href":"https:\/\/www.wafaifo.com\/vi\/wp-json\/wp\/v2\/types\/page"}],"author":[{"embeddable":true,"href":"https:\/\/www.wafaifo.com\/vi\/wp-json\/wp\/v2\/users\/5"}],"replies":[{"embeddable":true,"href":"https:\/\/www.wafaifo.com\/vi\/wp-json\/wp\/v2\/comments?post=532"}],"version-history":[{"count":0,"href":"https:\/\/www.wafaifo.com\/vi\/wp-json\/wp\/v2\/pages\/532\/revisions"}],"up":[{"embeddable":true,"href":"https:\/\/www.wafaifo.com\/vi\/wp-json\/wp\/v2\/pages\/513"}],"wp:featuredmedia":[{"embeddable":true,"href":"https:\/\/www.wafaifo.com\/vi\/wp-json\/wp\/v2\/media\/814"}],"wp:attachment":[{"href":"https:\/\/www.wafaifo.com\/vi\/wp-json\/wp\/v2\/media?parent=532"}],"curies":[{"name":"wp","href":"https:\/\/api.w.org\/{rel}","templated":true}]}}