    {"id":534,"date":"2023-08-16T03:14:10","date_gmt":"2023-08-16T03:14:10","guid":{"rendered":"https:\/\/www.wafaifo.com\/cac-hang-phong-va-phong-suite\/faifo-king-twin\/"},"modified":"2026-03-24T09:05:27","modified_gmt":"2026-03-24T09:05:27","slug":"phong-faifo-king-twin","status":"publish","type":"page","link":"https:\/\/www.wafaifo.com\/vi\/hang-phong\/phong-faifo-king-twin\/","title":{"rendered":"Faifo King\/Twin"},"content":{"rendered":"<p>H\u00e3y t\u1eadn h\u01b0\u1edfng kh\u00f4ng gian s\u1ed1ng t\u1ed1i \u01b0u v\u1edbi s\u1ef1 tho\u1ea3i m\u00e1i v\u00e0 t\u00ednh n\u0103ng hi\u1ec7n \u0111\u1ea1i mang \u0111\u1eadm phong c\u00e1ch ki\u1ebfn tr\u00fac H\u1ed9i An.<\/p>\n<p style=\"text-align: left\">Th\u01b0 gi\u00e3n tr\u00ean ban c\u00f4ng ri\u00eang h\u01b0\u1edbng nh\u00ecn ra h\u1ed3 b\u01a1i Swim City v\u00e0 khu v\u01b0\u1eddn xanh m\u00e1t. Th\u1ea3 m\u00ecnh trong ph\u00f2ng \u0111\u00f4i (gi\u01b0\u1eddng c\u1ee1 King) ho\u1eb7c ph\u00f2ng Twin (hai gi\u01b0\u1eddng \u0111\u01a1n) v\u1edbi c\u00e1c ti\u1ec7n nghi nh\u01b0 Wifi t\u1ed1c \u0111\u1ed9 cao, d\u1ecbch v\u1ee5 ph\u00f2ng 24 gi\u1edd, k\u00ednh chuy\u1ec3n \u0111\u1ed5i \u0111i\u1ec7n t\u1eed t\u1ea1o kh\u00f4ng gian ri\u00eang t\u01b0 gi\u1eefa ph\u00f2ng ng\u1ee7 v\u00e0 ph\u00f2ng t\u1eafm, g\u01b0\u01a1ng ph\u00f2ng t\u1eafm ch\u1ed1ng h\u01a1i n\u01b0\u1edbc, v\u00e0 t\u1ea5t c\u1ea3 c\u00e1c ti\u1ec7n nghi hi\u1ec7n \u0111\u1ea1i \u0111\u00e1p \u1ee9ng m\u1ecdi k\u1ef3 v\u1ecdng c\u1ee7a b\u1ea1n t\u1ea1i khu ngh\u1ec9 d\u01b0\u1ee1ng m\u1edbi nh\u1ea5t gi\u1eefa l\u00f2ng ph\u1ed1 H\u1ed9i.<\/p>\n","protected":false},"excerpt":{"rendered":"<p>H\u00e3y t\u1eadn h\u01b0\u1edfng kh\u00f4ng gian s\u1ed1ng t\u1ed1i \u01b0u v\u1edbi s\u1ef1 tho\u1ea3i m\u00e1i v\u00e0 t\u00ednh n\u0103ng hi\u1ec7n \u0111\u1ea1i mang \u0111\u1eadm phong c\u00e1ch ki\u1ebfn tr\u00fac H\u1ed9i An. Th\u01b0 gi\u00e3n tr\u00ean ban c\u00f4ng ri\u00eang h\u01b0\u1edbng nh\u00ecn ra h\u1ed3 b\u01a1i Swim City v\u00e0 khu v\u01b0\u1eddn xanh m\u00e1t. Th\u1ea3 m\u00ecnh trong ph\u00f2ng \u0111\u00f4i (gi\u01b0\u1eddng c\u1ee1 King) ho\u1eb7c ph\u00f2ng Twin (hai [&hellip;]<\/p>\n","protected":false},"author":5,"featured_media":769,"parent":523,"menu_order":0,"comment_status":"closed","ping_status":"closed","template":"template-single-room.php","meta":{"footnotes":""},"yoast_head":"<!-- This site is optimized with the Yoast SEO plugin v22.3 - https:\/\/yoast.com\/wordpress\/plugins\/seo\/ -->\n<title>Ph\u00f2ng Faifo King\/Twin | Khu Ngh\u1ec9 D\u01b0\u1ee1ng H\u1ed9i An<\/title>\n<meta name=\"description\" content=\"T\u1eadn h\u01b0\u1edfng k\u1ef3 ngh\u1ec9 t\u1ea1i ph\u00f2ng Faifo King\/Twin v\u1edbi ban c\u00f4ng ri\u00eang nh\u00ecn ra h\u1ed3 b\u01a1i Swim City. Ph\u00f2ng c\u00f3 gi\u01b0\u1eddng c\u1ee1 King ho\u1eb7c gi\u01b0\u1eddng \u0111\u00f4i, wifi t\u1ed1c \u0111\u1ed9 cao v\u00e0 d\u1ecbch v\u1ee5 ph\u00f2ng 24 gi\u1edd. \u0110\u1eb7t ph\u00f2ng tr\u1ef1c ti\u1ebfp.\" \/>\n<meta name=\"robots\" content=\"index, follow, max-snippet:-1, max-image-preview:large, max-video-preview:-1\" \/>\n<link rel=\"canonical\" href=\"https:\/\/www.wafaifo.com\/vi\/hang-phong\/phong-faifo-king-twin\/\" \/>\n<meta property=\"og:locale\" content=\"vi_VN\" \/>\n<meta property=\"og:type\" content=\"article\" \/>\n<meta property=\"og:title\" content=\"Ph\u00f2ng Faifo King\/Twin | Khu Ngh\u1ec9 D\u01b0\u1ee1ng H\u1ed9i An\" \/>\n<meta property=\"og:description\" content=\"T\u1eadn h\u01b0\u1edfng k\u1ef3 ngh\u1ec9 t\u1ea1i ph\u00f2ng Faifo King\/Twin v\u1edbi ban c\u00f4ng ri\u00eang nh\u00ecn ra h\u1ed3 b\u01a1i Swim City. Ph\u00f2ng c\u00f3 gi\u01b0\u1eddng c\u1ee1 King ho\u1eb7c gi\u01b0\u1eddng \u0111\u00f4i, wifi t\u1ed1c \u0111\u1ed9 cao v\u00e0 d\u1ecbch v\u1ee5 ph\u00f2ng 24 gi\u1edd. \u0110\u1eb7t ph\u00f2ng tr\u1ef1c ti\u1ebfp.\" \/>\n<meta property=\"og:url\" content=\"https:\/\/www.wafaifo.com\/vi\/hang-phong\/phong-faifo-king-twin\/\" \/>\n<meta property=\"og:site_name\" content=\"Wafaifo Resort Hoi An\" \/>\n<meta property=\"article:modified_time\" content=\"2026-03-24T09:05:27+00:00\" \/>\n<meta property=\"og:image\" content=\"https:\/\/www.wafaifo.com\/wp-content\/uploads\/sites\/13\/2024\/10\/Wafaifo_King_5.jpg\" \/>\n\t<meta property=\"og:image:width\" content=\"2560\" \/>\n\t<meta property=\"og:image:height\" content=\"1708\" \/>\n\t<meta property=\"og:image:type\" content=\"image\/jpeg\" \/>\n<meta name=\"twitter:card\" content=\"summary_large_image\" \/>\n<meta name=\"twitter:label1\" content=\"Est. reading time\" \/>\n\t<meta name=\"twitter:data1\" content=\"1 minute\" \/>\n<script type=\"application\/ld+json\" class=\"yoast-schema-graph\">{\"@context\":\"https:\/\/schema.org\",\"@graph\":[{\"@type\":\"WebPage\",\"@id\":\"https:\/\/www.wafaifo.com\/vi\/hang-phong\/phong-faifo-king-twin\/\",\"url\":\"https:\/\/www.wafaifo.com\/vi\/hang-phong\/phong-faifo-king-twin\/\",\"name\":\"Ph\u00f2ng Faifo King\/Twin | Khu Ngh\u1ec9 D\u01b0\u1ee1ng H\u1ed9i An\",\"isPartOf\":{\"@id\":\"https:\/\/www.wafaifo.com\/vi\/#website\"},\"primaryImageOfPage\":{\"@id\":\"https:\/\/www.wafaifo.com\/vi\/hang-phong\/phong-faifo-king-twin\/#primaryimage\"},\"image\":{\"@id\":\"https:\/\/www.wafaifo.com\/vi\/hang-phong\/phong-faifo-king-twin\/#primaryimage\"},\"thumbnailUrl\":\"https:\/\/www.wafaifo.com\/wp-content\/uploads\/sites\/13\/2024\/10\/Wafaifo_King_5.jpg\",\"datePublished\":\"2023-08-16T03:14:10+00:00\",\"dateModified\":\"2026-03-24T09:05:27+00:00\",\"description\":\"T\u1eadn h\u01b0\u1edfng k\u1ef3 ngh\u1ec9 t\u1ea1i ph\u00f2ng Faifo King\/Twin v\u1edbi ban c\u00f4ng ri\u00eang nh\u00ecn ra h\u1ed3 b\u01a1i Swim City. Ph\u00f2ng c\u00f3 gi\u01b0\u1eddng c\u1ee1 King ho\u1eb7c gi\u01b0\u1eddng \u0111\u00f4i, wifi t\u1ed1c \u0111\u1ed9 cao v\u00e0 d\u1ecbch v\u1ee5 ph\u00f2ng 24 gi\u1edd. \u0110\u1eb7t ph\u00f2ng tr\u1ef1c ti\u1ebfp.\",\"breadcrumb\":{\"@id\":\"https:\/\/www.wafaifo.com\/vi\/hang-phong\/phong-faifo-king-twin\/#breadcrumb\"},\"inLanguage\":\"vi-VN\",\"potentialAction\":[{\"@type\":\"ReadAction\",\"target\":[\"https:\/\/www.wafaifo.com\/vi\/hang-phong\/phong-faifo-king-twin\/\"]}]},{\"@type\":\"ImageObject\",\"inLanguage\":\"vi-VN\",\"@id\":\"https:\/\/www.wafaifo.com\/vi\/hang-phong\/phong-faifo-king-twin\/#primaryimage\",\"url\":\"https:\/\/www.wafaifo.com\/wp-content\/uploads\/sites\/13\/2024\/10\/Wafaifo_King_5.jpg\",\"contentUrl\":\"https:\/\/www.wafaifo.com\/wp-content\/uploads\/sites\/13\/2024\/10\/Wafaifo_King_5.jpg\",\"width\":2560,\"height\":1708},{\"@type\":\"BreadcrumbList\",\"@id\":\"https:\/\/www.wafaifo.com\/vi\/hang-phong\/phong-faifo-king-twin\/#breadcrumb\",\"itemListElement\":[{\"@type\":\"ListItem\",\"position\":1,\"name\":\"Home\",\"item\":\"https:\/\/www.wafaifo.com\/vi\/\"},{\"@type\":\"ListItem\",\"position\":2,\"name\":\"H\u1ea1ng Ph\u00f2ng\",\"item\":\"https:\/\/www.wafaifo.com\/vi\/hang-phong\/\"},{\"@type\":\"ListItem\",\"position\":3,\"name\":\"Faifo King\/Twin\"}]},{\"@type\":\"WebSite\",\"@id\":\"https:\/\/www.wafaifo.com\/vi\/#website\",\"url\":\"https:\/\/www.wafaifo.com\/vi\/\",\"name\":\"Wafaifo Resort Hoi An\",\"description\":\"\",\"potentialAction\":[{\"@type\":\"SearchAction\",\"target\":{\"@type\":\"EntryPoint\",\"urlTemplate\":\"https:\/\/www.wafaifo.com\/vi\/?s={search_term_string}\"},\"query-input\":\"required name=search_term_string\"}],\"inLanguage\":\"vi-VN\"}]}<\/script>\n<!-- \/ Yoast SEO plugin. -->","yoast_head_json":{"title":"Ph\u00f2ng Faifo King\/Twin | Khu Ngh\u1ec9 D\u01b0\u1ee1ng H\u1ed9i An","description":"T\u1eadn h\u01b0\u1edfng k\u1ef3 ngh\u1ec9 t\u1ea1i ph\u00f2ng Faifo King\/Twin v\u1edbi ban c\u00f4ng ri\u00eang nh\u00ecn ra h\u1ed3 b\u01a1i Swim City. Ph\u00f2ng c\u00f3 gi\u01b0\u1eddng c\u1ee1 King ho\u1eb7c gi\u01b0\u1eddng \u0111\u00f4i, wifi t\u1ed1c \u0111\u1ed9 cao v\u00e0 d\u1ecbch v\u1ee5 ph\u00f2ng 24 gi\u1edd. \u0110\u1eb7t ph\u00f2ng tr\u1ef1c ti\u1ebfp.","robots":{"index":"index","follow":"follow","max-snippet":"max-snippet:-1","max-image-preview":"max-image-preview:large","max-video-preview":"max-video-preview:-1"},"canonical":"https:\/\/www.wafaifo.com\/vi\/hang-phong\/phong-faifo-king-twin\/","og_locale":"vi_VN","og_type":"article","og_title":"Ph\u00f2ng Faifo King\/Twin | Khu Ngh\u1ec9 D\u01b0\u1ee1ng H\u1ed9i An","og_description":"T\u1eadn h\u01b0\u1edfng k\u1ef3 ngh\u1ec9 t\u1ea1i ph\u00f2ng Faifo King\/Twin v\u1edbi ban c\u00f4ng ri\u00eang nh\u00ecn ra h\u1ed3 b\u01a1i Swim City. Ph\u00f2ng c\u00f3 gi\u01b0\u1eddng c\u1ee1 King ho\u1eb7c gi\u01b0\u1eddng \u0111\u00f4i, wifi t\u1ed1c \u0111\u1ed9 cao v\u00e0 d\u1ecbch v\u1ee5 ph\u00f2ng 24 gi\u1edd. \u0110\u1eb7t ph\u00f2ng tr\u1ef1c ti\u1ebfp.","og_url":"https:\/\/www.wafaifo.com\/vi\/hang-phong\/phong-faifo-king-twin\/","og_site_name":"Wafaifo Resort Hoi An","article_modified_time":"2026-03-24T09:05:27+00:00","og_image":[{"width":2560,"height":1708,"url":"https:\/\/www.wafaifo.com\/wp-content\/uploads\/sites\/13\/2024\/10\/Wafaifo_King_5.jpg","type":"image\/jpeg"}],"twitter_card":"summary_large_image","twitter_misc":{"Est. reading time":"1 minute"},"schema":{"@context":"https:\/\/schema.org","@graph":[{"@type":"WebPage","@id":"https:\/\/www.wafaifo.com\/vi\/hang-phong\/phong-faifo-king-twin\/","url":"https:\/\/www.wafaifo.com\/vi\/hang-phong\/phong-faifo-king-twin\/","name":"Ph\u00f2ng Faifo King\/Twin | Khu Ngh\u1ec9 D\u01b0\u1ee1ng H\u1ed9i An","isPartOf":{"@id":"https:\/\/www.wafaifo.com\/vi\/#website"},"primaryImageOfPage":{"@id":"https:\/\/www.wafaifo.com\/vi\/hang-phong\/phong-faifo-king-twin\/#primaryimage"},"image":{"@id":"https:\/\/www.wafaifo.com\/vi\/hang-phong\/phong-faifo-king-twin\/#primaryimage"},"thumbnailUrl":"https:\/\/www.wafaifo.com\/wp-content\/uploads\/sites\/13\/2024\/10\/Wafaifo_King_5.jpg","datePublished":"2023-08-16T03:14:10+00:00","dateModified":"2026-03-24T09:05:27+00:00","description":"T\u1eadn h\u01b0\u1edfng k\u1ef3 ngh\u1ec9 t\u1ea1i ph\u00f2ng Faifo King\/Twin v\u1edbi ban c\u00f4ng ri\u00eang nh\u00ecn ra h\u1ed3 b\u01a1i Swim City. Ph\u00f2ng c\u00f3 gi\u01b0\u1eddng c\u1ee1 King ho\u1eb7c gi\u01b0\u1eddng \u0111\u00f4i, wifi t\u1ed1c \u0111\u1ed9 cao v\u00e0 d\u1ecbch v\u1ee5 ph\u00f2ng 24 gi\u1edd. \u0110\u1eb7t ph\u00f2ng tr\u1ef1c ti\u1ebfp.","breadcrumb":{"@id":"https:\/\/www.wafaifo.com\/vi\/hang-phong\/phong-faifo-king-twin\/#breadcrumb"},"inLanguage":"vi-VN","potentialAction":[{"@type":"ReadAction","target":["https:\/\/www.wafaifo.com\/vi\/hang-phong\/phong-faifo-king-twin\/"]}]},{"@type":"ImageObject","inLanguage":"vi-VN","@id":"https:\/\/www.wafaifo.com\/vi\/hang-phong\/phong-faifo-king-twin\/#primaryimage","url":"https:\/\/www.wafaifo.com\/wp-content\/uploads\/sites\/13\/2024\/10\/Wafaifo_King_5.jpg","contentUrl":"https:\/\/www.wafaifo.com\/wp-content\/uploads\/sites\/13\/2024\/10\/Wafaifo_King_5.jpg","width":2560,"height":1708},{"@type":"BreadcrumbList","@id":"https:\/\/www.wafaifo.com\/vi\/hang-phong\/phong-faifo-king-twin\/#breadcrumb","itemListElement":[{"@type":"ListItem","position":1,"name":"Home","item":"https:\/\/www.wafaifo.com\/vi\/"},{"@type":"ListItem","position":2,"name":"H\u1ea1ng Ph\u00f2ng","item":"https:\/\/www.wafaifo.com\/vi\/hang-phong\/"},{"@type":"ListItem","position":3,"name":"Faifo King\/Twin"}]},{"@type":"WebSite","@id":"https:\/\/www.wafaifo.com\/vi\/#website","url":"https:\/\/www.wafaifo.com\/vi\/","name":"Wafaifo Resort Hoi An","description":"","potentialAction":[{"@type":"SearchAction","target":{"@type":"EntryPoint","urlTemplate":"https:\/\/www.wafaifo.com\/vi\/?s={search_term_string}"},"query-input":"required name=search_term_string"}],"inLanguage":"vi-VN"}]}},"acf":[],"_links":{"self":[{"href":"https:\/\/www.wafaifo.com\/vi\/wp-json\/wp\/v2\/pages\/534"}],"collection":[{"href":"https:\/\/www.wafaifo.com\/vi\/wp-json\/wp\/v2\/pages"}],"about":[{"href":"https:\/\/www.wafaifo.com\/vi\/wp-json\/wp\/v2\/types\/page"}],"author":[{"embeddable":true,"href":"https:\/\/www.wafaifo.com\/vi\/wp-json\/wp\/v2\/users\/5"}],"replies":[{"embeddable":true,"href":"https:\/\/www.wafaifo.com\/vi\/wp-json\/wp\/v2\/comments?post=534"}],"version-history":[{"count":0,"href":"https:\/\/www.wafaifo.com\/vi\/wp-json\/wp\/v2\/pages\/534\/revisions"}],"up":[{"embeddable":true,"href":"https:\/\/www.wafaifo.com\/vi\/wp-json\/wp\/v2\/pages\/523"}],"wp:featuredmedia":[{"embeddable":true,"href":"https:\/\/www.wafaifo.com\/vi\/wp-json\/wp\/v2\/media\/769"}],"wp:attachment":[{"href":"https:\/\/www.wafaifo.com\/vi\/wp-json\/wp\/v2\/media?parent=534"}],"curies":[{"name":"wp","href":"https:\/\/api.w.org\/{rel}","templated":true}]}}