    {"id":542,"date":"2024-01-29T08:07:43","date_gmt":"2024-01-29T08:07:43","guid":{"rendered":"https:\/\/www.wafaifo.com\/nha-hang-va-quay-bar\/vuong-gia\/"},"modified":"2026-03-25T04:58:10","modified_gmt":"2026-03-25T04:58:10","slug":"vuong-gia","status":"publish","type":"page","link":"https:\/\/www.wafaifo.com\/vi\/am-thuc\/vuong-gia\/","title":{"rendered":"VUONG GIA"},"content":{"rendered":"<p>N\u01a1i di\u1ec5n ra nh\u1eefng bu\u1ed5i ti\u1ec7c ri\u00eang t\u01b0 ho\u00e0n h\u1ea3o qua th\u1ef1c \u0111\u01a1n \u0111\u1ea7y s\u00e1ng t\u1ea1o t\u1eeb nh\u1eefng m\u00f3n \u0103n v\u00e0 th\u1ee9c u\u1ed1ng t\u1ed1t nh\u1ea5t c\u1ee7a WAFAIFO.<\/p>\n<p>Ph\u00f2ng \u0103n ri\u00eang VUONG GIA (Royal Family) \u0111\u01b0\u1ee3c thi\u1ebft k\u1ebf nh\u1eb1m ph\u1ee5c v\u1ee5 cho c\u00e1c d\u1ecbp g\u1eb7p g\u1ee1 th\u00e2n m\u1eadt c\u00f9ng b\u1ea1n b\u00e8, gia \u0111\u00ecnh, ho\u1eb7c nh\u00f3m \u0111\u1ed1i t\u00e1c.<\/p>\n<p>N\u1eb1m ngay c\u1ea1nh nh\u00e0 h\u00e0ng XUA &amp; NAY, VUONG GIA c\u00f2n cung c\u1ea5p cho du kh\u00e1ch s\u1ef1 \u0111a d\u1ea1ng v\u1ec1 l\u1ef1a ch\u1ecdn v\u1ec1 \u1ea9m th\u1ef1c t\u1eeb kh\u1eafp n\u01a1i tr\u00ean th\u1ebf gi\u1edbi trong m\u1ed9t kh\u00f4ng gian \u1ea5m c\u00fang v\u00e0 ri\u00eang bi\u1ec7t.<\/p>\n<p>V\u1edbi kh\u00f4ng gian th\u00e2n m\u1eadt d\u00e0nh cho 12 ng\u01b0\u1eddi, du kh\u00e1ch c\u00f3 th\u1ec3 th\u01b0\u1edfng th\u1ee9c b\u1eefa \u0103n nh\u01b0 ho\u00e0ng gia v\u00e0 l\u01b0u gi\u1eef nh\u1eefng kho\u1ea3nh kh\u1eafc \u0111\u1eb7c bi\u1ec7t cho k\u1ef3 ngh\u1ec9 ti\u1ebfp theo t\u1ea1i VUONG GIA.<\/p>\n","protected":false},"excerpt":{"rendered":"<p>N\u01a1i di\u1ec5n ra nh\u1eefng bu\u1ed5i ti\u1ec7c ri\u00eang t\u01b0 ho\u00e0n h\u1ea3o qua th\u1ef1c \u0111\u01a1n \u0111\u1ea7y s\u00e1ng t\u1ea1o t\u1eeb nh\u1eefng m\u00f3n \u0103n v\u00e0 th\u1ee9c u\u1ed1ng t\u1ed1t nh\u1ea5t c\u1ee7a WAFAIFO. Ph\u00f2ng \u0103n ri\u00eang VUONG GIA (Royal Family) \u0111\u01b0\u1ee3c thi\u1ebft k\u1ebf nh\u1eb1m ph\u1ee5c v\u1ee5 cho c\u00e1c d\u1ecbp g\u1eb7p g\u1ee1 th\u00e2n m\u1eadt c\u00f9ng b\u1ea1n b\u00e8, gia \u0111\u00ecnh, ho\u1eb7c nh\u00f3m \u0111\u1ed1i [&hellip;]<\/p>\n","protected":false},"author":5,"featured_media":298,"parent":513,"menu_order":0,"comment_status":"closed","ping_status":"closed","template":"template-single-restaurant.php","meta":{"footnotes":""},"yoast_head":"<!-- This site is optimized with the Yoast SEO plugin v22.3 - https:\/\/yoast.com\/wordpress\/plugins\/seo\/ -->\n<title>VUONG GIA | Tr\u1ea3i Nghi\u1ec7m Ph\u00f2ng \u0102n Ri\u00eang T\u01b0 t\u1ea1i H\u1ed9i An<\/title>\n<meta name=\"description\" content=\"VUONG GIA l\u00e0 ph\u00f2ng \u0103n ri\u00eang t\u01b0 t\u1ea1i Wafaifo Resort Hoi An, v\u1edbi th\u1ef1c \u0111\u01a1n \u0111\u1ea7y \u0111\u1ee7 t\u1eeb XUA &amp; NAY v\u00e0 d\u1ecbch v\u1ee5 b\u00e0n ri\u00eang - ph\u00f9 h\u1ee3p cho bu\u1ed5i h\u1ecdp m\u1eb7t gia \u0111\u00ecnh ho\u1eb7c s\u1ef1 ki\u1ec7n doanh nghi\u1ec7p nh\u1ecf.\" \/>\n<meta name=\"robots\" content=\"index, follow, max-snippet:-1, max-image-preview:large, max-video-preview:-1\" \/>\n<link rel=\"canonical\" href=\"https:\/\/www.wafaifo.com\/vi\/am-thuc\/vuong-gia\/\" \/>\n<meta property=\"og:locale\" content=\"vi_VN\" \/>\n<meta property=\"og:type\" content=\"article\" \/>\n<meta property=\"og:title\" content=\"VUONG GIA | Tr\u1ea3i Nghi\u1ec7m Ph\u00f2ng \u0102n Ri\u00eang T\u01b0 t\u1ea1i H\u1ed9i An\" \/>\n<meta property=\"og:description\" content=\"VUONG GIA l\u00e0 ph\u00f2ng \u0103n ri\u00eang t\u01b0 t\u1ea1i Wafaifo Resort Hoi An, v\u1edbi th\u1ef1c \u0111\u01a1n \u0111\u1ea7y \u0111\u1ee7 t\u1eeb XUA &amp; NAY v\u00e0 d\u1ecbch v\u1ee5 b\u00e0n ri\u00eang - ph\u00f9 h\u1ee3p cho bu\u1ed5i h\u1ecdp m\u1eb7t gia \u0111\u00ecnh ho\u1eb7c s\u1ef1 ki\u1ec7n doanh nghi\u1ec7p nh\u1ecf.\" \/>\n<meta property=\"og:url\" content=\"https:\/\/www.wafaifo.com\/vi\/am-thuc\/vuong-gia\/\" \/>\n<meta property=\"og:site_name\" content=\"Wafaifo Resort Hoi An\" \/>\n<meta property=\"article:modified_time\" content=\"2026-03-25T04:58:10+00:00\" \/>\n<meta property=\"og:image\" content=\"https:\/\/www.wafaifo.com\/wp-content\/uploads\/sites\/13\/2024\/03\/Private-Room.jpg\" \/>\n\t<meta property=\"og:image:width\" content=\"2560\" \/>\n\t<meta property=\"og:image:height\" content=\"1707\" \/>\n\t<meta property=\"og:image:type\" content=\"image\/jpeg\" \/>\n<meta name=\"twitter:card\" content=\"summary_large_image\" \/>\n<meta name=\"twitter:label1\" content=\"Est. reading time\" \/>\n\t<meta name=\"twitter:data1\" content=\"1 minute\" \/>\n<script type=\"application\/ld+json\" class=\"yoast-schema-graph\">{\"@context\":\"https:\/\/schema.org\",\"@graph\":[{\"@type\":\"WebPage\",\"@id\":\"https:\/\/www.wafaifo.com\/vi\/am-thuc\/vuong-gia\/\",\"url\":\"https:\/\/www.wafaifo.com\/vi\/am-thuc\/vuong-gia\/\",\"name\":\"VUONG GIA | Tr\u1ea3i Nghi\u1ec7m Ph\u00f2ng \u0102n Ri\u00eang T\u01b0 t\u1ea1i H\u1ed9i An\",\"isPartOf\":{\"@id\":\"https:\/\/www.wafaifo.com\/vi\/#website\"},\"primaryImageOfPage\":{\"@id\":\"https:\/\/www.wafaifo.com\/vi\/am-thuc\/vuong-gia\/#primaryimage\"},\"image\":{\"@id\":\"https:\/\/www.wafaifo.com\/vi\/am-thuc\/vuong-gia\/#primaryimage\"},\"thumbnailUrl\":\"https:\/\/www.wafaifo.com\/wp-content\/uploads\/sites\/13\/2024\/03\/Private-Room.jpg\",\"datePublished\":\"2024-01-29T08:07:43+00:00\",\"dateModified\":\"2026-03-25T04:58:10+00:00\",\"description\":\"VUONG GIA l\u00e0 ph\u00f2ng \u0103n ri\u00eang t\u01b0 t\u1ea1i Wafaifo Resort Hoi An, v\u1edbi th\u1ef1c \u0111\u01a1n \u0111\u1ea7y \u0111\u1ee7 t\u1eeb XUA & NAY v\u00e0 d\u1ecbch v\u1ee5 b\u00e0n ri\u00eang - ph\u00f9 h\u1ee3p cho bu\u1ed5i h\u1ecdp m\u1eb7t gia \u0111\u00ecnh ho\u1eb7c s\u1ef1 ki\u1ec7n doanh nghi\u1ec7p nh\u1ecf.\",\"breadcrumb\":{\"@id\":\"https:\/\/www.wafaifo.com\/vi\/am-thuc\/vuong-gia\/#breadcrumb\"},\"inLanguage\":\"vi-VN\",\"potentialAction\":[{\"@type\":\"ReadAction\",\"target\":[\"https:\/\/www.wafaifo.com\/vi\/am-thuc\/vuong-gia\/\"]}]},{\"@type\":\"ImageObject\",\"inLanguage\":\"vi-VN\",\"@id\":\"https:\/\/www.wafaifo.com\/vi\/am-thuc\/vuong-gia\/#primaryimage\",\"url\":\"https:\/\/www.wafaifo.com\/wp-content\/uploads\/sites\/13\/2024\/03\/Private-Room.jpg\",\"contentUrl\":\"https:\/\/www.wafaifo.com\/wp-content\/uploads\/sites\/13\/2024\/03\/Private-Room.jpg\",\"width\":2560,\"height\":1707},{\"@type\":\"BreadcrumbList\",\"@id\":\"https:\/\/www.wafaifo.com\/vi\/am-thuc\/vuong-gia\/#breadcrumb\",\"itemListElement\":[{\"@type\":\"ListItem\",\"position\":1,\"name\":\"Home\",\"item\":\"https:\/\/www.wafaifo.com\/vi\/\"},{\"@type\":\"ListItem\",\"position\":2,\"name\":\"\u1ea8m Th\u1ef1c\",\"item\":\"https:\/\/www.wafaifo.com\/vi\/am-thuc\/\"},{\"@type\":\"ListItem\",\"position\":3,\"name\":\"VUONG GIA\"}]},{\"@type\":\"WebSite\",\"@id\":\"https:\/\/www.wafaifo.com\/vi\/#website\",\"url\":\"https:\/\/www.wafaifo.com\/vi\/\",\"name\":\"Wafaifo Resort Hoi An\",\"description\":\"\",\"potentialAction\":[{\"@type\":\"SearchAction\",\"target\":{\"@type\":\"EntryPoint\",\"urlTemplate\":\"https:\/\/www.wafaifo.com\/vi\/?s={search_term_string}\"},\"query-input\":\"required name=search_term_string\"}],\"inLanguage\":\"vi-VN\"}]}<\/script>\n<!-- \/ Yoast SEO plugin. -->","yoast_head_json":{"title":"VUONG GIA | Tr\u1ea3i Nghi\u1ec7m Ph\u00f2ng \u0102n Ri\u00eang T\u01b0 t\u1ea1i H\u1ed9i An","description":"VUONG GIA l\u00e0 ph\u00f2ng \u0103n ri\u00eang t\u01b0 t\u1ea1i Wafaifo Resort Hoi An, v\u1edbi th\u1ef1c \u0111\u01a1n \u0111\u1ea7y \u0111\u1ee7 t\u1eeb XUA & NAY v\u00e0 d\u1ecbch v\u1ee5 b\u00e0n ri\u00eang - ph\u00f9 h\u1ee3p cho bu\u1ed5i h\u1ecdp m\u1eb7t gia \u0111\u00ecnh ho\u1eb7c s\u1ef1 ki\u1ec7n doanh nghi\u1ec7p nh\u1ecf.","robots":{"index":"index","follow":"follow","max-snippet":"max-snippet:-1","max-image-preview":"max-image-preview:large","max-video-preview":"max-video-preview:-1"},"canonical":"https:\/\/www.wafaifo.com\/vi\/am-thuc\/vuong-gia\/","og_locale":"vi_VN","og_type":"article","og_title":"VUONG GIA | Tr\u1ea3i Nghi\u1ec7m Ph\u00f2ng \u0102n Ri\u00eang T\u01b0 t\u1ea1i H\u1ed9i An","og_description":"VUONG GIA l\u00e0 ph\u00f2ng \u0103n ri\u00eang t\u01b0 t\u1ea1i Wafaifo Resort Hoi An, v\u1edbi th\u1ef1c \u0111\u01a1n \u0111\u1ea7y \u0111\u1ee7 t\u1eeb XUA & NAY v\u00e0 d\u1ecbch v\u1ee5 b\u00e0n ri\u00eang - ph\u00f9 h\u1ee3p cho bu\u1ed5i h\u1ecdp m\u1eb7t gia \u0111\u00ecnh ho\u1eb7c s\u1ef1 ki\u1ec7n doanh nghi\u1ec7p nh\u1ecf.","og_url":"https:\/\/www.wafaifo.com\/vi\/am-thuc\/vuong-gia\/","og_site_name":"Wafaifo Resort Hoi An","article_modified_time":"2026-03-25T04:58:10+00:00","og_image":[{"width":2560,"height":1707,"url":"https:\/\/www.wafaifo.com\/wp-content\/uploads\/sites\/13\/2024\/03\/Private-Room.jpg","type":"image\/jpeg"}],"twitter_card":"summary_large_image","twitter_misc":{"Est. reading time":"1 minute"},"schema":{"@context":"https:\/\/schema.org","@graph":[{"@type":"WebPage","@id":"https:\/\/www.wafaifo.com\/vi\/am-thuc\/vuong-gia\/","url":"https:\/\/www.wafaifo.com\/vi\/am-thuc\/vuong-gia\/","name":"VUONG GIA | Tr\u1ea3i Nghi\u1ec7m Ph\u00f2ng \u0102n Ri\u00eang T\u01b0 t\u1ea1i H\u1ed9i An","isPartOf":{"@id":"https:\/\/www.wafaifo.com\/vi\/#website"},"primaryImageOfPage":{"@id":"https:\/\/www.wafaifo.com\/vi\/am-thuc\/vuong-gia\/#primaryimage"},"image":{"@id":"https:\/\/www.wafaifo.com\/vi\/am-thuc\/vuong-gia\/#primaryimage"},"thumbnailUrl":"https:\/\/www.wafaifo.com\/wp-content\/uploads\/sites\/13\/2024\/03\/Private-Room.jpg","datePublished":"2024-01-29T08:07:43+00:00","dateModified":"2026-03-25T04:58:10+00:00","description":"VUONG GIA l\u00e0 ph\u00f2ng \u0103n ri\u00eang t\u01b0 t\u1ea1i Wafaifo Resort Hoi An, v\u1edbi th\u1ef1c \u0111\u01a1n \u0111\u1ea7y \u0111\u1ee7 t\u1eeb XUA & NAY v\u00e0 d\u1ecbch v\u1ee5 b\u00e0n ri\u00eang - ph\u00f9 h\u1ee3p cho bu\u1ed5i h\u1ecdp m\u1eb7t gia \u0111\u00ecnh ho\u1eb7c s\u1ef1 ki\u1ec7n doanh nghi\u1ec7p nh\u1ecf.","breadcrumb":{"@id":"https:\/\/www.wafaifo.com\/vi\/am-thuc\/vuong-gia\/#breadcrumb"},"inLanguage":"vi-VN","potentialAction":[{"@type":"ReadAction","target":["https:\/\/www.wafaifo.com\/vi\/am-thuc\/vuong-gia\/"]}]},{"@type":"ImageObject","inLanguage":"vi-VN","@id":"https:\/\/www.wafaifo.com\/vi\/am-thuc\/vuong-gia\/#primaryimage","url":"https:\/\/www.wafaifo.com\/wp-content\/uploads\/sites\/13\/2024\/03\/Private-Room.jpg","contentUrl":"https:\/\/www.wafaifo.com\/wp-content\/uploads\/sites\/13\/2024\/03\/Private-Room.jpg","width":2560,"height":1707},{"@type":"BreadcrumbList","@id":"https:\/\/www.wafaifo.com\/vi\/am-thuc\/vuong-gia\/#breadcrumb","itemListElement":[{"@type":"ListItem","position":1,"name":"Home","item":"https:\/\/www.wafaifo.com\/vi\/"},{"@type":"ListItem","position":2,"name":"\u1ea8m Th\u1ef1c","item":"https:\/\/www.wafaifo.com\/vi\/am-thuc\/"},{"@type":"ListItem","position":3,"name":"VUONG GIA"}]},{"@type":"WebSite","@id":"https:\/\/www.wafaifo.com\/vi\/#website","url":"https:\/\/www.wafaifo.com\/vi\/","name":"Wafaifo Resort Hoi An","description":"","potentialAction":[{"@type":"SearchAction","target":{"@type":"EntryPoint","urlTemplate":"https:\/\/www.wafaifo.com\/vi\/?s={search_term_string}"},"query-input":"required name=search_term_string"}],"inLanguage":"vi-VN"}]}},"acf":[],"_links":{"self":[{"href":"https:\/\/www.wafaifo.com\/vi\/wp-json\/wp\/v2\/pages\/542"}],"collection":[{"href":"https:\/\/www.wafaifo.com\/vi\/wp-json\/wp\/v2\/pages"}],"about":[{"href":"https:\/\/www.wafaifo.com\/vi\/wp-json\/wp\/v2\/types\/page"}],"author":[{"embeddable":true,"href":"https:\/\/www.wafaifo.com\/vi\/wp-json\/wp\/v2\/users\/5"}],"replies":[{"embeddable":true,"href":"https:\/\/www.wafaifo.com\/vi\/wp-json\/wp\/v2\/comments?post=542"}],"version-history":[{"count":0,"href":"https:\/\/www.wafaifo.com\/vi\/wp-json\/wp\/v2\/pages\/542\/revisions"}],"up":[{"embeddable":true,"href":"https:\/\/www.wafaifo.com\/vi\/wp-json\/wp\/v2\/pages\/513"}],"wp:featuredmedia":[{"embeddable":true,"href":"https:\/\/www.wafaifo.com\/vi\/wp-json\/wp\/v2\/media\/298"}],"wp:attachment":[{"href":"https:\/\/www.wafaifo.com\/vi\/wp-json\/wp\/v2\/media?parent=542"}],"curies":[{"name":"wp","href":"https:\/\/api.w.org\/{rel}","templated":true}]}}