    {"id":545,"date":"2023-08-16T06:25:04","date_gmt":"2023-08-16T06:25:04","guid":{"rendered":"https:\/\/www.wafaifo.com\/wellness-spa\/"},"modified":"2025-05-26T03:54:32","modified_gmt":"2025-05-26T03:54:32","slug":"wellness-spa","status":"publish","type":"page","link":"https:\/\/www.wafaifo.com\/vi\/wellness-spa\/","title":{"rendered":"Wellness &amp; Spa"},"content":{"rendered":"<p style=\"text-align: center\">WAFAIFO RESORT HOI AN t\u1ef1 h\u00e0o l\u00e0 \u0111i\u1ec3m \u0111\u1ebfn h\u00e0ng \u0111\u1ea7u v\u1ec1 ch\u0103m s\u00f3c s\u1ee9c kh\u1ecfe v\u00e0 l\u00e0m \u0111\u1eb9p t\u1ea1i H\u1ed9i An. Ch\u00fang t\u00f4i cam k\u1ebft mang \u0111\u1ebfn l\u1ed1i s\u1ed1ng l\u00e0nh m\u1ea1nh, t\u00f4n vinh v\u1ebb \u0111\u1eb9p v\u00e0 t\u1ea1o ra nh\u1eefng tr\u1ea3i nghi\u1ec7m t\u00edch c\u1ef1c cho kh\u00e1ch h\u00e0ng.<\/p>\n<p style=\"text-align: center\">S\u1ef1 k\u1ebft h\u1ee3p ho\u00e0n h\u1ea3o gi\u1eefa c\u00f4ng ngh\u1ec7 ti\u00ean ti\u1ebfn v\u00e0 d\u1ecbch v\u1ee5 cao c\u1ea5p \u0111\u01b0\u1ee3c k\u1ebf th\u1eeba gi\u00e1 tr\u1ecb truy\u1ec1n th\u1ed1ng s\u1ebd mang l\u1ea1i c\u1ea3m gi\u00e1c h\u00e0i l\u00f2ng t\u1ed1i \u0111a cho kh\u00e1ch h\u00e0ng.<\/p>\n<p style=\"text-align: center\">T\u1eeb x\u00e9t nghi\u1ec7m bi\u1ec3u sinh, li\u1ec7u ph\u00e1p bu\u1ed3ng oxy cao \u00e1p, ph\u00f2ng gym hi\u1ec7n \u0111\u1ea1i r\u1ed9ng 150m\u00b2 v\u1edbi thi\u1ebft b\u1ecb Precor cao c\u1ea5p, \u0111\u1ebfn c\u00e1c li\u1ec7u ph\u00e1p massage, ch\u0103m s\u00f3c da m\u1eb7t, ngh\u1ec7 thu\u1eadt ch\u0103m s\u00f3c m\u00f3ng ch\u1ea5t l\u01b0\u1ee3ng cao s\u1ebd \u0111\u00e1p \u1ee9ng m\u1ed9t c\u00e1ch to\u00e0n di\u1ec7n c\u00e1c nhu c\u1ea7u v\u1ec1 s\u1ee9c kh\u1ecfe, th\u1ec3 ch\u1ea5t v\u00e0 tinh th\u1ea7n c\u1ee7a b\u1ea1n.<\/p>\n<p style=\"text-align: center\">H\u00e3y \u0111\u1ebfn v\u00e0 tr\u1ea3i nghi\u1ec7m s\u1ef1 ch\u0103m s\u00f3c \u0111\u1eb3ng c\u1ea5p ngay t\u1ea1i H\u1ed9i An, v\u00ec b\u1ea1n x\u1ee9ng \u0111\u00e1ng v\u1edbi nh\u1eefng \u0111i\u1ec1u t\u1ed1t \u0111\u1eb9p nh\u1ea5t!<\/p>\n<p style=\"text-align: center\"><a href=\"https:\/\/heyzine.com\/flip-book\/963768a9b7.html\" target=\"_blank\" rel=\"noopener\">TH\u1ef0C \u0110\u01a0N T\u1ea0I \u0110\u00c2Y<\/a><\/p>\n","protected":false},"excerpt":{"rendered":"<p>WAFAIFO RESORT HOI AN t\u1ef1 h\u00e0o l\u00e0 \u0111i\u1ec3m \u0111\u1ebfn h\u00e0ng \u0111\u1ea7u v\u1ec1 ch\u0103m s\u00f3c s\u1ee9c kh\u1ecfe v\u00e0 l\u00e0m \u0111\u1eb9p t\u1ea1i H\u1ed9i An. Ch\u00fang t\u00f4i cam k\u1ebft mang \u0111\u1ebfn l\u1ed1i s\u1ed1ng l\u00e0nh m\u1ea1nh, t\u00f4n vinh v\u1ebb \u0111\u1eb9p v\u00e0 t\u1ea1o ra nh\u1eefng tr\u1ea3i nghi\u1ec7m t\u00edch c\u1ef1c cho kh\u00e1ch h\u00e0ng. S\u1ef1 k\u1ebft h\u1ee3p ho\u00e0n h\u1ea3o gi\u1eefa c\u00f4ng ngh\u1ec7 [&hellip;]<\/p>\n","protected":false},"author":5,"featured_media":842,"parent":0,"menu_order":0,"comment_status":"closed","ping_status":"closed","template":"template-restaurants.php","meta":{"footnotes":""},"yoast_head":"<!-- This site is optimized with the Yoast SEO plugin v22.3 - https:\/\/yoast.com\/wordpress\/plugins\/seo\/ -->\n<title>Wellness &amp; Spa - Wafaifo Resort Hoi An<\/title>\n<meta name=\"robots\" content=\"index, follow, max-snippet:-1, max-image-preview:large, max-video-preview:-1\" \/>\n<link rel=\"canonical\" href=\"https:\/\/www.wafaifo.com\/vi\/wellness-spa\/\" \/>\n<meta property=\"og:locale\" content=\"vi_VN\" \/>\n<meta property=\"og:type\" content=\"article\" \/>\n<meta property=\"og:title\" content=\"Wellness &amp; Spa - Wafaifo Resort Hoi An\" \/>\n<meta property=\"og:description\" content=\"WAFAIFO RESORT HOI AN t\u1ef1 h\u00e0o l\u00e0 \u0111i\u1ec3m \u0111\u1ebfn h\u00e0ng \u0111\u1ea7u v\u1ec1 ch\u0103m s\u00f3c s\u1ee9c kh\u1ecfe v\u00e0 l\u00e0m \u0111\u1eb9p t\u1ea1i H\u1ed9i An. Ch\u00fang t\u00f4i cam k\u1ebft mang \u0111\u1ebfn l\u1ed1i s\u1ed1ng l\u00e0nh m\u1ea1nh, t\u00f4n vinh v\u1ebb \u0111\u1eb9p v\u00e0 t\u1ea1o ra nh\u1eefng tr\u1ea3i nghi\u1ec7m t\u00edch c\u1ef1c cho kh\u00e1ch h\u00e0ng. S\u1ef1 k\u1ebft h\u1ee3p ho\u00e0n h\u1ea3o gi\u1eefa c\u00f4ng ngh\u1ec7 [&hellip;]\" \/>\n<meta property=\"og:url\" content=\"https:\/\/www.wafaifo.com\/vi\/wellness-spa\/\" \/>\n<meta property=\"og:site_name\" content=\"Wafaifo Resort Hoi An\" \/>\n<meta property=\"article:modified_time\" content=\"2025-05-26T03:54:32+00:00\" \/>\n<meta property=\"og:image\" content=\"https:\/\/www.wafaifo.com\/wp-content\/uploads\/sites\/13\/2024\/10\/Spa_Reception_1.jpg\" \/>\n\t<meta property=\"og:image:width\" content=\"8192\" \/>\n\t<meta property=\"og:image:height\" content=\"5464\" \/>\n\t<meta property=\"og:image:type\" content=\"image\/jpeg\" \/>\n<meta name=\"twitter:card\" content=\"summary_large_image\" \/>\n<meta name=\"twitter:label1\" content=\"Est. reading time\" \/>\n\t<meta name=\"twitter:data1\" content=\"1 minute\" \/>\n<script type=\"application\/ld+json\" class=\"yoast-schema-graph\">{\"@context\":\"https:\/\/schema.org\",\"@graph\":[{\"@type\":\"WebPage\",\"@id\":\"https:\/\/www.wafaifo.com\/vi\/wellness-spa\/\",\"url\":\"https:\/\/www.wafaifo.com\/vi\/wellness-spa\/\",\"name\":\"Wellness &amp; Spa - Wafaifo Resort Hoi An\",\"isPartOf\":{\"@id\":\"https:\/\/www.wafaifo.com\/vi\/#website\"},\"primaryImageOfPage\":{\"@id\":\"https:\/\/www.wafaifo.com\/vi\/wellness-spa\/#primaryimage\"},\"image\":{\"@id\":\"https:\/\/www.wafaifo.com\/vi\/wellness-spa\/#primaryimage\"},\"thumbnailUrl\":\"https:\/\/www.wafaifo.com\/wp-content\/uploads\/sites\/13\/2024\/10\/Spa_Reception_1.jpg\",\"datePublished\":\"2023-08-16T06:25:04+00:00\",\"dateModified\":\"2025-05-26T03:54:32+00:00\",\"breadcrumb\":{\"@id\":\"https:\/\/www.wafaifo.com\/vi\/wellness-spa\/#breadcrumb\"},\"inLanguage\":\"vi-VN\",\"potentialAction\":[{\"@type\":\"ReadAction\",\"target\":[\"https:\/\/www.wafaifo.com\/vi\/wellness-spa\/\"]}]},{\"@type\":\"ImageObject\",\"inLanguage\":\"vi-VN\",\"@id\":\"https:\/\/www.wafaifo.com\/vi\/wellness-spa\/#primaryimage\",\"url\":\"https:\/\/www.wafaifo.com\/wp-content\/uploads\/sites\/13\/2024\/10\/Spa_Reception_1.jpg\",\"contentUrl\":\"https:\/\/www.wafaifo.com\/wp-content\/uploads\/sites\/13\/2024\/10\/Spa_Reception_1.jpg\",\"width\":8192,\"height\":5464},{\"@type\":\"BreadcrumbList\",\"@id\":\"https:\/\/www.wafaifo.com\/vi\/wellness-spa\/#breadcrumb\",\"itemListElement\":[{\"@type\":\"ListItem\",\"position\":1,\"name\":\"Home\",\"item\":\"https:\/\/www.wafaifo.com\/vi\/\"},{\"@type\":\"ListItem\",\"position\":2,\"name\":\"Wellness &amp; Spa\"}]},{\"@type\":\"WebSite\",\"@id\":\"https:\/\/www.wafaifo.com\/vi\/#website\",\"url\":\"https:\/\/www.wafaifo.com\/vi\/\",\"name\":\"Wafaifo Resort Hoi An\",\"description\":\"\",\"potentialAction\":[{\"@type\":\"SearchAction\",\"target\":{\"@type\":\"EntryPoint\",\"urlTemplate\":\"https:\/\/www.wafaifo.com\/vi\/?s={search_term_string}\"},\"query-input\":\"required name=search_term_string\"}],\"inLanguage\":\"vi-VN\"}]}<\/script>\n<!-- \/ Yoast SEO plugin. -->","yoast_head_json":{"title":"Wellness &amp; Spa - Wafaifo Resort Hoi An","robots":{"index":"index","follow":"follow","max-snippet":"max-snippet:-1","max-image-preview":"max-image-preview:large","max-video-preview":"max-video-preview:-1"},"canonical":"https:\/\/www.wafaifo.com\/vi\/wellness-spa\/","og_locale":"vi_VN","og_type":"article","og_title":"Wellness &amp; Spa - Wafaifo Resort Hoi An","og_description":"WAFAIFO RESORT HOI AN t\u1ef1 h\u00e0o l\u00e0 \u0111i\u1ec3m \u0111\u1ebfn h\u00e0ng \u0111\u1ea7u v\u1ec1 ch\u0103m s\u00f3c s\u1ee9c kh\u1ecfe v\u00e0 l\u00e0m \u0111\u1eb9p t\u1ea1i H\u1ed9i An. Ch\u00fang t\u00f4i cam k\u1ebft mang \u0111\u1ebfn l\u1ed1i s\u1ed1ng l\u00e0nh m\u1ea1nh, t\u00f4n vinh v\u1ebb \u0111\u1eb9p v\u00e0 t\u1ea1o ra nh\u1eefng tr\u1ea3i nghi\u1ec7m t\u00edch c\u1ef1c cho kh\u00e1ch h\u00e0ng. S\u1ef1 k\u1ebft h\u1ee3p ho\u00e0n h\u1ea3o gi\u1eefa c\u00f4ng ngh\u1ec7 [&hellip;]","og_url":"https:\/\/www.wafaifo.com\/vi\/wellness-spa\/","og_site_name":"Wafaifo Resort Hoi An","article_modified_time":"2025-05-26T03:54:32+00:00","og_image":[{"width":8192,"height":5464,"url":"https:\/\/www.wafaifo.com\/wp-content\/uploads\/sites\/13\/2024\/10\/Spa_Reception_1.jpg","type":"image\/jpeg"}],"twitter_card":"summary_large_image","twitter_misc":{"Est. reading time":"1 minute"},"schema":{"@context":"https:\/\/schema.org","@graph":[{"@type":"WebPage","@id":"https:\/\/www.wafaifo.com\/vi\/wellness-spa\/","url":"https:\/\/www.wafaifo.com\/vi\/wellness-spa\/","name":"Wellness &amp; Spa - Wafaifo Resort Hoi An","isPartOf":{"@id":"https:\/\/www.wafaifo.com\/vi\/#website"},"primaryImageOfPage":{"@id":"https:\/\/www.wafaifo.com\/vi\/wellness-spa\/#primaryimage"},"image":{"@id":"https:\/\/www.wafaifo.com\/vi\/wellness-spa\/#primaryimage"},"thumbnailUrl":"https:\/\/www.wafaifo.com\/wp-content\/uploads\/sites\/13\/2024\/10\/Spa_Reception_1.jpg","datePublished":"2023-08-16T06:25:04+00:00","dateModified":"2025-05-26T03:54:32+00:00","breadcrumb":{"@id":"https:\/\/www.wafaifo.com\/vi\/wellness-spa\/#breadcrumb"},"inLanguage":"vi-VN","potentialAction":[{"@type":"ReadAction","target":["https:\/\/www.wafaifo.com\/vi\/wellness-spa\/"]}]},{"@type":"ImageObject","inLanguage":"vi-VN","@id":"https:\/\/www.wafaifo.com\/vi\/wellness-spa\/#primaryimage","url":"https:\/\/www.wafaifo.com\/wp-content\/uploads\/sites\/13\/2024\/10\/Spa_Reception_1.jpg","contentUrl":"https:\/\/www.wafaifo.com\/wp-content\/uploads\/sites\/13\/2024\/10\/Spa_Reception_1.jpg","width":8192,"height":5464},{"@type":"BreadcrumbList","@id":"https:\/\/www.wafaifo.com\/vi\/wellness-spa\/#breadcrumb","itemListElement":[{"@type":"ListItem","position":1,"name":"Home","item":"https:\/\/www.wafaifo.com\/vi\/"},{"@type":"ListItem","position":2,"name":"Wellness &amp; Spa"}]},{"@type":"WebSite","@id":"https:\/\/www.wafaifo.com\/vi\/#website","url":"https:\/\/www.wafaifo.com\/vi\/","name":"Wafaifo Resort Hoi An","description":"","potentialAction":[{"@type":"SearchAction","target":{"@type":"EntryPoint","urlTemplate":"https:\/\/www.wafaifo.com\/vi\/?s={search_term_string}"},"query-input":"required name=search_term_string"}],"inLanguage":"vi-VN"}]}},"acf":[],"_links":{"self":[{"href":"https:\/\/www.wafaifo.com\/vi\/wp-json\/wp\/v2\/pages\/545"}],"collection":[{"href":"https:\/\/www.wafaifo.com\/vi\/wp-json\/wp\/v2\/pages"}],"about":[{"href":"https:\/\/www.wafaifo.com\/vi\/wp-json\/wp\/v2\/types\/page"}],"author":[{"embeddable":true,"href":"https:\/\/www.wafaifo.com\/vi\/wp-json\/wp\/v2\/users\/5"}],"replies":[{"embeddable":true,"href":"https:\/\/www.wafaifo.com\/vi\/wp-json\/wp\/v2\/comments?post=545"}],"version-history":[{"count":0,"href":"https:\/\/www.wafaifo.com\/vi\/wp-json\/wp\/v2\/pages\/545\/revisions"}],"wp:featuredmedia":[{"embeddable":true,"href":"https:\/\/www.wafaifo.com\/vi\/wp-json\/wp\/v2\/media\/842"}],"wp:attachment":[{"href":"https:\/\/www.wafaifo.com\/vi\/wp-json\/wp\/v2\/media?parent=545"}],"curies":[{"name":"wp","href":"https:\/\/api.w.org\/{rel}","templated":true}]}}