    {"id":552,"date":"2023-08-16T04:23:20","date_gmt":"2023-08-16T04:23:20","guid":{"rendered":"https:\/\/www.wafaifo.com\/cac-hang-phong-va-phong-suite\/faifo-terrace-king-twin\/"},"modified":"2026-03-24T09:37:03","modified_gmt":"2026-03-24T09:37:03","slug":"phong-garden-terrace-king-twin","status":"publish","type":"page","link":"https:\/\/www.wafaifo.com\/vi\/hang-phong\/phong-garden-terrace-king-twin\/","title":{"rendered":"Garden Terrace King\/Twin"},"content":{"rendered":"<p style=\"text-align: left\">T\u1eadn h\u01b0\u1edfng kh\u00f4ng gian ngh\u1ec9 d\u01b0\u1ee1ng r\u1ed9ng r\u00e3i v\u00e0 hi\u1ec7n \u0111\u1ea1i, \u0111\u01b0\u1ee3c thi\u1ebft k\u1ebf tinh t\u1ebf mang \u0111\u1eadm d\u1ea5u \u1ea5n \u0111\u1eb7c tr\u01b0ng c\u1ee7a ph\u1ed1 c\u1ed5 H\u1ed9i An.<\/p>\n<p style=\"text-align: left\">Th\u1ea3 m\u00ecnh trong kh\u00f4ng gian ph\u00f2ng \u0111\u00f4i (gi\u01b0\u1eddng c\u1ee1 King) ho\u1eb7c ph\u00f2ng Twin (hai gi\u01b0\u1eddng \u0111\u01a1n), v\u1edbi ban c\u00f4ng ri\u00eang tho\u00e1ng m\u00e1t, Wifi t\u1ed1c \u0111\u1ed9 cao, d\u1ecbch v\u1ee5 ph\u00f2ng 24 gi\u1edd v\u00e0 t\u1ea5t c\u1ea3 c\u00e1c ti\u1ec7n nghi hi\u1ec7n \u0111\u1ea1i \u0111\u00e1p \u1ee9ng m\u1ecdi k\u1ef3 v\u1ecdng t\u1ea1i khu ngh\u1ec9 d\u01b0\u1ee1ng m\u1edbi nh\u1ea5t gi\u1eefa l\u00f2ng ph\u1ed1 H\u1ed9i.<\/p>\n","protected":false},"excerpt":{"rendered":"<p>T\u1eadn h\u01b0\u1edfng kh\u00f4ng gian ngh\u1ec9 d\u01b0\u1ee1ng r\u1ed9ng r\u00e3i v\u00e0 hi\u1ec7n \u0111\u1ea1i, \u0111\u01b0\u1ee3c thi\u1ebft k\u1ebf tinh t\u1ebf mang \u0111\u1eadm d\u1ea5u \u1ea5n \u0111\u1eb7c tr\u01b0ng c\u1ee7a ph\u1ed1 c\u1ed5 H\u1ed9i An. Th\u1ea3 m\u00ecnh trong kh\u00f4ng gian ph\u00f2ng \u0111\u00f4i (gi\u01b0\u1eddng c\u1ee1 King) ho\u1eb7c ph\u00f2ng Twin (hai gi\u01b0\u1eddng \u0111\u01a1n), v\u1edbi ban c\u00f4ng ri\u00eang tho\u00e1ng m\u00e1t, Wifi t\u1ed1c \u0111\u1ed9 cao, d\u1ecbch v\u1ee5 [&hellip;]<\/p>\n","protected":false},"author":5,"featured_media":732,"parent":523,"menu_order":0,"comment_status":"closed","ping_status":"closed","template":"template-single-room.php","meta":{"footnotes":""},"yoast_head":"<!-- This site is optimized with the Yoast SEO plugin v22.3 - https:\/\/yoast.com\/wordpress\/plugins\/seo\/ -->\n<title>Ph\u00f2ng Garden Terrace King\/Twin | Kh\u00e1ch S\u1ea1n View S\u00e2n V\u01b0\u1eddn t\u1ea1i H\u1ed9i An<\/title>\n<meta name=\"description\" content=\"Ph\u00f2ng Garden Terrace King\/Twin v\u1edbi view nh\u00ecn ra khu v\u01b0\u1eddn v\u1edbi s\u00e2n hi\u00ean ri\u00eang t\u1ea1i Wafaifo Resort Hoi An. Ph\u00f2ng c\u00f3 gi\u01b0\u1eddng c\u1ee1 King ho\u1eb7c hai gi\u01b0\u1eddng \u0111\u01a1n. \u0110\u1eb7t ph\u00f2ng ngay\" \/>\n<meta name=\"robots\" content=\"index, follow, max-snippet:-1, max-image-preview:large, max-video-preview:-1\" \/>\n<link rel=\"canonical\" href=\"https:\/\/www.wafaifo.com\/vi\/hang-phong\/phong-garden-terrace-king-twin\/\" \/>\n<meta property=\"og:locale\" content=\"vi_VN\" \/>\n<meta property=\"og:type\" content=\"article\" \/>\n<meta property=\"og:title\" content=\"Ph\u00f2ng Garden Terrace King\/Twin | Kh\u00e1ch S\u1ea1n View S\u00e2n V\u01b0\u1eddn t\u1ea1i H\u1ed9i An\" \/>\n<meta property=\"og:description\" content=\"Ph\u00f2ng Garden Terrace King\/Twin v\u1edbi view nh\u00ecn ra khu v\u01b0\u1eddn v\u1edbi s\u00e2n hi\u00ean ri\u00eang t\u1ea1i Wafaifo Resort Hoi An. Ph\u00f2ng c\u00f3 gi\u01b0\u1eddng c\u1ee1 King ho\u1eb7c hai gi\u01b0\u1eddng \u0111\u01a1n. \u0110\u1eb7t ph\u00f2ng ngay\" \/>\n<meta property=\"og:url\" content=\"https:\/\/www.wafaifo.com\/vi\/hang-phong\/phong-garden-terrace-king-twin\/\" \/>\n<meta property=\"og:site_name\" content=\"Wafaifo Resort Hoi An\" \/>\n<meta property=\"article:modified_time\" content=\"2026-03-24T09:37:03+00:00\" \/>\n<meta property=\"og:image\" content=\"https:\/\/www.wafaifo.com\/wp-content\/uploads\/sites\/13\/2024\/10\/Faifo_Terrace_King_1.jpg\" \/>\n\t<meta property=\"og:image:width\" content=\"8192\" \/>\n\t<meta property=\"og:image:height\" content=\"5464\" \/>\n\t<meta property=\"og:image:type\" content=\"image\/jpeg\" \/>\n<meta name=\"twitter:card\" content=\"summary_large_image\" \/>\n<meta name=\"twitter:label1\" content=\"Est. reading time\" \/>\n\t<meta name=\"twitter:data1\" content=\"1 minute\" \/>\n<script type=\"application\/ld+json\" class=\"yoast-schema-graph\">{\"@context\":\"https:\/\/schema.org\",\"@graph\":[{\"@type\":\"WebPage\",\"@id\":\"https:\/\/www.wafaifo.com\/vi\/hang-phong\/phong-garden-terrace-king-twin\/\",\"url\":\"https:\/\/www.wafaifo.com\/vi\/hang-phong\/phong-garden-terrace-king-twin\/\",\"name\":\"Ph\u00f2ng Garden Terrace King\/Twin | Kh\u00e1ch S\u1ea1n View S\u00e2n V\u01b0\u1eddn t\u1ea1i H\u1ed9i An\",\"isPartOf\":{\"@id\":\"https:\/\/www.wafaifo.com\/vi\/#website\"},\"primaryImageOfPage\":{\"@id\":\"https:\/\/www.wafaifo.com\/vi\/hang-phong\/phong-garden-terrace-king-twin\/#primaryimage\"},\"image\":{\"@id\":\"https:\/\/www.wafaifo.com\/vi\/hang-phong\/phong-garden-terrace-king-twin\/#primaryimage\"},\"thumbnailUrl\":\"https:\/\/www.wafaifo.com\/wp-content\/uploads\/sites\/13\/2024\/10\/Faifo_Terrace_King_1.jpg\",\"datePublished\":\"2023-08-16T04:23:20+00:00\",\"dateModified\":\"2026-03-24T09:37:03+00:00\",\"description\":\"Ph\u00f2ng Garden Terrace King\/Twin v\u1edbi view nh\u00ecn ra khu v\u01b0\u1eddn v\u1edbi s\u00e2n hi\u00ean ri\u00eang t\u1ea1i Wafaifo Resort Hoi An. Ph\u00f2ng c\u00f3 gi\u01b0\u1eddng c\u1ee1 King ho\u1eb7c hai gi\u01b0\u1eddng \u0111\u01a1n. \u0110\u1eb7t ph\u00f2ng ngay\",\"breadcrumb\":{\"@id\":\"https:\/\/www.wafaifo.com\/vi\/hang-phong\/phong-garden-terrace-king-twin\/#breadcrumb\"},\"inLanguage\":\"vi-VN\",\"potentialAction\":[{\"@type\":\"ReadAction\",\"target\":[\"https:\/\/www.wafaifo.com\/vi\/hang-phong\/phong-garden-terrace-king-twin\/\"]}]},{\"@type\":\"ImageObject\",\"inLanguage\":\"vi-VN\",\"@id\":\"https:\/\/www.wafaifo.com\/vi\/hang-phong\/phong-garden-terrace-king-twin\/#primaryimage\",\"url\":\"https:\/\/www.wafaifo.com\/wp-content\/uploads\/sites\/13\/2024\/10\/Faifo_Terrace_King_1.jpg\",\"contentUrl\":\"https:\/\/www.wafaifo.com\/wp-content\/uploads\/sites\/13\/2024\/10\/Faifo_Terrace_King_1.jpg\",\"width\":8192,\"height\":5464},{\"@type\":\"BreadcrumbList\",\"@id\":\"https:\/\/www.wafaifo.com\/vi\/hang-phong\/phong-garden-terrace-king-twin\/#breadcrumb\",\"itemListElement\":[{\"@type\":\"ListItem\",\"position\":1,\"name\":\"Home\",\"item\":\"https:\/\/www.wafaifo.com\/vi\/\"},{\"@type\":\"ListItem\",\"position\":2,\"name\":\"H\u1ea1ng Ph\u00f2ng\",\"item\":\"https:\/\/www.wafaifo.com\/vi\/hang-phong\/\"},{\"@type\":\"ListItem\",\"position\":3,\"name\":\"Garden Terrace King\/Twin\"}]},{\"@type\":\"WebSite\",\"@id\":\"https:\/\/www.wafaifo.com\/vi\/#website\",\"url\":\"https:\/\/www.wafaifo.com\/vi\/\",\"name\":\"Wafaifo Resort Hoi An\",\"description\":\"\",\"potentialAction\":[{\"@type\":\"SearchAction\",\"target\":{\"@type\":\"EntryPoint\",\"urlTemplate\":\"https:\/\/www.wafaifo.com\/vi\/?s={search_term_string}\"},\"query-input\":\"required name=search_term_string\"}],\"inLanguage\":\"vi-VN\"}]}<\/script>\n<!-- \/ Yoast SEO plugin. -->","yoast_head_json":{"title":"Ph\u00f2ng Garden Terrace King\/Twin | Kh\u00e1ch S\u1ea1n View S\u00e2n V\u01b0\u1eddn t\u1ea1i H\u1ed9i An","description":"Ph\u00f2ng Garden Terrace King\/Twin v\u1edbi view nh\u00ecn ra khu v\u01b0\u1eddn v\u1edbi s\u00e2n hi\u00ean ri\u00eang t\u1ea1i Wafaifo Resort Hoi An. Ph\u00f2ng c\u00f3 gi\u01b0\u1eddng c\u1ee1 King ho\u1eb7c hai gi\u01b0\u1eddng \u0111\u01a1n. \u0110\u1eb7t ph\u00f2ng ngay","robots":{"index":"index","follow":"follow","max-snippet":"max-snippet:-1","max-image-preview":"max-image-preview:large","max-video-preview":"max-video-preview:-1"},"canonical":"https:\/\/www.wafaifo.com\/vi\/hang-phong\/phong-garden-terrace-king-twin\/","og_locale":"vi_VN","og_type":"article","og_title":"Ph\u00f2ng Garden Terrace King\/Twin | Kh\u00e1ch S\u1ea1n View S\u00e2n V\u01b0\u1eddn t\u1ea1i H\u1ed9i An","og_description":"Ph\u00f2ng Garden Terrace King\/Twin v\u1edbi view nh\u00ecn ra khu v\u01b0\u1eddn v\u1edbi s\u00e2n hi\u00ean ri\u00eang t\u1ea1i Wafaifo Resort Hoi An. Ph\u00f2ng c\u00f3 gi\u01b0\u1eddng c\u1ee1 King ho\u1eb7c hai gi\u01b0\u1eddng \u0111\u01a1n. \u0110\u1eb7t ph\u00f2ng ngay","og_url":"https:\/\/www.wafaifo.com\/vi\/hang-phong\/phong-garden-terrace-king-twin\/","og_site_name":"Wafaifo Resort Hoi An","article_modified_time":"2026-03-24T09:37:03+00:00","og_image":[{"width":8192,"height":5464,"url":"https:\/\/www.wafaifo.com\/wp-content\/uploads\/sites\/13\/2024\/10\/Faifo_Terrace_King_1.jpg","type":"image\/jpeg"}],"twitter_card":"summary_large_image","twitter_misc":{"Est. reading time":"1 minute"},"schema":{"@context":"https:\/\/schema.org","@graph":[{"@type":"WebPage","@id":"https:\/\/www.wafaifo.com\/vi\/hang-phong\/phong-garden-terrace-king-twin\/","url":"https:\/\/www.wafaifo.com\/vi\/hang-phong\/phong-garden-terrace-king-twin\/","name":"Ph\u00f2ng Garden Terrace King\/Twin | Kh\u00e1ch S\u1ea1n View S\u00e2n V\u01b0\u1eddn t\u1ea1i H\u1ed9i An","isPartOf":{"@id":"https:\/\/www.wafaifo.com\/vi\/#website"},"primaryImageOfPage":{"@id":"https:\/\/www.wafaifo.com\/vi\/hang-phong\/phong-garden-terrace-king-twin\/#primaryimage"},"image":{"@id":"https:\/\/www.wafaifo.com\/vi\/hang-phong\/phong-garden-terrace-king-twin\/#primaryimage"},"thumbnailUrl":"https:\/\/www.wafaifo.com\/wp-content\/uploads\/sites\/13\/2024\/10\/Faifo_Terrace_King_1.jpg","datePublished":"2023-08-16T04:23:20+00:00","dateModified":"2026-03-24T09:37:03+00:00","description":"Ph\u00f2ng Garden Terrace King\/Twin v\u1edbi view nh\u00ecn ra khu v\u01b0\u1eddn v\u1edbi s\u00e2n hi\u00ean ri\u00eang t\u1ea1i Wafaifo Resort Hoi An. Ph\u00f2ng c\u00f3 gi\u01b0\u1eddng c\u1ee1 King ho\u1eb7c hai gi\u01b0\u1eddng \u0111\u01a1n. \u0110\u1eb7t ph\u00f2ng ngay","breadcrumb":{"@id":"https:\/\/www.wafaifo.com\/vi\/hang-phong\/phong-garden-terrace-king-twin\/#breadcrumb"},"inLanguage":"vi-VN","potentialAction":[{"@type":"ReadAction","target":["https:\/\/www.wafaifo.com\/vi\/hang-phong\/phong-garden-terrace-king-twin\/"]}]},{"@type":"ImageObject","inLanguage":"vi-VN","@id":"https:\/\/www.wafaifo.com\/vi\/hang-phong\/phong-garden-terrace-king-twin\/#primaryimage","url":"https:\/\/www.wafaifo.com\/wp-content\/uploads\/sites\/13\/2024\/10\/Faifo_Terrace_King_1.jpg","contentUrl":"https:\/\/www.wafaifo.com\/wp-content\/uploads\/sites\/13\/2024\/10\/Faifo_Terrace_King_1.jpg","width":8192,"height":5464},{"@type":"BreadcrumbList","@id":"https:\/\/www.wafaifo.com\/vi\/hang-phong\/phong-garden-terrace-king-twin\/#breadcrumb","itemListElement":[{"@type":"ListItem","position":1,"name":"Home","item":"https:\/\/www.wafaifo.com\/vi\/"},{"@type":"ListItem","position":2,"name":"H\u1ea1ng Ph\u00f2ng","item":"https:\/\/www.wafaifo.com\/vi\/hang-phong\/"},{"@type":"ListItem","position":3,"name":"Garden Terrace King\/Twin"}]},{"@type":"WebSite","@id":"https:\/\/www.wafaifo.com\/vi\/#website","url":"https:\/\/www.wafaifo.com\/vi\/","name":"Wafaifo Resort Hoi An","description":"","potentialAction":[{"@type":"SearchAction","target":{"@type":"EntryPoint","urlTemplate":"https:\/\/www.wafaifo.com\/vi\/?s={search_term_string}"},"query-input":"required name=search_term_string"}],"inLanguage":"vi-VN"}]}},"acf":[],"_links":{"self":[{"href":"https:\/\/www.wafaifo.com\/vi\/wp-json\/wp\/v2\/pages\/552"}],"collection":[{"href":"https:\/\/www.wafaifo.com\/vi\/wp-json\/wp\/v2\/pages"}],"about":[{"href":"https:\/\/www.wafaifo.com\/vi\/wp-json\/wp\/v2\/types\/page"}],"author":[{"embeddable":true,"href":"https:\/\/www.wafaifo.com\/vi\/wp-json\/wp\/v2\/users\/5"}],"replies":[{"embeddable":true,"href":"https:\/\/www.wafaifo.com\/vi\/wp-json\/wp\/v2\/comments?post=552"}],"version-history":[{"count":0,"href":"https:\/\/www.wafaifo.com\/vi\/wp-json\/wp\/v2\/pages\/552\/revisions"}],"up":[{"embeddable":true,"href":"https:\/\/www.wafaifo.com\/vi\/wp-json\/wp\/v2\/pages\/523"}],"wp:featuredmedia":[{"embeddable":true,"href":"https:\/\/www.wafaifo.com\/vi\/wp-json\/wp\/v2\/media\/732"}],"wp:attachment":[{"href":"https:\/\/www.wafaifo.com\/vi\/wp-json\/wp\/v2\/media?parent=552"}],"curies":[{"name":"wp","href":"https:\/\/api.w.org\/{rel}","templated":true}]}}