    {"id":554,"date":"2024-01-29T02:42:19","date_gmt":"2024-01-29T02:42:19","guid":{"rendered":"https:\/\/www.wafaifo.com\/?page_id=554"},"modified":"2025-01-21T04:31:05","modified_gmt":"2025-01-21T04:31:05","slug":"giai-tri","status":"publish","type":"page","link":"https:\/\/www.wafaifo.com\/vi\/giai-tri\/","title":{"rendered":"Gi\u1ea3i Tr\u00ed"},"content":{"rendered":"<p style=\"text-align: center\">WAFAIFO RESORT t\u1ef1 h\u00e0o mang \u0111\u1ebfn cho qu\u00fd kh\u00e1ch v\u00e0 c\u1ed9ng \u0111\u1ed3ng \u0111\u1ecba ph\u01b0\u01a1ng nh\u1eefng ho\u1ea1t \u0111\u1ed9ng \u0111\u00e1ng nh\u1edb v\u00e0 th\u00fa v\u1ecb nh\u01b0 th\u01b0\u1edfng th\u1ee9c nh\u1eefng b\u1ed9 phim \u0111\u1eb7c s\u1eafc, c\u00e1c s\u1ef1 ki\u1ec7n th\u1ec3 thao tr\u1ef1c ti\u1ebfp, nh\u1eefng khung gi\u1edd khuy\u1ebfn m\u00e3i, l\u1edbp h\u1ecdc n\u1ea5u \u0103n v\u00e0 r\u00e8n luy\u1ec7n s\u1ee9c kh\u1ecfe v\u1edbi c\u00e1c l\u1edbp h\u1ecdc th\u1ec3 h\u00ecnh, c\u00e1c bu\u1ed5i DJ s\u00f4i \u0111\u1ed9ng, tr\u1ea3i nghi\u1ec7m \u1ea9m th\u1ef1c v\u00e0 l\u1eafng nghe nh\u1eefng b\u00e0i di\u1ec5n thuy\u1ebft t\u1eeb c\u00e1c kh\u00e1ch m\u1eddi \u0111\u1eb7c bi\u1ec7t, mang \u0111\u1ebfn nh\u1eefng tr\u1ea3i nghi\u1ec7m \u0111\u1ed9c \u0111\u00e1o \u0111\u1ec3 v\u1eeba gi\u1ea3i tr\u00ed v\u1eeba mang t\u00ednh gi\u00e1o d\u1ee5c.<\/p>\n<p style=\"text-align: center\">H\u00e3y th\u01b0\u1eddng xuy\u00ean theo d\u00f5i t\u1ea1i \u0111\u00e2y \u0111\u1ec3 c\u1eadp nh\u1eadt nh\u1eefng ho\u1ea1t \u0111\u1ed9ng v\u00e0 s\u1ef1 ki\u1ec7n h\u1ea5p d\u1eabn nh\u1ea5t\u2014t\u1ea5t c\u1ea3 \u0111\u1ec1u di\u1ec5n ra t\u1ea1i trung t\u00e2m s\u00f4i \u0111\u1ed9ng c\u1ee7a ch\u00fang t\u00f4i!<\/p>\n","protected":false},"excerpt":{"rendered":"<p>WAFAIFO RESORT t\u1ef1 h\u00e0o mang \u0111\u1ebfn cho qu\u00fd kh\u00e1ch v\u00e0 c\u1ed9ng \u0111\u1ed3ng \u0111\u1ecba ph\u01b0\u01a1ng nh\u1eefng ho\u1ea1t \u0111\u1ed9ng \u0111\u00e1ng nh\u1edb v\u00e0 th\u00fa v\u1ecb nh\u01b0 th\u01b0\u1edfng th\u1ee9c nh\u1eefng b\u1ed9 phim \u0111\u1eb7c s\u1eafc, c\u00e1c s\u1ef1 ki\u1ec7n th\u1ec3 thao tr\u1ef1c ti\u1ebfp, nh\u1eefng khung gi\u1edd khuy\u1ebfn m\u00e3i, l\u1edbp h\u1ecdc n\u1ea5u \u0103n v\u00e0 r\u00e8n luy\u1ec7n s\u1ee9c kh\u1ecfe v\u1edbi c\u00e1c l\u1edbp h\u1ecdc [&hellip;]<\/p>\n","protected":false},"author":5,"featured_media":302,"parent":0,"menu_order":0,"comment_status":"closed","ping_status":"closed","template":"template-events.php","meta":{"footnotes":""},"yoast_head":"<!-- This site is optimized with the Yoast SEO plugin v22.3 - https:\/\/yoast.com\/wordpress\/plugins\/seo\/ -->\n<title>Gi\u1ea3i Tr\u00ed - Wafaifo Resort Hoi An<\/title>\n<meta name=\"robots\" content=\"index, follow, max-snippet:-1, max-image-preview:large, max-video-preview:-1\" \/>\n<link rel=\"canonical\" href=\"https:\/\/www.wafaifo.com\/vi\/giai-tri\/\" \/>\n<meta property=\"og:locale\" content=\"vi_VN\" \/>\n<meta property=\"og:type\" content=\"article\" \/>\n<meta property=\"og:title\" content=\"Gi\u1ea3i Tr\u00ed - Wafaifo Resort Hoi An\" \/>\n<meta property=\"og:description\" content=\"WAFAIFO RESORT t\u1ef1 h\u00e0o mang \u0111\u1ebfn cho qu\u00fd kh\u00e1ch v\u00e0 c\u1ed9ng \u0111\u1ed3ng \u0111\u1ecba ph\u01b0\u01a1ng nh\u1eefng ho\u1ea1t \u0111\u1ed9ng \u0111\u00e1ng nh\u1edb v\u00e0 th\u00fa v\u1ecb nh\u01b0 th\u01b0\u1edfng th\u1ee9c nh\u1eefng b\u1ed9 phim \u0111\u1eb7c s\u1eafc, c\u00e1c s\u1ef1 ki\u1ec7n th\u1ec3 thao tr\u1ef1c ti\u1ebfp, nh\u1eefng khung gi\u1edd khuy\u1ebfn m\u00e3i, l\u1edbp h\u1ecdc n\u1ea5u \u0103n v\u00e0 r\u00e8n luy\u1ec7n s\u1ee9c kh\u1ecfe v\u1edbi c\u00e1c l\u1edbp h\u1ecdc [&hellip;]\" \/>\n<meta property=\"og:url\" content=\"https:\/\/www.wafaifo.com\/vi\/giai-tri\/\" \/>\n<meta property=\"og:site_name\" content=\"Wafaifo Resort Hoi An\" \/>\n<meta property=\"article:modified_time\" content=\"2025-01-21T04:31:05+00:00\" \/>\n<meta property=\"og:image\" content=\"https:\/\/www.wafaifo.com\/wp-content\/uploads\/sites\/13\/2024\/03\/Cocktails-Lady.jpg\" \/>\n\t<meta property=\"og:image:width\" content=\"2560\" \/>\n\t<meta property=\"og:image:height\" content=\"1707\" \/>\n\t<meta property=\"og:image:type\" content=\"image\/jpeg\" \/>\n<meta name=\"twitter:card\" content=\"summary_large_image\" \/>\n<meta name=\"twitter:label1\" content=\"Est. reading time\" \/>\n\t<meta name=\"twitter:data1\" content=\"1 minute\" \/>\n<script type=\"application\/ld+json\" class=\"yoast-schema-graph\">{\"@context\":\"https:\/\/schema.org\",\"@graph\":[{\"@type\":\"WebPage\",\"@id\":\"https:\/\/www.wafaifo.com\/vi\/giai-tri\/\",\"url\":\"https:\/\/www.wafaifo.com\/vi\/giai-tri\/\",\"name\":\"Gi\u1ea3i Tr\u00ed - Wafaifo Resort Hoi An\",\"isPartOf\":{\"@id\":\"https:\/\/www.wafaifo.com\/vi\/#website\"},\"primaryImageOfPage\":{\"@id\":\"https:\/\/www.wafaifo.com\/vi\/giai-tri\/#primaryimage\"},\"image\":{\"@id\":\"https:\/\/www.wafaifo.com\/vi\/giai-tri\/#primaryimage\"},\"thumbnailUrl\":\"https:\/\/www.wafaifo.com\/wp-content\/uploads\/sites\/13\/2024\/03\/Cocktails-Lady.jpg\",\"datePublished\":\"2024-01-29T02:42:19+00:00\",\"dateModified\":\"2025-01-21T04:31:05+00:00\",\"breadcrumb\":{\"@id\":\"https:\/\/www.wafaifo.com\/vi\/giai-tri\/#breadcrumb\"},\"inLanguage\":\"vi-VN\",\"potentialAction\":[{\"@type\":\"ReadAction\",\"target\":[\"https:\/\/www.wafaifo.com\/vi\/giai-tri\/\"]}]},{\"@type\":\"ImageObject\",\"inLanguage\":\"vi-VN\",\"@id\":\"https:\/\/www.wafaifo.com\/vi\/giai-tri\/#primaryimage\",\"url\":\"https:\/\/www.wafaifo.com\/wp-content\/uploads\/sites\/13\/2024\/03\/Cocktails-Lady.jpg\",\"contentUrl\":\"https:\/\/www.wafaifo.com\/wp-content\/uploads\/sites\/13\/2024\/03\/Cocktails-Lady.jpg\",\"width\":2560,\"height\":1707},{\"@type\":\"BreadcrumbList\",\"@id\":\"https:\/\/www.wafaifo.com\/vi\/giai-tri\/#breadcrumb\",\"itemListElement\":[{\"@type\":\"ListItem\",\"position\":1,\"name\":\"Home\",\"item\":\"https:\/\/www.wafaifo.com\/vi\/\"},{\"@type\":\"ListItem\",\"position\":2,\"name\":\"Gi\u1ea3i Tr\u00ed\"}]},{\"@type\":\"WebSite\",\"@id\":\"https:\/\/www.wafaifo.com\/vi\/#website\",\"url\":\"https:\/\/www.wafaifo.com\/vi\/\",\"name\":\"Wafaifo Resort Hoi An\",\"description\":\"\",\"potentialAction\":[{\"@type\":\"SearchAction\",\"target\":{\"@type\":\"EntryPoint\",\"urlTemplate\":\"https:\/\/www.wafaifo.com\/vi\/?s={search_term_string}\"},\"query-input\":\"required name=search_term_string\"}],\"inLanguage\":\"vi-VN\"}]}<\/script>\n<!-- \/ Yoast SEO plugin. -->","yoast_head_json":{"title":"Gi\u1ea3i Tr\u00ed - Wafaifo Resort Hoi An","robots":{"index":"index","follow":"follow","max-snippet":"max-snippet:-1","max-image-preview":"max-image-preview:large","max-video-preview":"max-video-preview:-1"},"canonical":"https:\/\/www.wafaifo.com\/vi\/giai-tri\/","og_locale":"vi_VN","og_type":"article","og_title":"Gi\u1ea3i Tr\u00ed - Wafaifo Resort Hoi An","og_description":"WAFAIFO RESORT t\u1ef1 h\u00e0o mang \u0111\u1ebfn cho qu\u00fd kh\u00e1ch v\u00e0 c\u1ed9ng \u0111\u1ed3ng \u0111\u1ecba ph\u01b0\u01a1ng nh\u1eefng ho\u1ea1t \u0111\u1ed9ng \u0111\u00e1ng nh\u1edb v\u00e0 th\u00fa v\u1ecb nh\u01b0 th\u01b0\u1edfng th\u1ee9c nh\u1eefng b\u1ed9 phim \u0111\u1eb7c s\u1eafc, c\u00e1c s\u1ef1 ki\u1ec7n th\u1ec3 thao tr\u1ef1c ti\u1ebfp, nh\u1eefng khung gi\u1edd khuy\u1ebfn m\u00e3i, l\u1edbp h\u1ecdc n\u1ea5u \u0103n v\u00e0 r\u00e8n luy\u1ec7n s\u1ee9c kh\u1ecfe v\u1edbi c\u00e1c l\u1edbp h\u1ecdc [&hellip;]","og_url":"https:\/\/www.wafaifo.com\/vi\/giai-tri\/","og_site_name":"Wafaifo Resort Hoi An","article_modified_time":"2025-01-21T04:31:05+00:00","og_image":[{"width":2560,"height":1707,"url":"https:\/\/www.wafaifo.com\/wp-content\/uploads\/sites\/13\/2024\/03\/Cocktails-Lady.jpg","type":"image\/jpeg"}],"twitter_card":"summary_large_image","twitter_misc":{"Est. reading time":"1 minute"},"schema":{"@context":"https:\/\/schema.org","@graph":[{"@type":"WebPage","@id":"https:\/\/www.wafaifo.com\/vi\/giai-tri\/","url":"https:\/\/www.wafaifo.com\/vi\/giai-tri\/","name":"Gi\u1ea3i Tr\u00ed - Wafaifo Resort Hoi An","isPartOf":{"@id":"https:\/\/www.wafaifo.com\/vi\/#website"},"primaryImageOfPage":{"@id":"https:\/\/www.wafaifo.com\/vi\/giai-tri\/#primaryimage"},"image":{"@id":"https:\/\/www.wafaifo.com\/vi\/giai-tri\/#primaryimage"},"thumbnailUrl":"https:\/\/www.wafaifo.com\/wp-content\/uploads\/sites\/13\/2024\/03\/Cocktails-Lady.jpg","datePublished":"2024-01-29T02:42:19+00:00","dateModified":"2025-01-21T04:31:05+00:00","breadcrumb":{"@id":"https:\/\/www.wafaifo.com\/vi\/giai-tri\/#breadcrumb"},"inLanguage":"vi-VN","potentialAction":[{"@type":"ReadAction","target":["https:\/\/www.wafaifo.com\/vi\/giai-tri\/"]}]},{"@type":"ImageObject","inLanguage":"vi-VN","@id":"https:\/\/www.wafaifo.com\/vi\/giai-tri\/#primaryimage","url":"https:\/\/www.wafaifo.com\/wp-content\/uploads\/sites\/13\/2024\/03\/Cocktails-Lady.jpg","contentUrl":"https:\/\/www.wafaifo.com\/wp-content\/uploads\/sites\/13\/2024\/03\/Cocktails-Lady.jpg","width":2560,"height":1707},{"@type":"BreadcrumbList","@id":"https:\/\/www.wafaifo.com\/vi\/giai-tri\/#breadcrumb","itemListElement":[{"@type":"ListItem","position":1,"name":"Home","item":"https:\/\/www.wafaifo.com\/vi\/"},{"@type":"ListItem","position":2,"name":"Gi\u1ea3i Tr\u00ed"}]},{"@type":"WebSite","@id":"https:\/\/www.wafaifo.com\/vi\/#website","url":"https:\/\/www.wafaifo.com\/vi\/","name":"Wafaifo Resort Hoi An","description":"","potentialAction":[{"@type":"SearchAction","target":{"@type":"EntryPoint","urlTemplate":"https:\/\/www.wafaifo.com\/vi\/?s={search_term_string}"},"query-input":"required name=search_term_string"}],"inLanguage":"vi-VN"}]}},"acf":[],"_links":{"self":[{"href":"https:\/\/www.wafaifo.com\/vi\/wp-json\/wp\/v2\/pages\/554"}],"collection":[{"href":"https:\/\/www.wafaifo.com\/vi\/wp-json\/wp\/v2\/pages"}],"about":[{"href":"https:\/\/www.wafaifo.com\/vi\/wp-json\/wp\/v2\/types\/page"}],"author":[{"embeddable":true,"href":"https:\/\/www.wafaifo.com\/vi\/wp-json\/wp\/v2\/users\/5"}],"replies":[{"embeddable":true,"href":"https:\/\/www.wafaifo.com\/vi\/wp-json\/wp\/v2\/comments?post=554"}],"version-history":[{"count":0,"href":"https:\/\/www.wafaifo.com\/vi\/wp-json\/wp\/v2\/pages\/554\/revisions"}],"wp:featuredmedia":[{"embeddable":true,"href":"https:\/\/www.wafaifo.com\/vi\/wp-json\/wp\/v2\/media\/302"}],"wp:attachment":[{"href":"https:\/\/www.wafaifo.com\/vi\/wp-json\/wp\/v2\/media?parent=554"}],"curies":[{"name":"wp","href":"https:\/\/api.w.org\/{rel}","templated":true}]}}