    {"id":557,"date":"2023-08-16T05:58:28","date_gmt":"2023-08-16T05:58:28","guid":{"rendered":"https:\/\/www.wafaifo.com\/meeting-events\/"},"modified":"2026-03-25T03:49:42","modified_gmt":"2026-03-25T03:49:42","slug":"hoi-nghi-va-su-kien","status":"publish","type":"page","link":"https:\/\/www.wafaifo.com\/vi\/hoi-nghi-va-su-kien\/","title":{"rendered":"H\u1ed9i Ngh\u1ecb v\u00e0 S\u1ef1 Ki\u1ec7n"},"content":{"rendered":"<p>D\u00f9 l\u00e0 h\u1ed9i ngh\u1ecb doanh nghi\u1ec7p, s\u1ef1 ki\u1ec7n th\u01b0\u01a1ng m\u1ea1i, l\u1ec5 c\u01b0\u1edbi hay b\u1ea5t k\u1ef3 s\u1ef1 ki\u1ec7n \u0111\u1eb7c bi\u1ec7t n\u00e0o, WAFAIFO RESORT HOI AN \u0111\u1ec1u s\u1eb5n s\u00e0ng \u0111\u00e1p \u1ee9ng m\u1ecdi nhu c\u1ea7u c\u1ee7a b\u1ea1n.<\/p>\n<p>V\u1edbi c\u01a1 s\u1edf v\u1eadt ch\u1ea5t hi\u1ec7n \u0111\u1ea1i v\u00e0 c\u00f4ng ngh\u1ec7 ti\u00ean ti\u1ebfn, k\u1ebft h\u1ee3p v\u1edbi d\u1ecbch v\u1ee5 t\u1eadn t\u00e2m, ch\u00fang t\u00f4i t\u1ea1o ra m\u00f4i tr\u01b0\u1eddng l\u00fd t\u01b0\u1edfng cho c\u00e1c cu\u1ed9c h\u1ecdp v\u00e0 s\u1ef1 ki\u1ec7n \u0111\u00e1ng nh\u1edb. Ph\u00f2ng h\u1ecdp r\u1ed9ng r\u00e3i \u0111\u01b0\u1ee3c trang b\u1ecb m\u00e0n h\u00ecnh hi\u1ec3n th\u1ecb l\u1edbn v\u00e0 v\u00e1ch ng\u0103n di \u0111\u1ed9ng c\u00f3 th\u1ec3 \u0111i\u1ec1u ch\u1ec9nh, ph\u00f9 h\u1ee3p cho vi\u1ec7c t\u1ed5 ch\u1ee9c c\u00e1c s\u1ef1 ki\u1ec7n l\u00ean \u0111\u1ebfn 150 ng\u01b0\u1eddi.<\/p>\n<p>Ngo\u00e0i ra, khu ngh\u1ec9 d\u01b0\u1ee1ng c\u1ee7a ch\u00fang t\u00f4i c\u00f2n c\u00f3 ph\u00f2ng h\u1ecdp Chairman v\u1edbi s\u1ee9c ch\u1ee9a t\u1ed1i \u0111a 6 ng\u01b0\u1eddi, t\u1ea1o n\u00ean kh\u00f4ng gian l\u00fd t\u01b0\u1edfng cho c\u00e1c cu\u1ed9c h\u1ecdp gi\u1edbi h\u1ea1n th\u00e0nh vi\u00ean tham gia. Ch\u00fang t\u00f4i c\u0169ng t\u1ef1 h\u00e0o gi\u1edbi thi\u1ec7u ph\u00f2ng h\u1ecdp WAFAIFO, c\u00f3 s\u1ee9c ch\u1ee9a l\u00ean \u0111\u1ebfn 12 ng\u01b0\u1eddi, \u0111\u01b0\u1ee3c trang b\u1ecb m\u00e0n h\u00ecnh r\u1ed9ng 100 inch (250 cm), h\u1ec7 th\u1ed1ng \u00e2m thanh v\u00e0 micro hi\u1ec7n \u0111\u1ea1i nh\u1eb1m \u0111\u00e1p \u1ee9ng cho c\u00e1c h\u1ed9i ngh\u1ecb tr\u1ef1c tuy\u1ebfn qu\u1ed1c t\u1ebf.<\/p>\n<p>T\u1ea5t c\u1ea3 c\u00e1c ti\u1ec7n nghi h\u1ed9i ngh\u1ecb v\u00e0 s\u1ef1 ki\u1ec7n \u0111\u01b0\u1ee3c thi\u1ebft k\u1ebf nh\u1eb1m d\u1ec5 d\u00e0ng ph\u1ee5c v\u1ee5 \u1ea9m th\u1ef1c. H\u00e3y th\u01b0\u1edfng th\u1ee9c h\u01b0\u01a1ng v\u1ecb c\u00e0 ph\u00ea t\u01b0\u01a1i m\u1edbi, nh\u1eefng \u00fd t\u01b0\u1edfng s\u00e1ng t\u1ea1o v\u00e0 s\u1ef1 g\u1eb7p g\u1ee1 c\u1ee7a nh\u1eefng t\u00e2m h\u1ed3n \u0111\u1ed3ng \u0111i\u1ec7u, t\u1ea5t c\u1ea3 \u0111\u1ec1u \u0111\u01b0\u1ee3c WAFAIFO RESORT HOI AN ch\u00fa tr\u1ecdng m\u1ed9t c\u00e1ch tinh t\u1ebf, s\u00e1ng t\u1ea1o v\u00e0 t\u1eadp trung v\u00e0o t\u1eebng chi ti\u1ebft trong c\u00e1c h\u1ed9i ngh\u1ecb v\u00e0 s\u1ef1 ki\u1ec7n.<\/p>\n","protected":false},"excerpt":{"rendered":"<p>D\u00f9 l\u00e0 h\u1ed9i ngh\u1ecb doanh nghi\u1ec7p, s\u1ef1 ki\u1ec7n th\u01b0\u01a1ng m\u1ea1i, l\u1ec5 c\u01b0\u1edbi hay b\u1ea5t k\u1ef3 s\u1ef1 ki\u1ec7n \u0111\u1eb7c bi\u1ec7t n\u00e0o, WAFAIFO RESORT HOI AN \u0111\u1ec1u s\u1eb5n s\u00e0ng \u0111\u00e1p \u1ee9ng m\u1ecdi nhu c\u1ea7u c\u1ee7a b\u1ea1n. V\u1edbi c\u01a1 s\u1edf v\u1eadt ch\u1ea5t hi\u1ec7n \u0111\u1ea1i v\u00e0 c\u00f4ng ngh\u1ec7 ti\u00ean ti\u1ebfn, k\u1ebft h\u1ee3p v\u1edbi d\u1ecbch v\u1ee5 t\u1eadn t\u00e2m, ch\u00fang t\u00f4i [&hellip;]<\/p>\n","protected":false},"author":5,"featured_media":3036,"parent":0,"menu_order":0,"comment_status":"closed","ping_status":"closed","template":"template-meeting.php","meta":{"footnotes":""},"yoast_head":"<!-- This site is optimized with the Yoast SEO plugin v22.3 - https:\/\/yoast.com\/wordpress\/plugins\/seo\/ -->\n<title>Ph\u00f2ng H\u1ed9i Ngh\u1ecb &amp; T\u1ed5 Ch\u1ee9c S\u1ef1 Ki\u1ec7n - Wafaifo Resort Hoi An<\/title>\n<meta name=\"description\" content=\"Ph\u00f2ng h\u1ecdp r\u1ed9ng r\u00e3i \u0111\u01b0\u1ee3c trang b\u1ecb m\u00e0n h\u00ecnh hi\u1ec3n th\u1ecb l\u1edbn v\u00e0 v\u00e1ch ng\u0103n di \u0111\u1ed9ng c\u00f3 th\u1ec3 \u0111i\u1ec1u ch\u1ec9nh, ph\u00f9 h\u1ee3p t\u1ed5 ch\u1ee9c c\u00e1c s\u1ef1 ki\u1ec7n l\u00ean \u0111\u1ebfn 150 ng\u01b0\u1eddi.\" \/>\n<meta name=\"robots\" content=\"index, follow, max-snippet:-1, max-image-preview:large, max-video-preview:-1\" \/>\n<link rel=\"canonical\" href=\"https:\/\/www.wafaifo.com\/vi\/hoi-nghi-va-su-kien\/\" \/>\n<meta property=\"og:locale\" content=\"vi_VN\" \/>\n<meta property=\"og:type\" content=\"article\" \/>\n<meta property=\"og:title\" content=\"Ph\u00f2ng H\u1ed9i Ngh\u1ecb &amp; T\u1ed5 Ch\u1ee9c S\u1ef1 Ki\u1ec7n - Wafaifo Resort Hoi An\" \/>\n<meta property=\"og:description\" content=\"Ph\u00f2ng h\u1ecdp r\u1ed9ng r\u00e3i \u0111\u01b0\u1ee3c trang b\u1ecb m\u00e0n h\u00ecnh hi\u1ec3n th\u1ecb l\u1edbn v\u00e0 v\u00e1ch ng\u0103n di \u0111\u1ed9ng c\u00f3 th\u1ec3 \u0111i\u1ec1u ch\u1ec9nh, ph\u00f9 h\u1ee3p t\u1ed5 ch\u1ee9c c\u00e1c s\u1ef1 ki\u1ec7n l\u00ean \u0111\u1ebfn 150 ng\u01b0\u1eddi.\" \/>\n<meta property=\"og:url\" content=\"https:\/\/www.wafaifo.com\/vi\/hoi-nghi-va-su-kien\/\" \/>\n<meta property=\"og:site_name\" content=\"Wafaifo Resort Hoi An\" \/>\n<meta property=\"article:modified_time\" content=\"2026-03-25T03:49:42+00:00\" \/>\n<meta property=\"og:image\" content=\"https:\/\/www.wafaifo.com\/wp-content\/uploads\/sites\/13\/2025\/05\/Meeting-Room-11.jpg\" \/>\n\t<meta property=\"og:image:width\" content=\"2046\" \/>\n\t<meta property=\"og:image:height\" content=\"1366\" \/>\n\t<meta property=\"og:image:type\" content=\"image\/jpeg\" \/>\n<meta name=\"twitter:card\" content=\"summary_large_image\" \/>\n<meta name=\"twitter:label1\" content=\"Est. reading time\" \/>\n\t<meta name=\"twitter:data1\" content=\"2 minutes\" \/>\n<script type=\"application\/ld+json\" class=\"yoast-schema-graph\">{\"@context\":\"https:\/\/schema.org\",\"@graph\":[{\"@type\":\"WebPage\",\"@id\":\"https:\/\/www.wafaifo.com\/vi\/hoi-nghi-va-su-kien\/\",\"url\":\"https:\/\/www.wafaifo.com\/vi\/hoi-nghi-va-su-kien\/\",\"name\":\"Ph\u00f2ng H\u1ed9i Ngh\u1ecb & T\u1ed5 Ch\u1ee9c S\u1ef1 Ki\u1ec7n - Wafaifo Resort Hoi An\",\"isPartOf\":{\"@id\":\"https:\/\/www.wafaifo.com\/vi\/#website\"},\"primaryImageOfPage\":{\"@id\":\"https:\/\/www.wafaifo.com\/vi\/hoi-nghi-va-su-kien\/#primaryimage\"},\"image\":{\"@id\":\"https:\/\/www.wafaifo.com\/vi\/hoi-nghi-va-su-kien\/#primaryimage\"},\"thumbnailUrl\":\"https:\/\/www.wafaifo.com\/wp-content\/uploads\/sites\/13\/2025\/05\/Meeting-Room-11.jpg\",\"datePublished\":\"2023-08-16T05:58:28+00:00\",\"dateModified\":\"2026-03-25T03:49:42+00:00\",\"description\":\"Ph\u00f2ng h\u1ecdp r\u1ed9ng r\u00e3i \u0111\u01b0\u1ee3c trang b\u1ecb m\u00e0n h\u00ecnh hi\u1ec3n th\u1ecb l\u1edbn v\u00e0 v\u00e1ch ng\u0103n di \u0111\u1ed9ng c\u00f3 th\u1ec3 \u0111i\u1ec1u ch\u1ec9nh, ph\u00f9 h\u1ee3p t\u1ed5 ch\u1ee9c c\u00e1c s\u1ef1 ki\u1ec7n l\u00ean \u0111\u1ebfn 150 ng\u01b0\u1eddi.\",\"breadcrumb\":{\"@id\":\"https:\/\/www.wafaifo.com\/vi\/hoi-nghi-va-su-kien\/#breadcrumb\"},\"inLanguage\":\"vi-VN\",\"potentialAction\":[{\"@type\":\"ReadAction\",\"target\":[\"https:\/\/www.wafaifo.com\/vi\/hoi-nghi-va-su-kien\/\"]}]},{\"@type\":\"ImageObject\",\"inLanguage\":\"vi-VN\",\"@id\":\"https:\/\/www.wafaifo.com\/vi\/hoi-nghi-va-su-kien\/#primaryimage\",\"url\":\"https:\/\/www.wafaifo.com\/wp-content\/uploads\/sites\/13\/2025\/05\/Meeting-Room-11.jpg\",\"contentUrl\":\"https:\/\/www.wafaifo.com\/wp-content\/uploads\/sites\/13\/2025\/05\/Meeting-Room-11.jpg\",\"width\":2046,\"height\":1366},{\"@type\":\"BreadcrumbList\",\"@id\":\"https:\/\/www.wafaifo.com\/vi\/hoi-nghi-va-su-kien\/#breadcrumb\",\"itemListElement\":[{\"@type\":\"ListItem\",\"position\":1,\"name\":\"Home\",\"item\":\"https:\/\/www.wafaifo.com\/vi\/\"},{\"@type\":\"ListItem\",\"position\":2,\"name\":\"H\u1ed9i Ngh\u1ecb v\u00e0 S\u1ef1 Ki\u1ec7n\"}]},{\"@type\":\"WebSite\",\"@id\":\"https:\/\/www.wafaifo.com\/vi\/#website\",\"url\":\"https:\/\/www.wafaifo.com\/vi\/\",\"name\":\"Wafaifo Resort Hoi An\",\"description\":\"\",\"potentialAction\":[{\"@type\":\"SearchAction\",\"target\":{\"@type\":\"EntryPoint\",\"urlTemplate\":\"https:\/\/www.wafaifo.com\/vi\/?s={search_term_string}\"},\"query-input\":\"required name=search_term_string\"}],\"inLanguage\":\"vi-VN\"}]}<\/script>\n<!-- \/ Yoast SEO plugin. -->","yoast_head_json":{"title":"Ph\u00f2ng H\u1ed9i Ngh\u1ecb & T\u1ed5 Ch\u1ee9c S\u1ef1 Ki\u1ec7n - Wafaifo Resort Hoi An","description":"Ph\u00f2ng h\u1ecdp r\u1ed9ng r\u00e3i \u0111\u01b0\u1ee3c trang b\u1ecb m\u00e0n h\u00ecnh hi\u1ec3n th\u1ecb l\u1edbn v\u00e0 v\u00e1ch ng\u0103n di \u0111\u1ed9ng c\u00f3 th\u1ec3 \u0111i\u1ec1u ch\u1ec9nh, ph\u00f9 h\u1ee3p t\u1ed5 ch\u1ee9c c\u00e1c s\u1ef1 ki\u1ec7n l\u00ean \u0111\u1ebfn 150 ng\u01b0\u1eddi.","robots":{"index":"index","follow":"follow","max-snippet":"max-snippet:-1","max-image-preview":"max-image-preview:large","max-video-preview":"max-video-preview:-1"},"canonical":"https:\/\/www.wafaifo.com\/vi\/hoi-nghi-va-su-kien\/","og_locale":"vi_VN","og_type":"article","og_title":"Ph\u00f2ng H\u1ed9i Ngh\u1ecb & T\u1ed5 Ch\u1ee9c S\u1ef1 Ki\u1ec7n - Wafaifo Resort Hoi An","og_description":"Ph\u00f2ng h\u1ecdp r\u1ed9ng r\u00e3i \u0111\u01b0\u1ee3c trang b\u1ecb m\u00e0n h\u00ecnh hi\u1ec3n th\u1ecb l\u1edbn v\u00e0 v\u00e1ch ng\u0103n di \u0111\u1ed9ng c\u00f3 th\u1ec3 \u0111i\u1ec1u ch\u1ec9nh, ph\u00f9 h\u1ee3p t\u1ed5 ch\u1ee9c c\u00e1c s\u1ef1 ki\u1ec7n l\u00ean \u0111\u1ebfn 150 ng\u01b0\u1eddi.","og_url":"https:\/\/www.wafaifo.com\/vi\/hoi-nghi-va-su-kien\/","og_site_name":"Wafaifo Resort Hoi An","article_modified_time":"2026-03-25T03:49:42+00:00","og_image":[{"width":2046,"height":1366,"url":"https:\/\/www.wafaifo.com\/wp-content\/uploads\/sites\/13\/2025\/05\/Meeting-Room-11.jpg","type":"image\/jpeg"}],"twitter_card":"summary_large_image","twitter_misc":{"Est. reading time":"2 minutes"},"schema":{"@context":"https:\/\/schema.org","@graph":[{"@type":"WebPage","@id":"https:\/\/www.wafaifo.com\/vi\/hoi-nghi-va-su-kien\/","url":"https:\/\/www.wafaifo.com\/vi\/hoi-nghi-va-su-kien\/","name":"Ph\u00f2ng H\u1ed9i Ngh\u1ecb & T\u1ed5 Ch\u1ee9c S\u1ef1 Ki\u1ec7n - Wafaifo Resort Hoi An","isPartOf":{"@id":"https:\/\/www.wafaifo.com\/vi\/#website"},"primaryImageOfPage":{"@id":"https:\/\/www.wafaifo.com\/vi\/hoi-nghi-va-su-kien\/#primaryimage"},"image":{"@id":"https:\/\/www.wafaifo.com\/vi\/hoi-nghi-va-su-kien\/#primaryimage"},"thumbnailUrl":"https:\/\/www.wafaifo.com\/wp-content\/uploads\/sites\/13\/2025\/05\/Meeting-Room-11.jpg","datePublished":"2023-08-16T05:58:28+00:00","dateModified":"2026-03-25T03:49:42+00:00","description":"Ph\u00f2ng h\u1ecdp r\u1ed9ng r\u00e3i \u0111\u01b0\u1ee3c trang b\u1ecb m\u00e0n h\u00ecnh hi\u1ec3n th\u1ecb l\u1edbn v\u00e0 v\u00e1ch ng\u0103n di \u0111\u1ed9ng c\u00f3 th\u1ec3 \u0111i\u1ec1u ch\u1ec9nh, ph\u00f9 h\u1ee3p t\u1ed5 ch\u1ee9c c\u00e1c s\u1ef1 ki\u1ec7n l\u00ean \u0111\u1ebfn 150 ng\u01b0\u1eddi.","breadcrumb":{"@id":"https:\/\/www.wafaifo.com\/vi\/hoi-nghi-va-su-kien\/#breadcrumb"},"inLanguage":"vi-VN","potentialAction":[{"@type":"ReadAction","target":["https:\/\/www.wafaifo.com\/vi\/hoi-nghi-va-su-kien\/"]}]},{"@type":"ImageObject","inLanguage":"vi-VN","@id":"https:\/\/www.wafaifo.com\/vi\/hoi-nghi-va-su-kien\/#primaryimage","url":"https:\/\/www.wafaifo.com\/wp-content\/uploads\/sites\/13\/2025\/05\/Meeting-Room-11.jpg","contentUrl":"https:\/\/www.wafaifo.com\/wp-content\/uploads\/sites\/13\/2025\/05\/Meeting-Room-11.jpg","width":2046,"height":1366},{"@type":"BreadcrumbList","@id":"https:\/\/www.wafaifo.com\/vi\/hoi-nghi-va-su-kien\/#breadcrumb","itemListElement":[{"@type":"ListItem","position":1,"name":"Home","item":"https:\/\/www.wafaifo.com\/vi\/"},{"@type":"ListItem","position":2,"name":"H\u1ed9i Ngh\u1ecb v\u00e0 S\u1ef1 Ki\u1ec7n"}]},{"@type":"WebSite","@id":"https:\/\/www.wafaifo.com\/vi\/#website","url":"https:\/\/www.wafaifo.com\/vi\/","name":"Wafaifo Resort Hoi An","description":"","potentialAction":[{"@type":"SearchAction","target":{"@type":"EntryPoint","urlTemplate":"https:\/\/www.wafaifo.com\/vi\/?s={search_term_string}"},"query-input":"required name=search_term_string"}],"inLanguage":"vi-VN"}]}},"acf":[],"_links":{"self":[{"href":"https:\/\/www.wafaifo.com\/vi\/wp-json\/wp\/v2\/pages\/557"}],"collection":[{"href":"https:\/\/www.wafaifo.com\/vi\/wp-json\/wp\/v2\/pages"}],"about":[{"href":"https:\/\/www.wafaifo.com\/vi\/wp-json\/wp\/v2\/types\/page"}],"author":[{"embeddable":true,"href":"https:\/\/www.wafaifo.com\/vi\/wp-json\/wp\/v2\/users\/5"}],"replies":[{"embeddable":true,"href":"https:\/\/www.wafaifo.com\/vi\/wp-json\/wp\/v2\/comments?post=557"}],"version-history":[{"count":0,"href":"https:\/\/www.wafaifo.com\/vi\/wp-json\/wp\/v2\/pages\/557\/revisions"}],"wp:featuredmedia":[{"embeddable":true,"href":"https:\/\/www.wafaifo.com\/vi\/wp-json\/wp\/v2\/media\/3036"}],"wp:attachment":[{"href":"https:\/\/www.wafaifo.com\/vi\/wp-json\/wp\/v2\/media?parent=557"}],"curies":[{"name":"wp","href":"https:\/\/api.w.org\/{rel}","templated":true}]}}