    {"id":572,"date":"2023-08-16T07:56:38","date_gmt":"2023-08-16T07:56:38","guid":{"rendered":"https:\/\/www.wafaifo.com\/trong-trung-tam-pho-co-hoi-an\/destination\/"},"modified":"2024-08-26T04:59:58","modified_gmt":"2024-08-26T04:59:58","slug":"diem-den","status":"publish","type":"page","link":"https:\/\/www.wafaifo.com\/vi\/giua-long-pho-hoi\/diem-den\/","title":{"rendered":"\u0110i\u1ec3m \u0110\u1ebfn"},"content":{"rendered":"<p>H\u00f2a m\u00ecnh v\u00e0o th\u1ebf gi\u1edbi c\u1ee7a Ph\u1ed1 c\u1ed5 H\u1ed9i An &#8211; m\u1ed9t di s\u1ea3n v\u0103n h\u00f3a \u0111\u01b0\u1ee3c UNESCO c\u00f4ng nh\u1eadn. Tr\u1ea3i nghi\u1ec7m t\u1ea5t c\u1ea3 nh\u1eefng \u0111i\u1ec1u tuy\u1ec7t v\u1eddi nh\u1ea5t m\u00e0 H\u1ed9i An mang l\u1ea1i: Ph\u1ed1 c\u1ed5, nh\u1eefng c\u1eeda h\u00e0ng nh\u1ecf xinh \u0111\u1ed9c \u0111\u00e1o, c\u00e1c ng\u00f4i nh\u00e0 c\u1ed5 v\u00e0 b\u1ea3o t\u00e0ng, c\u00f9ng v\u1edbi nh\u1eefng nh\u00e0 h\u00e0ng tuy\u1ec7t v\u1eddi ven s\u00f4ng. Th\u01b0\u1edfng th\u1ee9c nh\u1eefng \u0111\u00eam thanh b\u00ecnh d\u1ea1o b\u01b0\u1edbc d\u01b0\u1edbi \u00e1nh \u0111\u00e8n l\u1ed3ng trong khu ph\u1ed1 c\u1ed5. L\u1ecbch s\u1eed h\u1ed9i nh\u1eadp v\u0103n h\u00f3a c\u1ee7a th\u00e0nh ph\u1ed1 c\u1ea3ng x\u01b0a \u0111\u01b0\u1ee3c ph\u1ea3n \u00e1nh r\u00f5 n\u00e9t qua ki\u1ebfn tr\u00fac n\u01a1i \u0111\u00e2y \u2014 m\u1ed9t s\u1ef1 pha tr\u1ed9n phong c\u00e1ch t\u1eeb nh\u1eefng c\u0103n nh\u00e0 g\u1ed7 v\u00e0 \u0111\u1ec1n th\u1edd Trung Hoa, \u0111\u1ebfn c\u00e1c t\u00f2a nh\u00e0 Ph\u00e1p thu\u1ed9c \u0111\u1ea7y m\u00e0u s\u1eafc, nh\u00e0 \u1ed1ng Vi\u1ec7t Nam tinh x\u1ea3o, v\u00e0 ch\u00f9a c\u1ea7u Nh\u1eadt B\u1ea3n n\u1ed5i ti\u1ebfng.<\/p>\n","protected":false},"excerpt":{"rendered":"<p>H\u00f2a m\u00ecnh v\u00e0o th\u1ebf gi\u1edbi c\u1ee7a Ph\u1ed1 c\u1ed5 H\u1ed9i An &#8211; m\u1ed9t di s\u1ea3n v\u0103n h\u00f3a \u0111\u01b0\u1ee3c UNESCO c\u00f4ng nh\u1eadn. Tr\u1ea3i nghi\u1ec7m t\u1ea5t c\u1ea3 nh\u1eefng \u0111i\u1ec1u tuy\u1ec7t v\u1eddi nh\u1ea5t m\u00e0 H\u1ed9i An mang l\u1ea1i: Ph\u1ed1 c\u1ed5, nh\u1eefng c\u1eeda h\u00e0ng nh\u1ecf xinh \u0111\u1ed9c \u0111\u00e1o, c\u00e1c ng\u00f4i nh\u00e0 c\u1ed5 v\u00e0 b\u1ea3o t\u00e0ng, c\u00f9ng v\u1edbi nh\u1eefng nh\u00e0 h\u00e0ng [&hellip;]<\/p>\n","protected":false},"author":5,"featured_media":106,"parent":569,"menu_order":0,"comment_status":"closed","ping_status":"closed","template":"template-surroundings.php","meta":{"footnotes":""},"yoast_head":"<!-- This site is optimized with the Yoast SEO plugin v22.3 - https:\/\/yoast.com\/wordpress\/plugins\/seo\/ -->\n<title>\u0110i\u1ec3m \u0110\u1ebfn - Wafaifo Resort Hoi An<\/title>\n<meta name=\"robots\" content=\"index, follow, max-snippet:-1, max-image-preview:large, max-video-preview:-1\" \/>\n<link rel=\"canonical\" href=\"https:\/\/www.wafaifo.com\/vi\/giua-long-pho-hoi\/diem-den\/\" \/>\n<meta property=\"og:locale\" content=\"vi_VN\" \/>\n<meta property=\"og:type\" content=\"article\" \/>\n<meta property=\"og:title\" content=\"\u0110i\u1ec3m \u0110\u1ebfn - Wafaifo Resort Hoi An\" \/>\n<meta property=\"og:description\" content=\"H\u00f2a m\u00ecnh v\u00e0o th\u1ebf gi\u1edbi c\u1ee7a Ph\u1ed1 c\u1ed5 H\u1ed9i An &#8211; m\u1ed9t di s\u1ea3n v\u0103n h\u00f3a \u0111\u01b0\u1ee3c UNESCO c\u00f4ng nh\u1eadn. Tr\u1ea3i nghi\u1ec7m t\u1ea5t c\u1ea3 nh\u1eefng \u0111i\u1ec1u tuy\u1ec7t v\u1eddi nh\u1ea5t m\u00e0 H\u1ed9i An mang l\u1ea1i: Ph\u1ed1 c\u1ed5, nh\u1eefng c\u1eeda h\u00e0ng nh\u1ecf xinh \u0111\u1ed9c \u0111\u00e1o, c\u00e1c ng\u00f4i nh\u00e0 c\u1ed5 v\u00e0 b\u1ea3o t\u00e0ng, c\u00f9ng v\u1edbi nh\u1eefng nh\u00e0 h\u00e0ng [&hellip;]\" \/>\n<meta property=\"og:url\" content=\"https:\/\/www.wafaifo.com\/vi\/giua-long-pho-hoi\/diem-den\/\" \/>\n<meta property=\"og:site_name\" content=\"Wafaifo Resort Hoi An\" \/>\n<meta property=\"article:modified_time\" content=\"2024-08-26T04:59:58+00:00\" \/>\n<meta property=\"og:image\" content=\"https:\/\/www.wafaifo.com\/wp-content\/uploads\/sites\/13\/2023\/08\/shutterstock_457946020Large.jpg\" \/>\n\t<meta property=\"og:image:width\" content=\"1280\" \/>\n\t<meta property=\"og:image:height\" content=\"846\" \/>\n\t<meta property=\"og:image:type\" content=\"image\/jpeg\" \/>\n<meta name=\"twitter:card\" content=\"summary_large_image\" \/>\n<meta name=\"twitter:label1\" content=\"Est. reading time\" \/>\n\t<meta name=\"twitter:data1\" content=\"1 minute\" \/>\n<script type=\"application\/ld+json\" class=\"yoast-schema-graph\">{\"@context\":\"https:\/\/schema.org\",\"@graph\":[{\"@type\":\"WebPage\",\"@id\":\"https:\/\/www.wafaifo.com\/vi\/giua-long-pho-hoi\/diem-den\/\",\"url\":\"https:\/\/www.wafaifo.com\/vi\/giua-long-pho-hoi\/diem-den\/\",\"name\":\"\u0110i\u1ec3m \u0110\u1ebfn - Wafaifo Resort Hoi An\",\"isPartOf\":{\"@id\":\"https:\/\/www.wafaifo.com\/vi\/#website\"},\"primaryImageOfPage\":{\"@id\":\"https:\/\/www.wafaifo.com\/vi\/giua-long-pho-hoi\/diem-den\/#primaryimage\"},\"image\":{\"@id\":\"https:\/\/www.wafaifo.com\/vi\/giua-long-pho-hoi\/diem-den\/#primaryimage\"},\"thumbnailUrl\":\"https:\/\/www.wafaifo.com\/wp-content\/uploads\/sites\/13\/2023\/08\/shutterstock_457946020Large.jpg\",\"datePublished\":\"2023-08-16T07:56:38+00:00\",\"dateModified\":\"2024-08-26T04:59:58+00:00\",\"breadcrumb\":{\"@id\":\"https:\/\/www.wafaifo.com\/vi\/giua-long-pho-hoi\/diem-den\/#breadcrumb\"},\"inLanguage\":\"vi-VN\",\"potentialAction\":[{\"@type\":\"ReadAction\",\"target\":[\"https:\/\/www.wafaifo.com\/vi\/giua-long-pho-hoi\/diem-den\/\"]}]},{\"@type\":\"ImageObject\",\"inLanguage\":\"vi-VN\",\"@id\":\"https:\/\/www.wafaifo.com\/vi\/giua-long-pho-hoi\/diem-den\/#primaryimage\",\"url\":\"https:\/\/www.wafaifo.com\/wp-content\/uploads\/sites\/13\/2023\/08\/shutterstock_457946020Large.jpg\",\"contentUrl\":\"https:\/\/www.wafaifo.com\/wp-content\/uploads\/sites\/13\/2023\/08\/shutterstock_457946020Large.jpg\",\"width\":1280,\"height\":846},{\"@type\":\"BreadcrumbList\",\"@id\":\"https:\/\/www.wafaifo.com\/vi\/giua-long-pho-hoi\/diem-den\/#breadcrumb\",\"itemListElement\":[{\"@type\":\"ListItem\",\"position\":1,\"name\":\"Home\",\"item\":\"https:\/\/www.wafaifo.com\/vi\/\"},{\"@type\":\"ListItem\",\"position\":2,\"name\":\"Gi\u1eefa L\u00f2ng Ph\u1ed1 H\u1ed9i\",\"item\":\"https:\/\/www.wafaifo.com\/vi\/giua-long-pho-hoi\/\"},{\"@type\":\"ListItem\",\"position\":3,\"name\":\"\u0110i\u1ec3m \u0110\u1ebfn\"}]},{\"@type\":\"WebSite\",\"@id\":\"https:\/\/www.wafaifo.com\/vi\/#website\",\"url\":\"https:\/\/www.wafaifo.com\/vi\/\",\"name\":\"Wafaifo Resort Hoi An\",\"description\":\"\",\"potentialAction\":[{\"@type\":\"SearchAction\",\"target\":{\"@type\":\"EntryPoint\",\"urlTemplate\":\"https:\/\/www.wafaifo.com\/vi\/?s={search_term_string}\"},\"query-input\":\"required name=search_term_string\"}],\"inLanguage\":\"vi-VN\"}]}<\/script>\n<!-- \/ Yoast SEO plugin. -->","yoast_head_json":{"title":"\u0110i\u1ec3m \u0110\u1ebfn - Wafaifo Resort Hoi An","robots":{"index":"index","follow":"follow","max-snippet":"max-snippet:-1","max-image-preview":"max-image-preview:large","max-video-preview":"max-video-preview:-1"},"canonical":"https:\/\/www.wafaifo.com\/vi\/giua-long-pho-hoi\/diem-den\/","og_locale":"vi_VN","og_type":"article","og_title":"\u0110i\u1ec3m \u0110\u1ebfn - Wafaifo Resort Hoi An","og_description":"H\u00f2a m\u00ecnh v\u00e0o th\u1ebf gi\u1edbi c\u1ee7a Ph\u1ed1 c\u1ed5 H\u1ed9i An &#8211; m\u1ed9t di s\u1ea3n v\u0103n h\u00f3a \u0111\u01b0\u1ee3c UNESCO c\u00f4ng nh\u1eadn. Tr\u1ea3i nghi\u1ec7m t\u1ea5t c\u1ea3 nh\u1eefng \u0111i\u1ec1u tuy\u1ec7t v\u1eddi nh\u1ea5t m\u00e0 H\u1ed9i An mang l\u1ea1i: Ph\u1ed1 c\u1ed5, nh\u1eefng c\u1eeda h\u00e0ng nh\u1ecf xinh \u0111\u1ed9c \u0111\u00e1o, c\u00e1c ng\u00f4i nh\u00e0 c\u1ed5 v\u00e0 b\u1ea3o t\u00e0ng, c\u00f9ng v\u1edbi nh\u1eefng nh\u00e0 h\u00e0ng [&hellip;]","og_url":"https:\/\/www.wafaifo.com\/vi\/giua-long-pho-hoi\/diem-den\/","og_site_name":"Wafaifo Resort Hoi An","article_modified_time":"2024-08-26T04:59:58+00:00","og_image":[{"width":1280,"height":846,"url":"https:\/\/www.wafaifo.com\/wp-content\/uploads\/sites\/13\/2023\/08\/shutterstock_457946020Large.jpg","type":"image\/jpeg"}],"twitter_card":"summary_large_image","twitter_misc":{"Est. reading time":"1 minute"},"schema":{"@context":"https:\/\/schema.org","@graph":[{"@type":"WebPage","@id":"https:\/\/www.wafaifo.com\/vi\/giua-long-pho-hoi\/diem-den\/","url":"https:\/\/www.wafaifo.com\/vi\/giua-long-pho-hoi\/diem-den\/","name":"\u0110i\u1ec3m \u0110\u1ebfn - Wafaifo Resort Hoi An","isPartOf":{"@id":"https:\/\/www.wafaifo.com\/vi\/#website"},"primaryImageOfPage":{"@id":"https:\/\/www.wafaifo.com\/vi\/giua-long-pho-hoi\/diem-den\/#primaryimage"},"image":{"@id":"https:\/\/www.wafaifo.com\/vi\/giua-long-pho-hoi\/diem-den\/#primaryimage"},"thumbnailUrl":"https:\/\/www.wafaifo.com\/wp-content\/uploads\/sites\/13\/2023\/08\/shutterstock_457946020Large.jpg","datePublished":"2023-08-16T07:56:38+00:00","dateModified":"2024-08-26T04:59:58+00:00","breadcrumb":{"@id":"https:\/\/www.wafaifo.com\/vi\/giua-long-pho-hoi\/diem-den\/#breadcrumb"},"inLanguage":"vi-VN","potentialAction":[{"@type":"ReadAction","target":["https:\/\/www.wafaifo.com\/vi\/giua-long-pho-hoi\/diem-den\/"]}]},{"@type":"ImageObject","inLanguage":"vi-VN","@id":"https:\/\/www.wafaifo.com\/vi\/giua-long-pho-hoi\/diem-den\/#primaryimage","url":"https:\/\/www.wafaifo.com\/wp-content\/uploads\/sites\/13\/2023\/08\/shutterstock_457946020Large.jpg","contentUrl":"https:\/\/www.wafaifo.com\/wp-content\/uploads\/sites\/13\/2023\/08\/shutterstock_457946020Large.jpg","width":1280,"height":846},{"@type":"BreadcrumbList","@id":"https:\/\/www.wafaifo.com\/vi\/giua-long-pho-hoi\/diem-den\/#breadcrumb","itemListElement":[{"@type":"ListItem","position":1,"name":"Home","item":"https:\/\/www.wafaifo.com\/vi\/"},{"@type":"ListItem","position":2,"name":"Gi\u1eefa L\u00f2ng Ph\u1ed1 H\u1ed9i","item":"https:\/\/www.wafaifo.com\/vi\/giua-long-pho-hoi\/"},{"@type":"ListItem","position":3,"name":"\u0110i\u1ec3m \u0110\u1ebfn"}]},{"@type":"WebSite","@id":"https:\/\/www.wafaifo.com\/vi\/#website","url":"https:\/\/www.wafaifo.com\/vi\/","name":"Wafaifo Resort Hoi An","description":"","potentialAction":[{"@type":"SearchAction","target":{"@type":"EntryPoint","urlTemplate":"https:\/\/www.wafaifo.com\/vi\/?s={search_term_string}"},"query-input":"required name=search_term_string"}],"inLanguage":"vi-VN"}]}},"acf":[],"_links":{"self":[{"href":"https:\/\/www.wafaifo.com\/vi\/wp-json\/wp\/v2\/pages\/572"}],"collection":[{"href":"https:\/\/www.wafaifo.com\/vi\/wp-json\/wp\/v2\/pages"}],"about":[{"href":"https:\/\/www.wafaifo.com\/vi\/wp-json\/wp\/v2\/types\/page"}],"author":[{"embeddable":true,"href":"https:\/\/www.wafaifo.com\/vi\/wp-json\/wp\/v2\/users\/5"}],"replies":[{"embeddable":true,"href":"https:\/\/www.wafaifo.com\/vi\/wp-json\/wp\/v2\/comments?post=572"}],"version-history":[{"count":0,"href":"https:\/\/www.wafaifo.com\/vi\/wp-json\/wp\/v2\/pages\/572\/revisions"}],"up":[{"embeddable":true,"href":"https:\/\/www.wafaifo.com\/vi\/wp-json\/wp\/v2\/pages\/569"}],"wp:featuredmedia":[{"embeddable":true,"href":"https:\/\/www.wafaifo.com\/vi\/wp-json\/wp\/v2\/media\/106"}],"wp:attachment":[{"href":"https:\/\/www.wafaifo.com\/vi\/wp-json\/wp\/v2\/media?parent=572"}],"curies":[{"name":"wp","href":"https:\/\/api.w.org\/{rel}","templated":true}]}}