    {"id":584,"date":"2023-08-16T04:24:55","date_gmt":"2023-08-16T04:24:55","guid":{"rendered":"https:\/\/www.wafaifo.com\/cac-hang-phong-va-phong-suite\/big-suite\/"},"modified":"2026-03-24T08:04:45","modified_gmt":"2026-03-24T08:04:45","slug":"phong-big-suite","status":"publish","type":"page","link":"https:\/\/www.wafaifo.com\/vi\/hang-phong\/phong-big-suite\/","title":{"rendered":"Big Suite"},"content":{"rendered":"<p>D\u00e0nh cho nh\u1eefng du kh\u00e1ch \u0111ang t\u00ecm ki\u1ebfm m\u1ed9t kh\u00f4ng gian ngh\u1ec9 d\u01b0\u1ee1ng r\u1ed9ng r\u00e3i v\u00e0 sang tr\u1ecdng, ph\u00f2ng Big Suite \u0111\u01b0\u1ee3c trang b\u1ecb \u0111\u1ea7y \u0111\u1ee7 ti\u1ec7n nghi hi\u1ec7n \u0111\u1ea1i v\u1edbi thi\u1ebft k\u1ebf tinh t\u1ebf, mang \u0111\u1eadm d\u1ea5u \u1ea5n \u0111\u1eb7c tr\u01b0ng c\u1ee7a ph\u1ed1 c\u1ed5 H\u1ed9i An.<\/p>\n<p>H\u00e3y th\u1ea3 m\u00ecnh v\u00e0o kh\u00f4ng gian th\u01b0 gi\u00e3n v\u1edbi gi\u01b0\u1eddng \u0111\u00f4i c\u1ee1 King tho\u1ea3i m\u00e1i, khu v\u1ef1c ph\u00f2ng kh\u00e1ch ti\u1ec7n nghi, gi\u01b0\u1eddng ph\u1ee5 theo y\u00eau c\u1ea7u, ban c\u00f4ng ri\u00eang t\u01b0, wifi t\u1ed1c \u0111\u1ed9 cao, d\u1ecbch v\u1ee5 ph\u00f2ng 24\/7 v\u00e0 nhi\u1ec1u ti\u1ec7n \u00edch kh\u00e1c. Gi\u1ea3i tr\u00ed c\u00f9ng b\u1ea1n b\u00e8, gia \u0111\u00ecnh ho\u1eb7c \u0111\u1ed1i t\u00e1c kinh doanh c\u1ee7a b\u1ea1n t\u1ea1i kh\u00f4ng gian ti\u1ebfp kh\u00e1ch v\u00e0 \u0103n u\u1ed1ng sang tr\u1ecdng. Sau m\u1ed9t ng\u00e0y \u0111i tham quan, b\u1ea1n c\u00f3 th\u1ec3 th\u01b0 gi\u00e3n v\u00e0 n\u1ea1p l\u1ea1i n\u0103ng l\u01b0\u1ee3ng ngay t\u1ea1i m\u1ed9t trong nh\u1eefng ph\u00f2ng sang tr\u1ecdng v\u00e0 ti\u1ec7n nghi nh\u1ea5t t\u1ea1i H\u1ed9i An.<\/p>\n<div id=\"mttContainer\" class=\"notranslate\" aria-expanded=\"false\"><\/div>\n","protected":false},"excerpt":{"rendered":"<p>D\u00e0nh cho nh\u1eefng du kh\u00e1ch \u0111ang t\u00ecm ki\u1ebfm m\u1ed9t kh\u00f4ng gian ngh\u1ec9 d\u01b0\u1ee1ng r\u1ed9ng r\u00e3i v\u00e0 sang tr\u1ecdng, ph\u00f2ng Big Suite \u0111\u01b0\u1ee3c trang b\u1ecb \u0111\u1ea7y \u0111\u1ee7 ti\u1ec7n nghi hi\u1ec7n \u0111\u1ea1i v\u1edbi thi\u1ebft k\u1ebf tinh t\u1ebf, mang \u0111\u1eadm d\u1ea5u \u1ea5n \u0111\u1eb7c tr\u01b0ng c\u1ee7a ph\u1ed1 c\u1ed5 H\u1ed9i An. H\u00e3y th\u1ea3 m\u00ecnh v\u00e0o kh\u00f4ng gian th\u01b0 gi\u00e3n v\u1edbi [&hellip;]<\/p>\n","protected":false},"author":5,"featured_media":3879,"parent":523,"menu_order":0,"comment_status":"closed","ping_status":"closed","template":"template-single-room.php","meta":{"footnotes":""},"yoast_head":"<!-- This site is optimized with the Yoast SEO plugin v22.3 - https:\/\/yoast.com\/wordpress\/plugins\/seo\/ -->\n<title>Ph\u00f2ng Big Suite | Gi\u01b0\u1eddng King v\u1edbi Ph\u00f2ng Kh\u00e1ch &amp; Ban C\u00f4ng<\/title>\n<meta name=\"description\" content=\"N\u00e2ng c\u1ea5p k\u1ef3 ngh\u1ec9 t\u1ea1i H\u1ed9i An c\u1ee7a b\u1ea1n v\u1edbi ph\u00f2ng Big Suite - c\u00f9ng gi\u01b0\u1eddng c\u1ee1 King, ph\u00f2ng kh\u00e1ch ri\u00eang, khu v\u1ef1c \u0103n u\u1ed1ng v\u00e0 ban c\u00f4ng. \u0110\u1eb7t ph\u00f2ng ngay.\" \/>\n<meta name=\"robots\" content=\"index, follow, max-snippet:-1, max-image-preview:large, max-video-preview:-1\" \/>\n<link rel=\"canonical\" href=\"https:\/\/www.wafaifo.com\/vi\/hang-phong\/phong-big-suite\/\" \/>\n<meta property=\"og:locale\" content=\"vi_VN\" \/>\n<meta property=\"og:type\" content=\"article\" \/>\n<meta property=\"og:title\" content=\"Ph\u00f2ng Big Suite | Gi\u01b0\u1eddng King v\u1edbi Ph\u00f2ng Kh\u00e1ch &amp; Ban C\u00f4ng\" \/>\n<meta property=\"og:description\" content=\"N\u00e2ng c\u1ea5p k\u1ef3 ngh\u1ec9 t\u1ea1i H\u1ed9i An c\u1ee7a b\u1ea1n v\u1edbi ph\u00f2ng Big Suite - c\u00f9ng gi\u01b0\u1eddng c\u1ee1 King, ph\u00f2ng kh\u00e1ch ri\u00eang, khu v\u1ef1c \u0103n u\u1ed1ng v\u00e0 ban c\u00f4ng. \u0110\u1eb7t ph\u00f2ng ngay.\" \/>\n<meta property=\"og:url\" content=\"https:\/\/www.wafaifo.com\/vi\/hang-phong\/phong-big-suite\/\" \/>\n<meta property=\"og:site_name\" content=\"Wafaifo Resort Hoi An\" \/>\n<meta property=\"article:modified_time\" content=\"2026-03-24T08:04:45+00:00\" \/>\n<meta property=\"og:image\" content=\"https:\/\/www.wafaifo.com\/wp-content\/uploads\/sites\/13\/2025\/10\/Bed-Room.jpg\" \/>\n\t<meta property=\"og:image:width\" content=\"2560\" \/>\n\t<meta property=\"og:image:height\" content=\"1706\" \/>\n\t<meta property=\"og:image:type\" content=\"image\/jpeg\" \/>\n<meta name=\"twitter:card\" content=\"summary_large_image\" \/>\n<meta name=\"twitter:label1\" content=\"Est. reading time\" \/>\n\t<meta name=\"twitter:data1\" content=\"1 minute\" \/>\n<script type=\"application\/ld+json\" class=\"yoast-schema-graph\">{\"@context\":\"https:\/\/schema.org\",\"@graph\":[{\"@type\":\"WebPage\",\"@id\":\"https:\/\/www.wafaifo.com\/vi\/hang-phong\/phong-big-suite\/\",\"url\":\"https:\/\/www.wafaifo.com\/vi\/hang-phong\/phong-big-suite\/\",\"name\":\"Ph\u00f2ng Big Suite | Gi\u01b0\u1eddng King v\u1edbi Ph\u00f2ng Kh\u00e1ch & Ban C\u00f4ng\",\"isPartOf\":{\"@id\":\"https:\/\/www.wafaifo.com\/vi\/#website\"},\"primaryImageOfPage\":{\"@id\":\"https:\/\/www.wafaifo.com\/vi\/hang-phong\/phong-big-suite\/#primaryimage\"},\"image\":{\"@id\":\"https:\/\/www.wafaifo.com\/vi\/hang-phong\/phong-big-suite\/#primaryimage\"},\"thumbnailUrl\":\"https:\/\/www.wafaifo.com\/wp-content\/uploads\/sites\/13\/2025\/10\/Bed-Room.jpg\",\"datePublished\":\"2023-08-16T04:24:55+00:00\",\"dateModified\":\"2026-03-24T08:04:45+00:00\",\"description\":\"N\u00e2ng c\u1ea5p k\u1ef3 ngh\u1ec9 t\u1ea1i H\u1ed9i An c\u1ee7a b\u1ea1n v\u1edbi ph\u00f2ng Big Suite - c\u00f9ng gi\u01b0\u1eddng c\u1ee1 King, ph\u00f2ng kh\u00e1ch ri\u00eang, khu v\u1ef1c \u0103n u\u1ed1ng v\u00e0 ban c\u00f4ng. \u0110\u1eb7t ph\u00f2ng ngay.\",\"breadcrumb\":{\"@id\":\"https:\/\/www.wafaifo.com\/vi\/hang-phong\/phong-big-suite\/#breadcrumb\"},\"inLanguage\":\"vi-VN\",\"potentialAction\":[{\"@type\":\"ReadAction\",\"target\":[\"https:\/\/www.wafaifo.com\/vi\/hang-phong\/phong-big-suite\/\"]}]},{\"@type\":\"ImageObject\",\"inLanguage\":\"vi-VN\",\"@id\":\"https:\/\/www.wafaifo.com\/vi\/hang-phong\/phong-big-suite\/#primaryimage\",\"url\":\"https:\/\/www.wafaifo.com\/wp-content\/uploads\/sites\/13\/2025\/10\/Bed-Room.jpg\",\"contentUrl\":\"https:\/\/www.wafaifo.com\/wp-content\/uploads\/sites\/13\/2025\/10\/Bed-Room.jpg\",\"width\":2560,\"height\":1706},{\"@type\":\"BreadcrumbList\",\"@id\":\"https:\/\/www.wafaifo.com\/vi\/hang-phong\/phong-big-suite\/#breadcrumb\",\"itemListElement\":[{\"@type\":\"ListItem\",\"position\":1,\"name\":\"Home\",\"item\":\"https:\/\/www.wafaifo.com\/vi\/\"},{\"@type\":\"ListItem\",\"position\":2,\"name\":\"H\u1ea1ng Ph\u00f2ng\",\"item\":\"https:\/\/www.wafaifo.com\/vi\/hang-phong\/\"},{\"@type\":\"ListItem\",\"position\":3,\"name\":\"Big Suite\"}]},{\"@type\":\"WebSite\",\"@id\":\"https:\/\/www.wafaifo.com\/vi\/#website\",\"url\":\"https:\/\/www.wafaifo.com\/vi\/\",\"name\":\"Wafaifo Resort Hoi An\",\"description\":\"\",\"potentialAction\":[{\"@type\":\"SearchAction\",\"target\":{\"@type\":\"EntryPoint\",\"urlTemplate\":\"https:\/\/www.wafaifo.com\/vi\/?s={search_term_string}\"},\"query-input\":\"required name=search_term_string\"}],\"inLanguage\":\"vi-VN\"}]}<\/script>\n<!-- \/ Yoast SEO plugin. -->","yoast_head_json":{"title":"Ph\u00f2ng Big Suite | Gi\u01b0\u1eddng King v\u1edbi Ph\u00f2ng Kh\u00e1ch & Ban C\u00f4ng","description":"N\u00e2ng c\u1ea5p k\u1ef3 ngh\u1ec9 t\u1ea1i H\u1ed9i An c\u1ee7a b\u1ea1n v\u1edbi ph\u00f2ng Big Suite - c\u00f9ng gi\u01b0\u1eddng c\u1ee1 King, ph\u00f2ng kh\u00e1ch ri\u00eang, khu v\u1ef1c \u0103n u\u1ed1ng v\u00e0 ban c\u00f4ng. \u0110\u1eb7t ph\u00f2ng ngay.","robots":{"index":"index","follow":"follow","max-snippet":"max-snippet:-1","max-image-preview":"max-image-preview:large","max-video-preview":"max-video-preview:-1"},"canonical":"https:\/\/www.wafaifo.com\/vi\/hang-phong\/phong-big-suite\/","og_locale":"vi_VN","og_type":"article","og_title":"Ph\u00f2ng Big Suite | Gi\u01b0\u1eddng King v\u1edbi Ph\u00f2ng Kh\u00e1ch & Ban C\u00f4ng","og_description":"N\u00e2ng c\u1ea5p k\u1ef3 ngh\u1ec9 t\u1ea1i H\u1ed9i An c\u1ee7a b\u1ea1n v\u1edbi ph\u00f2ng Big Suite - c\u00f9ng gi\u01b0\u1eddng c\u1ee1 King, ph\u00f2ng kh\u00e1ch ri\u00eang, khu v\u1ef1c \u0103n u\u1ed1ng v\u00e0 ban c\u00f4ng. \u0110\u1eb7t ph\u00f2ng ngay.","og_url":"https:\/\/www.wafaifo.com\/vi\/hang-phong\/phong-big-suite\/","og_site_name":"Wafaifo Resort Hoi An","article_modified_time":"2026-03-24T08:04:45+00:00","og_image":[{"width":2560,"height":1706,"url":"https:\/\/www.wafaifo.com\/wp-content\/uploads\/sites\/13\/2025\/10\/Bed-Room.jpg","type":"image\/jpeg"}],"twitter_card":"summary_large_image","twitter_misc":{"Est. reading time":"1 minute"},"schema":{"@context":"https:\/\/schema.org","@graph":[{"@type":"WebPage","@id":"https:\/\/www.wafaifo.com\/vi\/hang-phong\/phong-big-suite\/","url":"https:\/\/www.wafaifo.com\/vi\/hang-phong\/phong-big-suite\/","name":"Ph\u00f2ng Big Suite | Gi\u01b0\u1eddng King v\u1edbi Ph\u00f2ng Kh\u00e1ch & Ban C\u00f4ng","isPartOf":{"@id":"https:\/\/www.wafaifo.com\/vi\/#website"},"primaryImageOfPage":{"@id":"https:\/\/www.wafaifo.com\/vi\/hang-phong\/phong-big-suite\/#primaryimage"},"image":{"@id":"https:\/\/www.wafaifo.com\/vi\/hang-phong\/phong-big-suite\/#primaryimage"},"thumbnailUrl":"https:\/\/www.wafaifo.com\/wp-content\/uploads\/sites\/13\/2025\/10\/Bed-Room.jpg","datePublished":"2023-08-16T04:24:55+00:00","dateModified":"2026-03-24T08:04:45+00:00","description":"N\u00e2ng c\u1ea5p k\u1ef3 ngh\u1ec9 t\u1ea1i H\u1ed9i An c\u1ee7a b\u1ea1n v\u1edbi ph\u00f2ng Big Suite - c\u00f9ng gi\u01b0\u1eddng c\u1ee1 King, ph\u00f2ng kh\u00e1ch ri\u00eang, khu v\u1ef1c \u0103n u\u1ed1ng v\u00e0 ban c\u00f4ng. \u0110\u1eb7t ph\u00f2ng ngay.","breadcrumb":{"@id":"https:\/\/www.wafaifo.com\/vi\/hang-phong\/phong-big-suite\/#breadcrumb"},"inLanguage":"vi-VN","potentialAction":[{"@type":"ReadAction","target":["https:\/\/www.wafaifo.com\/vi\/hang-phong\/phong-big-suite\/"]}]},{"@type":"ImageObject","inLanguage":"vi-VN","@id":"https:\/\/www.wafaifo.com\/vi\/hang-phong\/phong-big-suite\/#primaryimage","url":"https:\/\/www.wafaifo.com\/wp-content\/uploads\/sites\/13\/2025\/10\/Bed-Room.jpg","contentUrl":"https:\/\/www.wafaifo.com\/wp-content\/uploads\/sites\/13\/2025\/10\/Bed-Room.jpg","width":2560,"height":1706},{"@type":"BreadcrumbList","@id":"https:\/\/www.wafaifo.com\/vi\/hang-phong\/phong-big-suite\/#breadcrumb","itemListElement":[{"@type":"ListItem","position":1,"name":"Home","item":"https:\/\/www.wafaifo.com\/vi\/"},{"@type":"ListItem","position":2,"name":"H\u1ea1ng Ph\u00f2ng","item":"https:\/\/www.wafaifo.com\/vi\/hang-phong\/"},{"@type":"ListItem","position":3,"name":"Big Suite"}]},{"@type":"WebSite","@id":"https:\/\/www.wafaifo.com\/vi\/#website","url":"https:\/\/www.wafaifo.com\/vi\/","name":"Wafaifo Resort Hoi An","description":"","potentialAction":[{"@type":"SearchAction","target":{"@type":"EntryPoint","urlTemplate":"https:\/\/www.wafaifo.com\/vi\/?s={search_term_string}"},"query-input":"required name=search_term_string"}],"inLanguage":"vi-VN"}]}},"acf":[],"_links":{"self":[{"href":"https:\/\/www.wafaifo.com\/vi\/wp-json\/wp\/v2\/pages\/584"}],"collection":[{"href":"https:\/\/www.wafaifo.com\/vi\/wp-json\/wp\/v2\/pages"}],"about":[{"href":"https:\/\/www.wafaifo.com\/vi\/wp-json\/wp\/v2\/types\/page"}],"author":[{"embeddable":true,"href":"https:\/\/www.wafaifo.com\/vi\/wp-json\/wp\/v2\/users\/5"}],"replies":[{"embeddable":true,"href":"https:\/\/www.wafaifo.com\/vi\/wp-json\/wp\/v2\/comments?post=584"}],"version-history":[{"count":0,"href":"https:\/\/www.wafaifo.com\/vi\/wp-json\/wp\/v2\/pages\/584\/revisions"}],"up":[{"embeddable":true,"href":"https:\/\/www.wafaifo.com\/vi\/wp-json\/wp\/v2\/pages\/523"}],"wp:featuredmedia":[{"embeddable":true,"href":"https:\/\/www.wafaifo.com\/vi\/wp-json\/wp\/v2\/media\/3879"}],"wp:attachment":[{"href":"https:\/\/www.wafaifo.com\/vi\/wp-json\/wp\/v2\/media?parent=584"}],"curies":[{"name":"wp","href":"https:\/\/api.w.org\/{rel}","templated":true}]}}