    {"id":587,"date":"2023-08-16T07:39:49","date_gmt":"2023-08-16T07:39:49","guid":{"rendered":"https:\/\/www.wafaifo.com\/sustainability\/"},"modified":"2025-07-23T04:32:17","modified_gmt":"2025-07-23T04:32:17","slug":"tinh-ben-vung","status":"publish","type":"page","link":"https:\/\/www.wafaifo.com\/vi\/tinh-ben-vung\/","title":{"rendered":"T\u00ednh B\u1ec1n V\u1eefng"},"content":{"rendered":"<div class=\"ewa-rteLine\" style=\"text-align: center\">Wafaifo Resort Hoi An kh\u00f4ng ch\u1ec9 l\u00e0 m\u1ed9t \u0111i\u1ec3m \u0111\u1ebfn m\u00e0 c\u00f2n l\u00e0 h\u00e0nh tr\u00ecnh tr\u1ea3i nghi\u1ec7m m\u1ed9t phong c\u00e1ch s\u1ed1ng h\u00e0i ho\u00e0, l\u1ea5y c\u1ea3m h\u1ee9ng t\u1eeb nh\u1eefng gi\u00e1 tr\u1ecb c\u1ee7a s\u1ef1 c\u00e2n b\u1eb1ng, t\u00f4n tr\u1ecdng v\u00e0 tr\u00e1ch nhi\u1ec7m.<\/div>\n<div class=\"ewa-rteLine\" style=\"text-align: center\">D\u1ef1a tr\u00ean \u0111\u1ecbnh h\u01b0\u1edbng t\u1eeb c\u00e1c <strong>M\u1ee5c ti\u00eau Ph\u00e1t tri\u1ec3n B\u1ec1n v\u1eefng c\u1ee7a Li\u00ean H\u1ee3p Qu\u1ed1c (SDGs)<\/strong>, ch\u00fang t\u00f4i t\u00edch h\u1ee3p tinh th\u1ea7n ph\u00e1t tri\u1ec3n b\u1ec1n v\u1eefng v\u00e0o m\u1ecdi ho\u1ea1t \u0111\u1ed9ng: t\u1eeb x\u00e2y d\u1ef1ng, v\u1eadn h\u00e0nh \u0111\u1ebfn c\u00e1ch ch\u00fang t\u00f4i ch\u00e0o \u0111\u00f3n kh\u00e1ch.<\/div>\n<div class=\"ewa-rteLine\" style=\"text-align: center\"><\/div>\n<div class=\"ewa-rteLine\" style=\"text-align: center\">T\u1eeb vi\u1ec7c g\u00ecn gi\u1eef di s\u1ea3n v\u0103n ho\u00e1, gi\u1ea3m thi\u1ec3u t\u00e1c \u0111\u1ed9ng \u0111\u1ebfn m\u00f4i tr\u01b0\u1eddng cho \u0111\u1ebfn h\u1ed7 tr\u1ee3 c\u1ed9ng \u0111\u1ed3ng \u0111\u1ecba ph\u01b0\u01a1ng, ch\u00fang t\u00f4i cam k\u1ebft \u0111\u00f3ng g\u00f3p v\u00e0o m\u1ed9t t\u01b0\u01a1ng lai b\u1ec1n v\u1eefng v\u00e0 nh\u00e2n v\u0103n h\u01a1n cho H\u1ed9i An v\u00e0 to\u00e0n khu v\u1ef1c.<\/div>\n<div class=\"ewa-rteLine\" style=\"text-align: center\"><\/div>\n<div class=\"ewa-rteLine\" style=\"text-align: center\">Ch\u00fang t\u00f4i t\u1eadp trung v\u00e0o ba gi\u00e1 tr\u1ecb c\u1ed1t l\u00f5i: <strong>Thi\u00ean nhi\u00ean, Con ng\u01b0\u1eddi v\u00e0 \u0110i\u1ec3m \u0111\u1ebfn<\/strong>.<\/div>\n<div class=\"ewa-rteLine\" style=\"text-align: center\">V\u00e0 hy v\u1ecdng m\u1ed7i v\u1ecb kh\u00e1ch s\u1ebd c\u00f9ng \u0111\u1ed3ng h\u00e0nh, d\u00f9 ch\u1ec9 b\u1eb1ng nh\u1eefng h\u00e0nh \u0111\u1ed9ng nh\u1ecf nh\u1ea5t.<\/div>\n<div style=\"text-align: center\"><a href=\"https:\/\/heyzine.com\/flip-book\/2e1fe53b58.html\" target=\"_blank\" rel=\"noopener\">\u0110\u00e2y l\u00e0 brochure \u0111i\u1ec7n t\u1eed.<\/a><\/div>\n","protected":false},"excerpt":{"rendered":"<p>Wafaifo Resort Hoi An kh\u00f4ng ch\u1ec9 l\u00e0 m\u1ed9t \u0111i\u1ec3m \u0111\u1ebfn m\u00e0 c\u00f2n l\u00e0 h\u00e0nh tr\u00ecnh tr\u1ea3i nghi\u1ec7m m\u1ed9t phong c\u00e1ch s\u1ed1ng h\u00e0i ho\u00e0, l\u1ea5y c\u1ea3m h\u1ee9ng t\u1eeb nh\u1eefng gi\u00e1 tr\u1ecb c\u1ee7a s\u1ef1 c\u00e2n b\u1eb1ng, t\u00f4n tr\u1ecdng v\u00e0 tr\u00e1ch nhi\u1ec7m. D\u1ef1a tr\u00ean \u0111\u1ecbnh h\u01b0\u1edbng t\u1eeb c\u00e1c M\u1ee5c ti\u00eau Ph\u00e1t tri\u1ec3n B\u1ec1n v\u1eefng c\u1ee7a Li\u00ean H\u1ee3p Qu\u1ed1c [&hellip;]<\/p>\n","protected":false},"author":5,"featured_media":0,"parent":0,"menu_order":0,"comment_status":"closed","ping_status":"closed","template":"template-restaurants.php","meta":{"footnotes":""},"yoast_head":"<!-- This site is optimized with the Yoast SEO plugin v22.3 - https:\/\/yoast.com\/wordpress\/plugins\/seo\/ -->\n<title>T\u00ednh B\u1ec1n V\u1eefng - Wafaifo Resort Hoi An<\/title>\n<meta name=\"robots\" content=\"index, follow, max-snippet:-1, max-image-preview:large, max-video-preview:-1\" \/>\n<link rel=\"canonical\" href=\"https:\/\/www.wafaifo.com\/vi\/tinh-ben-vung\/\" \/>\n<meta property=\"og:locale\" content=\"vi_VN\" \/>\n<meta property=\"og:type\" content=\"article\" \/>\n<meta property=\"og:title\" content=\"T\u00ednh B\u1ec1n V\u1eefng - Wafaifo Resort Hoi An\" \/>\n<meta property=\"og:description\" content=\"Wafaifo Resort Hoi An kh\u00f4ng ch\u1ec9 l\u00e0 m\u1ed9t \u0111i\u1ec3m \u0111\u1ebfn m\u00e0 c\u00f2n l\u00e0 h\u00e0nh tr\u00ecnh tr\u1ea3i nghi\u1ec7m m\u1ed9t phong c\u00e1ch s\u1ed1ng h\u00e0i ho\u00e0, l\u1ea5y c\u1ea3m h\u1ee9ng t\u1eeb nh\u1eefng gi\u00e1 tr\u1ecb c\u1ee7a s\u1ef1 c\u00e2n b\u1eb1ng, t\u00f4n tr\u1ecdng v\u00e0 tr\u00e1ch nhi\u1ec7m. D\u1ef1a tr\u00ean \u0111\u1ecbnh h\u01b0\u1edbng t\u1eeb c\u00e1c M\u1ee5c ti\u00eau Ph\u00e1t tri\u1ec3n B\u1ec1n v\u1eefng c\u1ee7a Li\u00ean H\u1ee3p Qu\u1ed1c [&hellip;]\" \/>\n<meta property=\"og:url\" content=\"https:\/\/www.wafaifo.com\/vi\/tinh-ben-vung\/\" \/>\n<meta property=\"og:site_name\" content=\"Wafaifo Resort Hoi An\" \/>\n<meta property=\"article:modified_time\" content=\"2025-07-23T04:32:17+00:00\" \/>\n<meta name=\"twitter:card\" content=\"summary_large_image\" \/>\n<meta name=\"twitter:label1\" content=\"Est. reading time\" \/>\n\t<meta name=\"twitter:data1\" content=\"1 minute\" \/>\n<script type=\"application\/ld+json\" class=\"yoast-schema-graph\">{\"@context\":\"https:\/\/schema.org\",\"@graph\":[{\"@type\":\"WebPage\",\"@id\":\"https:\/\/www.wafaifo.com\/vi\/tinh-ben-vung\/\",\"url\":\"https:\/\/www.wafaifo.com\/vi\/tinh-ben-vung\/\",\"name\":\"T\u00ednh B\u1ec1n V\u1eefng - Wafaifo Resort Hoi An\",\"isPartOf\":{\"@id\":\"https:\/\/www.wafaifo.com\/vi\/#website\"},\"datePublished\":\"2023-08-16T07:39:49+00:00\",\"dateModified\":\"2025-07-23T04:32:17+00:00\",\"breadcrumb\":{\"@id\":\"https:\/\/www.wafaifo.com\/vi\/tinh-ben-vung\/#breadcrumb\"},\"inLanguage\":\"vi-VN\",\"potentialAction\":[{\"@type\":\"ReadAction\",\"target\":[\"https:\/\/www.wafaifo.com\/vi\/tinh-ben-vung\/\"]}]},{\"@type\":\"BreadcrumbList\",\"@id\":\"https:\/\/www.wafaifo.com\/vi\/tinh-ben-vung\/#breadcrumb\",\"itemListElement\":[{\"@type\":\"ListItem\",\"position\":1,\"name\":\"Home\",\"item\":\"https:\/\/www.wafaifo.com\/vi\/\"},{\"@type\":\"ListItem\",\"position\":2,\"name\":\"T\u00ednh B\u1ec1n V\u1eefng\"}]},{\"@type\":\"WebSite\",\"@id\":\"https:\/\/www.wafaifo.com\/vi\/#website\",\"url\":\"https:\/\/www.wafaifo.com\/vi\/\",\"name\":\"Wafaifo Resort Hoi An\",\"description\":\"\",\"potentialAction\":[{\"@type\":\"SearchAction\",\"target\":{\"@type\":\"EntryPoint\",\"urlTemplate\":\"https:\/\/www.wafaifo.com\/vi\/?s={search_term_string}\"},\"query-input\":\"required name=search_term_string\"}],\"inLanguage\":\"vi-VN\"}]}<\/script>\n<!-- \/ Yoast SEO plugin. -->","yoast_head_json":{"title":"T\u00ednh B\u1ec1n V\u1eefng - Wafaifo Resort Hoi An","robots":{"index":"index","follow":"follow","max-snippet":"max-snippet:-1","max-image-preview":"max-image-preview:large","max-video-preview":"max-video-preview:-1"},"canonical":"https:\/\/www.wafaifo.com\/vi\/tinh-ben-vung\/","og_locale":"vi_VN","og_type":"article","og_title":"T\u00ednh B\u1ec1n V\u1eefng - Wafaifo Resort Hoi An","og_description":"Wafaifo Resort Hoi An kh\u00f4ng ch\u1ec9 l\u00e0 m\u1ed9t \u0111i\u1ec3m \u0111\u1ebfn m\u00e0 c\u00f2n l\u00e0 h\u00e0nh tr\u00ecnh tr\u1ea3i nghi\u1ec7m m\u1ed9t phong c\u00e1ch s\u1ed1ng h\u00e0i ho\u00e0, l\u1ea5y c\u1ea3m h\u1ee9ng t\u1eeb nh\u1eefng gi\u00e1 tr\u1ecb c\u1ee7a s\u1ef1 c\u00e2n b\u1eb1ng, t\u00f4n tr\u1ecdng v\u00e0 tr\u00e1ch nhi\u1ec7m. D\u1ef1a tr\u00ean \u0111\u1ecbnh h\u01b0\u1edbng t\u1eeb c\u00e1c M\u1ee5c ti\u00eau Ph\u00e1t tri\u1ec3n B\u1ec1n v\u1eefng c\u1ee7a Li\u00ean H\u1ee3p Qu\u1ed1c [&hellip;]","og_url":"https:\/\/www.wafaifo.com\/vi\/tinh-ben-vung\/","og_site_name":"Wafaifo Resort Hoi An","article_modified_time":"2025-07-23T04:32:17+00:00","twitter_card":"summary_large_image","twitter_misc":{"Est. reading time":"1 minute"},"schema":{"@context":"https:\/\/schema.org","@graph":[{"@type":"WebPage","@id":"https:\/\/www.wafaifo.com\/vi\/tinh-ben-vung\/","url":"https:\/\/www.wafaifo.com\/vi\/tinh-ben-vung\/","name":"T\u00ednh B\u1ec1n V\u1eefng - Wafaifo Resort Hoi An","isPartOf":{"@id":"https:\/\/www.wafaifo.com\/vi\/#website"},"datePublished":"2023-08-16T07:39:49+00:00","dateModified":"2025-07-23T04:32:17+00:00","breadcrumb":{"@id":"https:\/\/www.wafaifo.com\/vi\/tinh-ben-vung\/#breadcrumb"},"inLanguage":"vi-VN","potentialAction":[{"@type":"ReadAction","target":["https:\/\/www.wafaifo.com\/vi\/tinh-ben-vung\/"]}]},{"@type":"BreadcrumbList","@id":"https:\/\/www.wafaifo.com\/vi\/tinh-ben-vung\/#breadcrumb","itemListElement":[{"@type":"ListItem","position":1,"name":"Home","item":"https:\/\/www.wafaifo.com\/vi\/"},{"@type":"ListItem","position":2,"name":"T\u00ednh B\u1ec1n V\u1eefng"}]},{"@type":"WebSite","@id":"https:\/\/www.wafaifo.com\/vi\/#website","url":"https:\/\/www.wafaifo.com\/vi\/","name":"Wafaifo Resort Hoi An","description":"","potentialAction":[{"@type":"SearchAction","target":{"@type":"EntryPoint","urlTemplate":"https:\/\/www.wafaifo.com\/vi\/?s={search_term_string}"},"query-input":"required name=search_term_string"}],"inLanguage":"vi-VN"}]}},"acf":[],"_links":{"self":[{"href":"https:\/\/www.wafaifo.com\/vi\/wp-json\/wp\/v2\/pages\/587"}],"collection":[{"href":"https:\/\/www.wafaifo.com\/vi\/wp-json\/wp\/v2\/pages"}],"about":[{"href":"https:\/\/www.wafaifo.com\/vi\/wp-json\/wp\/v2\/types\/page"}],"author":[{"embeddable":true,"href":"https:\/\/www.wafaifo.com\/vi\/wp-json\/wp\/v2\/users\/5"}],"replies":[{"embeddable":true,"href":"https:\/\/www.wafaifo.com\/vi\/wp-json\/wp\/v2\/comments?post=587"}],"version-history":[{"count":0,"href":"https:\/\/www.wafaifo.com\/vi\/wp-json\/wp\/v2\/pages\/587\/revisions"}],"wp:attachment":[{"href":"https:\/\/www.wafaifo.com\/vi\/wp-json\/wp\/v2\/media?parent=587"}],"curies":[{"name":"wp","href":"https:\/\/api.w.org\/{rel}","templated":true}]}}