    {"id":597,"date":"2023-08-16T04:26:11","date_gmt":"2023-08-16T04:26:11","guid":{"rendered":"https:\/\/www.wafaifo.com\/cac-hang-phong-va-phong-suite\/chairmans-suite\/"},"modified":"2026-03-24T08:52:14","modified_gmt":"2026-03-24T08:52:14","slug":"phong-chairmans-suite","status":"publish","type":"page","link":"https:\/\/www.wafaifo.com\/vi\/hang-phong\/phong-chairmans-suite\/","title":{"rendered":"Chairman\u2019s Suite"},"content":{"rendered":"<p>D\u00e0nh cho nh\u1eefng th\u01b0\u1ee3ng kh\u00e1ch v\u00e0 nh\u00e0 l\u00e3nh \u0111\u1ea1o qu\u00fd tr\u1ecdng s\u1ef1 ho\u00e0n h\u1ea3o trong cu\u1ed9c s\u1ed1ng, kh\u00f4ng c\u00f2n g\u00ec tuy\u1ec7t v\u1eddi h\u01a1n ph\u00f2ng Chairman\u2019s Suite, m\u1ed9t &#8220;th\u00e0nh tr\u00ec&#8221; ri\u00eang t\u01b0 \u0111\u01b0\u1ee3c thi\u1ebft k\u1ebf \u0111\u1ec3 mang l\u1ea1i tr\u1ea3i nghi\u1ec7m ngh\u1ec9 d\u01b0\u1ee1ng sang tr\u1ecdng &#8211; m\u1ed9t kh\u00f4ng gian r\u1ed9ng l\u1edbn kh\u00f4ng gi\u1ed1ng b\u1ea5t k\u1ef3 n\u01a1i n\u00e0o kh\u00e1c t\u1ea1i H\u1ed9i An.<\/p>\n<p>Kh\u00e1m ph\u00e1 s\u1ef1 sang tr\u1ecdng v\u00e0 tinh t\u1ebf t\u1ea1i H\u1ed9i An, n\u01a1i kh\u00f4ng gian ngh\u1ec9 d\u01b0\u1ee1ng c\u1ee7a ch\u00fang t\u00f4i mang \u0111\u1ebfn nh\u1eefng ti\u1ec7n nghi v\u00e0 d\u1ecbch v\u1ee5 h\u00e0ng \u0111\u1ea7u. Chairman\u2019s Suite l\u00e0 \u0111i\u1ec3m \u0111\u1ebfn ho\u00e0n h\u1ea3o cho nh\u1eefng chuy\u1ebfn c\u00f4ng t\u00e1c hay nh\u1eefng k\u1ef3 ngh\u1ec9 th\u01b0 gi\u00e3n. V\u1edbi hai ph\u00f2ng t\u1eafm, khu v\u1ef1c ph\u00f2ng kh\u00e1ch v\u00e0 \u0103n u\u1ed1ng ri\u00eang t\u01b0, kh\u00f4ng gian l\u00e0m vi\u1ec7c v\u00e0 d\u1ecbch v\u1ee5 ph\u00f2ng 24 gi\u1edd, du kh\u00e1ch s\u1ebd \u0111\u01b0\u1ee3c h\u00f2a m\u00ecnh v\u00e0o truy\u1ec1n th\u1ed1ng hi\u1ebfu kh\u00e1ch l\u00e2u \u0111\u1eddi c\u1ee7a con ng\u01b0\u1eddi H\u1ed9i An.<\/p>\n<div id=\"mttContainer\" class=\"notranslate\" aria-expanded=\"true\">\n<div id=\"tippy-1\" style=\"z-index: 100000200;position: absolute;margin: 0px\" data-tippy-root=\"\">\n<div class=\"tippy-box\" style=\"max-width: 350px\" role=\"mtttooltip\" data-state=\"visible\" data-theme=\"custom\" data-animation=\"fade\" data-placement=\"top\">\n<div class=\"tippy-arrow\" style=\"position: absolute;left: 0px\"><\/div>\n<\/div>\n<\/div>\n<\/div>\n","protected":false},"excerpt":{"rendered":"<p>D\u00e0nh cho nh\u1eefng th\u01b0\u1ee3ng kh\u00e1ch v\u00e0 nh\u00e0 l\u00e3nh \u0111\u1ea1o qu\u00fd tr\u1ecdng s\u1ef1 ho\u00e0n h\u1ea3o trong cu\u1ed9c s\u1ed1ng, kh\u00f4ng c\u00f2n g\u00ec tuy\u1ec7t v\u1eddi h\u01a1n ph\u00f2ng Chairman\u2019s Suite, m\u1ed9t &#8220;th\u00e0nh tr\u00ec&#8221; ri\u00eang t\u01b0 \u0111\u01b0\u1ee3c thi\u1ebft k\u1ebf \u0111\u1ec3 mang l\u1ea1i tr\u1ea3i nghi\u1ec7m ngh\u1ec9 d\u01b0\u1ee1ng sang tr\u1ecdng &#8211; m\u1ed9t kh\u00f4ng gian r\u1ed9ng l\u1edbn kh\u00f4ng gi\u1ed1ng b\u1ea5t k\u1ef3 n\u01a1i n\u00e0o [&hellip;]<\/p>\n","protected":false},"author":5,"featured_media":4061,"parent":523,"menu_order":0,"comment_status":"closed","ping_status":"closed","template":"template-single-room.php","meta":{"footnotes":""},"yoast_head":"<!-- This site is optimized with the Yoast SEO plugin v22.3 - https:\/\/yoast.com\/wordpress\/plugins\/seo\/ -->\n<title>Chairman\u2019s Suite | Khu Ngh\u1ec9 D\u01b0\u1ee1ng 5 Sao t\u1ea1i H\u1ed9i An<\/title>\n<meta name=\"description\" content=\"Ph\u00f2ng Chairman\u2019s Suite v\u1edbi hai ph\u00f2ng t\u1eafm, ph\u00f2ng kh\u00e1ch v\u00e0 khu \u0103n u\u1ed1ng ri\u00eang, kh\u00f4ng gian l\u00e0m vi\u1ec7c v\u00e0 d\u1ecbch v\u1ee5 qu\u1ea3n gia ph\u1ee5c v\u1ee5 24\/7. Li\u00ean h\u1ec7 ngay!\" \/>\n<meta name=\"robots\" content=\"index, follow, max-snippet:-1, max-image-preview:large, max-video-preview:-1\" \/>\n<link rel=\"canonical\" href=\"https:\/\/www.wafaifo.com\/vi\/hang-phong\/phong-chairmans-suite\/\" \/>\n<meta property=\"og:locale\" content=\"vi_VN\" \/>\n<meta property=\"og:type\" content=\"article\" \/>\n<meta property=\"og:title\" content=\"Chairman\u2019s Suite | Khu Ngh\u1ec9 D\u01b0\u1ee1ng 5 Sao t\u1ea1i H\u1ed9i An\" \/>\n<meta property=\"og:description\" content=\"Ph\u00f2ng Chairman\u2019s Suite v\u1edbi hai ph\u00f2ng t\u1eafm, ph\u00f2ng kh\u00e1ch v\u00e0 khu \u0103n u\u1ed1ng ri\u00eang, kh\u00f4ng gian l\u00e0m vi\u1ec7c v\u00e0 d\u1ecbch v\u1ee5 qu\u1ea3n gia ph\u1ee5c v\u1ee5 24\/7. Li\u00ean h\u1ec7 ngay!\" \/>\n<meta property=\"og:url\" content=\"https:\/\/www.wafaifo.com\/vi\/hang-phong\/phong-chairmans-suite\/\" \/>\n<meta property=\"og:site_name\" content=\"Wafaifo Resort Hoi An\" \/>\n<meta property=\"article:modified_time\" content=\"2026-03-24T08:52:14+00:00\" \/>\n<meta property=\"og:image\" content=\"https:\/\/www.wafaifo.com\/wp-content\/uploads\/sites\/13\/2025\/12\/Chairman-Suite-7.jpg\" \/>\n\t<meta property=\"og:image:width\" content=\"1815\" \/>\n\t<meta property=\"og:image:height\" content=\"1200\" \/>\n\t<meta property=\"og:image:type\" content=\"image\/jpeg\" \/>\n<meta name=\"twitter:card\" content=\"summary_large_image\" \/>\n<meta name=\"twitter:label1\" content=\"Est. reading time\" \/>\n\t<meta name=\"twitter:data1\" content=\"1 minute\" \/>\n<script type=\"application\/ld+json\" class=\"yoast-schema-graph\">{\"@context\":\"https:\/\/schema.org\",\"@graph\":[{\"@type\":\"WebPage\",\"@id\":\"https:\/\/www.wafaifo.com\/vi\/hang-phong\/phong-chairmans-suite\/\",\"url\":\"https:\/\/www.wafaifo.com\/vi\/hang-phong\/phong-chairmans-suite\/\",\"name\":\"Chairman\u2019s Suite | Khu Ngh\u1ec9 D\u01b0\u1ee1ng 5 Sao t\u1ea1i H\u1ed9i An\",\"isPartOf\":{\"@id\":\"https:\/\/www.wafaifo.com\/vi\/#website\"},\"primaryImageOfPage\":{\"@id\":\"https:\/\/www.wafaifo.com\/vi\/hang-phong\/phong-chairmans-suite\/#primaryimage\"},\"image\":{\"@id\":\"https:\/\/www.wafaifo.com\/vi\/hang-phong\/phong-chairmans-suite\/#primaryimage\"},\"thumbnailUrl\":\"https:\/\/www.wafaifo.com\/wp-content\/uploads\/sites\/13\/2025\/12\/Chairman-Suite-7.jpg\",\"datePublished\":\"2023-08-16T04:26:11+00:00\",\"dateModified\":\"2026-03-24T08:52:14+00:00\",\"description\":\"Ph\u00f2ng Chairman\u2019s Suite v\u1edbi hai ph\u00f2ng t\u1eafm, ph\u00f2ng kh\u00e1ch v\u00e0 khu \u0103n u\u1ed1ng ri\u00eang, kh\u00f4ng gian l\u00e0m vi\u1ec7c v\u00e0 d\u1ecbch v\u1ee5 qu\u1ea3n gia ph\u1ee5c v\u1ee5 24\/7. Li\u00ean h\u1ec7 ngay!\",\"breadcrumb\":{\"@id\":\"https:\/\/www.wafaifo.com\/vi\/hang-phong\/phong-chairmans-suite\/#breadcrumb\"},\"inLanguage\":\"vi-VN\",\"potentialAction\":[{\"@type\":\"ReadAction\",\"target\":[\"https:\/\/www.wafaifo.com\/vi\/hang-phong\/phong-chairmans-suite\/\"]}]},{\"@type\":\"ImageObject\",\"inLanguage\":\"vi-VN\",\"@id\":\"https:\/\/www.wafaifo.com\/vi\/hang-phong\/phong-chairmans-suite\/#primaryimage\",\"url\":\"https:\/\/www.wafaifo.com\/wp-content\/uploads\/sites\/13\/2025\/12\/Chairman-Suite-7.jpg\",\"contentUrl\":\"https:\/\/www.wafaifo.com\/wp-content\/uploads\/sites\/13\/2025\/12\/Chairman-Suite-7.jpg\",\"width\":1815,\"height\":1200},{\"@type\":\"BreadcrumbList\",\"@id\":\"https:\/\/www.wafaifo.com\/vi\/hang-phong\/phong-chairmans-suite\/#breadcrumb\",\"itemListElement\":[{\"@type\":\"ListItem\",\"position\":1,\"name\":\"Home\",\"item\":\"https:\/\/www.wafaifo.com\/vi\/\"},{\"@type\":\"ListItem\",\"position\":2,\"name\":\"H\u1ea1ng Ph\u00f2ng\",\"item\":\"https:\/\/www.wafaifo.com\/vi\/hang-phong\/\"},{\"@type\":\"ListItem\",\"position\":3,\"name\":\"Chairman\u2019s Suite\"}]},{\"@type\":\"WebSite\",\"@id\":\"https:\/\/www.wafaifo.com\/vi\/#website\",\"url\":\"https:\/\/www.wafaifo.com\/vi\/\",\"name\":\"Wafaifo Resort Hoi An\",\"description\":\"\",\"potentialAction\":[{\"@type\":\"SearchAction\",\"target\":{\"@type\":\"EntryPoint\",\"urlTemplate\":\"https:\/\/www.wafaifo.com\/vi\/?s={search_term_string}\"},\"query-input\":\"required name=search_term_string\"}],\"inLanguage\":\"vi-VN\"}]}<\/script>\n<!-- \/ Yoast SEO plugin. -->","yoast_head_json":{"title":"Chairman\u2019s Suite | Khu Ngh\u1ec9 D\u01b0\u1ee1ng 5 Sao t\u1ea1i H\u1ed9i An","description":"Ph\u00f2ng Chairman\u2019s Suite v\u1edbi hai ph\u00f2ng t\u1eafm, ph\u00f2ng kh\u00e1ch v\u00e0 khu \u0103n u\u1ed1ng ri\u00eang, kh\u00f4ng gian l\u00e0m vi\u1ec7c v\u00e0 d\u1ecbch v\u1ee5 qu\u1ea3n gia ph\u1ee5c v\u1ee5 24\/7. Li\u00ean h\u1ec7 ngay!","robots":{"index":"index","follow":"follow","max-snippet":"max-snippet:-1","max-image-preview":"max-image-preview:large","max-video-preview":"max-video-preview:-1"},"canonical":"https:\/\/www.wafaifo.com\/vi\/hang-phong\/phong-chairmans-suite\/","og_locale":"vi_VN","og_type":"article","og_title":"Chairman\u2019s Suite | Khu Ngh\u1ec9 D\u01b0\u1ee1ng 5 Sao t\u1ea1i H\u1ed9i An","og_description":"Ph\u00f2ng Chairman\u2019s Suite v\u1edbi hai ph\u00f2ng t\u1eafm, ph\u00f2ng kh\u00e1ch v\u00e0 khu \u0103n u\u1ed1ng ri\u00eang, kh\u00f4ng gian l\u00e0m vi\u1ec7c v\u00e0 d\u1ecbch v\u1ee5 qu\u1ea3n gia ph\u1ee5c v\u1ee5 24\/7. Li\u00ean h\u1ec7 ngay!","og_url":"https:\/\/www.wafaifo.com\/vi\/hang-phong\/phong-chairmans-suite\/","og_site_name":"Wafaifo Resort Hoi An","article_modified_time":"2026-03-24T08:52:14+00:00","og_image":[{"width":1815,"height":1200,"url":"https:\/\/www.wafaifo.com\/wp-content\/uploads\/sites\/13\/2025\/12\/Chairman-Suite-7.jpg","type":"image\/jpeg"}],"twitter_card":"summary_large_image","twitter_misc":{"Est. reading time":"1 minute"},"schema":{"@context":"https:\/\/schema.org","@graph":[{"@type":"WebPage","@id":"https:\/\/www.wafaifo.com\/vi\/hang-phong\/phong-chairmans-suite\/","url":"https:\/\/www.wafaifo.com\/vi\/hang-phong\/phong-chairmans-suite\/","name":"Chairman\u2019s Suite | Khu Ngh\u1ec9 D\u01b0\u1ee1ng 5 Sao t\u1ea1i H\u1ed9i An","isPartOf":{"@id":"https:\/\/www.wafaifo.com\/vi\/#website"},"primaryImageOfPage":{"@id":"https:\/\/www.wafaifo.com\/vi\/hang-phong\/phong-chairmans-suite\/#primaryimage"},"image":{"@id":"https:\/\/www.wafaifo.com\/vi\/hang-phong\/phong-chairmans-suite\/#primaryimage"},"thumbnailUrl":"https:\/\/www.wafaifo.com\/wp-content\/uploads\/sites\/13\/2025\/12\/Chairman-Suite-7.jpg","datePublished":"2023-08-16T04:26:11+00:00","dateModified":"2026-03-24T08:52:14+00:00","description":"Ph\u00f2ng Chairman\u2019s Suite v\u1edbi hai ph\u00f2ng t\u1eafm, ph\u00f2ng kh\u00e1ch v\u00e0 khu \u0103n u\u1ed1ng ri\u00eang, kh\u00f4ng gian l\u00e0m vi\u1ec7c v\u00e0 d\u1ecbch v\u1ee5 qu\u1ea3n gia ph\u1ee5c v\u1ee5 24\/7. Li\u00ean h\u1ec7 ngay!","breadcrumb":{"@id":"https:\/\/www.wafaifo.com\/vi\/hang-phong\/phong-chairmans-suite\/#breadcrumb"},"inLanguage":"vi-VN","potentialAction":[{"@type":"ReadAction","target":["https:\/\/www.wafaifo.com\/vi\/hang-phong\/phong-chairmans-suite\/"]}]},{"@type":"ImageObject","inLanguage":"vi-VN","@id":"https:\/\/www.wafaifo.com\/vi\/hang-phong\/phong-chairmans-suite\/#primaryimage","url":"https:\/\/www.wafaifo.com\/wp-content\/uploads\/sites\/13\/2025\/12\/Chairman-Suite-7.jpg","contentUrl":"https:\/\/www.wafaifo.com\/wp-content\/uploads\/sites\/13\/2025\/12\/Chairman-Suite-7.jpg","width":1815,"height":1200},{"@type":"BreadcrumbList","@id":"https:\/\/www.wafaifo.com\/vi\/hang-phong\/phong-chairmans-suite\/#breadcrumb","itemListElement":[{"@type":"ListItem","position":1,"name":"Home","item":"https:\/\/www.wafaifo.com\/vi\/"},{"@type":"ListItem","position":2,"name":"H\u1ea1ng Ph\u00f2ng","item":"https:\/\/www.wafaifo.com\/vi\/hang-phong\/"},{"@type":"ListItem","position":3,"name":"Chairman\u2019s Suite"}]},{"@type":"WebSite","@id":"https:\/\/www.wafaifo.com\/vi\/#website","url":"https:\/\/www.wafaifo.com\/vi\/","name":"Wafaifo Resort Hoi An","description":"","potentialAction":[{"@type":"SearchAction","target":{"@type":"EntryPoint","urlTemplate":"https:\/\/www.wafaifo.com\/vi\/?s={search_term_string}"},"query-input":"required name=search_term_string"}],"inLanguage":"vi-VN"}]}},"acf":[],"_links":{"self":[{"href":"https:\/\/www.wafaifo.com\/vi\/wp-json\/wp\/v2\/pages\/597"}],"collection":[{"href":"https:\/\/www.wafaifo.com\/vi\/wp-json\/wp\/v2\/pages"}],"about":[{"href":"https:\/\/www.wafaifo.com\/vi\/wp-json\/wp\/v2\/types\/page"}],"author":[{"embeddable":true,"href":"https:\/\/www.wafaifo.com\/vi\/wp-json\/wp\/v2\/users\/5"}],"replies":[{"embeddable":true,"href":"https:\/\/www.wafaifo.com\/vi\/wp-json\/wp\/v2\/comments?post=597"}],"version-history":[{"count":0,"href":"https:\/\/www.wafaifo.com\/vi\/wp-json\/wp\/v2\/pages\/597\/revisions"}],"up":[{"embeddable":true,"href":"https:\/\/www.wafaifo.com\/vi\/wp-json\/wp\/v2\/pages\/523"}],"wp:featuredmedia":[{"embeddable":true,"href":"https:\/\/www.wafaifo.com\/vi\/wp-json\/wp\/v2\/media\/4061"}],"wp:attachment":[{"href":"https:\/\/www.wafaifo.com\/vi\/wp-json\/wp\/v2\/media?parent=597"}],"curies":[{"name":"wp","href":"https:\/\/api.w.org\/{rel}","templated":true}]}}