    {"id":618,"date":"2024-04-03T08:17:05","date_gmt":"2024-04-03T08:17:05","guid":{"rendered":"https:\/\/www.wafaifo.com\/wellness-spa\/massage-treatments\/"},"modified":"2026-04-14T02:25:40","modified_gmt":"2026-04-14T02:25:40","slug":"tri-lieu","status":"publish","type":"page","link":"https:\/\/www.wafaifo.com\/vi\/wellness-spa\/tri-lieu\/","title":{"rendered":"MASSAGE TREATMENTS"},"content":{"rendered":"<p><a href=\"https:\/\/www.wafaifo.com\/vi\/\">Wafaifo Resort Hoi An<\/a> t\u1ef1 h\u00e0o \u1ee9ng d\u1ee5ng c\u00f4ng ngh\u1ec7 hi\u1ec7n \u0111\u1ea1i v\u00e0 ti\u00ean ti\u1ebfn, gi\u00fap b\u1ea1n chinh ph\u1ee5c c\u00e1c m\u1ee5c ti\u00eau s\u1ee9c kh\u1ecfe to\u00e0n di\u1ec7n t\u1eeb th\u1ec3 ch\u1ea5t \u0111\u1ebfn tinh th\u1ea7n.<\/p>\n<p>Duy nh\u1ea5t t\u1ea1i mi\u1ec1n Trung Vi\u1ec7t Nam, ch\u00fang t\u00f4i cung c\u1ea5p d\u1ecbch v\u1ee5 x\u00e9t nghi\u1ec7m v\u00e0 ch\u1ea9n \u0111o\u00e1n bi\u1ec3u sinh c\u00f9ng c\u00e1c li\u1ec7u ph\u00e1p n\u00e2ng cao s\u1ee9c kh\u1ecfe nh\u01b0 bu\u1ed3ng oxy t\u0103ng \u00e1p, ph\u00f2ng x\u00f4ng h\u01a1i h\u1ed3ng ngo\u1ea1i v\u00e0 c\u00f4ng ngh\u1ec7 c\u1ea3i thi\u1ec7n gi\u1ea5c ng\u1ee7 NuCalm, mang \u0111\u1ebfn cho b\u1ea1n c\u1ea3m gi\u00e1c th\u01b0 gi\u00e3n v\u00e0 t\u1eadn h\u01b0\u1edfng tuy\u1ec7t v\u1eddi.<\/p>\n<p>B\u00ean c\u1ea1nh \u0111\u00f3, ph\u00f2ng x\u00f4ng h\u01a1i h\u1ed3ng ngo\u1ea1i kh\u00f4ng ch\u1ec9 gi\u00fap gi\u1ea3m huy\u1ebft \u00e1p, th\u1ea3i \u0111\u1ed9c m\u00e0 c\u00f2n h\u1ed7 tr\u1ee3 gi\u1ea3m c\u00e2n hi\u1ec7u qu\u1ea3.<\/p>\n<p>B\u1ed3n t\u1eafm \u0111\u00e1 l\u1ea1nh \u0111i\u1ec1u khi\u1ec3n \u0111i\u1ec7n t\u1eed, \u0111\u1ea3m b\u1ea3o v\u1ec7 sinh tuy\u1ec7t \u0111\u1ed1i, gi\u00fap gi\u1ea3m huy\u1ebft \u00e1p, c\u1ea3i thi\u1ec7n tu\u1ea7n ho\u00e0n, th\u1ea3i \u0111\u1ed9c v\u00e0 gi\u1ea3m vi\u00eam, s\u01b0ng.<\/p>\n<p>\u0110\u1ed9i ng\u0169 chuy\u00ean gia s\u1ee9c kh\u1ecfe c\u1ee7a ch\u00fang t\u00f4i lu\u00f4n s\u1eb5n s\u00e0ng \u0111\u1ed3ng h\u00e0nh c\u00f9ng b\u1ea1n tr\u00ean h\u00e0nh tr\u00ecnh chinh ph\u1ee5c m\u1ee5c ti\u00eau, t\u1eeb gi\u1ea3m c\u00e2n, l\u00e0m \u0111\u1eb9p, ch\u1ed1ng l\u00e3o h\u00f3a, n\u00e2ng cao th\u1ec3 l\u1ef1c, c\u1ea3i thi\u1ec7n s\u1ee9c kh\u1ecfe th\u1ec3 ch\u1ea5t v\u00e0 tinh th\u1ea7n, th\u01b0 gi\u00e3n \u0111\u00fang c\u00e1ch v\u00e0 h\u01a1n th\u1ebf n\u1eefa.<\/p>\n","protected":false},"excerpt":{"rendered":"<p>Wafaifo Resort Hoi An t\u1ef1 h\u00e0o \u1ee9ng d\u1ee5ng c\u00f4ng ngh\u1ec7 hi\u1ec7n \u0111\u1ea1i v\u00e0 ti\u00ean ti\u1ebfn, gi\u00fap b\u1ea1n chinh ph\u1ee5c c\u00e1c m\u1ee5c ti\u00eau s\u1ee9c kh\u1ecfe to\u00e0n di\u1ec7n t\u1eeb th\u1ec3 ch\u1ea5t \u0111\u1ebfn tinh th\u1ea7n. Duy nh\u1ea5t t\u1ea1i mi\u1ec1n Trung Vi\u1ec7t Nam, ch\u00fang t\u00f4i cung c\u1ea5p d\u1ecbch v\u1ee5 x\u00e9t nghi\u1ec7m v\u00e0 ch\u1ea9n \u0111o\u00e1n bi\u1ec3u sinh c\u00f9ng c\u00e1c li\u1ec7u [&hellip;]<\/p>\n","protected":false},"author":5,"featured_media":828,"parent":545,"menu_order":3,"comment_status":"closed","ping_status":"closed","template":"template-single-restaurant.php","meta":{"footnotes":""},"yoast_head":"<!-- This site is optimized with the Yoast SEO plugin v22.3 - https:\/\/yoast.com\/wordpress\/plugins\/seo\/ -->\n<title>Spa Massage Tr\u1ecb Li\u1ec7u Cao C\u1ea5p t\u1ea1i Wafaifo Resort Hoi An<\/title>\n<meta name=\"description\" content=\"Wafaifo Resort H\u1ed9i An mang \u0111\u1ebfn tr\u1ea3i nghi\u1ec7m massage k\u1ebft h\u1ee3p c\u00f4ng ngh\u1ec7 hi\u1ec7n \u0111\u1ea1i: HBOT, NuCalm, ph\u00f2ng x\u00f4ng h\u01a1i h\u1ed3ng ngo\u1ea1i v\u00e0 b\u1ed3n t\u1eafm \u0111\u00e1 l\u1ea1nh.\" \/>\n<meta name=\"robots\" content=\"index, follow, max-snippet:-1, max-image-preview:large, max-video-preview:-1\" \/>\n<link rel=\"canonical\" href=\"https:\/\/www.wafaifo.com\/vi\/wellness-spa\/tri-lieu\/\" \/>\n<meta property=\"og:locale\" content=\"vi_VN\" \/>\n<meta property=\"og:type\" content=\"article\" \/>\n<meta property=\"og:title\" content=\"Spa Massage Tr\u1ecb Li\u1ec7u Cao C\u1ea5p t\u1ea1i Wafaifo Resort Hoi An\" \/>\n<meta property=\"og:description\" content=\"Wafaifo Resort H\u1ed9i An mang \u0111\u1ebfn tr\u1ea3i nghi\u1ec7m massage k\u1ebft h\u1ee3p c\u00f4ng ngh\u1ec7 hi\u1ec7n \u0111\u1ea1i: HBOT, NuCalm, ph\u00f2ng x\u00f4ng h\u01a1i h\u1ed3ng ngo\u1ea1i v\u00e0 b\u1ed3n t\u1eafm \u0111\u00e1 l\u1ea1nh.\" \/>\n<meta property=\"og:url\" content=\"https:\/\/www.wafaifo.com\/vi\/wellness-spa\/tri-lieu\/\" \/>\n<meta property=\"og:site_name\" content=\"Wafaifo Resort Hoi An\" \/>\n<meta property=\"article:modified_time\" content=\"2026-04-14T02:25:40+00:00\" \/>\n<meta property=\"og:image\" content=\"https:\/\/www.wafaifo.com\/wp-content\/uploads\/sites\/13\/2024\/10\/Air_Pod_4.jpg\" \/>\n\t<meta property=\"og:image:width\" content=\"7722\" \/>\n\t<meta property=\"og:image:height\" content=\"5151\" \/>\n\t<meta property=\"og:image:type\" content=\"image\/jpeg\" \/>\n<meta name=\"twitter:card\" content=\"summary_large_image\" \/>\n<meta name=\"twitter:label1\" content=\"Est. reading time\" \/>\n\t<meta name=\"twitter:data1\" content=\"2 minutes\" \/>\n<script type=\"application\/ld+json\" class=\"yoast-schema-graph\">{\"@context\":\"https:\/\/schema.org\",\"@graph\":[{\"@type\":\"WebPage\",\"@id\":\"https:\/\/www.wafaifo.com\/vi\/wellness-spa\/tri-lieu\/\",\"url\":\"https:\/\/www.wafaifo.com\/vi\/wellness-spa\/tri-lieu\/\",\"name\":\"Spa Massage Tr\u1ecb Li\u1ec7u Cao C\u1ea5p t\u1ea1i Wafaifo Resort Hoi An\",\"isPartOf\":{\"@id\":\"https:\/\/www.wafaifo.com\/vi\/#website\"},\"primaryImageOfPage\":{\"@id\":\"https:\/\/www.wafaifo.com\/vi\/wellness-spa\/tri-lieu\/#primaryimage\"},\"image\":{\"@id\":\"https:\/\/www.wafaifo.com\/vi\/wellness-spa\/tri-lieu\/#primaryimage\"},\"thumbnailUrl\":\"https:\/\/www.wafaifo.com\/wp-content\/uploads\/sites\/13\/2024\/10\/Air_Pod_4.jpg\",\"datePublished\":\"2024-04-03T08:17:05+00:00\",\"dateModified\":\"2026-04-14T02:25:40+00:00\",\"description\":\"Wafaifo Resort H\u1ed9i An mang \u0111\u1ebfn tr\u1ea3i nghi\u1ec7m massage k\u1ebft h\u1ee3p c\u00f4ng ngh\u1ec7 hi\u1ec7n \u0111\u1ea1i: HBOT, NuCalm, ph\u00f2ng x\u00f4ng h\u01a1i h\u1ed3ng ngo\u1ea1i v\u00e0 b\u1ed3n t\u1eafm \u0111\u00e1 l\u1ea1nh.\",\"breadcrumb\":{\"@id\":\"https:\/\/www.wafaifo.com\/vi\/wellness-spa\/tri-lieu\/#breadcrumb\"},\"inLanguage\":\"vi-VN\",\"potentialAction\":[{\"@type\":\"ReadAction\",\"target\":[\"https:\/\/www.wafaifo.com\/vi\/wellness-spa\/tri-lieu\/\"]}]},{\"@type\":\"ImageObject\",\"inLanguage\":\"vi-VN\",\"@id\":\"https:\/\/www.wafaifo.com\/vi\/wellness-spa\/tri-lieu\/#primaryimage\",\"url\":\"https:\/\/www.wafaifo.com\/wp-content\/uploads\/sites\/13\/2024\/10\/Air_Pod_4.jpg\",\"contentUrl\":\"https:\/\/www.wafaifo.com\/wp-content\/uploads\/sites\/13\/2024\/10\/Air_Pod_4.jpg\",\"width\":7722,\"height\":5151},{\"@type\":\"BreadcrumbList\",\"@id\":\"https:\/\/www.wafaifo.com\/vi\/wellness-spa\/tri-lieu\/#breadcrumb\",\"itemListElement\":[{\"@type\":\"ListItem\",\"position\":1,\"name\":\"Home\",\"item\":\"https:\/\/www.wafaifo.com\/vi\/\"},{\"@type\":\"ListItem\",\"position\":2,\"name\":\"Wellness &amp; Spa\",\"item\":\"https:\/\/www.wafaifo.com\/vi\/wellness-spa\/\"},{\"@type\":\"ListItem\",\"position\":3,\"name\":\"MASSAGE TREATMENTS\"}]},{\"@type\":\"WebSite\",\"@id\":\"https:\/\/www.wafaifo.com\/vi\/#website\",\"url\":\"https:\/\/www.wafaifo.com\/vi\/\",\"name\":\"Wafaifo Resort Hoi An\",\"description\":\"\",\"potentialAction\":[{\"@type\":\"SearchAction\",\"target\":{\"@type\":\"EntryPoint\",\"urlTemplate\":\"https:\/\/www.wafaifo.com\/vi\/?s={search_term_string}\"},\"query-input\":\"required name=search_term_string\"}],\"inLanguage\":\"vi-VN\"}]}<\/script>\n<!-- \/ Yoast SEO plugin. -->","yoast_head_json":{"title":"Spa Massage Tr\u1ecb Li\u1ec7u Cao C\u1ea5p t\u1ea1i Wafaifo Resort Hoi An","description":"Wafaifo Resort H\u1ed9i An mang \u0111\u1ebfn tr\u1ea3i nghi\u1ec7m massage k\u1ebft h\u1ee3p c\u00f4ng ngh\u1ec7 hi\u1ec7n \u0111\u1ea1i: HBOT, NuCalm, ph\u00f2ng x\u00f4ng h\u01a1i h\u1ed3ng ngo\u1ea1i v\u00e0 b\u1ed3n t\u1eafm \u0111\u00e1 l\u1ea1nh.","robots":{"index":"index","follow":"follow","max-snippet":"max-snippet:-1","max-image-preview":"max-image-preview:large","max-video-preview":"max-video-preview:-1"},"canonical":"https:\/\/www.wafaifo.com\/vi\/wellness-spa\/tri-lieu\/","og_locale":"vi_VN","og_type":"article","og_title":"Spa Massage Tr\u1ecb Li\u1ec7u Cao C\u1ea5p t\u1ea1i Wafaifo Resort Hoi An","og_description":"Wafaifo Resort H\u1ed9i An mang \u0111\u1ebfn tr\u1ea3i nghi\u1ec7m massage k\u1ebft h\u1ee3p c\u00f4ng ngh\u1ec7 hi\u1ec7n \u0111\u1ea1i: HBOT, NuCalm, ph\u00f2ng x\u00f4ng h\u01a1i h\u1ed3ng ngo\u1ea1i v\u00e0 b\u1ed3n t\u1eafm \u0111\u00e1 l\u1ea1nh.","og_url":"https:\/\/www.wafaifo.com\/vi\/wellness-spa\/tri-lieu\/","og_site_name":"Wafaifo Resort Hoi An","article_modified_time":"2026-04-14T02:25:40+00:00","og_image":[{"width":7722,"height":5151,"url":"https:\/\/www.wafaifo.com\/wp-content\/uploads\/sites\/13\/2024\/10\/Air_Pod_4.jpg","type":"image\/jpeg"}],"twitter_card":"summary_large_image","twitter_misc":{"Est. reading time":"2 minutes"},"schema":{"@context":"https:\/\/schema.org","@graph":[{"@type":"WebPage","@id":"https:\/\/www.wafaifo.com\/vi\/wellness-spa\/tri-lieu\/","url":"https:\/\/www.wafaifo.com\/vi\/wellness-spa\/tri-lieu\/","name":"Spa Massage Tr\u1ecb Li\u1ec7u Cao C\u1ea5p t\u1ea1i Wafaifo Resort Hoi An","isPartOf":{"@id":"https:\/\/www.wafaifo.com\/vi\/#website"},"primaryImageOfPage":{"@id":"https:\/\/www.wafaifo.com\/vi\/wellness-spa\/tri-lieu\/#primaryimage"},"image":{"@id":"https:\/\/www.wafaifo.com\/vi\/wellness-spa\/tri-lieu\/#primaryimage"},"thumbnailUrl":"https:\/\/www.wafaifo.com\/wp-content\/uploads\/sites\/13\/2024\/10\/Air_Pod_4.jpg","datePublished":"2024-04-03T08:17:05+00:00","dateModified":"2026-04-14T02:25:40+00:00","description":"Wafaifo Resort H\u1ed9i An mang \u0111\u1ebfn tr\u1ea3i nghi\u1ec7m massage k\u1ebft h\u1ee3p c\u00f4ng ngh\u1ec7 hi\u1ec7n \u0111\u1ea1i: HBOT, NuCalm, ph\u00f2ng x\u00f4ng h\u01a1i h\u1ed3ng ngo\u1ea1i v\u00e0 b\u1ed3n t\u1eafm \u0111\u00e1 l\u1ea1nh.","breadcrumb":{"@id":"https:\/\/www.wafaifo.com\/vi\/wellness-spa\/tri-lieu\/#breadcrumb"},"inLanguage":"vi-VN","potentialAction":[{"@type":"ReadAction","target":["https:\/\/www.wafaifo.com\/vi\/wellness-spa\/tri-lieu\/"]}]},{"@type":"ImageObject","inLanguage":"vi-VN","@id":"https:\/\/www.wafaifo.com\/vi\/wellness-spa\/tri-lieu\/#primaryimage","url":"https:\/\/www.wafaifo.com\/wp-content\/uploads\/sites\/13\/2024\/10\/Air_Pod_4.jpg","contentUrl":"https:\/\/www.wafaifo.com\/wp-content\/uploads\/sites\/13\/2024\/10\/Air_Pod_4.jpg","width":7722,"height":5151},{"@type":"BreadcrumbList","@id":"https:\/\/www.wafaifo.com\/vi\/wellness-spa\/tri-lieu\/#breadcrumb","itemListElement":[{"@type":"ListItem","position":1,"name":"Home","item":"https:\/\/www.wafaifo.com\/vi\/"},{"@type":"ListItem","position":2,"name":"Wellness &amp; Spa","item":"https:\/\/www.wafaifo.com\/vi\/wellness-spa\/"},{"@type":"ListItem","position":3,"name":"MASSAGE TREATMENTS"}]},{"@type":"WebSite","@id":"https:\/\/www.wafaifo.com\/vi\/#website","url":"https:\/\/www.wafaifo.com\/vi\/","name":"Wafaifo Resort Hoi An","description":"","potentialAction":[{"@type":"SearchAction","target":{"@type":"EntryPoint","urlTemplate":"https:\/\/www.wafaifo.com\/vi\/?s={search_term_string}"},"query-input":"required name=search_term_string"}],"inLanguage":"vi-VN"}]}},"acf":[],"_links":{"self":[{"href":"https:\/\/www.wafaifo.com\/vi\/wp-json\/wp\/v2\/pages\/618"}],"collection":[{"href":"https:\/\/www.wafaifo.com\/vi\/wp-json\/wp\/v2\/pages"}],"about":[{"href":"https:\/\/www.wafaifo.com\/vi\/wp-json\/wp\/v2\/types\/page"}],"author":[{"embeddable":true,"href":"https:\/\/www.wafaifo.com\/vi\/wp-json\/wp\/v2\/users\/5"}],"replies":[{"embeddable":true,"href":"https:\/\/www.wafaifo.com\/vi\/wp-json\/wp\/v2\/comments?post=618"}],"version-history":[{"count":0,"href":"https:\/\/www.wafaifo.com\/vi\/wp-json\/wp\/v2\/pages\/618\/revisions"}],"up":[{"embeddable":true,"href":"https:\/\/www.wafaifo.com\/vi\/wp-json\/wp\/v2\/pages\/545"}],"wp:featuredmedia":[{"embeddable":true,"href":"https:\/\/www.wafaifo.com\/vi\/wp-json\/wp\/v2\/media\/828"}],"wp:attachment":[{"href":"https:\/\/www.wafaifo.com\/vi\/wp-json\/wp\/v2\/media?parent=618"}],"curies":[{"name":"wp","href":"https:\/\/api.w.org\/{rel}","templated":true}]}}