    {"id":622,"date":"2024-04-02T08:10:51","date_gmt":"2024-04-02T08:10:51","guid":{"rendered":"https:\/\/www.wafaifo.com\/wellness-spa\/spa\/"},"modified":"2025-09-08T02:06:21","modified_gmt":"2025-09-08T02:06:21","slug":"spa","status":"publish","type":"page","link":"https:\/\/www.wafaifo.com\/vi\/wellness-spa\/spa\/","title":{"rendered":"SPA"},"content":{"rendered":"<p>D\u00e0nh t\u1eb7ng b\u1ea3n th\u00e2n nh\u1eefng kho\u1ea3nh kh\u1eafc tuy\u1ec7t v\u1eddi t\u1ea1i WAFAIFO RESORT HOI AN.<\/p>\n<p>Tr\u1ea3i nghi\u1ec7m li\u1ec7u ph\u00e1p ch\u0103m s\u00f3c da m\u1eb7t t\u1eeb th\u01b0\u01a1ng hi\u1ec7u cao c\u1ea5p Kerstin Florian ho\u1eb7c c\u00e1c li\u1ec7u ph\u00e1p ch\u0103m s\u00f3c to\u00e0n th\u00e2n, n\u01a1i tinh hoa tr\u1ecb li\u1ec7u truy\u1ec1n th\u1ed1ng to\u00e0n c\u1ea7u k\u1ebft h\u1ee3p v\u1edbi s\u1ef1 sang tr\u1ecdng hi\u1ec7n \u0111\u1ea1i.<\/p>\n<p>\u0110\u1eebng b\u1ecf l\u1ee1 c\u00e1c li\u1ec7u ph\u00e1p n\u1ed5i b\u1eadt nh\u01b0 Lavender Dreams, Ginger Renewal, hay kh\u00e1m ph\u00e1 c\u00e1c l\u1ef1a ch\u1ecdn \u0111\u1eb3ng c\u1ea5p kh\u00e1c nh\u01b0 massage th\u01b0 gi\u00e3n, t\u1ea9y t\u1ebf b\u00e0o ch\u1ebft, \u1ee7 k\u00e9n, v\u00e0 li\u1ec7u tr\u00ecnh ch\u0103m s\u00f3c s\u1ee9c kh\u1ecfe b\u1eb1ng ma-gi\u00ea.<\/p>\n<p>C\u00e1c li\u1ec7u ph\u00e1p ch\u0103m s\u00f3c da m\u1eb7t ph\u1ee5c h\u1ed3i mang l\u1ea1i k\u1ebft qu\u1ea3 cao nh\u01b0 Advanced Repair, Gua Sha Instant Lift v\u00e0 nhi\u1ec1u ph\u01b0\u01a1ng ph\u00e1p tr\u1ecb li\u1ec7u kh\u00e1c.<\/p>\n<p>\u0110\u1eb7c bi\u1ec7t, ch\u00fang t\u00f4i c\u00f2n mang \u0111\u1ebfn c\u00e1c gi\u1ea3i ph\u00e1p ch\u0103m s\u00f3c da d\u00e0nh ri\u00eang cho nam gi\u1edbi, c\u00f9ng li\u1ec7u tr\u00ecnh t\u00e1i t\u1ea1o nhanh ch\u00f3ng (30 ph\u00fat) d\u00e0nh cho c\u1ea3 nam v\u00e0 n\u1eef.<\/p>\n<p>B\u1ea1n c\u00f3 th\u1ec3 gh\u00e9 th\u0103m Wellness &amp; Spa c\u1ee7a ch\u00fang t\u00f4i \u0111\u1ec3 t\u1eadn h\u01b0\u1edfng c\u00e1c d\u1ecbch v\u1ee5 ch\u0103m s\u00f3c m\u00f3ng cao c\u1ea5p c\u1ee7a th\u01b0\u01a1ng hi\u1ec7u Margaret Dabbs \u0111\u1ebfn t\u1eeb London.<\/p>\n","protected":false},"excerpt":{"rendered":"<p>D\u00e0nh t\u1eb7ng b\u1ea3n th\u00e2n nh\u1eefng kho\u1ea3nh kh\u1eafc tuy\u1ec7t v\u1eddi t\u1ea1i WAFAIFO RESORT HOI AN. Tr\u1ea3i nghi\u1ec7m li\u1ec7u ph\u00e1p ch\u0103m s\u00f3c da m\u1eb7t t\u1eeb th\u01b0\u01a1ng hi\u1ec7u cao c\u1ea5p Kerstin Florian ho\u1eb7c c\u00e1c li\u1ec7u ph\u00e1p ch\u0103m s\u00f3c to\u00e0n th\u00e2n, n\u01a1i tinh hoa tr\u1ecb li\u1ec7u truy\u1ec1n th\u1ed1ng to\u00e0n c\u1ea7u k\u1ebft h\u1ee3p v\u1edbi s\u1ef1 sang tr\u1ecdng hi\u1ec7n \u0111\u1ea1i. \u0110\u1eebng [&hellip;]<\/p>\n","protected":false},"author":5,"featured_media":846,"parent":545,"menu_order":2,"comment_status":"closed","ping_status":"closed","template":"template-single-restaurant.php","meta":{"footnotes":""},"yoast_head":"<!-- This site is optimized with the Yoast SEO plugin v22.3 - https:\/\/yoast.com\/wordpress\/plugins\/seo\/ -->\n<title>SPA - Wafaifo Resort Hoi An<\/title>\n<meta name=\"robots\" content=\"index, follow, max-snippet:-1, max-image-preview:large, max-video-preview:-1\" \/>\n<link rel=\"canonical\" href=\"https:\/\/www.wafaifo.com\/vi\/wellness-spa\/spa\/\" \/>\n<meta property=\"og:locale\" content=\"vi_VN\" \/>\n<meta property=\"og:type\" content=\"article\" \/>\n<meta property=\"og:title\" content=\"SPA - Wafaifo Resort Hoi An\" \/>\n<meta property=\"og:description\" content=\"D\u00e0nh t\u1eb7ng b\u1ea3n th\u00e2n nh\u1eefng kho\u1ea3nh kh\u1eafc tuy\u1ec7t v\u1eddi t\u1ea1i WAFAIFO RESORT HOI AN. Tr\u1ea3i nghi\u1ec7m li\u1ec7u ph\u00e1p ch\u0103m s\u00f3c da m\u1eb7t t\u1eeb th\u01b0\u01a1ng hi\u1ec7u cao c\u1ea5p Kerstin Florian ho\u1eb7c c\u00e1c li\u1ec7u ph\u00e1p ch\u0103m s\u00f3c to\u00e0n th\u00e2n, n\u01a1i tinh hoa tr\u1ecb li\u1ec7u truy\u1ec1n th\u1ed1ng to\u00e0n c\u1ea7u k\u1ebft h\u1ee3p v\u1edbi s\u1ef1 sang tr\u1ecdng hi\u1ec7n \u0111\u1ea1i. \u0110\u1eebng [&hellip;]\" \/>\n<meta property=\"og:url\" content=\"https:\/\/www.wafaifo.com\/vi\/wellness-spa\/spa\/\" \/>\n<meta property=\"og:site_name\" content=\"Wafaifo Resort Hoi An\" \/>\n<meta property=\"article:modified_time\" content=\"2025-09-08T02:06:21+00:00\" \/>\n<meta property=\"og:image\" content=\"https:\/\/www.wafaifo.com\/wp-content\/uploads\/sites\/13\/2024\/10\/Treatment_Room_1.jpg\" \/>\n\t<meta property=\"og:image:width\" content=\"8192\" \/>\n\t<meta property=\"og:image:height\" content=\"5462\" \/>\n\t<meta property=\"og:image:type\" content=\"image\/jpeg\" \/>\n<meta name=\"twitter:card\" content=\"summary_large_image\" \/>\n<meta name=\"twitter:label1\" content=\"Est. reading time\" \/>\n\t<meta name=\"twitter:data1\" content=\"2 minutes\" \/>\n<script type=\"application\/ld+json\" class=\"yoast-schema-graph\">{\"@context\":\"https:\/\/schema.org\",\"@graph\":[{\"@type\":\"WebPage\",\"@id\":\"https:\/\/www.wafaifo.com\/vi\/wellness-spa\/spa\/\",\"url\":\"https:\/\/www.wafaifo.com\/vi\/wellness-spa\/spa\/\",\"name\":\"SPA - Wafaifo Resort Hoi An\",\"isPartOf\":{\"@id\":\"https:\/\/www.wafaifo.com\/vi\/#website\"},\"primaryImageOfPage\":{\"@id\":\"https:\/\/www.wafaifo.com\/vi\/wellness-spa\/spa\/#primaryimage\"},\"image\":{\"@id\":\"https:\/\/www.wafaifo.com\/vi\/wellness-spa\/spa\/#primaryimage\"},\"thumbnailUrl\":\"https:\/\/www.wafaifo.com\/wp-content\/uploads\/sites\/13\/2024\/10\/Treatment_Room_1.jpg\",\"datePublished\":\"2024-04-02T08:10:51+00:00\",\"dateModified\":\"2025-09-08T02:06:21+00:00\",\"breadcrumb\":{\"@id\":\"https:\/\/www.wafaifo.com\/vi\/wellness-spa\/spa\/#breadcrumb\"},\"inLanguage\":\"vi-VN\",\"potentialAction\":[{\"@type\":\"ReadAction\",\"target\":[\"https:\/\/www.wafaifo.com\/vi\/wellness-spa\/spa\/\"]}]},{\"@type\":\"ImageObject\",\"inLanguage\":\"vi-VN\",\"@id\":\"https:\/\/www.wafaifo.com\/vi\/wellness-spa\/spa\/#primaryimage\",\"url\":\"https:\/\/www.wafaifo.com\/wp-content\/uploads\/sites\/13\/2024\/10\/Treatment_Room_1.jpg\",\"contentUrl\":\"https:\/\/www.wafaifo.com\/wp-content\/uploads\/sites\/13\/2024\/10\/Treatment_Room_1.jpg\",\"width\":8192,\"height\":5462},{\"@type\":\"BreadcrumbList\",\"@id\":\"https:\/\/www.wafaifo.com\/vi\/wellness-spa\/spa\/#breadcrumb\",\"itemListElement\":[{\"@type\":\"ListItem\",\"position\":1,\"name\":\"Home\",\"item\":\"https:\/\/www.wafaifo.com\/vi\/\"},{\"@type\":\"ListItem\",\"position\":2,\"name\":\"Wellness &amp; Spa\",\"item\":\"https:\/\/www.wafaifo.com\/vi\/wellness-spa\/\"},{\"@type\":\"ListItem\",\"position\":3,\"name\":\"SPA\"}]},{\"@type\":\"WebSite\",\"@id\":\"https:\/\/www.wafaifo.com\/vi\/#website\",\"url\":\"https:\/\/www.wafaifo.com\/vi\/\",\"name\":\"Wafaifo Resort Hoi An\",\"description\":\"\",\"potentialAction\":[{\"@type\":\"SearchAction\",\"target\":{\"@type\":\"EntryPoint\",\"urlTemplate\":\"https:\/\/www.wafaifo.com\/vi\/?s={search_term_string}\"},\"query-input\":\"required name=search_term_string\"}],\"inLanguage\":\"vi-VN\"}]}<\/script>\n<!-- \/ Yoast SEO plugin. -->","yoast_head_json":{"title":"SPA - Wafaifo Resort Hoi An","robots":{"index":"index","follow":"follow","max-snippet":"max-snippet:-1","max-image-preview":"max-image-preview:large","max-video-preview":"max-video-preview:-1"},"canonical":"https:\/\/www.wafaifo.com\/vi\/wellness-spa\/spa\/","og_locale":"vi_VN","og_type":"article","og_title":"SPA - Wafaifo Resort Hoi An","og_description":"D\u00e0nh t\u1eb7ng b\u1ea3n th\u00e2n nh\u1eefng kho\u1ea3nh kh\u1eafc tuy\u1ec7t v\u1eddi t\u1ea1i WAFAIFO RESORT HOI AN. Tr\u1ea3i nghi\u1ec7m li\u1ec7u ph\u00e1p ch\u0103m s\u00f3c da m\u1eb7t t\u1eeb th\u01b0\u01a1ng hi\u1ec7u cao c\u1ea5p Kerstin Florian ho\u1eb7c c\u00e1c li\u1ec7u ph\u00e1p ch\u0103m s\u00f3c to\u00e0n th\u00e2n, n\u01a1i tinh hoa tr\u1ecb li\u1ec7u truy\u1ec1n th\u1ed1ng to\u00e0n c\u1ea7u k\u1ebft h\u1ee3p v\u1edbi s\u1ef1 sang tr\u1ecdng hi\u1ec7n \u0111\u1ea1i. \u0110\u1eebng [&hellip;]","og_url":"https:\/\/www.wafaifo.com\/vi\/wellness-spa\/spa\/","og_site_name":"Wafaifo Resort Hoi An","article_modified_time":"2025-09-08T02:06:21+00:00","og_image":[{"width":8192,"height":5462,"url":"https:\/\/www.wafaifo.com\/wp-content\/uploads\/sites\/13\/2024\/10\/Treatment_Room_1.jpg","type":"image\/jpeg"}],"twitter_card":"summary_large_image","twitter_misc":{"Est. reading time":"2 minutes"},"schema":{"@context":"https:\/\/schema.org","@graph":[{"@type":"WebPage","@id":"https:\/\/www.wafaifo.com\/vi\/wellness-spa\/spa\/","url":"https:\/\/www.wafaifo.com\/vi\/wellness-spa\/spa\/","name":"SPA - Wafaifo Resort Hoi An","isPartOf":{"@id":"https:\/\/www.wafaifo.com\/vi\/#website"},"primaryImageOfPage":{"@id":"https:\/\/www.wafaifo.com\/vi\/wellness-spa\/spa\/#primaryimage"},"image":{"@id":"https:\/\/www.wafaifo.com\/vi\/wellness-spa\/spa\/#primaryimage"},"thumbnailUrl":"https:\/\/www.wafaifo.com\/wp-content\/uploads\/sites\/13\/2024\/10\/Treatment_Room_1.jpg","datePublished":"2024-04-02T08:10:51+00:00","dateModified":"2025-09-08T02:06:21+00:00","breadcrumb":{"@id":"https:\/\/www.wafaifo.com\/vi\/wellness-spa\/spa\/#breadcrumb"},"inLanguage":"vi-VN","potentialAction":[{"@type":"ReadAction","target":["https:\/\/www.wafaifo.com\/vi\/wellness-spa\/spa\/"]}]},{"@type":"ImageObject","inLanguage":"vi-VN","@id":"https:\/\/www.wafaifo.com\/vi\/wellness-spa\/spa\/#primaryimage","url":"https:\/\/www.wafaifo.com\/wp-content\/uploads\/sites\/13\/2024\/10\/Treatment_Room_1.jpg","contentUrl":"https:\/\/www.wafaifo.com\/wp-content\/uploads\/sites\/13\/2024\/10\/Treatment_Room_1.jpg","width":8192,"height":5462},{"@type":"BreadcrumbList","@id":"https:\/\/www.wafaifo.com\/vi\/wellness-spa\/spa\/#breadcrumb","itemListElement":[{"@type":"ListItem","position":1,"name":"Home","item":"https:\/\/www.wafaifo.com\/vi\/"},{"@type":"ListItem","position":2,"name":"Wellness &amp; Spa","item":"https:\/\/www.wafaifo.com\/vi\/wellness-spa\/"},{"@type":"ListItem","position":3,"name":"SPA"}]},{"@type":"WebSite","@id":"https:\/\/www.wafaifo.com\/vi\/#website","url":"https:\/\/www.wafaifo.com\/vi\/","name":"Wafaifo Resort Hoi An","description":"","potentialAction":[{"@type":"SearchAction","target":{"@type":"EntryPoint","urlTemplate":"https:\/\/www.wafaifo.com\/vi\/?s={search_term_string}"},"query-input":"required name=search_term_string"}],"inLanguage":"vi-VN"}]}},"acf":[],"_links":{"self":[{"href":"https:\/\/www.wafaifo.com\/vi\/wp-json\/wp\/v2\/pages\/622"}],"collection":[{"href":"https:\/\/www.wafaifo.com\/vi\/wp-json\/wp\/v2\/pages"}],"about":[{"href":"https:\/\/www.wafaifo.com\/vi\/wp-json\/wp\/v2\/types\/page"}],"author":[{"embeddable":true,"href":"https:\/\/www.wafaifo.com\/vi\/wp-json\/wp\/v2\/users\/5"}],"replies":[{"embeddable":true,"href":"https:\/\/www.wafaifo.com\/vi\/wp-json\/wp\/v2\/comments?post=622"}],"version-history":[{"count":0,"href":"https:\/\/www.wafaifo.com\/vi\/wp-json\/wp\/v2\/pages\/622\/revisions"}],"up":[{"embeddable":true,"href":"https:\/\/www.wafaifo.com\/vi\/wp-json\/wp\/v2\/pages\/545"}],"wp:featuredmedia":[{"embeddable":true,"href":"https:\/\/www.wafaifo.com\/vi\/wp-json\/wp\/v2\/media\/846"}],"wp:attachment":[{"href":"https:\/\/www.wafaifo.com\/vi\/wp-json\/wp\/v2\/media?parent=622"}],"curies":[{"name":"wp","href":"https:\/\/api.w.org\/{rel}","templated":true}]}}