    {"id":630,"date":"2026-03-16T01:00:36","date_gmt":"2026-03-16T01:00:36","guid":{"rendered":"https:\/\/www.wafaifo.com\/homepage-2\/"},"modified":"2025-08-28T02:05:34","modified_gmt":"2025-08-28T02:05:34","slug":"homepage-2","status":"publish","type":"page","link":"https:\/\/www.wafaifo.com\/vi\/","title":{"rendered":"Trang Ch\u1ee7"},"content":{"rendered":"<p>H\u00f2a m\u00ecnh v\u00e0o nh\u1ecbp s\u1ed1ng s\u00f4i \u0111\u1ed9ng t\u1ea1i khu ngh\u1ec9 d\u01b0\u1ee1ng m\u1edbi nh\u1ea5t t\u1ea1i H\u1ed9i An, m\u1ed9t n\u01a1i ngh\u1ec9 d\u01b0\u1ee1ng hi\u1ec7n \u0111\u1ea1i mang \u0111\u1eadm d\u1ea5u \u1ea5n di s\u1ea3n, n\u01a1i giao thoa v\u0103n h\u00f3a qu\u1ed1c t\u1ebf \u0111\u00e1ng t\u1ef1 h\u00e0o trong qu\u00e1 kh\u1ee9 h\u00f2a quy\u1ec7n v\u1edbi l\u00f2ng hi\u1ebfu kh\u00e1ch n\u1ed3ng h\u1eadu \u1edf th\u1eddi \u0111i\u1ec3m hi\u1ec7n t\u1ea1i.<\/p>\n<p>Ch\u1ec9 c\u00e1ch ph\u1ed1 c\u1ed5 H\u1ed9i An &#8211; m\u1ed9t di s\u1ea3n v\u0103n h\u00f3a th\u1ebf gi\u1edbi \u0111\u01b0\u1ee3c UNESCO c\u00f4ng nh\u1eadn &#8211; v\u1edbi 10 ph\u00fat \u0111i b\u1ed9, Wafaifo Resort Hoi An ch\u00e0o \u0111\u00f3n b\u1ea1n \u0111\u1ebfn v\u1edbi kh\u00f4ng gian hi\u1ebfu kh\u00e1ch \u0111\u1eadm ch\u1ea5t Vi\u1ec7t Nam, h\u00f2a m\u00ecnh v\u00e0o phong c\u00e1ch s\u1ed1ng hi\u1ec7n \u0111\u1ea1i ng\u00e0y nay.<\/p>\n","protected":false},"excerpt":{"rendered":"<p>H\u00f2a m\u00ecnh v\u00e0o nh\u1ecbp s\u1ed1ng s\u00f4i \u0111\u1ed9ng t\u1ea1i khu ngh\u1ec9 d\u01b0\u1ee1ng m\u1edbi nh\u1ea5t t\u1ea1i H\u1ed9i An, m\u1ed9t n\u01a1i ngh\u1ec9 d\u01b0\u1ee1ng hi\u1ec7n \u0111\u1ea1i mang \u0111\u1eadm d\u1ea5u \u1ea5n di s\u1ea3n, n\u01a1i giao thoa v\u0103n h\u00f3a qu\u1ed1c t\u1ebf \u0111\u00e1ng t\u1ef1 h\u00e0o trong qu\u00e1 kh\u1ee9 h\u00f2a quy\u1ec7n v\u1edbi l\u00f2ng hi\u1ebfu kh\u00e1ch n\u1ed3ng h\u1eadu \u1edf th\u1eddi \u0111i\u1ec3m hi\u1ec7n t\u1ea1i. Ch\u1ec9 [&hellip;]<\/p>\n","protected":false},"author":5,"featured_media":0,"parent":0,"menu_order":0,"comment_status":"closed","ping_status":"closed","template":"","meta":{"footnotes":""},"yoast_head":"<!-- This site is optimized with the Yoast SEO plugin v22.3 - https:\/\/yoast.com\/wordpress\/plugins\/seo\/ -->\n<title>Wafaifo Resort Hoi An<\/title>\n<meta name=\"robots\" content=\"index, follow, max-snippet:-1, max-image-preview:large, max-video-preview:-1\" \/>\n<link rel=\"canonical\" href=\"https:\/\/www.wafaifo.com\/vi\/\" \/>\n<meta property=\"og:locale\" content=\"vi_VN\" \/>\n<meta property=\"og:type\" content=\"article\" \/>\n<meta property=\"og:title\" content=\"Wafaifo Resort Hoi An\" \/>\n<meta property=\"og:description\" content=\"H\u00f2a m\u00ecnh v\u00e0o nh\u1ecbp s\u1ed1ng s\u00f4i \u0111\u1ed9ng t\u1ea1i khu ngh\u1ec9 d\u01b0\u1ee1ng m\u1edbi nh\u1ea5t t\u1ea1i H\u1ed9i An, m\u1ed9t n\u01a1i ngh\u1ec9 d\u01b0\u1ee1ng hi\u1ec7n \u0111\u1ea1i mang \u0111\u1eadm d\u1ea5u \u1ea5n di s\u1ea3n, n\u01a1i giao thoa v\u0103n h\u00f3a qu\u1ed1c t\u1ebf \u0111\u00e1ng t\u1ef1 h\u00e0o trong qu\u00e1 kh\u1ee9 h\u00f2a quy\u1ec7n v\u1edbi l\u00f2ng hi\u1ebfu kh\u00e1ch n\u1ed3ng h\u1eadu \u1edf th\u1eddi \u0111i\u1ec3m hi\u1ec7n t\u1ea1i. Ch\u1ec9 [&hellip;]\" \/>\n<meta property=\"og:url\" content=\"https:\/\/www.wafaifo.com\/vi\/\" \/>\n<meta property=\"og:site_name\" content=\"Wafaifo Resort Hoi An\" \/>\n<meta property=\"article:modified_time\" content=\"2025-08-28T02:05:34+00:00\" \/>\n<meta name=\"twitter:card\" content=\"summary_large_image\" \/>\n<meta name=\"twitter:label1\" content=\"Est. reading time\" \/>\n\t<meta name=\"twitter:data1\" content=\"1 minute\" \/>\n<script type=\"application\/ld+json\" class=\"yoast-schema-graph\">{\"@context\":\"https:\/\/schema.org\",\"@graph\":[{\"@type\":\"WebPage\",\"@id\":\"https:\/\/www.wafaifo.com\/vi\/\",\"url\":\"https:\/\/www.wafaifo.com\/vi\/\",\"name\":\"Wafaifo Resort Hoi An\",\"isPartOf\":{\"@id\":\"https:\/\/www.wafaifo.com\/vi\/#website\"},\"datePublished\":\"2026-03-16T01:00:36+00:00\",\"dateModified\":\"2025-08-28T02:05:34+00:00\",\"breadcrumb\":{\"@id\":\"https:\/\/www.wafaifo.com\/vi\/#breadcrumb\"},\"inLanguage\":\"vi-VN\",\"potentialAction\":[{\"@type\":\"ReadAction\",\"target\":[\"https:\/\/www.wafaifo.com\/vi\/\"]}]},{\"@type\":\"BreadcrumbList\",\"@id\":\"https:\/\/www.wafaifo.com\/vi\/#breadcrumb\",\"itemListElement\":[{\"@type\":\"ListItem\",\"position\":1,\"name\":\"Home\",\"item\":\"https:\/\/www.wafaifo.com\/vi\/\"},{\"@type\":\"ListItem\",\"position\":2,\"name\":\"Trang Ch\u1ee7\"}]},{\"@type\":\"WebSite\",\"@id\":\"https:\/\/www.wafaifo.com\/vi\/#website\",\"url\":\"https:\/\/www.wafaifo.com\/vi\/\",\"name\":\"Wafaifo Resort Hoi An\",\"description\":\"\",\"potentialAction\":[{\"@type\":\"SearchAction\",\"target\":{\"@type\":\"EntryPoint\",\"urlTemplate\":\"https:\/\/www.wafaifo.com\/vi\/?s={search_term_string}\"},\"query-input\":\"required name=search_term_string\"}],\"inLanguage\":\"vi-VN\"}]}<\/script>\n<!-- \/ Yoast SEO plugin. -->","yoast_head_json":{"title":"Wafaifo Resort Hoi An","robots":{"index":"index","follow":"follow","max-snippet":"max-snippet:-1","max-image-preview":"max-image-preview:large","max-video-preview":"max-video-preview:-1"},"canonical":"https:\/\/www.wafaifo.com\/vi\/","og_locale":"vi_VN","og_type":"article","og_title":"Wafaifo Resort Hoi An","og_description":"H\u00f2a m\u00ecnh v\u00e0o nh\u1ecbp s\u1ed1ng s\u00f4i \u0111\u1ed9ng t\u1ea1i khu ngh\u1ec9 d\u01b0\u1ee1ng m\u1edbi nh\u1ea5t t\u1ea1i H\u1ed9i An, m\u1ed9t n\u01a1i ngh\u1ec9 d\u01b0\u1ee1ng hi\u1ec7n \u0111\u1ea1i mang \u0111\u1eadm d\u1ea5u \u1ea5n di s\u1ea3n, n\u01a1i giao thoa v\u0103n h\u00f3a qu\u1ed1c t\u1ebf \u0111\u00e1ng t\u1ef1 h\u00e0o trong qu\u00e1 kh\u1ee9 h\u00f2a quy\u1ec7n v\u1edbi l\u00f2ng hi\u1ebfu kh\u00e1ch n\u1ed3ng h\u1eadu \u1edf th\u1eddi \u0111i\u1ec3m hi\u1ec7n t\u1ea1i. Ch\u1ec9 [&hellip;]","og_url":"https:\/\/www.wafaifo.com\/vi\/","og_site_name":"Wafaifo Resort Hoi An","article_modified_time":"2025-08-28T02:05:34+00:00","twitter_card":"summary_large_image","twitter_misc":{"Est. reading time":"1 minute"},"schema":{"@context":"https:\/\/schema.org","@graph":[{"@type":"WebPage","@id":"https:\/\/www.wafaifo.com\/vi\/","url":"https:\/\/www.wafaifo.com\/vi\/","name":"Wafaifo Resort Hoi An","isPartOf":{"@id":"https:\/\/www.wafaifo.com\/vi\/#website"},"datePublished":"2026-03-16T01:00:36+00:00","dateModified":"2025-08-28T02:05:34+00:00","breadcrumb":{"@id":"https:\/\/www.wafaifo.com\/vi\/#breadcrumb"},"inLanguage":"vi-VN","potentialAction":[{"@type":"ReadAction","target":["https:\/\/www.wafaifo.com\/vi\/"]}]},{"@type":"BreadcrumbList","@id":"https:\/\/www.wafaifo.com\/vi\/#breadcrumb","itemListElement":[{"@type":"ListItem","position":1,"name":"Home","item":"https:\/\/www.wafaifo.com\/vi\/"},{"@type":"ListItem","position":2,"name":"Trang Ch\u1ee7"}]},{"@type":"WebSite","@id":"https:\/\/www.wafaifo.com\/vi\/#website","url":"https:\/\/www.wafaifo.com\/vi\/","name":"Wafaifo Resort Hoi An","description":"","potentialAction":[{"@type":"SearchAction","target":{"@type":"EntryPoint","urlTemplate":"https:\/\/www.wafaifo.com\/vi\/?s={search_term_string}"},"query-input":"required name=search_term_string"}],"inLanguage":"vi-VN"}]}},"acf":[],"_links":{"self":[{"href":"https:\/\/www.wafaifo.com\/vi\/wp-json\/wp\/v2\/pages\/630"}],"collection":[{"href":"https:\/\/www.wafaifo.com\/vi\/wp-json\/wp\/v2\/pages"}],"about":[{"href":"https:\/\/www.wafaifo.com\/vi\/wp-json\/wp\/v2\/types\/page"}],"author":[{"embeddable":true,"href":"https:\/\/www.wafaifo.com\/vi\/wp-json\/wp\/v2\/users\/5"}],"replies":[{"embeddable":true,"href":"https:\/\/www.wafaifo.com\/vi\/wp-json\/wp\/v2\/comments?post=630"}],"version-history":[{"count":0,"href":"https:\/\/www.wafaifo.com\/vi\/wp-json\/wp\/v2\/pages\/630\/revisions"}],"wp:attachment":[{"href":"https:\/\/www.wafaifo.com\/vi\/wp-json\/wp\/v2\/media?parent=630"}],"curies":[{"name":"wp","href":"https:\/\/api.w.org\/{rel}","templated":true}]}}