    {"id":635,"date":"2024-04-01T08:58:05","date_gmt":"2024-04-01T08:58:05","guid":{"rendered":"https:\/\/www.wafaifo.com\/wellness-spa\/gym\/"},"modified":"2026-04-20T02:41:36","modified_gmt":"2026-04-20T02:41:36","slug":"fitness-center","status":"publish","type":"page","link":"https:\/\/www.wafaifo.com\/vi\/wellness-spa\/fitness-center\/","title":{"rendered":"FITNESS CENTER"},"content":{"rendered":"<p>Fitness Center t\u1ea1i WAFAIFO RESORT HOI AN \u0111\u01b0\u1ee3c bi\u1ebft \u0111\u1ebfn l\u00e0 m\u1ed9t trong nh\u1eefng ph\u00f2ng t\u1eadp ti\u00ean ti\u1ebfn nh\u1ea5t t\u1ea1i H\u1ed9i An. V\u1edbi \u0111\u1ed9i ng\u0169 hu\u1ea5n luy\u1ec7n vi\u00ean c\u00e1 nh\u00e2n \u0111\u01b0\u1ee3c \u0111\u00e0o t\u1ea1o chuy\u00ean s\u00e2u v\u1ec1 thi\u1ebft b\u1ecb ph\u00f2ng t\u1eadp Precor, ch\u00fang t\u00f4i s\u1eb5n s\u00e0ng h\u1ed7 tr\u1ee3 b\u1ea1n \u0111\u1ec3 m\u1ed7i bu\u1ed5i t\u1eadp \u0111\u1ec1u \u0111\u1ea1t \u0111\u01b0\u1ee3c hi\u1ec7u qu\u1ea3 t\u1ed1i \u01b0u. H\u1ecd s\u1ebd h\u01b0\u1edbng d\u1eabn b\u1ea1n c\u00e1ch ch\u1ecdn l\u1ef1a c\u00e1c b\u00e0i t\u1eadp sao cho ph\u00f9 h\u1ee3p nh\u1ea5t v\u1edbi nhu c\u1ea7u v\u00e0 m\u1ee5c ti\u00eau s\u1ee9c kh\u1ecfe c\u1ee7a t\u1eebng ng\u01b0\u1eddi.<\/p>\n<p>Thi\u1ebft b\u1ecb Precor n\u1ed5i b\u1eadt v\u1edbi s\u1ef1 \u0111\u01a1n gi\u1ea3n, \u0111\u1ed9 tin c\u1eady cao v\u00e0 d\u1ec5 s\u1eed d\u1ee5ng, \u0111\u00e3 kh\u1eb3ng \u0111\u1ecbnh v\u1ecb th\u1ebf h\u00e0ng \u0111\u1ea7u to\u00e0n c\u1ea7u trong h\u01a1n 40 n\u0103m qua.<\/p>\n<p>V\u1edbi kh\u00f4ng gian ph\u00f2ng t\u1eadp r\u1ed9ng 150m\u00b2 c\u00f9ng thi\u1ebft b\u1ecb hi\u1ec7n \u0111\u1ea1i, \u0111\u00e2y l\u00e0 th\u1eddi \u0111i\u1ec3m th\u00edch h\u1ee3p nh\u1ea5t \u0111\u1ec3 tr\u1ea3i nghi\u1ec7m c\u00e1c b\u00e0i t\u1eadp hi\u1ec7u qu\u1ea3 t\u1ea1i ph\u00f2ng gym c\u1ee7a WAFAIFO RESORT HOI AN.<\/p>\n<p>C\u00e1c g\u00f3i th\u00e0nh vi\u00ean fitness \u0111\u00e3 s\u1eb5n s\u00e0ng ph\u1ee5c v\u1ee5.<\/p>\n","protected":false},"excerpt":{"rendered":"<p>Fitness Center t\u1ea1i WAFAIFO RESORT HOI AN \u0111\u01b0\u1ee3c bi\u1ebft \u0111\u1ebfn l\u00e0 m\u1ed9t trong nh\u1eefng ph\u00f2ng t\u1eadp ti\u00ean ti\u1ebfn nh\u1ea5t t\u1ea1i H\u1ed9i An. V\u1edbi \u0111\u1ed9i ng\u0169 hu\u1ea5n luy\u1ec7n vi\u00ean c\u00e1 nh\u00e2n \u0111\u01b0\u1ee3c \u0111\u00e0o t\u1ea1o chuy\u00ean s\u00e2u v\u1ec1 thi\u1ebft b\u1ecb ph\u00f2ng t\u1eadp Precor, ch\u00fang t\u00f4i s\u1eb5n s\u00e0ng h\u1ed7 tr\u1ee3 b\u1ea1n \u0111\u1ec3 m\u1ed7i bu\u1ed5i t\u1eadp \u0111\u1ec1u \u0111\u1ea1t \u0111\u01b0\u1ee3c [&hellip;]<\/p>\n","protected":false},"author":5,"featured_media":836,"parent":545,"menu_order":1,"comment_status":"closed","ping_status":"closed","template":"template-single-restaurant.php","meta":{"footnotes":""},"yoast_head":"<!-- This site is optimized with the Yoast SEO plugin v22.3 - https:\/\/yoast.com\/wordpress\/plugins\/seo\/ -->\n<title>FITNESS CENTER - Wafaifo Resort Hoi An 2026<\/title>\n<meta name=\"description\" content=\"Fitness Center t\u1ea1i WAFAIFO RESORT HOI AN \u0111\u01b0\u1ee3c bi\u1ebft \u0111\u1ebfn l\u00e0 m\u1ed9t trong nh\u1eefng ph\u00f2ng t\u1eadp ti\u00ean ti\u1ebfn nh\u1ea5t t\u1ea1i H\u1ed9i An. V\u1edbi \u0111\u1ed9i ng\u0169 hu\u1ea5n luy\u1ec7n vi\u00ean c\u00e1 nh\u00e2n \u0111\u01b0\u1ee3c \u0111\u00e0o t\u1ea1o chuy\u00ean s\u00e2u v\u1ec1 thi\u1ebft b\u1ecb ph\u00f2ng t\u1eadp Precor, ch\u00fang t\u00f4i s\u1eb5n s\u00e0ng h\u1ed7 tr\u1ee3 b\u1ea1n \u0111\u1ec3 m\u1ed7i bu\u1ed5i t\u1eadp \u0111\u1ec1u \u0111\u1ea1t \u0111\u01b0\u1ee3c hi\u1ec7u qu\u1ea3 t\u1ed1i \u01b0u. H\u1ecd s\u1ebd h\u01b0\u1edbng d\u1eabn b\u1ea1n c\u00e1ch ch\u1ecdn l\u1ef1a c\u00e1c b\u00e0i t\u1eadp sao cho ph\u00f9 h\u1ee3p nh\u1ea5t v\u1edbi nhu c\u1ea7u v\u00e0 m\u1ee5c ti\u00eau s\u1ee9c kh\u1ecfe c\u1ee7a t\u1eebng ng\u01b0\u1eddi.\" \/>\n<meta name=\"robots\" content=\"index, follow, max-snippet:-1, max-image-preview:large, max-video-preview:-1\" \/>\n<link rel=\"canonical\" href=\"https:\/\/www.wafaifo.com\/vi\/wellness-spa\/fitness-center\/\" \/>\n<meta property=\"og:locale\" content=\"vi_VN\" \/>\n<meta property=\"og:type\" content=\"article\" \/>\n<meta property=\"og:title\" content=\"FITNESS CENTER - Wafaifo Resort Hoi An 2026\" \/>\n<meta property=\"og:description\" content=\"Fitness Center t\u1ea1i WAFAIFO RESORT HOI AN \u0111\u01b0\u1ee3c bi\u1ebft \u0111\u1ebfn l\u00e0 m\u1ed9t trong nh\u1eefng ph\u00f2ng t\u1eadp ti\u00ean ti\u1ebfn nh\u1ea5t t\u1ea1i H\u1ed9i An. V\u1edbi \u0111\u1ed9i ng\u0169 hu\u1ea5n luy\u1ec7n vi\u00ean c\u00e1 nh\u00e2n \u0111\u01b0\u1ee3c \u0111\u00e0o t\u1ea1o chuy\u00ean s\u00e2u v\u1ec1 thi\u1ebft b\u1ecb ph\u00f2ng t\u1eadp Precor, ch\u00fang t\u00f4i s\u1eb5n s\u00e0ng h\u1ed7 tr\u1ee3 b\u1ea1n \u0111\u1ec3 m\u1ed7i bu\u1ed5i t\u1eadp \u0111\u1ec1u \u0111\u1ea1t \u0111\u01b0\u1ee3c hi\u1ec7u qu\u1ea3 t\u1ed1i \u01b0u. H\u1ecd s\u1ebd h\u01b0\u1edbng d\u1eabn b\u1ea1n c\u00e1ch ch\u1ecdn l\u1ef1a c\u00e1c b\u00e0i t\u1eadp sao cho ph\u00f9 h\u1ee3p nh\u1ea5t v\u1edbi nhu c\u1ea7u v\u00e0 m\u1ee5c ti\u00eau s\u1ee9c kh\u1ecfe c\u1ee7a t\u1eebng ng\u01b0\u1eddi.\" \/>\n<meta property=\"og:url\" content=\"https:\/\/www.wafaifo.com\/vi\/wellness-spa\/fitness-center\/\" \/>\n<meta property=\"og:site_name\" content=\"Wafaifo Resort Hoi An\" \/>\n<meta property=\"article:modified_time\" content=\"2026-04-20T02:41:36+00:00\" \/>\n<meta property=\"og:image\" content=\"https:\/\/www.wafaifo.com\/wp-content\/uploads\/sites\/13\/2024\/10\/Gym_2-1024x683.jpg\" \/>\n\t<meta property=\"og:image:width\" content=\"1024\" \/>\n\t<meta property=\"og:image:height\" content=\"683\" \/>\n\t<meta property=\"og:image:type\" content=\"image\/jpeg\" \/>\n<meta name=\"twitter:card\" content=\"summary_large_image\" \/>\n<meta name=\"twitter:label1\" content=\"Est. reading time\" \/>\n\t<meta name=\"twitter:data1\" content=\"1 minute\" \/>\n<script type=\"application\/ld+json\" class=\"yoast-schema-graph\">{\"@context\":\"https:\/\/schema.org\",\"@graph\":[{\"@type\":\"WebPage\",\"@id\":\"https:\/\/www.wafaifo.com\/vi\/wellness-spa\/fitness-center\/\",\"url\":\"https:\/\/www.wafaifo.com\/vi\/wellness-spa\/fitness-center\/\",\"name\":\"FITNESS CENTER - Wafaifo Resort Hoi An 2026\",\"isPartOf\":{\"@id\":\"https:\/\/www.wafaifo.com\/vi\/#website\"},\"primaryImageOfPage\":{\"@id\":\"https:\/\/www.wafaifo.com\/vi\/wellness-spa\/fitness-center\/#primaryimage\"},\"image\":{\"@id\":\"https:\/\/www.wafaifo.com\/vi\/wellness-spa\/fitness-center\/#primaryimage\"},\"thumbnailUrl\":\"https:\/\/www.wafaifo.com\/wp-content\/uploads\/sites\/13\/2024\/10\/Gym_2.jpg\",\"datePublished\":\"2024-04-01T08:58:05+00:00\",\"dateModified\":\"2026-04-20T02:41:36+00:00\",\"description\":\"Fitness Center t\u1ea1i WAFAIFO RESORT HOI AN \u0111\u01b0\u1ee3c bi\u1ebft \u0111\u1ebfn l\u00e0 m\u1ed9t trong nh\u1eefng ph\u00f2ng t\u1eadp ti\u00ean ti\u1ebfn nh\u1ea5t t\u1ea1i H\u1ed9i An. V\u1edbi \u0111\u1ed9i ng\u0169 hu\u1ea5n luy\u1ec7n vi\u00ean c\u00e1 nh\u00e2n \u0111\u01b0\u1ee3c \u0111\u00e0o t\u1ea1o chuy\u00ean s\u00e2u v\u1ec1 thi\u1ebft b\u1ecb ph\u00f2ng t\u1eadp Precor, ch\u00fang t\u00f4i s\u1eb5n s\u00e0ng h\u1ed7 tr\u1ee3 b\u1ea1n \u0111\u1ec3 m\u1ed7i bu\u1ed5i t\u1eadp \u0111\u1ec1u \u0111\u1ea1t \u0111\u01b0\u1ee3c hi\u1ec7u qu\u1ea3 t\u1ed1i \u01b0u. H\u1ecd s\u1ebd h\u01b0\u1edbng d\u1eabn b\u1ea1n c\u00e1ch ch\u1ecdn l\u1ef1a c\u00e1c b\u00e0i t\u1eadp sao cho ph\u00f9 h\u1ee3p nh\u1ea5t v\u1edbi nhu c\u1ea7u v\u00e0 m\u1ee5c ti\u00eau s\u1ee9c kh\u1ecfe c\u1ee7a t\u1eebng ng\u01b0\u1eddi.\",\"breadcrumb\":{\"@id\":\"https:\/\/www.wafaifo.com\/vi\/wellness-spa\/fitness-center\/#breadcrumb\"},\"inLanguage\":\"vi-VN\",\"potentialAction\":[{\"@type\":\"ReadAction\",\"target\":[\"https:\/\/www.wafaifo.com\/vi\/wellness-spa\/fitness-center\/\"]}]},{\"@type\":\"ImageObject\",\"inLanguage\":\"vi-VN\",\"@id\":\"https:\/\/www.wafaifo.com\/vi\/wellness-spa\/fitness-center\/#primaryimage\",\"url\":\"https:\/\/www.wafaifo.com\/wp-content\/uploads\/sites\/13\/2024\/10\/Gym_2.jpg\",\"contentUrl\":\"https:\/\/www.wafaifo.com\/wp-content\/uploads\/sites\/13\/2024\/10\/Gym_2.jpg\",\"width\":8189,\"height\":5464},{\"@type\":\"BreadcrumbList\",\"@id\":\"https:\/\/www.wafaifo.com\/vi\/wellness-spa\/fitness-center\/#breadcrumb\",\"itemListElement\":[{\"@type\":\"ListItem\",\"position\":1,\"name\":\"Home\",\"item\":\"https:\/\/www.wafaifo.com\/vi\/\"},{\"@type\":\"ListItem\",\"position\":2,\"name\":\"Wellness &amp; Spa\",\"item\":\"https:\/\/www.wafaifo.com\/vi\/wellness-spa\/\"},{\"@type\":\"ListItem\",\"position\":3,\"name\":\"FITNESS CENTER\"}]},{\"@type\":\"WebSite\",\"@id\":\"https:\/\/www.wafaifo.com\/vi\/#website\",\"url\":\"https:\/\/www.wafaifo.com\/vi\/\",\"name\":\"Wafaifo Resort Hoi An\",\"description\":\"\",\"potentialAction\":[{\"@type\":\"SearchAction\",\"target\":{\"@type\":\"EntryPoint\",\"urlTemplate\":\"https:\/\/www.wafaifo.com\/vi\/?s={search_term_string}\"},\"query-input\":\"required name=search_term_string\"}],\"inLanguage\":\"vi-VN\"}]}<\/script>\n<!-- \/ Yoast SEO plugin. -->","yoast_head_json":{"title":"FITNESS CENTER - Wafaifo Resort Hoi An 2026","description":"Fitness Center t\u1ea1i WAFAIFO RESORT HOI AN \u0111\u01b0\u1ee3c bi\u1ebft \u0111\u1ebfn l\u00e0 m\u1ed9t trong nh\u1eefng ph\u00f2ng t\u1eadp ti\u00ean ti\u1ebfn nh\u1ea5t t\u1ea1i H\u1ed9i An. V\u1edbi \u0111\u1ed9i ng\u0169 hu\u1ea5n luy\u1ec7n vi\u00ean c\u00e1 nh\u00e2n \u0111\u01b0\u1ee3c \u0111\u00e0o t\u1ea1o chuy\u00ean s\u00e2u v\u1ec1 thi\u1ebft b\u1ecb ph\u00f2ng t\u1eadp Precor, ch\u00fang t\u00f4i s\u1eb5n s\u00e0ng h\u1ed7 tr\u1ee3 b\u1ea1n \u0111\u1ec3 m\u1ed7i bu\u1ed5i t\u1eadp \u0111\u1ec1u \u0111\u1ea1t \u0111\u01b0\u1ee3c hi\u1ec7u qu\u1ea3 t\u1ed1i \u01b0u. H\u1ecd s\u1ebd h\u01b0\u1edbng d\u1eabn b\u1ea1n c\u00e1ch ch\u1ecdn l\u1ef1a c\u00e1c b\u00e0i t\u1eadp sao cho ph\u00f9 h\u1ee3p nh\u1ea5t v\u1edbi nhu c\u1ea7u v\u00e0 m\u1ee5c ti\u00eau s\u1ee9c kh\u1ecfe c\u1ee7a t\u1eebng ng\u01b0\u1eddi.","robots":{"index":"index","follow":"follow","max-snippet":"max-snippet:-1","max-image-preview":"max-image-preview:large","max-video-preview":"max-video-preview:-1"},"canonical":"https:\/\/www.wafaifo.com\/vi\/wellness-spa\/fitness-center\/","og_locale":"vi_VN","og_type":"article","og_title":"FITNESS CENTER - Wafaifo Resort Hoi An 2026","og_description":"Fitness Center t\u1ea1i WAFAIFO RESORT HOI AN \u0111\u01b0\u1ee3c bi\u1ebft \u0111\u1ebfn l\u00e0 m\u1ed9t trong nh\u1eefng ph\u00f2ng t\u1eadp ti\u00ean ti\u1ebfn nh\u1ea5t t\u1ea1i H\u1ed9i An. V\u1edbi \u0111\u1ed9i ng\u0169 hu\u1ea5n luy\u1ec7n vi\u00ean c\u00e1 nh\u00e2n \u0111\u01b0\u1ee3c \u0111\u00e0o t\u1ea1o chuy\u00ean s\u00e2u v\u1ec1 thi\u1ebft b\u1ecb ph\u00f2ng t\u1eadp Precor, ch\u00fang t\u00f4i s\u1eb5n s\u00e0ng h\u1ed7 tr\u1ee3 b\u1ea1n \u0111\u1ec3 m\u1ed7i bu\u1ed5i t\u1eadp \u0111\u1ec1u \u0111\u1ea1t \u0111\u01b0\u1ee3c hi\u1ec7u qu\u1ea3 t\u1ed1i \u01b0u. H\u1ecd s\u1ebd h\u01b0\u1edbng d\u1eabn b\u1ea1n c\u00e1ch ch\u1ecdn l\u1ef1a c\u00e1c b\u00e0i t\u1eadp sao cho ph\u00f9 h\u1ee3p nh\u1ea5t v\u1edbi nhu c\u1ea7u v\u00e0 m\u1ee5c ti\u00eau s\u1ee9c kh\u1ecfe c\u1ee7a t\u1eebng ng\u01b0\u1eddi.","og_url":"https:\/\/www.wafaifo.com\/vi\/wellness-spa\/fitness-center\/","og_site_name":"Wafaifo Resort Hoi An","article_modified_time":"2026-04-20T02:41:36+00:00","og_image":[{"width":1024,"height":683,"url":"https:\/\/www.wafaifo.com\/wp-content\/uploads\/sites\/13\/2024\/10\/Gym_2-1024x683.jpg","type":"image\/jpeg"}],"twitter_card":"summary_large_image","twitter_misc":{"Est. reading time":"1 minute"},"schema":{"@context":"https:\/\/schema.org","@graph":[{"@type":"WebPage","@id":"https:\/\/www.wafaifo.com\/vi\/wellness-spa\/fitness-center\/","url":"https:\/\/www.wafaifo.com\/vi\/wellness-spa\/fitness-center\/","name":"FITNESS CENTER - Wafaifo Resort Hoi An 2026","isPartOf":{"@id":"https:\/\/www.wafaifo.com\/vi\/#website"},"primaryImageOfPage":{"@id":"https:\/\/www.wafaifo.com\/vi\/wellness-spa\/fitness-center\/#primaryimage"},"image":{"@id":"https:\/\/www.wafaifo.com\/vi\/wellness-spa\/fitness-center\/#primaryimage"},"thumbnailUrl":"https:\/\/www.wafaifo.com\/wp-content\/uploads\/sites\/13\/2024\/10\/Gym_2.jpg","datePublished":"2024-04-01T08:58:05+00:00","dateModified":"2026-04-20T02:41:36+00:00","description":"Fitness Center t\u1ea1i WAFAIFO RESORT HOI AN \u0111\u01b0\u1ee3c bi\u1ebft \u0111\u1ebfn l\u00e0 m\u1ed9t trong nh\u1eefng ph\u00f2ng t\u1eadp ti\u00ean ti\u1ebfn nh\u1ea5t t\u1ea1i H\u1ed9i An. V\u1edbi \u0111\u1ed9i ng\u0169 hu\u1ea5n luy\u1ec7n vi\u00ean c\u00e1 nh\u00e2n \u0111\u01b0\u1ee3c \u0111\u00e0o t\u1ea1o chuy\u00ean s\u00e2u v\u1ec1 thi\u1ebft b\u1ecb ph\u00f2ng t\u1eadp Precor, ch\u00fang t\u00f4i s\u1eb5n s\u00e0ng h\u1ed7 tr\u1ee3 b\u1ea1n \u0111\u1ec3 m\u1ed7i bu\u1ed5i t\u1eadp \u0111\u1ec1u \u0111\u1ea1t \u0111\u01b0\u1ee3c hi\u1ec7u qu\u1ea3 t\u1ed1i \u01b0u. H\u1ecd s\u1ebd h\u01b0\u1edbng d\u1eabn b\u1ea1n c\u00e1ch ch\u1ecdn l\u1ef1a c\u00e1c b\u00e0i t\u1eadp sao cho ph\u00f9 h\u1ee3p nh\u1ea5t v\u1edbi nhu c\u1ea7u v\u00e0 m\u1ee5c ti\u00eau s\u1ee9c kh\u1ecfe c\u1ee7a t\u1eebng ng\u01b0\u1eddi.","breadcrumb":{"@id":"https:\/\/www.wafaifo.com\/vi\/wellness-spa\/fitness-center\/#breadcrumb"},"inLanguage":"vi-VN","potentialAction":[{"@type":"ReadAction","target":["https:\/\/www.wafaifo.com\/vi\/wellness-spa\/fitness-center\/"]}]},{"@type":"ImageObject","inLanguage":"vi-VN","@id":"https:\/\/www.wafaifo.com\/vi\/wellness-spa\/fitness-center\/#primaryimage","url":"https:\/\/www.wafaifo.com\/wp-content\/uploads\/sites\/13\/2024\/10\/Gym_2.jpg","contentUrl":"https:\/\/www.wafaifo.com\/wp-content\/uploads\/sites\/13\/2024\/10\/Gym_2.jpg","width":8189,"height":5464},{"@type":"BreadcrumbList","@id":"https:\/\/www.wafaifo.com\/vi\/wellness-spa\/fitness-center\/#breadcrumb","itemListElement":[{"@type":"ListItem","position":1,"name":"Home","item":"https:\/\/www.wafaifo.com\/vi\/"},{"@type":"ListItem","position":2,"name":"Wellness &amp; Spa","item":"https:\/\/www.wafaifo.com\/vi\/wellness-spa\/"},{"@type":"ListItem","position":3,"name":"FITNESS CENTER"}]},{"@type":"WebSite","@id":"https:\/\/www.wafaifo.com\/vi\/#website","url":"https:\/\/www.wafaifo.com\/vi\/","name":"Wafaifo Resort Hoi An","description":"","potentialAction":[{"@type":"SearchAction","target":{"@type":"EntryPoint","urlTemplate":"https:\/\/www.wafaifo.com\/vi\/?s={search_term_string}"},"query-input":"required name=search_term_string"}],"inLanguage":"vi-VN"}]}},"acf":[],"_links":{"self":[{"href":"https:\/\/www.wafaifo.com\/vi\/wp-json\/wp\/v2\/pages\/635"}],"collection":[{"href":"https:\/\/www.wafaifo.com\/vi\/wp-json\/wp\/v2\/pages"}],"about":[{"href":"https:\/\/www.wafaifo.com\/vi\/wp-json\/wp\/v2\/types\/page"}],"author":[{"embeddable":true,"href":"https:\/\/www.wafaifo.com\/vi\/wp-json\/wp\/v2\/users\/5"}],"replies":[{"embeddable":true,"href":"https:\/\/www.wafaifo.com\/vi\/wp-json\/wp\/v2\/comments?post=635"}],"version-history":[{"count":0,"href":"https:\/\/www.wafaifo.com\/vi\/wp-json\/wp\/v2\/pages\/635\/revisions"}],"up":[{"embeddable":true,"href":"https:\/\/www.wafaifo.com\/vi\/wp-json\/wp\/v2\/pages\/545"}],"wp:featuredmedia":[{"embeddable":true,"href":"https:\/\/www.wafaifo.com\/vi\/wp-json\/wp\/v2\/media\/836"}],"wp:attachment":[{"href":"https:\/\/www.wafaifo.com\/vi\/wp-json\/wp\/v2\/media?parent=635"}],"curies":[{"name":"wp","href":"https:\/\/api.w.org\/{rel}","templated":true}]}}