    {"id":646,"date":"2024-04-03T01:16:36","date_gmt":"2024-04-03T01:16:36","guid":{"rendered":"https:\/\/www.wafaifo.com\/kids-club\/"},"modified":"2026-03-25T03:38:06","modified_gmt":"2026-03-25T03:38:06","slug":"kids-club","status":"publish","type":"page","link":"https:\/\/www.wafaifo.com\/vi\/kids-club\/","title":{"rendered":"Kids Club"},"content":{"rendered":"<p>V\u1edbi khu vui ch\u01a1i trong nh\u00e0 v\u00e0 kh\u00f4ng gian m\u1edf b\u00ean ngo\u00e0i, c\u00e1c b\u1eadc ph\u1ee5 huynh c\u00f3 th\u1ec3 y\u00ean t\u00e2m th\u01b0 gi\u00e3n khi bi\u1ebft r\u1eb1ng c\u00e1c b\u00e9 (t\u1eeb 5 \u0111\u1ebfn 12 tu\u1ed5i) s\u1ebd \u0111\u01b0\u1ee3c tham gia c\u00e1c ho\u1ea1t \u0111\u1ed9ng gi\u00e1o d\u1ee5c v\u00e0 gi\u1ea3i tr\u00ed an to\u00e0n d\u01b0\u1edbi s\u1ef1 gi\u00e1m s\u00e1t c\u1ee7a \u0111\u1ed9i ng\u0169 nh\u00e2n vi\u00ean gi\u00e0u kinh nghi\u1ec7m.<\/p>\n<p>Ch\u00fang t\u00f4i cung c\u1ea5p m\u1ed9t lo\u1ea1t c\u00e1c ho\u1ea1t \u0111\u1ed9ng phong ph\u00fa, t\u1eeb c\u00e1c l\u1edbp h\u1ecdc v\u1eadn \u0111\u1ed9ng \u0111\u1ec3 ch\u0103m s\u00f3c s\u1ee9c kh\u1ecfe, l\u1edbp h\u1ecdc v\u1ebd tranh, tr\u00f2 ch\u01a1i \u0111\u1ed1 vui, tr\u00f2 ch\u01a1i lego, tr\u00f2 ch\u01a1i d\u00e2n gian, ho\u1ea1t \u0111\u1ed9ng m\u1ef9 thu\u1eadt v\u00e0 th\u1ee7 c\u00f4ng, \u0111\u1ebfn vi\u1ec7c h\u1ecdc c\u00e1ch b\u1ea3o v\u1ec7 m\u00f4i tr\u01b0\u1eddng. C\u00e1c b\u00e9 c\u0169ng c\u00f3 th\u1ec3 th\u01b0 gi\u00e3n v\u1edbi m\u00e1y ch\u01a1i game PS5 PlayStation v\u00e0 nhi\u1ec1u tr\u00f2 ch\u01a1i kh\u00e1c, \u0111\u1ea3m b\u1ea3o c\u00e1c em \u0111\u01b0\u1ee3c gi\u00e1o d\u1ee5c v\u00e0 gi\u1ea3i tr\u00ed m\u1ed9t c\u00e1ch to\u00e0n di\u1ec7n.<\/p>\n<p>Nh\u00e2n vi\u00ean ph\u1ee5 tr\u00e1ch Kid&#8217;s Club s\u1ebd ph\u1ee5 tr\u00e1ch gi\u00e1m s\u00e1t t\u1ea5t c\u1ea3 c\u00e1c ho\u1ea1t \u0111\u1ed9ng. D\u1ecbch v\u1ee5 tr\u00f4ng tr\u1ebb c\u0169ng \u0111\u01b0\u1ee3c cung c\u1ea5p. Tr\u1ebb em d\u01b0\u1edbi n\u0103m tu\u1ed5i lu\u00f4n \u0111\u01b0\u1ee3c ch\u00e0o \u0111\u00f3n, nh\u01b0ng c\u1ea7n c\u00f3 s\u1ef1 gi\u00e1m s\u00e1t c\u1ee7a ng\u01b0\u1eddi l\u1edbn ho\u1eb7c ng\u01b0\u1eddi gi\u1eef tr\u1ebb \u0111i c\u00f9ng.<\/p>\n<p>\u0110\u00e3 \u0111\u1ebfn l\u00fac c\u00e1c b\u00e9 tham gia vui ch\u01a1i v\u00e0 k\u1ebft b\u1ea1n c\u00f9ng nhau.<\/p>\n","protected":false},"excerpt":{"rendered":"<p>V\u1edbi khu vui ch\u01a1i trong nh\u00e0 v\u00e0 kh\u00f4ng gian m\u1edf b\u00ean ngo\u00e0i, c\u00e1c b\u1eadc ph\u1ee5 huynh c\u00f3 th\u1ec3 y\u00ean t\u00e2m th\u01b0 gi\u00e3n khi bi\u1ebft r\u1eb1ng c\u00e1c b\u00e9 (t\u1eeb 5 \u0111\u1ebfn 12 tu\u1ed5i) s\u1ebd \u0111\u01b0\u1ee3c tham gia c\u00e1c ho\u1ea1t \u0111\u1ed9ng gi\u00e1o d\u1ee5c v\u00e0 gi\u1ea3i tr\u00ed an to\u00e0n d\u01b0\u1edbi s\u1ef1 gi\u00e1m s\u00e1t c\u1ee7a \u0111\u1ed9i ng\u0169 nh\u00e2n vi\u00ean [&hellip;]<\/p>\n","protected":false},"author":5,"featured_media":491,"parent":0,"menu_order":0,"comment_status":"closed","ping_status":"closed","template":"template-default-2.php","meta":{"footnotes":""},"yoast_head":"<!-- This site is optimized with the Yoast SEO plugin v22.3 - https:\/\/yoast.com\/wordpress\/plugins\/seo\/ -->\n<title>Kids Club H\u1ed9i An | Khu Ngh\u1ec9 D\u01b0\u1ee1ng C\u00f3 Nh\u00e0 Tr\u1ebb Cho Gia \u0110\u00ecnh<\/title>\n<meta name=\"description\" content=\"Kids Club t\u1ea1i Wafaifo Resort Hoi An cung c\u1ea5p khu vui ch\u01a1i trong nh\u00e0 v\u00e0 ngo\u00e0i tr\u1eddi cho tr\u1ebb t\u1eeb 5-12 tu\u1ed5i. M\u1edf c\u1eeda 9:00\u201318:00 h\u00e0ng ng\u00e0y.\" \/>\n<meta name=\"robots\" content=\"index, follow, max-snippet:-1, max-image-preview:large, max-video-preview:-1\" \/>\n<link rel=\"canonical\" href=\"https:\/\/www.wafaifo.com\/vi\/kids-club\/\" \/>\n<meta property=\"og:locale\" content=\"vi_VN\" \/>\n<meta property=\"og:type\" content=\"article\" \/>\n<meta property=\"og:title\" content=\"Kids Club H\u1ed9i An | Khu Ngh\u1ec9 D\u01b0\u1ee1ng C\u00f3 Nh\u00e0 Tr\u1ebb Cho Gia \u0110\u00ecnh\" \/>\n<meta property=\"og:description\" content=\"Kids Club t\u1ea1i Wafaifo Resort Hoi An cung c\u1ea5p khu vui ch\u01a1i trong nh\u00e0 v\u00e0 ngo\u00e0i tr\u1eddi cho tr\u1ebb t\u1eeb 5-12 tu\u1ed5i. M\u1edf c\u1eeda 9:00\u201318:00 h\u00e0ng ng\u00e0y.\" \/>\n<meta property=\"og:url\" content=\"https:\/\/www.wafaifo.com\/vi\/kids-club\/\" \/>\n<meta property=\"og:site_name\" content=\"Wafaifo Resort Hoi An\" \/>\n<meta property=\"article:modified_time\" content=\"2026-03-25T03:38:06+00:00\" \/>\n<meta property=\"og:image\" content=\"https:\/\/www.wafaifo.com\/wp-content\/uploads\/sites\/13\/2024\/07\/Kids_1.jpg\" \/>\n\t<meta property=\"og:image:width\" content=\"2560\" \/>\n\t<meta property=\"og:image:height\" content=\"1707\" \/>\n\t<meta property=\"og:image:type\" content=\"image\/jpeg\" \/>\n<meta name=\"twitter:card\" content=\"summary_large_image\" \/>\n<meta name=\"twitter:label1\" content=\"Est. reading time\" \/>\n\t<meta name=\"twitter:data1\" content=\"2 minutes\" \/>\n<script type=\"application\/ld+json\" class=\"yoast-schema-graph\">{\"@context\":\"https:\/\/schema.org\",\"@graph\":[{\"@type\":\"WebPage\",\"@id\":\"https:\/\/www.wafaifo.com\/vi\/kids-club\/\",\"url\":\"https:\/\/www.wafaifo.com\/vi\/kids-club\/\",\"name\":\"Kids Club H\u1ed9i An | Khu Ngh\u1ec9 D\u01b0\u1ee1ng C\u00f3 Nh\u00e0 Tr\u1ebb Cho Gia \u0110\u00ecnh\",\"isPartOf\":{\"@id\":\"https:\/\/www.wafaifo.com\/vi\/#website\"},\"primaryImageOfPage\":{\"@id\":\"https:\/\/www.wafaifo.com\/vi\/kids-club\/#primaryimage\"},\"image\":{\"@id\":\"https:\/\/www.wafaifo.com\/vi\/kids-club\/#primaryimage\"},\"thumbnailUrl\":\"https:\/\/www.wafaifo.com\/wp-content\/uploads\/sites\/13\/2024\/07\/Kids_1.jpg\",\"datePublished\":\"2024-04-03T01:16:36+00:00\",\"dateModified\":\"2026-03-25T03:38:06+00:00\",\"description\":\"Kids Club t\u1ea1i Wafaifo Resort Hoi An cung c\u1ea5p khu vui ch\u01a1i trong nh\u00e0 v\u00e0 ngo\u00e0i tr\u1eddi cho tr\u1ebb t\u1eeb 5-12 tu\u1ed5i. M\u1edf c\u1eeda 9:00\u201318:00 h\u00e0ng ng\u00e0y.\",\"breadcrumb\":{\"@id\":\"https:\/\/www.wafaifo.com\/vi\/kids-club\/#breadcrumb\"},\"inLanguage\":\"vi-VN\",\"potentialAction\":[{\"@type\":\"ReadAction\",\"target\":[\"https:\/\/www.wafaifo.com\/vi\/kids-club\/\"]}]},{\"@type\":\"ImageObject\",\"inLanguage\":\"vi-VN\",\"@id\":\"https:\/\/www.wafaifo.com\/vi\/kids-club\/#primaryimage\",\"url\":\"https:\/\/www.wafaifo.com\/wp-content\/uploads\/sites\/13\/2024\/07\/Kids_1.jpg\",\"contentUrl\":\"https:\/\/www.wafaifo.com\/wp-content\/uploads\/sites\/13\/2024\/07\/Kids_1.jpg\",\"width\":2560,\"height\":1707},{\"@type\":\"BreadcrumbList\",\"@id\":\"https:\/\/www.wafaifo.com\/vi\/kids-club\/#breadcrumb\",\"itemListElement\":[{\"@type\":\"ListItem\",\"position\":1,\"name\":\"Home\",\"item\":\"https:\/\/www.wafaifo.com\/vi\/\"},{\"@type\":\"ListItem\",\"position\":2,\"name\":\"Kids Club\"}]},{\"@type\":\"WebSite\",\"@id\":\"https:\/\/www.wafaifo.com\/vi\/#website\",\"url\":\"https:\/\/www.wafaifo.com\/vi\/\",\"name\":\"Wafaifo Resort Hoi An\",\"description\":\"\",\"potentialAction\":[{\"@type\":\"SearchAction\",\"target\":{\"@type\":\"EntryPoint\",\"urlTemplate\":\"https:\/\/www.wafaifo.com\/vi\/?s={search_term_string}\"},\"query-input\":\"required name=search_term_string\"}],\"inLanguage\":\"vi-VN\"}]}<\/script>\n<!-- \/ Yoast SEO plugin. -->","yoast_head_json":{"title":"Kids Club H\u1ed9i An | Khu Ngh\u1ec9 D\u01b0\u1ee1ng C\u00f3 Nh\u00e0 Tr\u1ebb Cho Gia \u0110\u00ecnh","description":"Kids Club t\u1ea1i Wafaifo Resort Hoi An cung c\u1ea5p khu vui ch\u01a1i trong nh\u00e0 v\u00e0 ngo\u00e0i tr\u1eddi cho tr\u1ebb t\u1eeb 5-12 tu\u1ed5i. M\u1edf c\u1eeda 9:00\u201318:00 h\u00e0ng ng\u00e0y.","robots":{"index":"index","follow":"follow","max-snippet":"max-snippet:-1","max-image-preview":"max-image-preview:large","max-video-preview":"max-video-preview:-1"},"canonical":"https:\/\/www.wafaifo.com\/vi\/kids-club\/","og_locale":"vi_VN","og_type":"article","og_title":"Kids Club H\u1ed9i An | Khu Ngh\u1ec9 D\u01b0\u1ee1ng C\u00f3 Nh\u00e0 Tr\u1ebb Cho Gia \u0110\u00ecnh","og_description":"Kids Club t\u1ea1i Wafaifo Resort Hoi An cung c\u1ea5p khu vui ch\u01a1i trong nh\u00e0 v\u00e0 ngo\u00e0i tr\u1eddi cho tr\u1ebb t\u1eeb 5-12 tu\u1ed5i. M\u1edf c\u1eeda 9:00\u201318:00 h\u00e0ng ng\u00e0y.","og_url":"https:\/\/www.wafaifo.com\/vi\/kids-club\/","og_site_name":"Wafaifo Resort Hoi An","article_modified_time":"2026-03-25T03:38:06+00:00","og_image":[{"width":2560,"height":1707,"url":"https:\/\/www.wafaifo.com\/wp-content\/uploads\/sites\/13\/2024\/07\/Kids_1.jpg","type":"image\/jpeg"}],"twitter_card":"summary_large_image","twitter_misc":{"Est. reading time":"2 minutes"},"schema":{"@context":"https:\/\/schema.org","@graph":[{"@type":"WebPage","@id":"https:\/\/www.wafaifo.com\/vi\/kids-club\/","url":"https:\/\/www.wafaifo.com\/vi\/kids-club\/","name":"Kids Club H\u1ed9i An | Khu Ngh\u1ec9 D\u01b0\u1ee1ng C\u00f3 Nh\u00e0 Tr\u1ebb Cho Gia \u0110\u00ecnh","isPartOf":{"@id":"https:\/\/www.wafaifo.com\/vi\/#website"},"primaryImageOfPage":{"@id":"https:\/\/www.wafaifo.com\/vi\/kids-club\/#primaryimage"},"image":{"@id":"https:\/\/www.wafaifo.com\/vi\/kids-club\/#primaryimage"},"thumbnailUrl":"https:\/\/www.wafaifo.com\/wp-content\/uploads\/sites\/13\/2024\/07\/Kids_1.jpg","datePublished":"2024-04-03T01:16:36+00:00","dateModified":"2026-03-25T03:38:06+00:00","description":"Kids Club t\u1ea1i Wafaifo Resort Hoi An cung c\u1ea5p khu vui ch\u01a1i trong nh\u00e0 v\u00e0 ngo\u00e0i tr\u1eddi cho tr\u1ebb t\u1eeb 5-12 tu\u1ed5i. M\u1edf c\u1eeda 9:00\u201318:00 h\u00e0ng ng\u00e0y.","breadcrumb":{"@id":"https:\/\/www.wafaifo.com\/vi\/kids-club\/#breadcrumb"},"inLanguage":"vi-VN","potentialAction":[{"@type":"ReadAction","target":["https:\/\/www.wafaifo.com\/vi\/kids-club\/"]}]},{"@type":"ImageObject","inLanguage":"vi-VN","@id":"https:\/\/www.wafaifo.com\/vi\/kids-club\/#primaryimage","url":"https:\/\/www.wafaifo.com\/wp-content\/uploads\/sites\/13\/2024\/07\/Kids_1.jpg","contentUrl":"https:\/\/www.wafaifo.com\/wp-content\/uploads\/sites\/13\/2024\/07\/Kids_1.jpg","width":2560,"height":1707},{"@type":"BreadcrumbList","@id":"https:\/\/www.wafaifo.com\/vi\/kids-club\/#breadcrumb","itemListElement":[{"@type":"ListItem","position":1,"name":"Home","item":"https:\/\/www.wafaifo.com\/vi\/"},{"@type":"ListItem","position":2,"name":"Kids Club"}]},{"@type":"WebSite","@id":"https:\/\/www.wafaifo.com\/vi\/#website","url":"https:\/\/www.wafaifo.com\/vi\/","name":"Wafaifo Resort Hoi An","description":"","potentialAction":[{"@type":"SearchAction","target":{"@type":"EntryPoint","urlTemplate":"https:\/\/www.wafaifo.com\/vi\/?s={search_term_string}"},"query-input":"required name=search_term_string"}],"inLanguage":"vi-VN"}]}},"acf":[],"_links":{"self":[{"href":"https:\/\/www.wafaifo.com\/vi\/wp-json\/wp\/v2\/pages\/646"}],"collection":[{"href":"https:\/\/www.wafaifo.com\/vi\/wp-json\/wp\/v2\/pages"}],"about":[{"href":"https:\/\/www.wafaifo.com\/vi\/wp-json\/wp\/v2\/types\/page"}],"author":[{"embeddable":true,"href":"https:\/\/www.wafaifo.com\/vi\/wp-json\/wp\/v2\/users\/5"}],"replies":[{"embeddable":true,"href":"https:\/\/www.wafaifo.com\/vi\/wp-json\/wp\/v2\/comments?post=646"}],"version-history":[{"count":0,"href":"https:\/\/www.wafaifo.com\/vi\/wp-json\/wp\/v2\/pages\/646\/revisions"}],"wp:featuredmedia":[{"embeddable":true,"href":"https:\/\/www.wafaifo.com\/vi\/wp-json\/wp\/v2\/media\/491"}],"wp:attachment":[{"href":"https:\/\/www.wafaifo.com\/vi\/wp-json\/wp\/v2\/media?parent=646"}],"curies":[{"name":"wp","href":"https:\/\/api.w.org\/{rel}","templated":true}]}}