    {"id":649,"date":"2023-08-16T07:37:37","date_gmt":"2023-08-16T07:37:37","guid":{"rendered":"https:\/\/www.wafaifo.com\/press-zone\/"},"modified":"2026-03-25T03:18:20","modified_gmt":"2026-03-25T03:18:20","slug":"bao-chi","status":"publish","type":"page","link":"https:\/\/www.wafaifo.com\/vi\/bao-chi\/","title":{"rendered":"B\u00e1o Ch\u00ed"},"content":{"rendered":"<p>Ch\u00fang t\u00f4i tr\u00e2n tr\u1ecdng m\u1eddi c\u00e1c nh\u00e0 b\u00e1o c\u1eadp nh\u1eadt th\u00f4ng tin m\u1edbi nh\u1ea5t t\u1eeb <a href=\"https:\/\/www.wafaifo.com\/vi\/\">WAFAIFO RESORT HOI AN.<\/a><\/p>\n<p>Xin vui l\u00f2ng li\u00ean h\u1ec7 v\u1edbi ch\u00fang t\u00f4i \u0111\u1ec3 nh\u1eadn m\u1ee9c gi\u00e1 \u01b0u \u0111\u00e3i d\u00e0nh ri\u00eang cho b\u00e1o ch\u00ed ho\u1eb7c l\u01b0u tr\u00fa mi\u1ec5n ph\u00ed \u2014 t\u1ea5t c\u1ea3 \u0111\u1ec1u ph\u1ee5 thu\u1ed9c v\u00e0o g\u00f3c \u0111\u1ed9 c\u00e2u chuy\u1ec7n m\u00e0 b\u1ea1n mu\u1ed1n k\u1ec3.<\/p>\n<p>Trong l\u00fac ch\u1edd \u0111\u1ee3i, h\u00e3y tham kh\u1ea3o c\u00e1c th\u00f4ng c\u00e1o b\u00e1o ch\u00ed c\u1ee7a ch\u00fang t\u00f4i d\u01b0\u1edbi <a href=\"https:\/\/www.wafaifo.com\/vi\/bao-chi\/tin-tuc\/\">\u0111\u00e2y<\/a> \u0111\u1ec3 c\u1eadp nh\u1eadt th\u00f4ng tin m\u1edbi nh\u1ea5t.<\/p>\n","protected":false},"excerpt":{"rendered":"<p>Ch\u00fang t\u00f4i tr\u00e2n tr\u1ecdng m\u1eddi c\u00e1c nh\u00e0 b\u00e1o c\u1eadp nh\u1eadt th\u00f4ng tin m\u1edbi nh\u1ea5t t\u1eeb WAFAIFO RESORT HOI AN. Xin vui l\u00f2ng li\u00ean h\u1ec7 v\u1edbi ch\u00fang t\u00f4i \u0111\u1ec3 nh\u1eadn m\u1ee9c gi\u00e1 \u01b0u \u0111\u00e3i d\u00e0nh ri\u00eang cho b\u00e1o ch\u00ed ho\u1eb7c l\u01b0u tr\u00fa mi\u1ec5n ph\u00ed \u2014 t\u1ea5t c\u1ea3 \u0111\u1ec1u ph\u1ee5 thu\u1ed9c v\u00e0o g\u00f3c \u0111\u1ed9 c\u00e2u chuy\u1ec7n m\u00e0 [&hellip;]<\/p>\n","protected":false},"author":5,"featured_media":0,"parent":0,"menu_order":0,"comment_status":"closed","ping_status":"closed","template":"template-press.php","meta":{"footnotes":""},"yoast_head":"<!-- This site is optimized with the Yoast SEO plugin v22.3 - https:\/\/yoast.com\/wordpress\/plugins\/seo\/ -->\n<title>Tin T\u1ee9c - Wafaifo Resort Hoi An<\/title>\n<meta name=\"robots\" content=\"noindex, follow\" \/>\n<meta property=\"og:locale\" content=\"vi_VN\" \/>\n<meta property=\"og:type\" content=\"article\" \/>\n<meta property=\"og:title\" content=\"Tin T\u1ee9c - Wafaifo Resort Hoi An\" \/>\n<meta property=\"og:description\" content=\"Ch\u00fang t\u00f4i tr\u00e2n tr\u1ecdng m\u1eddi c\u00e1c nh\u00e0 b\u00e1o c\u1eadp nh\u1eadt th\u00f4ng tin m\u1edbi nh\u1ea5t t\u1eeb WAFAIFO RESORT HOI AN. Xin vui l\u00f2ng li\u00ean h\u1ec7 v\u1edbi ch\u00fang t\u00f4i \u0111\u1ec3 nh\u1eadn m\u1ee9c gi\u00e1 \u01b0u \u0111\u00e3i d\u00e0nh ri\u00eang cho b\u00e1o ch\u00ed ho\u1eb7c l\u01b0u tr\u00fa mi\u1ec5n ph\u00ed \u2014 t\u1ea5t c\u1ea3 \u0111\u1ec1u ph\u1ee5 thu\u1ed9c v\u00e0o g\u00f3c \u0111\u1ed9 c\u00e2u chuy\u1ec7n m\u00e0 [&hellip;]\" \/>\n<meta property=\"og:url\" content=\"https:\/\/www.wafaifo.com\/vi\/bao-chi\/\" \/>\n<meta property=\"og:site_name\" content=\"Wafaifo Resort Hoi An\" \/>\n<meta property=\"article:modified_time\" content=\"2026-03-25T03:18:20+00:00\" \/>\n<meta name=\"twitter:card\" content=\"summary_large_image\" \/>\n<meta name=\"twitter:label1\" content=\"Est. reading time\" \/>\n\t<meta name=\"twitter:data1\" content=\"1 minute\" \/>\n<script type=\"application\/ld+json\" class=\"yoast-schema-graph\">{\"@context\":\"https:\/\/schema.org\",\"@graph\":[{\"@type\":\"WebPage\",\"@id\":\"https:\/\/www.wafaifo.com\/vi\/bao-chi\/\",\"url\":\"https:\/\/www.wafaifo.com\/vi\/bao-chi\/\",\"name\":\"Tin T\u1ee9c - Wafaifo Resort Hoi An\",\"isPartOf\":{\"@id\":\"https:\/\/www.wafaifo.com\/vi\/#website\"},\"datePublished\":\"2023-08-16T07:37:37+00:00\",\"dateModified\":\"2026-03-25T03:18:20+00:00\",\"breadcrumb\":{\"@id\":\"https:\/\/www.wafaifo.com\/vi\/bao-chi\/#breadcrumb\"},\"inLanguage\":\"vi-VN\",\"potentialAction\":[{\"@type\":\"ReadAction\",\"target\":[\"https:\/\/www.wafaifo.com\/vi\/bao-chi\/\"]}]},{\"@type\":\"BreadcrumbList\",\"@id\":\"https:\/\/www.wafaifo.com\/vi\/bao-chi\/#breadcrumb\",\"itemListElement\":[{\"@type\":\"ListItem\",\"position\":1,\"name\":\"Home\",\"item\":\"https:\/\/www.wafaifo.com\/vi\/\"},{\"@type\":\"ListItem\",\"position\":2,\"name\":\"B\u00e1o Ch\u00ed\"}]},{\"@type\":\"WebSite\",\"@id\":\"https:\/\/www.wafaifo.com\/vi\/#website\",\"url\":\"https:\/\/www.wafaifo.com\/vi\/\",\"name\":\"Wafaifo Resort Hoi An\",\"description\":\"\",\"potentialAction\":[{\"@type\":\"SearchAction\",\"target\":{\"@type\":\"EntryPoint\",\"urlTemplate\":\"https:\/\/www.wafaifo.com\/vi\/?s={search_term_string}\"},\"query-input\":\"required name=search_term_string\"}],\"inLanguage\":\"vi-VN\"}]}<\/script>\n<!-- \/ Yoast SEO plugin. -->","yoast_head_json":{"title":"Tin T\u1ee9c - Wafaifo Resort Hoi An","robots":{"index":"noindex","follow":"follow"},"og_locale":"vi_VN","og_type":"article","og_title":"Tin T\u1ee9c - Wafaifo Resort Hoi An","og_description":"Ch\u00fang t\u00f4i tr\u00e2n tr\u1ecdng m\u1eddi c\u00e1c nh\u00e0 b\u00e1o c\u1eadp nh\u1eadt th\u00f4ng tin m\u1edbi nh\u1ea5t t\u1eeb WAFAIFO RESORT HOI AN. Xin vui l\u00f2ng li\u00ean h\u1ec7 v\u1edbi ch\u00fang t\u00f4i \u0111\u1ec3 nh\u1eadn m\u1ee9c gi\u00e1 \u01b0u \u0111\u00e3i d\u00e0nh ri\u00eang cho b\u00e1o ch\u00ed ho\u1eb7c l\u01b0u tr\u00fa mi\u1ec5n ph\u00ed \u2014 t\u1ea5t c\u1ea3 \u0111\u1ec1u ph\u1ee5 thu\u1ed9c v\u00e0o g\u00f3c \u0111\u1ed9 c\u00e2u chuy\u1ec7n m\u00e0 [&hellip;]","og_url":"https:\/\/www.wafaifo.com\/vi\/bao-chi\/","og_site_name":"Wafaifo Resort Hoi An","article_modified_time":"2026-03-25T03:18:20+00:00","twitter_card":"summary_large_image","twitter_misc":{"Est. reading time":"1 minute"},"schema":{"@context":"https:\/\/schema.org","@graph":[{"@type":"WebPage","@id":"https:\/\/www.wafaifo.com\/vi\/bao-chi\/","url":"https:\/\/www.wafaifo.com\/vi\/bao-chi\/","name":"Tin T\u1ee9c - Wafaifo Resort Hoi An","isPartOf":{"@id":"https:\/\/www.wafaifo.com\/vi\/#website"},"datePublished":"2023-08-16T07:37:37+00:00","dateModified":"2026-03-25T03:18:20+00:00","breadcrumb":{"@id":"https:\/\/www.wafaifo.com\/vi\/bao-chi\/#breadcrumb"},"inLanguage":"vi-VN","potentialAction":[{"@type":"ReadAction","target":["https:\/\/www.wafaifo.com\/vi\/bao-chi\/"]}]},{"@type":"BreadcrumbList","@id":"https:\/\/www.wafaifo.com\/vi\/bao-chi\/#breadcrumb","itemListElement":[{"@type":"ListItem","position":1,"name":"Home","item":"https:\/\/www.wafaifo.com\/vi\/"},{"@type":"ListItem","position":2,"name":"B\u00e1o Ch\u00ed"}]},{"@type":"WebSite","@id":"https:\/\/www.wafaifo.com\/vi\/#website","url":"https:\/\/www.wafaifo.com\/vi\/","name":"Wafaifo Resort Hoi An","description":"","potentialAction":[{"@type":"SearchAction","target":{"@type":"EntryPoint","urlTemplate":"https:\/\/www.wafaifo.com\/vi\/?s={search_term_string}"},"query-input":"required name=search_term_string"}],"inLanguage":"vi-VN"}]}},"acf":[],"_links":{"self":[{"href":"https:\/\/www.wafaifo.com\/vi\/wp-json\/wp\/v2\/pages\/649"}],"collection":[{"href":"https:\/\/www.wafaifo.com\/vi\/wp-json\/wp\/v2\/pages"}],"about":[{"href":"https:\/\/www.wafaifo.com\/vi\/wp-json\/wp\/v2\/types\/page"}],"author":[{"embeddable":true,"href":"https:\/\/www.wafaifo.com\/vi\/wp-json\/wp\/v2\/users\/5"}],"replies":[{"embeddable":true,"href":"https:\/\/www.wafaifo.com\/vi\/wp-json\/wp\/v2\/comments?post=649"}],"version-history":[{"count":0,"href":"https:\/\/www.wafaifo.com\/vi\/wp-json\/wp\/v2\/pages\/649\/revisions"}],"wp:attachment":[{"href":"https:\/\/www.wafaifo.com\/vi\/wp-json\/wp\/v2\/media?parent=649"}],"curies":[{"name":"wp","href":"https:\/\/api.w.org\/{rel}","templated":true}]}}