    {"id":678,"date":"2024-08-12T09:36:02","date_gmt":"2024-08-12T09:36:02","guid":{"rendered":"https:\/\/www.wafaifo.com\/careers\/"},"modified":"2024-09-09T09:32:56","modified_gmt":"2024-09-09T09:32:56","slug":"co-hoi-nghe-nghiep","status":"publish","type":"page","link":"https:\/\/www.wafaifo.com\/vi\/co-hoi-nghe-nghiep\/","title":{"rendered":"C\u01a1 H\u1ed9i Ngh\u1ec1 Nghi\u1ec7p"},"content":{"rendered":"<p style=\"text-align: center\">WAFAIFO RESORT HOI AN xem m\u1ed7i nh\u00e2n s\u1ef1 l\u00e0 m\u1ed9t Talent (T\u00e0i n\u0103ng) v\u00e0 lu\u00f4n ch\u00fa tr\u1ecdng \u0111\u1ec3 Talent d\u00f9 \u1edf v\u1ecb tr\u00ed n\u00e0o \u0111\u1ec1u c\u00f3 th\u1ec3 ph\u00e1t tri\u1ec3n t\u1ed1i \u0111a.<\/p>\n<p style=\"text-align: center\">Ch\u00fang t\u00f4i mong mu\u1ed1n th\u1ea5y Talent c\u1ee7a m\u00ecnh \u0111\u01b0\u1ee3c h\u1ecdc h\u1ecfi, ph\u00e1t tri\u1ec3n v\u00e0 tr\u01b0\u1edfng th\u00e0nh b\u1eb1ng vi\u1ec7c t\u00edch c\u1ef1c x\u00e2y d\u1ef1ng m\u1ed9t m\u00f4i tr\u01b0\u1eddng l\u00e0m vi\u1ec7c chuy\u00ean nghi\u1ec7p, l\u00e0 n\u01a1i nu\u00f4i d\u01b0\u1ee1ng t\u00e0i n\u0103ng \u0111\u1ec3 m\u1ed7i c\u00e1 nh\u00e2n \u0111\u1ec1u t\u1ef1 h\u00e0o l\u00e0 m\u1ed9t ph\u1ea7n c\u1ee7a c\u00e1c d\u1ef1 \u00e1n \u0111\u1ea7y tham v\u1ecdng m\u00e0 WAFAIFO \u0111ang ph\u00e1t tri\u1ec3n.<\/p>\n<p style=\"text-align: center\">C\u01a1 h\u1ed9i ngh\u1ec1 nghi\u1ec7p th\u00fa v\u1ecb \u0111ang \u0111\u01b0\u1ee3c c\u00f4ng b\u1ed1 t\u1ea1i \u0111\u00e2y.<\/p>\n","protected":false},"excerpt":{"rendered":"<p>WAFAIFO RESORT HOI AN xem m\u1ed7i nh\u00e2n s\u1ef1 l\u00e0 m\u1ed9t Talent (T\u00e0i n\u0103ng) v\u00e0 lu\u00f4n ch\u00fa tr\u1ecdng \u0111\u1ec3 Talent d\u00f9 \u1edf v\u1ecb tr\u00ed n\u00e0o \u0111\u1ec1u c\u00f3 th\u1ec3 ph\u00e1t tri\u1ec3n t\u1ed1i \u0111a. Ch\u00fang t\u00f4i mong mu\u1ed1n th\u1ea5y Talent c\u1ee7a m\u00ecnh \u0111\u01b0\u1ee3c h\u1ecdc h\u1ecfi, ph\u00e1t tri\u1ec3n v\u00e0 tr\u01b0\u1edfng th\u00e0nh b\u1eb1ng vi\u1ec7c t\u00edch c\u1ef1c x\u00e2y d\u1ef1ng m\u1ed9t m\u00f4i [&hellip;]<\/p>\n","protected":false},"author":71,"featured_media":383,"parent":0,"menu_order":0,"comment_status":"closed","ping_status":"closed","template":"template-restaurants.php","meta":{"footnotes":""},"yoast_head":"<!-- This site is optimized with the Yoast SEO plugin v22.3 - https:\/\/yoast.com\/wordpress\/plugins\/seo\/ -->\n<title>C\u01a1 H\u1ed9i Ngh\u1ec1 Nghi\u1ec7p - Wafaifo Resort Hoi An<\/title>\n<meta name=\"robots\" content=\"index, follow, max-snippet:-1, max-image-preview:large, max-video-preview:-1\" \/>\n<link rel=\"canonical\" href=\"https:\/\/www.wafaifo.com\/vi\/co-hoi-nghe-nghiep\/\" \/>\n<meta property=\"og:locale\" content=\"vi_VN\" \/>\n<meta property=\"og:type\" content=\"article\" \/>\n<meta property=\"og:title\" content=\"C\u01a1 H\u1ed9i Ngh\u1ec1 Nghi\u1ec7p - Wafaifo Resort Hoi An\" \/>\n<meta property=\"og:description\" content=\"WAFAIFO RESORT HOI AN xem m\u1ed7i nh\u00e2n s\u1ef1 l\u00e0 m\u1ed9t Talent (T\u00e0i n\u0103ng) v\u00e0 lu\u00f4n ch\u00fa tr\u1ecdng \u0111\u1ec3 Talent d\u00f9 \u1edf v\u1ecb tr\u00ed n\u00e0o \u0111\u1ec1u c\u00f3 th\u1ec3 ph\u00e1t tri\u1ec3n t\u1ed1i \u0111a. Ch\u00fang t\u00f4i mong mu\u1ed1n th\u1ea5y Talent c\u1ee7a m\u00ecnh \u0111\u01b0\u1ee3c h\u1ecdc h\u1ecfi, ph\u00e1t tri\u1ec3n v\u00e0 tr\u01b0\u1edfng th\u00e0nh b\u1eb1ng vi\u1ec7c t\u00edch c\u1ef1c x\u00e2y d\u1ef1ng m\u1ed9t m\u00f4i [&hellip;]\" \/>\n<meta property=\"og:url\" content=\"https:\/\/www.wafaifo.com\/vi\/co-hoi-nghe-nghiep\/\" \/>\n<meta property=\"og:site_name\" content=\"Wafaifo Resort Hoi An\" \/>\n<meta property=\"article:modified_time\" content=\"2024-09-09T09:32:56+00:00\" \/>\n<meta property=\"og:image\" content=\"https:\/\/www.wafaifo.com\/wp-content\/uploads\/sites\/13\/2024\/04\/R2.jpg\" \/>\n\t<meta property=\"og:image:width\" content=\"2560\" \/>\n\t<meta property=\"og:image:height\" content=\"1707\" \/>\n\t<meta property=\"og:image:type\" content=\"image\/jpeg\" \/>\n<meta name=\"twitter:card\" content=\"summary_large_image\" \/>\n<meta name=\"twitter:label1\" content=\"Est. reading time\" \/>\n\t<meta name=\"twitter:data1\" content=\"1 minute\" \/>\n<script type=\"application\/ld+json\" class=\"yoast-schema-graph\">{\"@context\":\"https:\/\/schema.org\",\"@graph\":[{\"@type\":\"WebPage\",\"@id\":\"https:\/\/www.wafaifo.com\/vi\/co-hoi-nghe-nghiep\/\",\"url\":\"https:\/\/www.wafaifo.com\/vi\/co-hoi-nghe-nghiep\/\",\"name\":\"C\u01a1 H\u1ed9i Ngh\u1ec1 Nghi\u1ec7p - Wafaifo Resort Hoi An\",\"isPartOf\":{\"@id\":\"https:\/\/www.wafaifo.com\/vi\/#website\"},\"primaryImageOfPage\":{\"@id\":\"https:\/\/www.wafaifo.com\/vi\/co-hoi-nghe-nghiep\/#primaryimage\"},\"image\":{\"@id\":\"https:\/\/www.wafaifo.com\/vi\/co-hoi-nghe-nghiep\/#primaryimage\"},\"thumbnailUrl\":\"https:\/\/www.wafaifo.com\/wp-content\/uploads\/sites\/13\/2024\/04\/R2.jpg\",\"datePublished\":\"2024-08-12T09:36:02+00:00\",\"dateModified\":\"2024-09-09T09:32:56+00:00\",\"breadcrumb\":{\"@id\":\"https:\/\/www.wafaifo.com\/vi\/co-hoi-nghe-nghiep\/#breadcrumb\"},\"inLanguage\":\"vi-VN\",\"potentialAction\":[{\"@type\":\"ReadAction\",\"target\":[\"https:\/\/www.wafaifo.com\/vi\/co-hoi-nghe-nghiep\/\"]}]},{\"@type\":\"ImageObject\",\"inLanguage\":\"vi-VN\",\"@id\":\"https:\/\/www.wafaifo.com\/vi\/co-hoi-nghe-nghiep\/#primaryimage\",\"url\":\"https:\/\/www.wafaifo.com\/wp-content\/uploads\/sites\/13\/2024\/04\/R2.jpg\",\"contentUrl\":\"https:\/\/www.wafaifo.com\/wp-content\/uploads\/sites\/13\/2024\/04\/R2.jpg\",\"width\":2560,\"height\":1707},{\"@type\":\"BreadcrumbList\",\"@id\":\"https:\/\/www.wafaifo.com\/vi\/co-hoi-nghe-nghiep\/#breadcrumb\",\"itemListElement\":[{\"@type\":\"ListItem\",\"position\":1,\"name\":\"Home\",\"item\":\"https:\/\/www.wafaifo.com\/vi\/\"},{\"@type\":\"ListItem\",\"position\":2,\"name\":\"C\u01a1 H\u1ed9i Ngh\u1ec1 Nghi\u1ec7p\"}]},{\"@type\":\"WebSite\",\"@id\":\"https:\/\/www.wafaifo.com\/vi\/#website\",\"url\":\"https:\/\/www.wafaifo.com\/vi\/\",\"name\":\"Wafaifo Resort Hoi An\",\"description\":\"\",\"potentialAction\":[{\"@type\":\"SearchAction\",\"target\":{\"@type\":\"EntryPoint\",\"urlTemplate\":\"https:\/\/www.wafaifo.com\/vi\/?s={search_term_string}\"},\"query-input\":\"required name=search_term_string\"}],\"inLanguage\":\"vi-VN\"}]}<\/script>\n<!-- \/ Yoast SEO plugin. -->","yoast_head_json":{"title":"C\u01a1 H\u1ed9i Ngh\u1ec1 Nghi\u1ec7p - Wafaifo Resort Hoi An","robots":{"index":"index","follow":"follow","max-snippet":"max-snippet:-1","max-image-preview":"max-image-preview:large","max-video-preview":"max-video-preview:-1"},"canonical":"https:\/\/www.wafaifo.com\/vi\/co-hoi-nghe-nghiep\/","og_locale":"vi_VN","og_type":"article","og_title":"C\u01a1 H\u1ed9i Ngh\u1ec1 Nghi\u1ec7p - Wafaifo Resort Hoi An","og_description":"WAFAIFO RESORT HOI AN xem m\u1ed7i nh\u00e2n s\u1ef1 l\u00e0 m\u1ed9t Talent (T\u00e0i n\u0103ng) v\u00e0 lu\u00f4n ch\u00fa tr\u1ecdng \u0111\u1ec3 Talent d\u00f9 \u1edf v\u1ecb tr\u00ed n\u00e0o \u0111\u1ec1u c\u00f3 th\u1ec3 ph\u00e1t tri\u1ec3n t\u1ed1i \u0111a. Ch\u00fang t\u00f4i mong mu\u1ed1n th\u1ea5y Talent c\u1ee7a m\u00ecnh \u0111\u01b0\u1ee3c h\u1ecdc h\u1ecfi, ph\u00e1t tri\u1ec3n v\u00e0 tr\u01b0\u1edfng th\u00e0nh b\u1eb1ng vi\u1ec7c t\u00edch c\u1ef1c x\u00e2y d\u1ef1ng m\u1ed9t m\u00f4i [&hellip;]","og_url":"https:\/\/www.wafaifo.com\/vi\/co-hoi-nghe-nghiep\/","og_site_name":"Wafaifo Resort Hoi An","article_modified_time":"2024-09-09T09:32:56+00:00","og_image":[{"width":2560,"height":1707,"url":"https:\/\/www.wafaifo.com\/wp-content\/uploads\/sites\/13\/2024\/04\/R2.jpg","type":"image\/jpeg"}],"twitter_card":"summary_large_image","twitter_misc":{"Est. reading time":"1 minute"},"schema":{"@context":"https:\/\/schema.org","@graph":[{"@type":"WebPage","@id":"https:\/\/www.wafaifo.com\/vi\/co-hoi-nghe-nghiep\/","url":"https:\/\/www.wafaifo.com\/vi\/co-hoi-nghe-nghiep\/","name":"C\u01a1 H\u1ed9i Ngh\u1ec1 Nghi\u1ec7p - Wafaifo Resort Hoi An","isPartOf":{"@id":"https:\/\/www.wafaifo.com\/vi\/#website"},"primaryImageOfPage":{"@id":"https:\/\/www.wafaifo.com\/vi\/co-hoi-nghe-nghiep\/#primaryimage"},"image":{"@id":"https:\/\/www.wafaifo.com\/vi\/co-hoi-nghe-nghiep\/#primaryimage"},"thumbnailUrl":"https:\/\/www.wafaifo.com\/wp-content\/uploads\/sites\/13\/2024\/04\/R2.jpg","datePublished":"2024-08-12T09:36:02+00:00","dateModified":"2024-09-09T09:32:56+00:00","breadcrumb":{"@id":"https:\/\/www.wafaifo.com\/vi\/co-hoi-nghe-nghiep\/#breadcrumb"},"inLanguage":"vi-VN","potentialAction":[{"@type":"ReadAction","target":["https:\/\/www.wafaifo.com\/vi\/co-hoi-nghe-nghiep\/"]}]},{"@type":"ImageObject","inLanguage":"vi-VN","@id":"https:\/\/www.wafaifo.com\/vi\/co-hoi-nghe-nghiep\/#primaryimage","url":"https:\/\/www.wafaifo.com\/wp-content\/uploads\/sites\/13\/2024\/04\/R2.jpg","contentUrl":"https:\/\/www.wafaifo.com\/wp-content\/uploads\/sites\/13\/2024\/04\/R2.jpg","width":2560,"height":1707},{"@type":"BreadcrumbList","@id":"https:\/\/www.wafaifo.com\/vi\/co-hoi-nghe-nghiep\/#breadcrumb","itemListElement":[{"@type":"ListItem","position":1,"name":"Home","item":"https:\/\/www.wafaifo.com\/vi\/"},{"@type":"ListItem","position":2,"name":"C\u01a1 H\u1ed9i Ngh\u1ec1 Nghi\u1ec7p"}]},{"@type":"WebSite","@id":"https:\/\/www.wafaifo.com\/vi\/#website","url":"https:\/\/www.wafaifo.com\/vi\/","name":"Wafaifo Resort Hoi An","description":"","potentialAction":[{"@type":"SearchAction","target":{"@type":"EntryPoint","urlTemplate":"https:\/\/www.wafaifo.com\/vi\/?s={search_term_string}"},"query-input":"required name=search_term_string"}],"inLanguage":"vi-VN"}]}},"acf":[],"_links":{"self":[{"href":"https:\/\/www.wafaifo.com\/vi\/wp-json\/wp\/v2\/pages\/678"}],"collection":[{"href":"https:\/\/www.wafaifo.com\/vi\/wp-json\/wp\/v2\/pages"}],"about":[{"href":"https:\/\/www.wafaifo.com\/vi\/wp-json\/wp\/v2\/types\/page"}],"author":[{"embeddable":true,"href":"https:\/\/www.wafaifo.com\/vi\/wp-json\/wp\/v2\/users\/71"}],"replies":[{"embeddable":true,"href":"https:\/\/www.wafaifo.com\/vi\/wp-json\/wp\/v2\/comments?post=678"}],"version-history":[{"count":0,"href":"https:\/\/www.wafaifo.com\/vi\/wp-json\/wp\/v2\/pages\/678\/revisions"}],"wp:featuredmedia":[{"embeddable":true,"href":"https:\/\/www.wafaifo.com\/vi\/wp-json\/wp\/v2\/media\/383"}],"wp:attachment":[{"href":"https:\/\/www.wafaifo.com\/vi\/wp-json\/wp\/v2\/media?parent=678"}],"curies":[{"name":"wp","href":"https:\/\/api.w.org\/{rel}","templated":true}]}}